{"id":578154,"date":"2026-01-13T18:59:41","date_gmt":"2026-01-13T17:59:41","guid":{"rendered":"https:\/\/printwave.pl\/fr\/produkt\/iconic-250-hooded-sweat\/"},"modified":"2026-02-13T15:11:12","modified_gmt":"2026-02-13T14:11:12","slug":"iconic-250-hooded-sweat","status":"publish","type":"product","link":"https:\/\/printwave.pl\/fr\/produkt\/iconic-250-hooded-sweat\/","title":{"rendered":"Iconic 250 Hooded Sweat"},"content":{"rendered":"<p>\u00b7240 g\/m\u00b2<br \/>\n\u00b7(Blanc\/Chin\u00e9s : 230 g\/m\u00b2)<br \/>\n\u00b780 % coton peign\u00e9 et ringspun, 20 % polyester (fabriqu\u00e9 avec des fibres CiCLO\u00ae)<br \/>\n\u00b7(Gris chin\u00e9 athl\u00e9tique : 75\u00a0% coton peign\u00e9 et fil\u00e9 \u00e0 l\u2019anneau, 25\u00a0% polyester)<br \/>\n\u00b7Coupe classique<br \/>\n\u00b7Doublure de capuche en jersey simple<br \/>\n\u00b7Cordon de serrage plat ton sur ton<br \/>\n\u00b7Poche kangourou<br \/>\n\u00b7Face en coton doux pour des r\u00e9sultats de d\u00e9coration optimaux<br \/>\n\u00b7Polaire int\u00e9rieure bross\u00e9e<br \/>\n\u00b7Bord-c\u00f4te 1&#215;1 aux poignets et \u00e0 l&rsquo;ourlet avec Lycra<br \/>\n\u00b7\u00c9tiquette d\u00e9tachable.<\/p>\n","protected":false},"excerpt":{"rendered":"<p>\u00b7240 g\/m\u00b2 \u00b7(Blanc\/Chin\u00e9s : 230 g\/m\u00b2) \u00b780 % coton peign\u00e9 et ringspun, 20 % polyester (fabriqu\u00e9 avec des fibres CiCLO\u00ae)<\/p>\n","protected":false},"featured_media":578142,"comment_status":"open","ping_status":"closed","template":"","meta":[],"product_brand":[],"product_cat":[5504,1862],"product_tag":[],"class_list":{"0":"post-578154","1":"product","2":"type-product","3":"status-publish","4":"has-post-thumbnail","6":"product_cat-nouveautes-2026","7":"product_cat-sweats-a-capuche","8":"pa_couleur-athletic-heather","9":"pa_couleur-black","10":"pa_couleur-burgundy","11":"pa_couleur-college-green","12":"pa_couleur-deep-navy","13":"pa_couleur-desert-sand","14":"pa_couleur-light-graphite","15":"pa_couleur-red","16":"pa_couleur-royal-blue","17":"pa_couleur-white","18":"pa_groupe-de-produits-avec-capuche","19":"pa_groupe-de-produits-sweatshirts","20":"pa_manche-manches-longues","21":"pa_marque-fruit-of-the-loom","22":"pa_numero-de-style-5582","23":"pa_poids-a-partir-de-220-g-m","24":"pa_sexe-unisexe","25":"pa_taille-2xl","26":"pa_taille-3xl","27":"pa_taille-l","28":"pa_taille-m","29":"pa_taille-s","30":"pa_taille-xl","31":"pa_tissu-melange-de-tissu","33":"first","34":"instock","35":"taxable","36":"shipping-taxable","37":"purchasable","38":"product-type-variable"},"yoast_head":"<!-- This site is optimized with the Yoast SEO Premium plugin v20.9 (Yoast SEO v26.3) - https:\/\/yoast.com\/wordpress\/plugins\/seo\/ -->\n<title>Iconic 250 Hooded Sweat | Printwave FR<\/title>\n<meta name=\"robots\" content=\"index, follow, max-snippet:-1, max-image-preview:large, max-video-preview:-1\" \/>\n<link rel=\"canonical\" href=\"https:\/\/printwave.pl\/fr\/produkt\/iconic-250-hooded-sweat\/\" \/>\n<meta property=\"og:locale\" content=\"fr_FR\" \/>\n<meta property=\"og:type\" content=\"article\" \/>\n<meta property=\"og:title\" content=\"Iconic 250 Hooded Sweat\" \/>\n<meta property=\"og:description\" content=\"\u00b7240 g\/m\u00b2 \u00b7(Blanc\/Chin\u00e9s : 230 g\/m\u00b2) \u00b780 % coton peign\u00e9 et ringspun, 20 % polyester (fabriqu\u00e9 avec des fibres CiCLO\u00ae)\" \/>\n<meta property=\"og:url\" content=\"https:\/\/printwave.pl\/fr\/produkt\/iconic-250-hooded-sweat\/\" \/>\n<meta property=\"og:site_name\" content=\"Printwave FR\" \/>\n<meta property=\"article:modified_time\" content=\"2026-02-13T14:11:12+00:00\" \/>\n<meta property=\"og:image\" content=\"https:\/\/printwave.pl\/fr\/wp-content\/uploads\/sites\/4\/2026\/01\/245_01_202_m-2026_01.jpg\" \/>\n\t<meta property=\"og:image:width\" content=\"1024\" \/>\n\t<meta property=\"og:image:height\" content=\"1304\" \/>\n\t<meta property=\"og:image:type\" content=\"image\/jpeg\" \/>\n<meta name=\"twitter:card\" content=\"summary_large_image\" \/>\n<script type=\"application\/ld+json\" class=\"yoast-schema-graph\">{\"@context\":\"https:\/\/schema.org\",\"@graph\":[{\"@type\":\"WebPage\",\"@id\":\"https:\/\/printwave.pl\/fr\/produkt\/iconic-250-hooded-sweat\/\",\"url\":\"https:\/\/printwave.pl\/fr\/produkt\/iconic-250-hooded-sweat\/\",\"name\":\"Iconic 250 Hooded Sweat | Printwave FR\",\"isPartOf\":{\"@id\":\"https:\/\/printwave.pl\/fr\/#website\"},\"primaryImageOfPage\":{\"@id\":\"https:\/\/printwave.pl\/fr\/produkt\/iconic-250-hooded-sweat\/#primaryimage\"},\"image\":{\"@id\":\"https:\/\/printwave.pl\/fr\/produkt\/iconic-250-hooded-sweat\/#primaryimage\"},\"thumbnailUrl\":\"https:\/\/printwave.pl\/fr\/wp-content\/uploads\/sites\/4\/2026\/01\/245_01_202_m-2026_01.jpg\",\"datePublished\":\"2026-01-13T17:59:41+00:00\",\"dateModified\":\"2026-02-13T14:11:12+00:00\",\"breadcrumb\":{\"@id\":\"https:\/\/printwave.pl\/fr\/produkt\/iconic-250-hooded-sweat\/#breadcrumb\"},\"inLanguage\":\"fr-FR\",\"potentialAction\":[{\"@type\":\"ReadAction\",\"target\":[\"https:\/\/printwave.pl\/fr\/produkt\/iconic-250-hooded-sweat\/\"]}]},{\"@type\":\"ImageObject\",\"inLanguage\":\"fr-FR\",\"@id\":\"https:\/\/printwave.pl\/fr\/produkt\/iconic-250-hooded-sweat\/#primaryimage\",\"url\":\"https:\/\/printwave.pl\/fr\/wp-content\/uploads\/sites\/4\/2026\/01\/245_01_202_m-2026_01.jpg\",\"contentUrl\":\"https:\/\/printwave.pl\/fr\/wp-content\/uploads\/sites\/4\/2026\/01\/245_01_202_m-2026_01.jpg\",\"width\":1024,\"height\":1304},{\"@type\":\"BreadcrumbList\",\"@id\":\"https:\/\/printwave.pl\/fr\/produkt\/iconic-250-hooded-sweat\/#breadcrumb\",\"itemListElement\":[{\"@type\":\"ListItem\",\"position\":1,\"name\":\"Accueil\",\"item\":\"https:\/\/printwave.pl\/fr\/\"},{\"@type\":\"ListItem\",\"position\":2,\"name\":\"Boutique\",\"item\":\"https:\/\/printwave.pl\/fr\/boutique\/\"},{\"@type\":\"ListItem\",\"position\":3,\"name\":\"Iconic 250 Hooded Sweat\"}]},{\"@type\":\"WebSite\",\"@id\":\"https:\/\/printwave.pl\/fr\/#website\",\"url\":\"https:\/\/printwave.pl\/fr\/\",\"name\":\"Printwave\",\"description\":\"Votre fournisseur de v\u00eatements promotionnels et d&#039;entreprise en Pologne\",\"potentialAction\":[{\"@type\":\"SearchAction\",\"target\":{\"@type\":\"EntryPoint\",\"urlTemplate\":\"https:\/\/printwave.pl\/fr\/?s={search_term_string}\"},\"query-input\":{\"@type\":\"PropertyValueSpecification\",\"valueRequired\":true,\"valueName\":\"search_term_string\"}}],\"inLanguage\":\"fr-FR\"}]}<\/script>\n<!-- \/ Yoast SEO Premium plugin. -->","yoast_head_json":{"title":"Iconic 250 Hooded Sweat | Printwave FR","robots":{"index":"index","follow":"follow","max-snippet":"max-snippet:-1","max-image-preview":"max-image-preview:large","max-video-preview":"max-video-preview:-1"},"canonical":"https:\/\/printwave.pl\/fr\/produkt\/iconic-250-hooded-sweat\/","og_locale":"fr_FR","og_type":"article","og_title":"Iconic 250 Hooded Sweat","og_description":"\u00b7240 g\/m\u00b2 \u00b7(Blanc\/Chin\u00e9s : 230 g\/m\u00b2) \u00b780 % coton peign\u00e9 et ringspun, 20 % polyester (fabriqu\u00e9 avec des fibres CiCLO\u00ae)","og_url":"https:\/\/printwave.pl\/fr\/produkt\/iconic-250-hooded-sweat\/","og_site_name":"Printwave FR","article_modified_time":"2026-02-13T14:11:12+00:00","og_image":[{"width":1024,"height":1304,"url":"https:\/\/printwave.pl\/fr\/wp-content\/uploads\/sites\/4\/2026\/01\/245_01_202_m-2026_01.jpg","type":"image\/jpeg"}],"twitter_card":"summary_large_image","schema":{"@context":"https:\/\/schema.org","@graph":[{"@type":"WebPage","@id":"https:\/\/printwave.pl\/fr\/produkt\/iconic-250-hooded-sweat\/","url":"https:\/\/printwave.pl\/fr\/produkt\/iconic-250-hooded-sweat\/","name":"Iconic 250 Hooded Sweat | Printwave FR","isPartOf":{"@id":"https:\/\/printwave.pl\/fr\/#website"},"primaryImageOfPage":{"@id":"https:\/\/printwave.pl\/fr\/produkt\/iconic-250-hooded-sweat\/#primaryimage"},"image":{"@id":"https:\/\/printwave.pl\/fr\/produkt\/iconic-250-hooded-sweat\/#primaryimage"},"thumbnailUrl":"https:\/\/printwave.pl\/fr\/wp-content\/uploads\/sites\/4\/2026\/01\/245_01_202_m-2026_01.jpg","datePublished":"2026-01-13T17:59:41+00:00","dateModified":"2026-02-13T14:11:12+00:00","breadcrumb":{"@id":"https:\/\/printwave.pl\/fr\/produkt\/iconic-250-hooded-sweat\/#breadcrumb"},"inLanguage":"fr-FR","potentialAction":[{"@type":"ReadAction","target":["https:\/\/printwave.pl\/fr\/produkt\/iconic-250-hooded-sweat\/"]}]},{"@type":"ImageObject","inLanguage":"fr-FR","@id":"https:\/\/printwave.pl\/fr\/produkt\/iconic-250-hooded-sweat\/#primaryimage","url":"https:\/\/printwave.pl\/fr\/wp-content\/uploads\/sites\/4\/2026\/01\/245_01_202_m-2026_01.jpg","contentUrl":"https:\/\/printwave.pl\/fr\/wp-content\/uploads\/sites\/4\/2026\/01\/245_01_202_m-2026_01.jpg","width":1024,"height":1304},{"@type":"BreadcrumbList","@id":"https:\/\/printwave.pl\/fr\/produkt\/iconic-250-hooded-sweat\/#breadcrumb","itemListElement":[{"@type":"ListItem","position":1,"name":"Accueil","item":"https:\/\/printwave.pl\/fr\/"},{"@type":"ListItem","position":2,"name":"Boutique","item":"https:\/\/printwave.pl\/fr\/boutique\/"},{"@type":"ListItem","position":3,"name":"Iconic 250 Hooded Sweat"}]},{"@type":"WebSite","@id":"https:\/\/printwave.pl\/fr\/#website","url":"https:\/\/printwave.pl\/fr\/","name":"Printwave","description":"Votre fournisseur de v\u00eatements promotionnels et d&#039;entreprise en Pologne","potentialAction":[{"@type":"SearchAction","target":{"@type":"EntryPoint","urlTemplate":"https:\/\/printwave.pl\/fr\/?s={search_term_string}"},"query-input":{"@type":"PropertyValueSpecification","valueRequired":true,"valueName":"search_term_string"}}],"inLanguage":"fr-FR"}]}},"_links":{"self":[{"href":"https:\/\/printwave.pl\/fr\/wp-json\/wp\/v2\/product\/578154","targetHints":{"allow":["GET"]}}],"collection":[{"href":"https:\/\/printwave.pl\/fr\/wp-json\/wp\/v2\/product"}],"about":[{"href":"https:\/\/printwave.pl\/fr\/wp-json\/wp\/v2\/types\/product"}],"replies":[{"embeddable":true,"href":"https:\/\/printwave.pl\/fr\/wp-json\/wp\/v2\/comments?post=578154"}],"wp:featuredmedia":[{"embeddable":true,"href":"https:\/\/printwave.pl\/fr\/wp-json\/wp\/v2\/media\/578142"}],"wp:attachment":[{"href":"https:\/\/printwave.pl\/fr\/wp-json\/wp\/v2\/media?parent=578154"}],"wp:term":[{"taxonomy":"product_brand","embeddable":true,"href":"https:\/\/printwave.pl\/fr\/wp-json\/wp\/v2\/product_brand?post=578154"},{"taxonomy":"product_cat","embeddable":true,"href":"https:\/\/printwave.pl\/fr\/wp-json\/wp\/v2\/product_cat?post=578154"},{"taxonomy":"product_tag","embeddable":true,"href":"https:\/\/printwave.pl\/fr\/wp-json\/wp\/v2\/product_tag?post=578154"}],"curies":[{"name":"wp","href":"https:\/\/api.w.org\/{rel}","templated":true}]}}