{"id":577428,"date":"2026-01-13T06:10:51","date_gmt":"2026-01-13T05:10:51","guid":{"rendered":"https:\/\/printwave.pl\/fr\/produkt\/zurich-travel-backpack\/"},"modified":"2026-03-01T04:25:57","modified_gmt":"2026-03-01T03:25:57","slug":"zurich-travel-backpack","status":"publish","type":"product","link":"https:\/\/printwave.pl\/fr\/produkt\/zurich-travel-backpack\/","title":{"rendered":"Z\u00fcrich Travel Backpack"},"content":{"rendered":"<p>\u00b7422 g\/m\u00b2<br \/>\n\u00b7100 % polyester 900D (recycl\u00e9)<br \/>\n\u00b7100 % polyester 600D, rev\u00eatement PU mat (recycl\u00e9)<br \/>\n\u00b7Contient 100 % de polyester recycl\u00e9 certifi\u00e9 GRS, certifi\u00e9 par Control Union CU811033<br \/>\n\u00b7Compartiment arri\u00e8re rembourr\u00e9 pour ordinateur portable, compatible jusqu&rsquo;\u00e0 16 pouces<br \/>\n\u00b7Compartiments avant zipp\u00e9s avec organiseur int\u00e9rieur<br \/>\n\u00b7Compartiment principal \u00e0 fermeture \u00e9clair et \u00e0 ouverture type palourde<br \/>\n\u00b7Poche sup\u00e9rieure zipp\u00e9e pour objets de valeur<br \/>\n\u00b7Poche ext\u00e9rieure zipp\u00e9e \u00e0 l&rsquo;avant pour une d\u00e9coration facile<br \/>\n\u00b7Clip \u00e0 cl\u00e9 int\u00e9rieur<br \/>\n\u00b7Poche int\u00e9rieure zipp\u00e9e en filet<br \/>\n\u00b7Ouverture zipp\u00e9e \u00e0 double sens pour un acc\u00e8s facile<br \/>\n\u00b7Bretelles rembourr\u00e9es et r\u00e9glables en maille a\u00e9r\u00e9e<br \/>\n\u00b7Sangle arri\u00e8re pour l&rsquo;accrocher au bagage<br \/>\n\u00b7Anses rembourr\u00e9es<br \/>\n\u00b7Doubles sangles de compression<br \/>\n\u00b7Sangle de poitrine r\u00e9glable<br \/>\n\u00b7\u00c9tiquette d\u00e9tachable pour faciliter le rebranding<br \/>\n\u00b7Capacit\u00e9 : 30 litres<br \/>\n\u00b7Dimensions : 31 x 50 x 20 cm.<\/p>\n","protected":false},"excerpt":{"rendered":"<p>\u00b7422 g\/m\u00b2 \u00b7100 % polyester 900D (recycl\u00e9) \u00b7100 % polyester 600D, rev\u00eatement PU mat (recycl\u00e9) \u00b7Contient 100 % de polyester<\/p>\n","protected":false},"featured_media":577427,"comment_status":"open","ping_status":"closed","template":"","meta":[],"product_brand":[],"product_cat":[61,5504],"product_tag":[],"class_list":{"0":"post-577428","1":"product","2":"type-product","3":"status-publish","4":"has-post-thumbnail","6":"product_cat-bagagerie-accessoires","7":"product_cat-nouveautes-2026","8":"pa_couleur-black","9":"pa_eco-recycle","10":"pa_marque-quadra","11":"pa_numero-de-style-5521","12":"pa_taille-one-size","14":"first","15":"instock","16":"taxable","17":"shipping-taxable","18":"purchasable","19":"product-type-variable"},"yoast_head":"<!-- This site is optimized with the Yoast SEO Premium plugin v20.9 (Yoast SEO v26.3) - https:\/\/yoast.com\/wordpress\/plugins\/seo\/ -->\n<title>Z\u00fcrich Travel Backpack | Printwave FR<\/title>\n<meta name=\"robots\" content=\"index, follow, max-snippet:-1, max-image-preview:large, max-video-preview:-1\" \/>\n<link rel=\"canonical\" href=\"https:\/\/printwave.pl\/fr\/produkt\/zurich-travel-backpack\/\" \/>\n<meta property=\"og:locale\" content=\"fr_FR\" \/>\n<meta property=\"og:type\" content=\"article\" \/>\n<meta property=\"og:title\" content=\"Z\u00fcrich Travel Backpack\" \/>\n<meta property=\"og:description\" content=\"\u00b7422 g\/m\u00b2 \u00b7100 % polyester 900D (recycl\u00e9) \u00b7100 % polyester 600D, rev\u00eatement PU mat (recycl\u00e9) \u00b7Contient 100 % de polyester\" \/>\n<meta property=\"og:url\" content=\"https:\/\/printwave.pl\/fr\/produkt\/zurich-travel-backpack\/\" \/>\n<meta property=\"og:site_name\" content=\"Printwave FR\" \/>\n<meta property=\"article:modified_time\" content=\"2026-03-01T03:25:57+00:00\" \/>\n<meta property=\"og:image\" content=\"https:\/\/printwave.pl\/fr\/wp-content\/uploads\/sites\/4\/2026\/01\/935_30_101_f-2026_01.jpg\" \/>\n\t<meta property=\"og:image:width\" content=\"1024\" \/>\n\t<meta property=\"og:image:height\" content=\"1304\" \/>\n\t<meta property=\"og:image:type\" content=\"image\/jpeg\" \/>\n<meta name=\"twitter:card\" content=\"summary_large_image\" \/>\n<meta name=\"twitter:label1\" content=\"Dur\u00e9e de lecture estim\u00e9e\" \/>\n\t<meta name=\"twitter:data1\" content=\"1 minute\" \/>\n<script type=\"application\/ld+json\" class=\"yoast-schema-graph\">{\"@context\":\"https:\/\/schema.org\",\"@graph\":[{\"@type\":\"WebPage\",\"@id\":\"https:\/\/printwave.pl\/fr\/produkt\/zurich-travel-backpack\/\",\"url\":\"https:\/\/printwave.pl\/fr\/produkt\/zurich-travel-backpack\/\",\"name\":\"Z\u00fcrich Travel Backpack | Printwave FR\",\"isPartOf\":{\"@id\":\"https:\/\/printwave.pl\/fr\/#website\"},\"primaryImageOfPage\":{\"@id\":\"https:\/\/printwave.pl\/fr\/produkt\/zurich-travel-backpack\/#primaryimage\"},\"image\":{\"@id\":\"https:\/\/printwave.pl\/fr\/produkt\/zurich-travel-backpack\/#primaryimage\"},\"thumbnailUrl\":\"https:\/\/printwave.pl\/fr\/wp-content\/uploads\/sites\/4\/2026\/01\/935_30_101_f-2026_01.jpg\",\"datePublished\":\"2026-01-13T05:10:51+00:00\",\"dateModified\":\"2026-03-01T03:25:57+00:00\",\"breadcrumb\":{\"@id\":\"https:\/\/printwave.pl\/fr\/produkt\/zurich-travel-backpack\/#breadcrumb\"},\"inLanguage\":\"fr-FR\",\"potentialAction\":[{\"@type\":\"ReadAction\",\"target\":[\"https:\/\/printwave.pl\/fr\/produkt\/zurich-travel-backpack\/\"]}]},{\"@type\":\"ImageObject\",\"inLanguage\":\"fr-FR\",\"@id\":\"https:\/\/printwave.pl\/fr\/produkt\/zurich-travel-backpack\/#primaryimage\",\"url\":\"https:\/\/printwave.pl\/fr\/wp-content\/uploads\/sites\/4\/2026\/01\/935_30_101_f-2026_01.jpg\",\"contentUrl\":\"https:\/\/printwave.pl\/fr\/wp-content\/uploads\/sites\/4\/2026\/01\/935_30_101_f-2026_01.jpg\",\"width\":1024,\"height\":1304},{\"@type\":\"BreadcrumbList\",\"@id\":\"https:\/\/printwave.pl\/fr\/produkt\/zurich-travel-backpack\/#breadcrumb\",\"itemListElement\":[{\"@type\":\"ListItem\",\"position\":1,\"name\":\"Accueil\",\"item\":\"https:\/\/printwave.pl\/fr\/\"},{\"@type\":\"ListItem\",\"position\":2,\"name\":\"Boutique\",\"item\":\"https:\/\/printwave.pl\/fr\/boutique\/\"},{\"@type\":\"ListItem\",\"position\":3,\"name\":\"Z\u00fcrich Travel Backpack\"}]},{\"@type\":\"WebSite\",\"@id\":\"https:\/\/printwave.pl\/fr\/#website\",\"url\":\"https:\/\/printwave.pl\/fr\/\",\"name\":\"Printwave\",\"description\":\"Votre fournisseur de v\u00eatements promotionnels et d&#039;entreprise en Pologne\",\"potentialAction\":[{\"@type\":\"SearchAction\",\"target\":{\"@type\":\"EntryPoint\",\"urlTemplate\":\"https:\/\/printwave.pl\/fr\/?s={search_term_string}\"},\"query-input\":{\"@type\":\"PropertyValueSpecification\",\"valueRequired\":true,\"valueName\":\"search_term_string\"}}],\"inLanguage\":\"fr-FR\"}]}<\/script>\n<!-- \/ Yoast SEO Premium plugin. -->","yoast_head_json":{"title":"Z\u00fcrich Travel Backpack | Printwave FR","robots":{"index":"index","follow":"follow","max-snippet":"max-snippet:-1","max-image-preview":"max-image-preview:large","max-video-preview":"max-video-preview:-1"},"canonical":"https:\/\/printwave.pl\/fr\/produkt\/zurich-travel-backpack\/","og_locale":"fr_FR","og_type":"article","og_title":"Z\u00fcrich Travel Backpack","og_description":"\u00b7422 g\/m\u00b2 \u00b7100 % polyester 900D (recycl\u00e9) \u00b7100 % polyester 600D, rev\u00eatement PU mat (recycl\u00e9) \u00b7Contient 100 % de polyester","og_url":"https:\/\/printwave.pl\/fr\/produkt\/zurich-travel-backpack\/","og_site_name":"Printwave FR","article_modified_time":"2026-03-01T03:25:57+00:00","og_image":[{"width":1024,"height":1304,"url":"https:\/\/printwave.pl\/fr\/wp-content\/uploads\/sites\/4\/2026\/01\/935_30_101_f-2026_01.jpg","type":"image\/jpeg"}],"twitter_card":"summary_large_image","twitter_misc":{"Dur\u00e9e de lecture estim\u00e9e":"1 minute"},"schema":{"@context":"https:\/\/schema.org","@graph":[{"@type":"WebPage","@id":"https:\/\/printwave.pl\/fr\/produkt\/zurich-travel-backpack\/","url":"https:\/\/printwave.pl\/fr\/produkt\/zurich-travel-backpack\/","name":"Z\u00fcrich Travel Backpack | Printwave FR","isPartOf":{"@id":"https:\/\/printwave.pl\/fr\/#website"},"primaryImageOfPage":{"@id":"https:\/\/printwave.pl\/fr\/produkt\/zurich-travel-backpack\/#primaryimage"},"image":{"@id":"https:\/\/printwave.pl\/fr\/produkt\/zurich-travel-backpack\/#primaryimage"},"thumbnailUrl":"https:\/\/printwave.pl\/fr\/wp-content\/uploads\/sites\/4\/2026\/01\/935_30_101_f-2026_01.jpg","datePublished":"2026-01-13T05:10:51+00:00","dateModified":"2026-03-01T03:25:57+00:00","breadcrumb":{"@id":"https:\/\/printwave.pl\/fr\/produkt\/zurich-travel-backpack\/#breadcrumb"},"inLanguage":"fr-FR","potentialAction":[{"@type":"ReadAction","target":["https:\/\/printwave.pl\/fr\/produkt\/zurich-travel-backpack\/"]}]},{"@type":"ImageObject","inLanguage":"fr-FR","@id":"https:\/\/printwave.pl\/fr\/produkt\/zurich-travel-backpack\/#primaryimage","url":"https:\/\/printwave.pl\/fr\/wp-content\/uploads\/sites\/4\/2026\/01\/935_30_101_f-2026_01.jpg","contentUrl":"https:\/\/printwave.pl\/fr\/wp-content\/uploads\/sites\/4\/2026\/01\/935_30_101_f-2026_01.jpg","width":1024,"height":1304},{"@type":"BreadcrumbList","@id":"https:\/\/printwave.pl\/fr\/produkt\/zurich-travel-backpack\/#breadcrumb","itemListElement":[{"@type":"ListItem","position":1,"name":"Accueil","item":"https:\/\/printwave.pl\/fr\/"},{"@type":"ListItem","position":2,"name":"Boutique","item":"https:\/\/printwave.pl\/fr\/boutique\/"},{"@type":"ListItem","position":3,"name":"Z\u00fcrich Travel Backpack"}]},{"@type":"WebSite","@id":"https:\/\/printwave.pl\/fr\/#website","url":"https:\/\/printwave.pl\/fr\/","name":"Printwave","description":"Votre fournisseur de v\u00eatements promotionnels et d&#039;entreprise en Pologne","potentialAction":[{"@type":"SearchAction","target":{"@type":"EntryPoint","urlTemplate":"https:\/\/printwave.pl\/fr\/?s={search_term_string}"},"query-input":{"@type":"PropertyValueSpecification","valueRequired":true,"valueName":"search_term_string"}}],"inLanguage":"fr-FR"}]}},"_links":{"self":[{"href":"https:\/\/printwave.pl\/fr\/wp-json\/wp\/v2\/product\/577428","targetHints":{"allow":["GET"]}}],"collection":[{"href":"https:\/\/printwave.pl\/fr\/wp-json\/wp\/v2\/product"}],"about":[{"href":"https:\/\/printwave.pl\/fr\/wp-json\/wp\/v2\/types\/product"}],"replies":[{"embeddable":true,"href":"https:\/\/printwave.pl\/fr\/wp-json\/wp\/v2\/comments?post=577428"}],"wp:featuredmedia":[{"embeddable":true,"href":"https:\/\/printwave.pl\/fr\/wp-json\/wp\/v2\/media\/577427"}],"wp:attachment":[{"href":"https:\/\/printwave.pl\/fr\/wp-json\/wp\/v2\/media?parent=577428"}],"wp:term":[{"taxonomy":"product_brand","embeddable":true,"href":"https:\/\/printwave.pl\/fr\/wp-json\/wp\/v2\/product_brand?post=577428"},{"taxonomy":"product_cat","embeddable":true,"href":"https:\/\/printwave.pl\/fr\/wp-json\/wp\/v2\/product_cat?post=577428"},{"taxonomy":"product_tag","embeddable":true,"href":"https:\/\/printwave.pl\/fr\/wp-json\/wp\/v2\/product_tag?post=577428"}],"curies":[{"name":"wp","href":"https:\/\/api.w.org\/{rel}","templated":true}]}}