{"id":577410,"date":"2026-01-13T05:50:51","date_gmt":"2026-01-13T04:50:51","guid":{"rendered":"https:\/\/printwave.pl\/fr\/produkt\/puerto-weekender\/"},"modified":"2026-03-01T04:23:28","modified_gmt":"2026-03-01T03:23:28","slug":"puerto-weekender","status":"publish","type":"product","link":"https:\/\/printwave.pl\/fr\/produkt\/puerto-weekender\/","title":{"rendered":"Puerto Weekender"},"content":{"rendered":"<p>\u00b7450 g\/m\u00b2<br \/>\n\u00b766 % polyester, 23 % coton, 11 % autres fibres<br \/>\n\u00b7Doublure : 100 % polyester (recycl\u00e9)<br \/>\n\u00b7Conception structur\u00e9e<br \/>\n\u00b7Tissu serg\u00e9 de qualit\u00e9 sup\u00e9rieure<br \/>\n\u00b7Doublure douce au toucher<br \/>\n\u00b7Fermeture \u00e9clair invisible dans la doublure pour un acc\u00e8s facile \u00e0 la d\u00e9coration<br \/>\n\u00b7Compartiment principal zipp\u00e9<br \/>\n\u00b7Poche int\u00e9rieure zipp\u00e9e pour objets de valeur<br \/>\n\u00b7Garnitures m\u00e9talliques dor\u00e9es brillantes<br \/>\n\u00b7Anses en tissu assorti<br \/>\n\u00b7Peut \u00eatre port\u00e9 \u00e0 la main ou sur l&rsquo;\u00e9paule<br \/>\n\u00b7\u00c9tiquette d\u00e9tachable pour faciliter le rebranding<br \/>\n\u00b7Capacit\u00e9 : 31 litres<br \/>\n\u00b7Dimensions : 42 x 38 x 20,5 cm.<\/p>\n","protected":false},"excerpt":{"rendered":"<p>\u00b7450 g\/m\u00b2 \u00b766 % polyester, 23 % coton, 11 % autres fibres \u00b7Doublure : 100 % polyester (recycl\u00e9) \u00b7Conception structur\u00e9e<\/p>\n","protected":false},"featured_media":577408,"comment_status":"open","ping_status":"closed","template":"","meta":[],"product_brand":[],"product_cat":[61,5504],"product_tag":[],"class_list":{"0":"post-577410","1":"product","2":"type-product","3":"status-publish","4":"has-post-thumbnail","6":"product_cat-bagagerie-accessoires","7":"product_cat-nouveautes-2026","8":"pa_couleur-natural","9":"pa_couleur-natural-black","10":"pa_eco-recycle","11":"pa_marque-quadra","12":"pa_numero-de-style-5516","13":"pa_taille-one-size","15":"first","16":"instock","17":"taxable","18":"shipping-taxable","19":"purchasable","20":"product-type-variable"},"yoast_head":"<!-- This site is optimized with the Yoast SEO Premium plugin v20.9 (Yoast SEO v26.3) - https:\/\/yoast.com\/wordpress\/plugins\/seo\/ -->\n<title>Puerto Weekender | Printwave FR<\/title>\n<meta name=\"robots\" content=\"index, follow, max-snippet:-1, max-image-preview:large, max-video-preview:-1\" \/>\n<link rel=\"canonical\" href=\"https:\/\/printwave.pl\/fr\/produkt\/puerto-weekender\/\" \/>\n<meta property=\"og:locale\" content=\"fr_FR\" \/>\n<meta property=\"og:type\" content=\"article\" \/>\n<meta property=\"og:title\" content=\"Puerto Weekender\" \/>\n<meta property=\"og:description\" content=\"\u00b7450 g\/m\u00b2 \u00b766 % polyester, 23 % coton, 11 % autres fibres \u00b7Doublure : 100 % polyester (recycl\u00e9) \u00b7Conception structur\u00e9e\" \/>\n<meta property=\"og:url\" content=\"https:\/\/printwave.pl\/fr\/produkt\/puerto-weekender\/\" \/>\n<meta property=\"og:site_name\" content=\"Printwave FR\" \/>\n<meta property=\"article:modified_time\" content=\"2026-03-01T03:23:28+00:00\" \/>\n<meta property=\"og:image\" content=\"https:\/\/printwave.pl\/fr\/wp-content\/uploads\/sites\/4\/2026\/01\/940_30_056_f-2026_01.jpg\" \/>\n\t<meta property=\"og:image:width\" content=\"1024\" \/>\n\t<meta property=\"og:image:height\" content=\"1304\" \/>\n\t<meta property=\"og:image:type\" content=\"image\/jpeg\" \/>\n<meta name=\"twitter:card\" content=\"summary_large_image\" \/>\n<script type=\"application\/ld+json\" class=\"yoast-schema-graph\">{\"@context\":\"https:\/\/schema.org\",\"@graph\":[{\"@type\":\"WebPage\",\"@id\":\"https:\/\/printwave.pl\/fr\/produkt\/puerto-weekender\/\",\"url\":\"https:\/\/printwave.pl\/fr\/produkt\/puerto-weekender\/\",\"name\":\"Puerto Weekender | Printwave FR\",\"isPartOf\":{\"@id\":\"https:\/\/printwave.pl\/fr\/#website\"},\"primaryImageOfPage\":{\"@id\":\"https:\/\/printwave.pl\/fr\/produkt\/puerto-weekender\/#primaryimage\"},\"image\":{\"@id\":\"https:\/\/printwave.pl\/fr\/produkt\/puerto-weekender\/#primaryimage\"},\"thumbnailUrl\":\"https:\/\/printwave.pl\/fr\/wp-content\/uploads\/sites\/4\/2026\/01\/940_30_056_f-2026_01.jpg\",\"datePublished\":\"2026-01-13T04:50:51+00:00\",\"dateModified\":\"2026-03-01T03:23:28+00:00\",\"breadcrumb\":{\"@id\":\"https:\/\/printwave.pl\/fr\/produkt\/puerto-weekender\/#breadcrumb\"},\"inLanguage\":\"fr-FR\",\"potentialAction\":[{\"@type\":\"ReadAction\",\"target\":[\"https:\/\/printwave.pl\/fr\/produkt\/puerto-weekender\/\"]}]},{\"@type\":\"ImageObject\",\"inLanguage\":\"fr-FR\",\"@id\":\"https:\/\/printwave.pl\/fr\/produkt\/puerto-weekender\/#primaryimage\",\"url\":\"https:\/\/printwave.pl\/fr\/wp-content\/uploads\/sites\/4\/2026\/01\/940_30_056_f-2026_01.jpg\",\"contentUrl\":\"https:\/\/printwave.pl\/fr\/wp-content\/uploads\/sites\/4\/2026\/01\/940_30_056_f-2026_01.jpg\",\"width\":1024,\"height\":1304},{\"@type\":\"BreadcrumbList\",\"@id\":\"https:\/\/printwave.pl\/fr\/produkt\/puerto-weekender\/#breadcrumb\",\"itemListElement\":[{\"@type\":\"ListItem\",\"position\":1,\"name\":\"Accueil\",\"item\":\"https:\/\/printwave.pl\/fr\/\"},{\"@type\":\"ListItem\",\"position\":2,\"name\":\"Boutique\",\"item\":\"https:\/\/printwave.pl\/fr\/boutique\/\"},{\"@type\":\"ListItem\",\"position\":3,\"name\":\"Puerto Weekender\"}]},{\"@type\":\"WebSite\",\"@id\":\"https:\/\/printwave.pl\/fr\/#website\",\"url\":\"https:\/\/printwave.pl\/fr\/\",\"name\":\"Printwave\",\"description\":\"Votre fournisseur de v\u00eatements promotionnels et d&#039;entreprise en Pologne\",\"potentialAction\":[{\"@type\":\"SearchAction\",\"target\":{\"@type\":\"EntryPoint\",\"urlTemplate\":\"https:\/\/printwave.pl\/fr\/?s={search_term_string}\"},\"query-input\":{\"@type\":\"PropertyValueSpecification\",\"valueRequired\":true,\"valueName\":\"search_term_string\"}}],\"inLanguage\":\"fr-FR\"}]}<\/script>\n<!-- \/ Yoast SEO Premium plugin. -->","yoast_head_json":{"title":"Puerto Weekender | Printwave FR","robots":{"index":"index","follow":"follow","max-snippet":"max-snippet:-1","max-image-preview":"max-image-preview:large","max-video-preview":"max-video-preview:-1"},"canonical":"https:\/\/printwave.pl\/fr\/produkt\/puerto-weekender\/","og_locale":"fr_FR","og_type":"article","og_title":"Puerto Weekender","og_description":"\u00b7450 g\/m\u00b2 \u00b766 % polyester, 23 % coton, 11 % autres fibres \u00b7Doublure : 100 % polyester (recycl\u00e9) \u00b7Conception structur\u00e9e","og_url":"https:\/\/printwave.pl\/fr\/produkt\/puerto-weekender\/","og_site_name":"Printwave FR","article_modified_time":"2026-03-01T03:23:28+00:00","og_image":[{"width":1024,"height":1304,"url":"https:\/\/printwave.pl\/fr\/wp-content\/uploads\/sites\/4\/2026\/01\/940_30_056_f-2026_01.jpg","type":"image\/jpeg"}],"twitter_card":"summary_large_image","schema":{"@context":"https:\/\/schema.org","@graph":[{"@type":"WebPage","@id":"https:\/\/printwave.pl\/fr\/produkt\/puerto-weekender\/","url":"https:\/\/printwave.pl\/fr\/produkt\/puerto-weekender\/","name":"Puerto Weekender | Printwave FR","isPartOf":{"@id":"https:\/\/printwave.pl\/fr\/#website"},"primaryImageOfPage":{"@id":"https:\/\/printwave.pl\/fr\/produkt\/puerto-weekender\/#primaryimage"},"image":{"@id":"https:\/\/printwave.pl\/fr\/produkt\/puerto-weekender\/#primaryimage"},"thumbnailUrl":"https:\/\/printwave.pl\/fr\/wp-content\/uploads\/sites\/4\/2026\/01\/940_30_056_f-2026_01.jpg","datePublished":"2026-01-13T04:50:51+00:00","dateModified":"2026-03-01T03:23:28+00:00","breadcrumb":{"@id":"https:\/\/printwave.pl\/fr\/produkt\/puerto-weekender\/#breadcrumb"},"inLanguage":"fr-FR","potentialAction":[{"@type":"ReadAction","target":["https:\/\/printwave.pl\/fr\/produkt\/puerto-weekender\/"]}]},{"@type":"ImageObject","inLanguage":"fr-FR","@id":"https:\/\/printwave.pl\/fr\/produkt\/puerto-weekender\/#primaryimage","url":"https:\/\/printwave.pl\/fr\/wp-content\/uploads\/sites\/4\/2026\/01\/940_30_056_f-2026_01.jpg","contentUrl":"https:\/\/printwave.pl\/fr\/wp-content\/uploads\/sites\/4\/2026\/01\/940_30_056_f-2026_01.jpg","width":1024,"height":1304},{"@type":"BreadcrumbList","@id":"https:\/\/printwave.pl\/fr\/produkt\/puerto-weekender\/#breadcrumb","itemListElement":[{"@type":"ListItem","position":1,"name":"Accueil","item":"https:\/\/printwave.pl\/fr\/"},{"@type":"ListItem","position":2,"name":"Boutique","item":"https:\/\/printwave.pl\/fr\/boutique\/"},{"@type":"ListItem","position":3,"name":"Puerto Weekender"}]},{"@type":"WebSite","@id":"https:\/\/printwave.pl\/fr\/#website","url":"https:\/\/printwave.pl\/fr\/","name":"Printwave","description":"Votre fournisseur de v\u00eatements promotionnels et d&#039;entreprise en Pologne","potentialAction":[{"@type":"SearchAction","target":{"@type":"EntryPoint","urlTemplate":"https:\/\/printwave.pl\/fr\/?s={search_term_string}"},"query-input":{"@type":"PropertyValueSpecification","valueRequired":true,"valueName":"search_term_string"}}],"inLanguage":"fr-FR"}]}},"_links":{"self":[{"href":"https:\/\/printwave.pl\/fr\/wp-json\/wp\/v2\/product\/577410","targetHints":{"allow":["GET"]}}],"collection":[{"href":"https:\/\/printwave.pl\/fr\/wp-json\/wp\/v2\/product"}],"about":[{"href":"https:\/\/printwave.pl\/fr\/wp-json\/wp\/v2\/types\/product"}],"replies":[{"embeddable":true,"href":"https:\/\/printwave.pl\/fr\/wp-json\/wp\/v2\/comments?post=577410"}],"wp:featuredmedia":[{"embeddable":true,"href":"https:\/\/printwave.pl\/fr\/wp-json\/wp\/v2\/media\/577408"}],"wp:attachment":[{"href":"https:\/\/printwave.pl\/fr\/wp-json\/wp\/v2\/media?parent=577410"}],"wp:term":[{"taxonomy":"product_brand","embeddable":true,"href":"https:\/\/printwave.pl\/fr\/wp-json\/wp\/v2\/product_brand?post=577410"},{"taxonomy":"product_cat","embeddable":true,"href":"https:\/\/printwave.pl\/fr\/wp-json\/wp\/v2\/product_cat?post=577410"},{"taxonomy":"product_tag","embeddable":true,"href":"https:\/\/printwave.pl\/fr\/wp-json\/wp\/v2\/product_tag?post=577410"}],"curies":[{"name":"wp","href":"https:\/\/api.w.org\/{rel}","templated":true}]}}