{"id":577339,"date":"2025-11-13T15:12:30","date_gmt":"2025-11-13T14:12:30","guid":{"rendered":"https:\/\/printwave.pl\/fr\/produkt\/short-sleeve-chef-jacket-green-generation\/"},"modified":"2026-02-13T20:05:11","modified_gmt":"2026-02-13T19:05:11","slug":"short-sleeve-chef-jacket-green-generation","status":"publish","type":"product","link":"https:\/\/printwave.pl\/fr\/produkt\/short-sleeve-chef-jacket-green-generation\/","title":{"rendered":"Short-Sleeve Chef Jacket Green-Generation"},"content":{"rendered":"<p>\u00b765 % polyester (recycl\u00e9), 35 % coton<br \/>\n\u00b7Partie avant : 150 g\/m\u00b2<br \/>\n\u00b7Partie arri\u00e8re : 170 g\/m\u00b2, 100 % polyester (recycl\u00e9), respirante et r\u00e9gulatrice d&rsquo;humidit\u00e9<br \/>\n\u00b7Veste de chef innovante et durable qui allie style urbain et \u00e9l\u00e9gance naturelle<br \/>\n\u00b7Contient du polyester fabriqu\u00e9 \u00e0 partir de plastique recycl\u00e9<br \/>\n\u00b7Coupe l\u00e9g\u00e8rement fusel\u00e9e.<\/p>\n","protected":false},"excerpt":{"rendered":"<p>\u00b765 % polyester (recycl\u00e9), 35 % coton \u00b7Partie avant : 150 g\/m\u00b2 \u00b7Partie arri\u00e8re : 170 g\/m\u00b2, 100 % polyester<\/p>\n","protected":false},"featured_media":577329,"comment_status":"open","ping_status":"closed","template":"","meta":[],"product_brand":[],"product_cat":[5454,2597,42],"product_tag":[],"class_list":{"0":"post-577339","1":"product","2":"type-product","3":"status-publish","4":"has-post-thumbnail","6":"product_cat-nouveau-automne-hiver-2025","7":"product_cat-nouveautes-2025","8":"product_cat-tabliers-blouses-hospitality","9":"pa_couleur-moss-green","10":"pa_eco-recycle","11":"pa_groupe-de-produits-restauration","12":"pa_manche-manches-courtes","13":"pa_marque-karlowsky","14":"pa_numero-de-style-5501","15":"pa_poids-170-199-g-m","16":"pa_sexe-unisexe","17":"pa_taille-46-s","18":"pa_taille-48-m","19":"pa_taille-50-m","20":"pa_taille-52-l","21":"pa_taille-54-l","22":"pa_taille-56-xl","23":"pa_taille-58-xl","24":"pa_taille-60-2xl","25":"pa_taille-62-2xl","26":"pa_taille-64-3xl","27":"pa_tissu-melange-de-tissu","29":"first","30":"instock","31":"taxable","32":"shipping-taxable","33":"purchasable","34":"product-type-variable"},"yoast_head":"<!-- This site is optimized with the Yoast SEO Premium plugin v20.9 (Yoast SEO v26.3) - https:\/\/yoast.com\/wordpress\/plugins\/seo\/ -->\n<title>Short-Sleeve Chef Jacket Green-Generation | Printwave FR<\/title>\n<meta name=\"robots\" content=\"index, follow, max-snippet:-1, max-image-preview:large, max-video-preview:-1\" \/>\n<link rel=\"canonical\" href=\"https:\/\/printwave.pl\/fr\/produkt\/short-sleeve-chef-jacket-green-generation\/\" \/>\n<meta property=\"og:locale\" content=\"fr_FR\" \/>\n<meta property=\"og:type\" content=\"article\" \/>\n<meta property=\"og:title\" content=\"Short-Sleeve Chef Jacket Green-Generation\" \/>\n<meta property=\"og:description\" content=\"\u00b765 % polyester (recycl\u00e9), 35 % coton \u00b7Partie avant : 150 g\/m\u00b2 \u00b7Partie arri\u00e8re : 170 g\/m\u00b2, 100 % polyester\" \/>\n<meta property=\"og:url\" content=\"https:\/\/printwave.pl\/fr\/produkt\/short-sleeve-chef-jacket-green-generation\/\" \/>\n<meta property=\"og:site_name\" content=\"Printwave FR\" \/>\n<meta property=\"article:modified_time\" content=\"2026-02-13T19:05:11+00:00\" \/>\n<meta property=\"og:image\" content=\"https:\/\/printwave.pl\/fr\/wp-content\/uploads\/sites\/4\/2025\/11\/036_67_504_m-2025_01.jpg\" \/>\n\t<meta property=\"og:image:width\" content=\"1024\" \/>\n\t<meta property=\"og:image:height\" content=\"1304\" \/>\n\t<meta property=\"og:image:type\" content=\"image\/jpeg\" \/>\n<meta name=\"twitter:card\" content=\"summary_large_image\" \/>\n<script type=\"application\/ld+json\" class=\"yoast-schema-graph\">{\"@context\":\"https:\/\/schema.org\",\"@graph\":[{\"@type\":\"WebPage\",\"@id\":\"https:\/\/printwave.pl\/fr\/produkt\/short-sleeve-chef-jacket-green-generation\/\",\"url\":\"https:\/\/printwave.pl\/fr\/produkt\/short-sleeve-chef-jacket-green-generation\/\",\"name\":\"Short-Sleeve Chef Jacket Green-Generation | Printwave FR\",\"isPartOf\":{\"@id\":\"https:\/\/printwave.pl\/fr\/#website\"},\"primaryImageOfPage\":{\"@id\":\"https:\/\/printwave.pl\/fr\/produkt\/short-sleeve-chef-jacket-green-generation\/#primaryimage\"},\"image\":{\"@id\":\"https:\/\/printwave.pl\/fr\/produkt\/short-sleeve-chef-jacket-green-generation\/#primaryimage\"},\"thumbnailUrl\":\"https:\/\/printwave.pl\/fr\/wp-content\/uploads\/sites\/4\/2025\/11\/036_67_504_m-2025_01.jpg\",\"datePublished\":\"2025-11-13T14:12:30+00:00\",\"dateModified\":\"2026-02-13T19:05:11+00:00\",\"breadcrumb\":{\"@id\":\"https:\/\/printwave.pl\/fr\/produkt\/short-sleeve-chef-jacket-green-generation\/#breadcrumb\"},\"inLanguage\":\"fr-FR\",\"potentialAction\":[{\"@type\":\"ReadAction\",\"target\":[\"https:\/\/printwave.pl\/fr\/produkt\/short-sleeve-chef-jacket-green-generation\/\"]}]},{\"@type\":\"ImageObject\",\"inLanguage\":\"fr-FR\",\"@id\":\"https:\/\/printwave.pl\/fr\/produkt\/short-sleeve-chef-jacket-green-generation\/#primaryimage\",\"url\":\"https:\/\/printwave.pl\/fr\/wp-content\/uploads\/sites\/4\/2025\/11\/036_67_504_m-2025_01.jpg\",\"contentUrl\":\"https:\/\/printwave.pl\/fr\/wp-content\/uploads\/sites\/4\/2025\/11\/036_67_504_m-2025_01.jpg\",\"width\":1024,\"height\":1304},{\"@type\":\"BreadcrumbList\",\"@id\":\"https:\/\/printwave.pl\/fr\/produkt\/short-sleeve-chef-jacket-green-generation\/#breadcrumb\",\"itemListElement\":[{\"@type\":\"ListItem\",\"position\":1,\"name\":\"Accueil\",\"item\":\"https:\/\/printwave.pl\/fr\/\"},{\"@type\":\"ListItem\",\"position\":2,\"name\":\"Boutique\",\"item\":\"https:\/\/printwave.pl\/fr\/boutique\/\"},{\"@type\":\"ListItem\",\"position\":3,\"name\":\"Short-Sleeve Chef Jacket Green-Generation\"}]},{\"@type\":\"WebSite\",\"@id\":\"https:\/\/printwave.pl\/fr\/#website\",\"url\":\"https:\/\/printwave.pl\/fr\/\",\"name\":\"Printwave\",\"description\":\"Votre fournisseur de v\u00eatements promotionnels et d&#039;entreprise en Pologne\",\"potentialAction\":[{\"@type\":\"SearchAction\",\"target\":{\"@type\":\"EntryPoint\",\"urlTemplate\":\"https:\/\/printwave.pl\/fr\/?s={search_term_string}\"},\"query-input\":{\"@type\":\"PropertyValueSpecification\",\"valueRequired\":true,\"valueName\":\"search_term_string\"}}],\"inLanguage\":\"fr-FR\"}]}<\/script>\n<!-- \/ Yoast SEO Premium plugin. -->","yoast_head_json":{"title":"Short-Sleeve Chef Jacket Green-Generation | Printwave FR","robots":{"index":"index","follow":"follow","max-snippet":"max-snippet:-1","max-image-preview":"max-image-preview:large","max-video-preview":"max-video-preview:-1"},"canonical":"https:\/\/printwave.pl\/fr\/produkt\/short-sleeve-chef-jacket-green-generation\/","og_locale":"fr_FR","og_type":"article","og_title":"Short-Sleeve Chef Jacket Green-Generation","og_description":"\u00b765 % polyester (recycl\u00e9), 35 % coton \u00b7Partie avant : 150 g\/m\u00b2 \u00b7Partie arri\u00e8re : 170 g\/m\u00b2, 100 % polyester","og_url":"https:\/\/printwave.pl\/fr\/produkt\/short-sleeve-chef-jacket-green-generation\/","og_site_name":"Printwave FR","article_modified_time":"2026-02-13T19:05:11+00:00","og_image":[{"width":1024,"height":1304,"url":"https:\/\/printwave.pl\/fr\/wp-content\/uploads\/sites\/4\/2025\/11\/036_67_504_m-2025_01.jpg","type":"image\/jpeg"}],"twitter_card":"summary_large_image","schema":{"@context":"https:\/\/schema.org","@graph":[{"@type":"WebPage","@id":"https:\/\/printwave.pl\/fr\/produkt\/short-sleeve-chef-jacket-green-generation\/","url":"https:\/\/printwave.pl\/fr\/produkt\/short-sleeve-chef-jacket-green-generation\/","name":"Short-Sleeve Chef Jacket Green-Generation | Printwave FR","isPartOf":{"@id":"https:\/\/printwave.pl\/fr\/#website"},"primaryImageOfPage":{"@id":"https:\/\/printwave.pl\/fr\/produkt\/short-sleeve-chef-jacket-green-generation\/#primaryimage"},"image":{"@id":"https:\/\/printwave.pl\/fr\/produkt\/short-sleeve-chef-jacket-green-generation\/#primaryimage"},"thumbnailUrl":"https:\/\/printwave.pl\/fr\/wp-content\/uploads\/sites\/4\/2025\/11\/036_67_504_m-2025_01.jpg","datePublished":"2025-11-13T14:12:30+00:00","dateModified":"2026-02-13T19:05:11+00:00","breadcrumb":{"@id":"https:\/\/printwave.pl\/fr\/produkt\/short-sleeve-chef-jacket-green-generation\/#breadcrumb"},"inLanguage":"fr-FR","potentialAction":[{"@type":"ReadAction","target":["https:\/\/printwave.pl\/fr\/produkt\/short-sleeve-chef-jacket-green-generation\/"]}]},{"@type":"ImageObject","inLanguage":"fr-FR","@id":"https:\/\/printwave.pl\/fr\/produkt\/short-sleeve-chef-jacket-green-generation\/#primaryimage","url":"https:\/\/printwave.pl\/fr\/wp-content\/uploads\/sites\/4\/2025\/11\/036_67_504_m-2025_01.jpg","contentUrl":"https:\/\/printwave.pl\/fr\/wp-content\/uploads\/sites\/4\/2025\/11\/036_67_504_m-2025_01.jpg","width":1024,"height":1304},{"@type":"BreadcrumbList","@id":"https:\/\/printwave.pl\/fr\/produkt\/short-sleeve-chef-jacket-green-generation\/#breadcrumb","itemListElement":[{"@type":"ListItem","position":1,"name":"Accueil","item":"https:\/\/printwave.pl\/fr\/"},{"@type":"ListItem","position":2,"name":"Boutique","item":"https:\/\/printwave.pl\/fr\/boutique\/"},{"@type":"ListItem","position":3,"name":"Short-Sleeve Chef Jacket Green-Generation"}]},{"@type":"WebSite","@id":"https:\/\/printwave.pl\/fr\/#website","url":"https:\/\/printwave.pl\/fr\/","name":"Printwave","description":"Votre fournisseur de v\u00eatements promotionnels et d&#039;entreprise en Pologne","potentialAction":[{"@type":"SearchAction","target":{"@type":"EntryPoint","urlTemplate":"https:\/\/printwave.pl\/fr\/?s={search_term_string}"},"query-input":{"@type":"PropertyValueSpecification","valueRequired":true,"valueName":"search_term_string"}}],"inLanguage":"fr-FR"}]}},"_links":{"self":[{"href":"https:\/\/printwave.pl\/fr\/wp-json\/wp\/v2\/product\/577339","targetHints":{"allow":["GET"]}}],"collection":[{"href":"https:\/\/printwave.pl\/fr\/wp-json\/wp\/v2\/product"}],"about":[{"href":"https:\/\/printwave.pl\/fr\/wp-json\/wp\/v2\/types\/product"}],"replies":[{"embeddable":true,"href":"https:\/\/printwave.pl\/fr\/wp-json\/wp\/v2\/comments?post=577339"}],"wp:featuredmedia":[{"embeddable":true,"href":"https:\/\/printwave.pl\/fr\/wp-json\/wp\/v2\/media\/577329"}],"wp:attachment":[{"href":"https:\/\/printwave.pl\/fr\/wp-json\/wp\/v2\/media?parent=577339"}],"wp:term":[{"taxonomy":"product_brand","embeddable":true,"href":"https:\/\/printwave.pl\/fr\/wp-json\/wp\/v2\/product_brand?post=577339"},{"taxonomy":"product_cat","embeddable":true,"href":"https:\/\/printwave.pl\/fr\/wp-json\/wp\/v2\/product_cat?post=577339"},{"taxonomy":"product_tag","embeddable":true,"href":"https:\/\/printwave.pl\/fr\/wp-json\/wp\/v2\/product_tag?post=577339"}],"curies":[{"name":"wp","href":"https:\/\/api.w.org\/{rel}","templated":true}]}}