{"id":576222,"date":"2025-04-13T17:37:30","date_gmt":"2025-04-13T15:37:30","guid":{"rendered":"https:\/\/printwave.pl\/fr\/produkt\/t-shirt-round-neck\/"},"modified":"2026-02-13T18:53:23","modified_gmt":"2026-02-13T17:53:23","slug":"t-shirt-round-neck","status":"publish","type":"product","link":"https:\/\/printwave.pl\/fr\/produkt\/t-shirt-round-neck\/","title":{"rendered":"T-Shirt Round Neck"},"content":{"rendered":"<p>\u00b7200 g\/m\u00b2<br \/>\n\u00b7100% coton, jersey simple<br \/>\n\u00b7Revers c\u00f4tel\u00e9 \u00e0 l&rsquo;encolure<br \/>\n\u00b7Poignets c\u00f4tel\u00e9s et doubles coutures \u00e0 l&rsquo;ourlet<br \/>\n\u00b7Coupe longue et \u00e9troite<br \/>\n\u00b7Convient pour la s\u00e9rigraphie ou les impressions flexibles l\u00e9g\u00e8res.<\/p>\n","protected":false},"excerpt":{"rendered":"<p>\u00b7200 g\/m\u00b2 \u00b7100% coton, jersey simple \u00b7Revers c\u00f4tel\u00e9 \u00e0 l&rsquo;encolure \u00b7Poignets c\u00f4tel\u00e9s et doubles coutures \u00e0 l&rsquo;ourlet \u00b7Coupe longue et<\/p>\n","protected":false},"featured_media":576221,"comment_status":"open","ping_status":"closed","template":"","meta":[],"product_brand":[],"product_cat":[62,455,1984],"product_tag":[],"class_list":{"0":"post-576222","1":"product","2":"type-product","3":"status-publish","4":"has-post-thumbnail","6":"product_cat-nouveautes-2024","7":"product_cat-streetwear","8":"product_cat-tee-shirts","9":"pa_couleur-black","10":"pa_couleur-bottle-green","11":"pa_couleur-burgundy","12":"pa_couleur-charcoal","13":"pa_couleur-city-red","14":"pa_couleur-cobalt-blue","15":"pa_couleur-dusty-blue","16":"pa_couleur-frozen-yellow","17":"pa_couleur-heather-grey","18":"pa_couleur-heaven-blue","19":"pa_couleur-hibiskus-pink","20":"pa_couleur-light-navy","21":"pa_couleur-navy","22":"pa_couleur-ocean-blue","23":"pa_couleur-paradise-orange","24":"pa_couleur-sand","25":"pa_couleur-union-beige","26":"pa_couleur-white","27":"pa_encolure-crew-neck","28":"pa_groupe-de-produits-t-shirts","29":"pa_manche-manches-courtes","30":"pa_marque-build-your-brand","31":"pa_numero-de-style-5420","32":"pa_poids-200-219-g-m","33":"pa_sexe-hommes","34":"pa_taille-2xl","35":"pa_taille-3xl","36":"pa_taille-4xl","37":"pa_taille-5xl","38":"pa_taille-l","39":"pa_taille-m","40":"pa_taille-s","41":"pa_taille-xl","42":"pa_taille-xs","43":"pa_tissu-coton","45":"first","46":"instock","47":"taxable","48":"shipping-taxable","49":"purchasable","50":"product-type-variable"},"yoast_head":"<!-- This site is optimized with the Yoast SEO Premium plugin v20.9 (Yoast SEO v26.3) - https:\/\/yoast.com\/wordpress\/plugins\/seo\/ -->\n<title>T-Shirt Round Neck | Printwave FR<\/title>\n<meta name=\"robots\" content=\"index, follow, max-snippet:-1, max-image-preview:large, max-video-preview:-1\" \/>\n<link rel=\"canonical\" href=\"https:\/\/printwave.pl\/fr\/produkt\/t-shirt-round-neck\/\" \/>\n<meta property=\"og:locale\" content=\"fr_FR\" \/>\n<meta property=\"og:type\" content=\"article\" \/>\n<meta property=\"og:title\" content=\"T-Shirt Round Neck\" \/>\n<meta property=\"og:description\" content=\"\u00b7200 g\/m\u00b2 \u00b7100% coton, jersey simple \u00b7Revers c\u00f4tel\u00e9 \u00e0 l&rsquo;encolure \u00b7Poignets c\u00f4tel\u00e9s et doubles coutures \u00e0 l&rsquo;ourlet \u00b7Coupe longue et\" \/>\n<meta property=\"og:url\" content=\"https:\/\/printwave.pl\/fr\/produkt\/t-shirt-round-neck\/\" \/>\n<meta property=\"og:site_name\" content=\"Printwave FR\" \/>\n<meta property=\"article:modified_time\" content=\"2026-02-13T17:53:23+00:00\" \/>\n<meta property=\"og:image\" content=\"https:\/\/printwave.pl\/fr\/wp-content\/uploads\/sites\/4\/2025\/04\/101_39_130_m-2024_01.jpg\" \/>\n\t<meta property=\"og:image:width\" content=\"1024\" \/>\n\t<meta property=\"og:image:height\" content=\"1304\" \/>\n\t<meta property=\"og:image:type\" content=\"image\/jpeg\" \/>\n<meta name=\"twitter:card\" content=\"summary_large_image\" \/>\n<script type=\"application\/ld+json\" class=\"yoast-schema-graph\">{\"@context\":\"https:\/\/schema.org\",\"@graph\":[{\"@type\":\"WebPage\",\"@id\":\"https:\/\/printwave.pl\/fr\/produkt\/t-shirt-round-neck\/\",\"url\":\"https:\/\/printwave.pl\/fr\/produkt\/t-shirt-round-neck\/\",\"name\":\"T-Shirt Round Neck | Printwave FR\",\"isPartOf\":{\"@id\":\"https:\/\/printwave.pl\/fr\/#website\"},\"primaryImageOfPage\":{\"@id\":\"https:\/\/printwave.pl\/fr\/produkt\/t-shirt-round-neck\/#primaryimage\"},\"image\":{\"@id\":\"https:\/\/printwave.pl\/fr\/produkt\/t-shirt-round-neck\/#primaryimage\"},\"thumbnailUrl\":\"https:\/\/printwave.pl\/fr\/wp-content\/uploads\/sites\/4\/2025\/04\/101_39_130_m-2024_01.jpg\",\"datePublished\":\"2025-04-13T15:37:30+00:00\",\"dateModified\":\"2026-02-13T17:53:23+00:00\",\"breadcrumb\":{\"@id\":\"https:\/\/printwave.pl\/fr\/produkt\/t-shirt-round-neck\/#breadcrumb\"},\"inLanguage\":\"fr-FR\",\"potentialAction\":[{\"@type\":\"ReadAction\",\"target\":[\"https:\/\/printwave.pl\/fr\/produkt\/t-shirt-round-neck\/\"]}]},{\"@type\":\"ImageObject\",\"inLanguage\":\"fr-FR\",\"@id\":\"https:\/\/printwave.pl\/fr\/produkt\/t-shirt-round-neck\/#primaryimage\",\"url\":\"https:\/\/printwave.pl\/fr\/wp-content\/uploads\/sites\/4\/2025\/04\/101_39_130_m-2024_01.jpg\",\"contentUrl\":\"https:\/\/printwave.pl\/fr\/wp-content\/uploads\/sites\/4\/2025\/04\/101_39_130_m-2024_01.jpg\",\"width\":1024,\"height\":1304},{\"@type\":\"BreadcrumbList\",\"@id\":\"https:\/\/printwave.pl\/fr\/produkt\/t-shirt-round-neck\/#breadcrumb\",\"itemListElement\":[{\"@type\":\"ListItem\",\"position\":1,\"name\":\"Accueil\",\"item\":\"https:\/\/printwave.pl\/fr\/\"},{\"@type\":\"ListItem\",\"position\":2,\"name\":\"Boutique\",\"item\":\"https:\/\/printwave.pl\/fr\/boutique\/\"},{\"@type\":\"ListItem\",\"position\":3,\"name\":\"T-Shirt Round Neck\"}]},{\"@type\":\"WebSite\",\"@id\":\"https:\/\/printwave.pl\/fr\/#website\",\"url\":\"https:\/\/printwave.pl\/fr\/\",\"name\":\"Printwave\",\"description\":\"Votre fournisseur de v\u00eatements promotionnels et d&#039;entreprise en Pologne\",\"potentialAction\":[{\"@type\":\"SearchAction\",\"target\":{\"@type\":\"EntryPoint\",\"urlTemplate\":\"https:\/\/printwave.pl\/fr\/?s={search_term_string}\"},\"query-input\":{\"@type\":\"PropertyValueSpecification\",\"valueRequired\":true,\"valueName\":\"search_term_string\"}}],\"inLanguage\":\"fr-FR\"}]}<\/script>\n<!-- \/ Yoast SEO Premium plugin. -->","yoast_head_json":{"title":"T-Shirt Round Neck | Printwave FR","robots":{"index":"index","follow":"follow","max-snippet":"max-snippet:-1","max-image-preview":"max-image-preview:large","max-video-preview":"max-video-preview:-1"},"canonical":"https:\/\/printwave.pl\/fr\/produkt\/t-shirt-round-neck\/","og_locale":"fr_FR","og_type":"article","og_title":"T-Shirt Round Neck","og_description":"\u00b7200 g\/m\u00b2 \u00b7100% coton, jersey simple \u00b7Revers c\u00f4tel\u00e9 \u00e0 l&rsquo;encolure \u00b7Poignets c\u00f4tel\u00e9s et doubles coutures \u00e0 l&rsquo;ourlet \u00b7Coupe longue et","og_url":"https:\/\/printwave.pl\/fr\/produkt\/t-shirt-round-neck\/","og_site_name":"Printwave FR","article_modified_time":"2026-02-13T17:53:23+00:00","og_image":[{"width":1024,"height":1304,"url":"https:\/\/printwave.pl\/fr\/wp-content\/uploads\/sites\/4\/2025\/04\/101_39_130_m-2024_01.jpg","type":"image\/jpeg"}],"twitter_card":"summary_large_image","schema":{"@context":"https:\/\/schema.org","@graph":[{"@type":"WebPage","@id":"https:\/\/printwave.pl\/fr\/produkt\/t-shirt-round-neck\/","url":"https:\/\/printwave.pl\/fr\/produkt\/t-shirt-round-neck\/","name":"T-Shirt Round Neck | Printwave FR","isPartOf":{"@id":"https:\/\/printwave.pl\/fr\/#website"},"primaryImageOfPage":{"@id":"https:\/\/printwave.pl\/fr\/produkt\/t-shirt-round-neck\/#primaryimage"},"image":{"@id":"https:\/\/printwave.pl\/fr\/produkt\/t-shirt-round-neck\/#primaryimage"},"thumbnailUrl":"https:\/\/printwave.pl\/fr\/wp-content\/uploads\/sites\/4\/2025\/04\/101_39_130_m-2024_01.jpg","datePublished":"2025-04-13T15:37:30+00:00","dateModified":"2026-02-13T17:53:23+00:00","breadcrumb":{"@id":"https:\/\/printwave.pl\/fr\/produkt\/t-shirt-round-neck\/#breadcrumb"},"inLanguage":"fr-FR","potentialAction":[{"@type":"ReadAction","target":["https:\/\/printwave.pl\/fr\/produkt\/t-shirt-round-neck\/"]}]},{"@type":"ImageObject","inLanguage":"fr-FR","@id":"https:\/\/printwave.pl\/fr\/produkt\/t-shirt-round-neck\/#primaryimage","url":"https:\/\/printwave.pl\/fr\/wp-content\/uploads\/sites\/4\/2025\/04\/101_39_130_m-2024_01.jpg","contentUrl":"https:\/\/printwave.pl\/fr\/wp-content\/uploads\/sites\/4\/2025\/04\/101_39_130_m-2024_01.jpg","width":1024,"height":1304},{"@type":"BreadcrumbList","@id":"https:\/\/printwave.pl\/fr\/produkt\/t-shirt-round-neck\/#breadcrumb","itemListElement":[{"@type":"ListItem","position":1,"name":"Accueil","item":"https:\/\/printwave.pl\/fr\/"},{"@type":"ListItem","position":2,"name":"Boutique","item":"https:\/\/printwave.pl\/fr\/boutique\/"},{"@type":"ListItem","position":3,"name":"T-Shirt Round Neck"}]},{"@type":"WebSite","@id":"https:\/\/printwave.pl\/fr\/#website","url":"https:\/\/printwave.pl\/fr\/","name":"Printwave","description":"Votre fournisseur de v\u00eatements promotionnels et d&#039;entreprise en Pologne","potentialAction":[{"@type":"SearchAction","target":{"@type":"EntryPoint","urlTemplate":"https:\/\/printwave.pl\/fr\/?s={search_term_string}"},"query-input":{"@type":"PropertyValueSpecification","valueRequired":true,"valueName":"search_term_string"}}],"inLanguage":"fr-FR"}]}},"_links":{"self":[{"href":"https:\/\/printwave.pl\/fr\/wp-json\/wp\/v2\/product\/576222","targetHints":{"allow":["GET"]}}],"collection":[{"href":"https:\/\/printwave.pl\/fr\/wp-json\/wp\/v2\/product"}],"about":[{"href":"https:\/\/printwave.pl\/fr\/wp-json\/wp\/v2\/types\/product"}],"replies":[{"embeddable":true,"href":"https:\/\/printwave.pl\/fr\/wp-json\/wp\/v2\/comments?post=576222"}],"wp:featuredmedia":[{"embeddable":true,"href":"https:\/\/printwave.pl\/fr\/wp-json\/wp\/v2\/media\/576221"}],"wp:attachment":[{"href":"https:\/\/printwave.pl\/fr\/wp-json\/wp\/v2\/media?parent=576222"}],"wp:term":[{"taxonomy":"product_brand","embeddable":true,"href":"https:\/\/printwave.pl\/fr\/wp-json\/wp\/v2\/product_brand?post=576222"},{"taxonomy":"product_cat","embeddable":true,"href":"https:\/\/printwave.pl\/fr\/wp-json\/wp\/v2\/product_cat?post=576222"},{"taxonomy":"product_tag","embeddable":true,"href":"https:\/\/printwave.pl\/fr\/wp-json\/wp\/v2\/product_tag?post=576222"}],"curies":[{"name":"wp","href":"https:\/\/api.w.org\/{rel}","templated":true}]}}