{"id":575745,"date":"2025-04-13T17:17:50","date_gmt":"2025-04-13T15:17:50","guid":{"rendered":"https:\/\/printwave.pl\/fr\/produkt\/ladies-turtle-extended-shoulder-dress\/"},"modified":"2026-02-13T18:40:56","modified_gmt":"2026-02-13T17:40:56","slug":"ladies-turtle-extended-shoulder-dress","status":"publish","type":"product","link":"https:\/\/printwave.pl\/fr\/produkt\/ladies-turtle-extended-shoulder-dress\/","title":{"rendered":"Ladies Turtle Extended Shoulder Dress"},"content":{"rendered":"<p>\u00b7200 g\/m\u00b2<br \/>\n\u00b7100% coton, jersey simple<br \/>\n\u00b7Robe t-shirt avec \u00e9paules d\u00e9coup\u00e9es<br \/>\n\u00b7Mini col montant<br \/>\n\u00b7Manches \u00e0 revers<br \/>\n\u00b7Id\u00e9al pour la s\u00e9rigraphie et la flexographie.<\/p>\n","protected":false},"excerpt":{"rendered":"<p>\u00b7200 g\/m\u00b2 \u00b7100% coton, jersey simple \u00b7Robe t-shirt avec \u00e9paules d\u00e9coup\u00e9es \u00b7Mini col montant \u00b7Manches \u00e0 revers \u00b7Id\u00e9al pour la<\/p>\n","protected":false},"featured_media":575744,"comment_status":"open","ping_status":"closed","template":"","meta":[],"product_brand":[],"product_cat":[62,455,1984],"product_tag":[],"class_list":{"0":"post-575745","1":"product","2":"type-product","3":"status-publish","4":"has-post-thumbnail","6":"product_cat-nouveautes-2024","7":"product_cat-streetwear","8":"product_cat-tee-shirts","9":"pa_couleur-black","10":"pa_couleur-blue-mint","11":"pa_couleur-white","12":"pa_groupe-de-produits-t-shirts","13":"pa_manche-manches-courtes","14":"pa_marque-build-your-brand","15":"pa_numero-de-style-5415","16":"pa_poids-200-219-g-m","17":"pa_sexe-femmes","18":"pa_taille-2xl","19":"pa_taille-l","20":"pa_taille-m","21":"pa_taille-s","22":"pa_taille-xl","23":"pa_taille-xs","24":"pa_tissu-coton","26":"first","27":"instock","28":"taxable","29":"shipping-taxable","30":"purchasable","31":"product-type-variable"},"yoast_head":"<!-- This site is optimized with the Yoast SEO Premium plugin v20.9 (Yoast SEO v26.3) - https:\/\/yoast.com\/wordpress\/plugins\/seo\/ -->\n<title>Ladies Turtle Extended Shoulder Dress | Printwave FR<\/title>\n<meta name=\"robots\" content=\"index, follow, max-snippet:-1, max-image-preview:large, max-video-preview:-1\" \/>\n<link rel=\"canonical\" href=\"https:\/\/printwave.pl\/fr\/produkt\/ladies-turtle-extended-shoulder-dress\/\" \/>\n<meta property=\"og:locale\" content=\"fr_FR\" \/>\n<meta property=\"og:type\" content=\"article\" \/>\n<meta property=\"og:title\" content=\"Ladies Turtle Extended Shoulder Dress\" \/>\n<meta property=\"og:description\" content=\"\u00b7200 g\/m\u00b2 \u00b7100% coton, jersey simple \u00b7Robe t-shirt avec \u00e9paules d\u00e9coup\u00e9es \u00b7Mini col montant \u00b7Manches \u00e0 revers \u00b7Id\u00e9al pour la\" \/>\n<meta property=\"og:url\" content=\"https:\/\/printwave.pl\/fr\/produkt\/ladies-turtle-extended-shoulder-dress\/\" \/>\n<meta property=\"og:site_name\" content=\"Printwave FR\" \/>\n<meta property=\"article:modified_time\" content=\"2026-02-13T17:40:56+00:00\" \/>\n<meta property=\"og:image\" content=\"https:\/\/printwave.pl\/fr\/wp-content\/uploads\/sites\/4\/2021\/07\/Print-Wave-logo-2025.png\" \/>\n\t<meta property=\"og:image:width\" content=\"1645\" \/>\n\t<meta property=\"og:image:height\" content=\"297\" \/>\n\t<meta property=\"og:image:type\" content=\"image\/png\" \/>\n<meta name=\"twitter:card\" content=\"summary_large_image\" \/>\n<script type=\"application\/ld+json\" class=\"yoast-schema-graph\">{\"@context\":\"https:\/\/schema.org\",\"@graph\":[{\"@type\":\"WebPage\",\"@id\":\"https:\/\/printwave.pl\/fr\/produkt\/ladies-turtle-extended-shoulder-dress\/\",\"url\":\"https:\/\/printwave.pl\/fr\/produkt\/ladies-turtle-extended-shoulder-dress\/\",\"name\":\"Ladies Turtle Extended Shoulder Dress | Printwave FR\",\"isPartOf\":{\"@id\":\"https:\/\/printwave.pl\/fr\/#website\"},\"primaryImageOfPage\":{\"@id\":\"https:\/\/printwave.pl\/fr\/produkt\/ladies-turtle-extended-shoulder-dress\/#primaryimage\"},\"image\":{\"@id\":\"https:\/\/printwave.pl\/fr\/produkt\/ladies-turtle-extended-shoulder-dress\/#primaryimage\"},\"thumbnailUrl\":\"https:\/\/printwave.pl\/fr\/wp-content\/uploads\/sites\/4\/2025\/04\/106_39_101_m-2024_02.jpg\",\"datePublished\":\"2025-04-13T15:17:50+00:00\",\"dateModified\":\"2026-02-13T17:40:56+00:00\",\"breadcrumb\":{\"@id\":\"https:\/\/printwave.pl\/fr\/produkt\/ladies-turtle-extended-shoulder-dress\/#breadcrumb\"},\"inLanguage\":\"fr-FR\",\"potentialAction\":[{\"@type\":\"ReadAction\",\"target\":[\"https:\/\/printwave.pl\/fr\/produkt\/ladies-turtle-extended-shoulder-dress\/\"]}]},{\"@type\":\"ImageObject\",\"inLanguage\":\"fr-FR\",\"@id\":\"https:\/\/printwave.pl\/fr\/produkt\/ladies-turtle-extended-shoulder-dress\/#primaryimage\",\"url\":\"https:\/\/printwave.pl\/fr\/wp-content\/uploads\/sites\/4\/2025\/04\/106_39_101_m-2024_02.jpg\",\"contentUrl\":\"https:\/\/printwave.pl\/fr\/wp-content\/uploads\/sites\/4\/2025\/04\/106_39_101_m-2024_02.jpg\",\"width\":1024,\"height\":1304},{\"@type\":\"BreadcrumbList\",\"@id\":\"https:\/\/printwave.pl\/fr\/produkt\/ladies-turtle-extended-shoulder-dress\/#breadcrumb\",\"itemListElement\":[{\"@type\":\"ListItem\",\"position\":1,\"name\":\"Accueil\",\"item\":\"https:\/\/printwave.pl\/fr\/\"},{\"@type\":\"ListItem\",\"position\":2,\"name\":\"Boutique\",\"item\":\"https:\/\/printwave.pl\/fr\/boutique\/\"},{\"@type\":\"ListItem\",\"position\":3,\"name\":\"Ladies Turtle Extended Shoulder Dress\"}]},{\"@type\":\"WebSite\",\"@id\":\"https:\/\/printwave.pl\/fr\/#website\",\"url\":\"https:\/\/printwave.pl\/fr\/\",\"name\":\"Printwave\",\"description\":\"Votre fournisseur de v\u00eatements promotionnels et d&#039;entreprise en Pologne\",\"potentialAction\":[{\"@type\":\"SearchAction\",\"target\":{\"@type\":\"EntryPoint\",\"urlTemplate\":\"https:\/\/printwave.pl\/fr\/?s={search_term_string}\"},\"query-input\":{\"@type\":\"PropertyValueSpecification\",\"valueRequired\":true,\"valueName\":\"search_term_string\"}}],\"inLanguage\":\"fr-FR\"}]}<\/script>\n<!-- \/ Yoast SEO Premium plugin. -->","yoast_head_json":{"title":"Ladies Turtle Extended Shoulder Dress | Printwave FR","robots":{"index":"index","follow":"follow","max-snippet":"max-snippet:-1","max-image-preview":"max-image-preview:large","max-video-preview":"max-video-preview:-1"},"canonical":"https:\/\/printwave.pl\/fr\/produkt\/ladies-turtle-extended-shoulder-dress\/","og_locale":"fr_FR","og_type":"article","og_title":"Ladies Turtle Extended Shoulder Dress","og_description":"\u00b7200 g\/m\u00b2 \u00b7100% coton, jersey simple \u00b7Robe t-shirt avec \u00e9paules d\u00e9coup\u00e9es \u00b7Mini col montant \u00b7Manches \u00e0 revers \u00b7Id\u00e9al pour la","og_url":"https:\/\/printwave.pl\/fr\/produkt\/ladies-turtle-extended-shoulder-dress\/","og_site_name":"Printwave FR","article_modified_time":"2026-02-13T17:40:56+00:00","og_image":[{"width":1645,"height":297,"url":"https:\/\/printwave.pl\/fr\/wp-content\/uploads\/sites\/4\/2021\/07\/Print-Wave-logo-2025.png","type":"image\/png"}],"twitter_card":"summary_large_image","schema":{"@context":"https:\/\/schema.org","@graph":[{"@type":"WebPage","@id":"https:\/\/printwave.pl\/fr\/produkt\/ladies-turtle-extended-shoulder-dress\/","url":"https:\/\/printwave.pl\/fr\/produkt\/ladies-turtle-extended-shoulder-dress\/","name":"Ladies Turtle Extended Shoulder Dress | Printwave FR","isPartOf":{"@id":"https:\/\/printwave.pl\/fr\/#website"},"primaryImageOfPage":{"@id":"https:\/\/printwave.pl\/fr\/produkt\/ladies-turtle-extended-shoulder-dress\/#primaryimage"},"image":{"@id":"https:\/\/printwave.pl\/fr\/produkt\/ladies-turtle-extended-shoulder-dress\/#primaryimage"},"thumbnailUrl":"https:\/\/printwave.pl\/fr\/wp-content\/uploads\/sites\/4\/2025\/04\/106_39_101_m-2024_02.jpg","datePublished":"2025-04-13T15:17:50+00:00","dateModified":"2026-02-13T17:40:56+00:00","breadcrumb":{"@id":"https:\/\/printwave.pl\/fr\/produkt\/ladies-turtle-extended-shoulder-dress\/#breadcrumb"},"inLanguage":"fr-FR","potentialAction":[{"@type":"ReadAction","target":["https:\/\/printwave.pl\/fr\/produkt\/ladies-turtle-extended-shoulder-dress\/"]}]},{"@type":"ImageObject","inLanguage":"fr-FR","@id":"https:\/\/printwave.pl\/fr\/produkt\/ladies-turtle-extended-shoulder-dress\/#primaryimage","url":"https:\/\/printwave.pl\/fr\/wp-content\/uploads\/sites\/4\/2025\/04\/106_39_101_m-2024_02.jpg","contentUrl":"https:\/\/printwave.pl\/fr\/wp-content\/uploads\/sites\/4\/2025\/04\/106_39_101_m-2024_02.jpg","width":1024,"height":1304},{"@type":"BreadcrumbList","@id":"https:\/\/printwave.pl\/fr\/produkt\/ladies-turtle-extended-shoulder-dress\/#breadcrumb","itemListElement":[{"@type":"ListItem","position":1,"name":"Accueil","item":"https:\/\/printwave.pl\/fr\/"},{"@type":"ListItem","position":2,"name":"Boutique","item":"https:\/\/printwave.pl\/fr\/boutique\/"},{"@type":"ListItem","position":3,"name":"Ladies Turtle Extended Shoulder Dress"}]},{"@type":"WebSite","@id":"https:\/\/printwave.pl\/fr\/#website","url":"https:\/\/printwave.pl\/fr\/","name":"Printwave","description":"Votre fournisseur de v\u00eatements promotionnels et d&#039;entreprise en Pologne","potentialAction":[{"@type":"SearchAction","target":{"@type":"EntryPoint","urlTemplate":"https:\/\/printwave.pl\/fr\/?s={search_term_string}"},"query-input":{"@type":"PropertyValueSpecification","valueRequired":true,"valueName":"search_term_string"}}],"inLanguage":"fr-FR"}]}},"_links":{"self":[{"href":"https:\/\/printwave.pl\/fr\/wp-json\/wp\/v2\/product\/575745","targetHints":{"allow":["GET"]}}],"collection":[{"href":"https:\/\/printwave.pl\/fr\/wp-json\/wp\/v2\/product"}],"about":[{"href":"https:\/\/printwave.pl\/fr\/wp-json\/wp\/v2\/types\/product"}],"replies":[{"embeddable":true,"href":"https:\/\/printwave.pl\/fr\/wp-json\/wp\/v2\/comments?post=575745"}],"wp:featuredmedia":[{"embeddable":true,"href":"https:\/\/printwave.pl\/fr\/wp-json\/wp\/v2\/media\/575744"}],"wp:attachment":[{"href":"https:\/\/printwave.pl\/fr\/wp-json\/wp\/v2\/media?parent=575745"}],"wp:term":[{"taxonomy":"product_brand","embeddable":true,"href":"https:\/\/printwave.pl\/fr\/wp-json\/wp\/v2\/product_brand?post=575745"},{"taxonomy":"product_cat","embeddable":true,"href":"https:\/\/printwave.pl\/fr\/wp-json\/wp\/v2\/product_cat?post=575745"},{"taxonomy":"product_tag","embeddable":true,"href":"https:\/\/printwave.pl\/fr\/wp-json\/wp\/v2\/product_tag?post=575745"}],"curies":[{"name":"wp","href":"https:\/\/api.w.org\/{rel}","templated":true}]}}