{"id":575469,"date":"2025-04-13T17:09:44","date_gmt":"2025-04-13T15:09:44","guid":{"rendered":"https:\/\/printwave.pl\/fr\/produkt\/heavy-oversize-tee\/"},"modified":"2026-02-13T18:38:53","modified_gmt":"2026-02-13T17:38:53","slug":"heavy-oversize-tee","status":"publish","type":"product","link":"https:\/\/printwave.pl\/fr\/produkt\/heavy-oversize-tee\/","title":{"rendered":"Heavy Oversize Tee"},"content":{"rendered":"<p>\u00b7240 g\/m\u00b2<br \/>\n\u00b7100% coton<br \/>\n\u00b7Charcoal: 60% coton, 40% polyester, Grey: 90% coton, 10% viscose<br \/>\n\u00b7Col rond<br \/>\n\u00b7\u00c9paules sur-d\u00e9coup\u00e9es<br \/>\n\u00b7Coupe large et d\u00e9contract\u00e9e<br \/>\n\u00b7Id\u00e9al pour la s\u00e9rigraphie ou la flexographie.<\/p>\n","protected":false},"excerpt":{"rendered":"<p>\u00b7240 g\/m\u00b2 \u00b7100% coton \u00b7Charcoal: 60% coton, 40% polyester, Grey: 90% coton, 10% viscose \u00b7Col rond \u00b7\u00c9paules sur-d\u00e9coup\u00e9es \u00b7Coupe large<\/p>\n","protected":false},"featured_media":575468,"comment_status":"open","ping_status":"closed","template":"","meta":[],"product_brand":[],"product_cat":[62,455,1984],"product_tag":[],"class_list":{"0":"post-575469","1":"product","2":"type-product","3":"status-publish","4":"has-post-thumbnail","6":"product_cat-nouveautes-2024","7":"product_cat-streetwear","8":"product_cat-tee-shirts","9":"pa_couleur-black","10":"pa_couleur-blancwhite","11":"pa_couleur-bottle-green","12":"pa_couleur-charcoal","13":"pa_couleur-cobalt-blue","14":"pa_couleur-dark-blue","15":"pa_couleur-dark-grey","16":"pa_couleur-forgotten-orange","17":"pa_couleur-grey","18":"pa_couleur-hibiskus-pink","19":"pa_couleur-light-asphalt","20":"pa_couleur-light-grey","21":"pa_couleur-light-navy","22":"pa_couleur-navy","23":"pa_couleur-olive","24":"pa_couleur-sand","25":"pa_couleur-soft-salvia","26":"pa_couleur-union-beige","27":"pa_couleur-white","28":"pa_encolure-crew-neck","29":"pa_groupe-de-produits-t-shirts","30":"pa_manche-manches-courtes","31":"pa_marque-build-your-brand","32":"pa_numero-de-style-5414","33":"pa_poids-a-partir-de-220-g-m","34":"pa_sexe-hommes","35":"pa_taille-2xl","36":"pa_taille-3xl","37":"pa_taille-4xl","38":"pa_taille-5xl","39":"pa_taille-l","40":"pa_taille-m","41":"pa_taille-s","42":"pa_taille-xl","43":"pa_taille-xs","44":"pa_tissu-coton","46":"first","47":"instock","48":"taxable","49":"shipping-taxable","50":"purchasable","51":"product-type-variable"},"yoast_head":"<!-- This site is optimized with the Yoast SEO Premium plugin v20.9 (Yoast SEO v26.3) - https:\/\/yoast.com\/wordpress\/plugins\/seo\/ -->\n<title>Heavy Oversize Tee | Printwave FR<\/title>\n<meta name=\"robots\" content=\"index, follow, max-snippet:-1, max-image-preview:large, max-video-preview:-1\" \/>\n<link rel=\"canonical\" href=\"https:\/\/printwave.pl\/fr\/produkt\/heavy-oversize-tee\/\" \/>\n<meta property=\"og:locale\" content=\"fr_FR\" \/>\n<meta property=\"og:type\" content=\"article\" \/>\n<meta property=\"og:title\" content=\"Heavy Oversize Tee\" \/>\n<meta property=\"og:description\" content=\"\u00b7240 g\/m\u00b2 \u00b7100% coton \u00b7Charcoal: 60% coton, 40% polyester, Grey: 90% coton, 10% viscose \u00b7Col rond \u00b7\u00c9paules sur-d\u00e9coup\u00e9es \u00b7Coupe large\" \/>\n<meta property=\"og:url\" content=\"https:\/\/printwave.pl\/fr\/produkt\/heavy-oversize-tee\/\" \/>\n<meta property=\"og:site_name\" content=\"Printwave FR\" \/>\n<meta property=\"article:modified_time\" content=\"2026-02-13T17:38:53+00:00\" \/>\n<meta property=\"og:image\" content=\"https:\/\/printwave.pl\/fr\/wp-content\/uploads\/sites\/4\/2025\/04\/107_39_121_m-2024_01.jpg\" \/>\n\t<meta property=\"og:image:width\" content=\"1024\" \/>\n\t<meta property=\"og:image:height\" content=\"1304\" \/>\n\t<meta property=\"og:image:type\" content=\"image\/jpeg\" \/>\n<meta name=\"twitter:card\" content=\"summary_large_image\" \/>\n<script type=\"application\/ld+json\" class=\"yoast-schema-graph\">{\"@context\":\"https:\/\/schema.org\",\"@graph\":[{\"@type\":\"WebPage\",\"@id\":\"https:\/\/printwave.pl\/fr\/produkt\/heavy-oversize-tee\/\",\"url\":\"https:\/\/printwave.pl\/fr\/produkt\/heavy-oversize-tee\/\",\"name\":\"Heavy Oversize Tee | Printwave FR\",\"isPartOf\":{\"@id\":\"https:\/\/printwave.pl\/fr\/#website\"},\"primaryImageOfPage\":{\"@id\":\"https:\/\/printwave.pl\/fr\/produkt\/heavy-oversize-tee\/#primaryimage\"},\"image\":{\"@id\":\"https:\/\/printwave.pl\/fr\/produkt\/heavy-oversize-tee\/#primaryimage\"},\"thumbnailUrl\":\"https:\/\/printwave.pl\/fr\/wp-content\/uploads\/sites\/4\/2025\/04\/107_39_121_m-2024_01.jpg\",\"datePublished\":\"2025-04-13T15:09:44+00:00\",\"dateModified\":\"2026-02-13T17:38:53+00:00\",\"breadcrumb\":{\"@id\":\"https:\/\/printwave.pl\/fr\/produkt\/heavy-oversize-tee\/#breadcrumb\"},\"inLanguage\":\"fr-FR\",\"potentialAction\":[{\"@type\":\"ReadAction\",\"target\":[\"https:\/\/printwave.pl\/fr\/produkt\/heavy-oversize-tee\/\"]}]},{\"@type\":\"ImageObject\",\"inLanguage\":\"fr-FR\",\"@id\":\"https:\/\/printwave.pl\/fr\/produkt\/heavy-oversize-tee\/#primaryimage\",\"url\":\"https:\/\/printwave.pl\/fr\/wp-content\/uploads\/sites\/4\/2025\/04\/107_39_121_m-2024_01.jpg\",\"contentUrl\":\"https:\/\/printwave.pl\/fr\/wp-content\/uploads\/sites\/4\/2025\/04\/107_39_121_m-2024_01.jpg\",\"width\":1024,\"height\":1304},{\"@type\":\"BreadcrumbList\",\"@id\":\"https:\/\/printwave.pl\/fr\/produkt\/heavy-oversize-tee\/#breadcrumb\",\"itemListElement\":[{\"@type\":\"ListItem\",\"position\":1,\"name\":\"Accueil\",\"item\":\"https:\/\/printwave.pl\/fr\/\"},{\"@type\":\"ListItem\",\"position\":2,\"name\":\"Boutique\",\"item\":\"https:\/\/printwave.pl\/fr\/boutique\/\"},{\"@type\":\"ListItem\",\"position\":3,\"name\":\"Heavy Oversize Tee\"}]},{\"@type\":\"WebSite\",\"@id\":\"https:\/\/printwave.pl\/fr\/#website\",\"url\":\"https:\/\/printwave.pl\/fr\/\",\"name\":\"Printwave\",\"description\":\"Votre fournisseur de v\u00eatements promotionnels et d&#039;entreprise en Pologne\",\"potentialAction\":[{\"@type\":\"SearchAction\",\"target\":{\"@type\":\"EntryPoint\",\"urlTemplate\":\"https:\/\/printwave.pl\/fr\/?s={search_term_string}\"},\"query-input\":{\"@type\":\"PropertyValueSpecification\",\"valueRequired\":true,\"valueName\":\"search_term_string\"}}],\"inLanguage\":\"fr-FR\"}]}<\/script>\n<!-- \/ Yoast SEO Premium plugin. -->","yoast_head_json":{"title":"Heavy Oversize Tee | Printwave FR","robots":{"index":"index","follow":"follow","max-snippet":"max-snippet:-1","max-image-preview":"max-image-preview:large","max-video-preview":"max-video-preview:-1"},"canonical":"https:\/\/printwave.pl\/fr\/produkt\/heavy-oversize-tee\/","og_locale":"fr_FR","og_type":"article","og_title":"Heavy Oversize Tee","og_description":"\u00b7240 g\/m\u00b2 \u00b7100% coton \u00b7Charcoal: 60% coton, 40% polyester, Grey: 90% coton, 10% viscose \u00b7Col rond \u00b7\u00c9paules sur-d\u00e9coup\u00e9es \u00b7Coupe large","og_url":"https:\/\/printwave.pl\/fr\/produkt\/heavy-oversize-tee\/","og_site_name":"Printwave FR","article_modified_time":"2026-02-13T17:38:53+00:00","og_image":[{"width":1024,"height":1304,"url":"https:\/\/printwave.pl\/fr\/wp-content\/uploads\/sites\/4\/2025\/04\/107_39_121_m-2024_01.jpg","type":"image\/jpeg"}],"twitter_card":"summary_large_image","schema":{"@context":"https:\/\/schema.org","@graph":[{"@type":"WebPage","@id":"https:\/\/printwave.pl\/fr\/produkt\/heavy-oversize-tee\/","url":"https:\/\/printwave.pl\/fr\/produkt\/heavy-oversize-tee\/","name":"Heavy Oversize Tee | Printwave FR","isPartOf":{"@id":"https:\/\/printwave.pl\/fr\/#website"},"primaryImageOfPage":{"@id":"https:\/\/printwave.pl\/fr\/produkt\/heavy-oversize-tee\/#primaryimage"},"image":{"@id":"https:\/\/printwave.pl\/fr\/produkt\/heavy-oversize-tee\/#primaryimage"},"thumbnailUrl":"https:\/\/printwave.pl\/fr\/wp-content\/uploads\/sites\/4\/2025\/04\/107_39_121_m-2024_01.jpg","datePublished":"2025-04-13T15:09:44+00:00","dateModified":"2026-02-13T17:38:53+00:00","breadcrumb":{"@id":"https:\/\/printwave.pl\/fr\/produkt\/heavy-oversize-tee\/#breadcrumb"},"inLanguage":"fr-FR","potentialAction":[{"@type":"ReadAction","target":["https:\/\/printwave.pl\/fr\/produkt\/heavy-oversize-tee\/"]}]},{"@type":"ImageObject","inLanguage":"fr-FR","@id":"https:\/\/printwave.pl\/fr\/produkt\/heavy-oversize-tee\/#primaryimage","url":"https:\/\/printwave.pl\/fr\/wp-content\/uploads\/sites\/4\/2025\/04\/107_39_121_m-2024_01.jpg","contentUrl":"https:\/\/printwave.pl\/fr\/wp-content\/uploads\/sites\/4\/2025\/04\/107_39_121_m-2024_01.jpg","width":1024,"height":1304},{"@type":"BreadcrumbList","@id":"https:\/\/printwave.pl\/fr\/produkt\/heavy-oversize-tee\/#breadcrumb","itemListElement":[{"@type":"ListItem","position":1,"name":"Accueil","item":"https:\/\/printwave.pl\/fr\/"},{"@type":"ListItem","position":2,"name":"Boutique","item":"https:\/\/printwave.pl\/fr\/boutique\/"},{"@type":"ListItem","position":3,"name":"Heavy Oversize Tee"}]},{"@type":"WebSite","@id":"https:\/\/printwave.pl\/fr\/#website","url":"https:\/\/printwave.pl\/fr\/","name":"Printwave","description":"Votre fournisseur de v\u00eatements promotionnels et d&#039;entreprise en Pologne","potentialAction":[{"@type":"SearchAction","target":{"@type":"EntryPoint","urlTemplate":"https:\/\/printwave.pl\/fr\/?s={search_term_string}"},"query-input":{"@type":"PropertyValueSpecification","valueRequired":true,"valueName":"search_term_string"}}],"inLanguage":"fr-FR"}]}},"_links":{"self":[{"href":"https:\/\/printwave.pl\/fr\/wp-json\/wp\/v2\/product\/575469","targetHints":{"allow":["GET"]}}],"collection":[{"href":"https:\/\/printwave.pl\/fr\/wp-json\/wp\/v2\/product"}],"about":[{"href":"https:\/\/printwave.pl\/fr\/wp-json\/wp\/v2\/types\/product"}],"replies":[{"embeddable":true,"href":"https:\/\/printwave.pl\/fr\/wp-json\/wp\/v2\/comments?post=575469"}],"wp:featuredmedia":[{"embeddable":true,"href":"https:\/\/printwave.pl\/fr\/wp-json\/wp\/v2\/media\/575468"}],"wp:attachment":[{"href":"https:\/\/printwave.pl\/fr\/wp-json\/wp\/v2\/media?parent=575469"}],"wp:term":[{"taxonomy":"product_brand","embeddable":true,"href":"https:\/\/printwave.pl\/fr\/wp-json\/wp\/v2\/product_brand?post=575469"},{"taxonomy":"product_cat","embeddable":true,"href":"https:\/\/printwave.pl\/fr\/wp-json\/wp\/v2\/product_cat?post=575469"},{"taxonomy":"product_tag","embeddable":true,"href":"https:\/\/printwave.pl\/fr\/wp-json\/wp\/v2\/product_tag?post=575469"}],"curies":[{"name":"wp","href":"https:\/\/api.w.org\/{rel}","templated":true}]}}