{"id":574040,"date":"2025-04-13T11:09:10","date_gmt":"2025-04-13T09:09:10","guid":{"rendered":"https:\/\/printwave.pl\/fr\/produkt\/sandstorm-workwear-softshell\/"},"modified":"2026-02-15T06:08:54","modified_gmt":"2026-02-15T05:08:54","slug":"sandstorm-workwear-softshell","status":"publish","type":"product","link":"https:\/\/printwave.pl\/fr\/produkt\/sandstorm-workwear-softshell\/","title":{"rendered":"Sandstorm Workwear Softshell"},"content":{"rendered":"<p>\u00b7290 g\/m\u00b2<br \/>\n\u00b794% polyester, 6% spandex; partiellement recycl\u00e9<br \/>\n\u00b7rev\u00eatement: 100% polyamide<br \/>\n\u00b7rev\u00eatement polyamide durazone aux points d&rsquo;usure pour plus de solidit\u00e9 et r\u00e9sistance<br \/>\n\u00b7waterrepellent ATL durable<br \/>\n\u00b7fermeture \u00e0 glissi\u00e8re avec rabat temp\u00eate<br \/>\n\u00b7manches set-in<br \/>\n\u00b72 poches avec fermeture \u00e0 glissi\u00e8re en bas et 1 autre \u00e0 la poitrine<br \/>\n\u00b7poignets ajustables avec attaches en caoutchouc<br \/>\n\u00b7biais r\u00e9fl\u00e9chissants devant et derri\u00e8re<br \/>\n\u00b7cordon ajustable au bord<\/p>\n","protected":false},"excerpt":{"rendered":"<p>\u00b7290 g\/m\u00b2 \u00b794% polyester, 6% spandex; partiellement recycl\u00e9 \u00b7rev\u00eatement: 100% polyamide \u00b7rev\u00eatement polyamide durazone aux points d&rsquo;usure pour plus de<\/p>\n","protected":false},"featured_media":574034,"comment_status":"open","ping_status":"closed","template":"","meta":[],"product_brand":[],"product_cat":[114,43],"product_tag":[85,92,95,727,728,84,577,86,212,93,215],"class_list":{"0":"post-574040","1":"product","2":"type-product","3":"status-publish","4":"has-post-thumbnail","6":"product_cat-softshell","7":"product_cat-vetements-de-travail","8":"product_tag-a-longue-manche","9":"product_tag-col-montant","10":"product_tag-coupe-vent","11":"product_tag-gestes-soft-shell","12":"product_tag-gilets-softshell","13":"product_tag-longue-manche","14":"product_tag-poche-poitrine","15":"product_tag-vetements-dexterieur","16":"product_tag-vetements-de-travail","17":"product_tag-waterresistant","18":"product_tag-workwear","19":"pa_couleur-black","20":"pa_couleur-navy","21":"pa_details-coutures-laterales","22":"pa_details-fermeture-a-glissiere-complete","23":"pa_details-poches-de-cote-avec-fermeture-a-glissiere","24":"pa_details-set-in","25":"pa_groupe-de-produits-softshell","26":"pa_manche-manches-longues","27":"pa_marque-regatta-professional","28":"pa_numero-de-style-5383","29":"pa_poids-a-partir-de-220-g-m","30":"pa_sexe-hommes","31":"pa_taille-2xl","32":"pa_taille-3xl","33":"pa_taille-l","34":"pa_taille-m","35":"pa_taille-s","36":"pa_taille-xl","37":"pa_tissu-polyester","39":"first","40":"instock","41":"taxable","42":"shipping-taxable","43":"purchasable","44":"product-type-variable"},"yoast_head":"<!-- This site is optimized with the Yoast SEO Premium plugin v20.9 (Yoast SEO v26.3) - https:\/\/yoast.com\/wordpress\/plugins\/seo\/ -->\n<title>Sandstorm Workwear Softshell | Printwave FR<\/title>\n<meta name=\"robots\" content=\"index, follow, max-snippet:-1, max-image-preview:large, max-video-preview:-1\" \/>\n<link rel=\"canonical\" href=\"https:\/\/printwave.pl\/fr\/produkt\/sandstorm-workwear-softshell\/\" \/>\n<meta property=\"og:locale\" content=\"fr_FR\" \/>\n<meta property=\"og:type\" content=\"article\" \/>\n<meta property=\"og:title\" content=\"Sandstorm Workwear Softshell\" \/>\n<meta property=\"og:description\" content=\"\u00b7290 g\/m\u00b2 \u00b794% polyester, 6% spandex; partiellement recycl\u00e9 \u00b7rev\u00eatement: 100% polyamide \u00b7rev\u00eatement polyamide durazone aux points d&rsquo;usure pour plus de\" \/>\n<meta property=\"og:url\" content=\"https:\/\/printwave.pl\/fr\/produkt\/sandstorm-workwear-softshell\/\" \/>\n<meta property=\"og:site_name\" content=\"Printwave FR\" \/>\n<meta property=\"article:modified_time\" content=\"2026-02-15T05:08:54+00:00\" \/>\n<meta property=\"og:image\" content=\"https:\/\/printwave.pl\/fr\/wp-content\/uploads\/sites\/4\/2025\/04\/484_17_200_m-2025_01.jpg\" \/>\n\t<meta property=\"og:image:width\" content=\"1024\" \/>\n\t<meta property=\"og:image:height\" content=\"1304\" \/>\n\t<meta property=\"og:image:type\" content=\"image\/jpeg\" \/>\n<meta name=\"twitter:card\" content=\"summary_large_image\" \/>\n<script type=\"application\/ld+json\" class=\"yoast-schema-graph\">{\"@context\":\"https:\/\/schema.org\",\"@graph\":[{\"@type\":\"WebPage\",\"@id\":\"https:\/\/printwave.pl\/fr\/produkt\/sandstorm-workwear-softshell\/\",\"url\":\"https:\/\/printwave.pl\/fr\/produkt\/sandstorm-workwear-softshell\/\",\"name\":\"Sandstorm Workwear Softshell | Printwave FR\",\"isPartOf\":{\"@id\":\"https:\/\/printwave.pl\/fr\/#website\"},\"primaryImageOfPage\":{\"@id\":\"https:\/\/printwave.pl\/fr\/produkt\/sandstorm-workwear-softshell\/#primaryimage\"},\"image\":{\"@id\":\"https:\/\/printwave.pl\/fr\/produkt\/sandstorm-workwear-softshell\/#primaryimage\"},\"thumbnailUrl\":\"https:\/\/printwave.pl\/fr\/wp-content\/uploads\/sites\/4\/2025\/04\/484_17_200_m-2025_01.jpg\",\"datePublished\":\"2025-04-13T09:09:10+00:00\",\"dateModified\":\"2026-02-15T05:08:54+00:00\",\"breadcrumb\":{\"@id\":\"https:\/\/printwave.pl\/fr\/produkt\/sandstorm-workwear-softshell\/#breadcrumb\"},\"inLanguage\":\"fr-FR\",\"potentialAction\":[{\"@type\":\"ReadAction\",\"target\":[\"https:\/\/printwave.pl\/fr\/produkt\/sandstorm-workwear-softshell\/\"]}]},{\"@type\":\"ImageObject\",\"inLanguage\":\"fr-FR\",\"@id\":\"https:\/\/printwave.pl\/fr\/produkt\/sandstorm-workwear-softshell\/#primaryimage\",\"url\":\"https:\/\/printwave.pl\/fr\/wp-content\/uploads\/sites\/4\/2025\/04\/484_17_200_m-2025_01.jpg\",\"contentUrl\":\"https:\/\/printwave.pl\/fr\/wp-content\/uploads\/sites\/4\/2025\/04\/484_17_200_m-2025_01.jpg\",\"width\":1024,\"height\":1304},{\"@type\":\"BreadcrumbList\",\"@id\":\"https:\/\/printwave.pl\/fr\/produkt\/sandstorm-workwear-softshell\/#breadcrumb\",\"itemListElement\":[{\"@type\":\"ListItem\",\"position\":1,\"name\":\"Accueil\",\"item\":\"https:\/\/printwave.pl\/fr\/\"},{\"@type\":\"ListItem\",\"position\":2,\"name\":\"Boutique\",\"item\":\"https:\/\/printwave.pl\/fr\/boutique\/\"},{\"@type\":\"ListItem\",\"position\":3,\"name\":\"Sandstorm Workwear Softshell\"}]},{\"@type\":\"WebSite\",\"@id\":\"https:\/\/printwave.pl\/fr\/#website\",\"url\":\"https:\/\/printwave.pl\/fr\/\",\"name\":\"Printwave\",\"description\":\"Votre fournisseur de v\u00eatements promotionnels et d&#039;entreprise en Pologne\",\"potentialAction\":[{\"@type\":\"SearchAction\",\"target\":{\"@type\":\"EntryPoint\",\"urlTemplate\":\"https:\/\/printwave.pl\/fr\/?s={search_term_string}\"},\"query-input\":{\"@type\":\"PropertyValueSpecification\",\"valueRequired\":true,\"valueName\":\"search_term_string\"}}],\"inLanguage\":\"fr-FR\"}]}<\/script>\n<!-- \/ Yoast SEO Premium plugin. -->","yoast_head_json":{"title":"Sandstorm Workwear Softshell | Printwave FR","robots":{"index":"index","follow":"follow","max-snippet":"max-snippet:-1","max-image-preview":"max-image-preview:large","max-video-preview":"max-video-preview:-1"},"canonical":"https:\/\/printwave.pl\/fr\/produkt\/sandstorm-workwear-softshell\/","og_locale":"fr_FR","og_type":"article","og_title":"Sandstorm Workwear Softshell","og_description":"\u00b7290 g\/m\u00b2 \u00b794% polyester, 6% spandex; partiellement recycl\u00e9 \u00b7rev\u00eatement: 100% polyamide \u00b7rev\u00eatement polyamide durazone aux points d&rsquo;usure pour plus de","og_url":"https:\/\/printwave.pl\/fr\/produkt\/sandstorm-workwear-softshell\/","og_site_name":"Printwave FR","article_modified_time":"2026-02-15T05:08:54+00:00","og_image":[{"width":1024,"height":1304,"url":"https:\/\/printwave.pl\/fr\/wp-content\/uploads\/sites\/4\/2025\/04\/484_17_200_m-2025_01.jpg","type":"image\/jpeg"}],"twitter_card":"summary_large_image","schema":{"@context":"https:\/\/schema.org","@graph":[{"@type":"WebPage","@id":"https:\/\/printwave.pl\/fr\/produkt\/sandstorm-workwear-softshell\/","url":"https:\/\/printwave.pl\/fr\/produkt\/sandstorm-workwear-softshell\/","name":"Sandstorm Workwear Softshell | Printwave FR","isPartOf":{"@id":"https:\/\/printwave.pl\/fr\/#website"},"primaryImageOfPage":{"@id":"https:\/\/printwave.pl\/fr\/produkt\/sandstorm-workwear-softshell\/#primaryimage"},"image":{"@id":"https:\/\/printwave.pl\/fr\/produkt\/sandstorm-workwear-softshell\/#primaryimage"},"thumbnailUrl":"https:\/\/printwave.pl\/fr\/wp-content\/uploads\/sites\/4\/2025\/04\/484_17_200_m-2025_01.jpg","datePublished":"2025-04-13T09:09:10+00:00","dateModified":"2026-02-15T05:08:54+00:00","breadcrumb":{"@id":"https:\/\/printwave.pl\/fr\/produkt\/sandstorm-workwear-softshell\/#breadcrumb"},"inLanguage":"fr-FR","potentialAction":[{"@type":"ReadAction","target":["https:\/\/printwave.pl\/fr\/produkt\/sandstorm-workwear-softshell\/"]}]},{"@type":"ImageObject","inLanguage":"fr-FR","@id":"https:\/\/printwave.pl\/fr\/produkt\/sandstorm-workwear-softshell\/#primaryimage","url":"https:\/\/printwave.pl\/fr\/wp-content\/uploads\/sites\/4\/2025\/04\/484_17_200_m-2025_01.jpg","contentUrl":"https:\/\/printwave.pl\/fr\/wp-content\/uploads\/sites\/4\/2025\/04\/484_17_200_m-2025_01.jpg","width":1024,"height":1304},{"@type":"BreadcrumbList","@id":"https:\/\/printwave.pl\/fr\/produkt\/sandstorm-workwear-softshell\/#breadcrumb","itemListElement":[{"@type":"ListItem","position":1,"name":"Accueil","item":"https:\/\/printwave.pl\/fr\/"},{"@type":"ListItem","position":2,"name":"Boutique","item":"https:\/\/printwave.pl\/fr\/boutique\/"},{"@type":"ListItem","position":3,"name":"Sandstorm Workwear Softshell"}]},{"@type":"WebSite","@id":"https:\/\/printwave.pl\/fr\/#website","url":"https:\/\/printwave.pl\/fr\/","name":"Printwave","description":"Votre fournisseur de v\u00eatements promotionnels et d&#039;entreprise en Pologne","potentialAction":[{"@type":"SearchAction","target":{"@type":"EntryPoint","urlTemplate":"https:\/\/printwave.pl\/fr\/?s={search_term_string}"},"query-input":{"@type":"PropertyValueSpecification","valueRequired":true,"valueName":"search_term_string"}}],"inLanguage":"fr-FR"}]}},"_links":{"self":[{"href":"https:\/\/printwave.pl\/fr\/wp-json\/wp\/v2\/product\/574040","targetHints":{"allow":["GET"]}}],"collection":[{"href":"https:\/\/printwave.pl\/fr\/wp-json\/wp\/v2\/product"}],"about":[{"href":"https:\/\/printwave.pl\/fr\/wp-json\/wp\/v2\/types\/product"}],"replies":[{"embeddable":true,"href":"https:\/\/printwave.pl\/fr\/wp-json\/wp\/v2\/comments?post=574040"}],"wp:featuredmedia":[{"embeddable":true,"href":"https:\/\/printwave.pl\/fr\/wp-json\/wp\/v2\/media\/574034"}],"wp:attachment":[{"href":"https:\/\/printwave.pl\/fr\/wp-json\/wp\/v2\/media?parent=574040"}],"wp:term":[{"taxonomy":"product_brand","embeddable":true,"href":"https:\/\/printwave.pl\/fr\/wp-json\/wp\/v2\/product_brand?post=574040"},{"taxonomy":"product_cat","embeddable":true,"href":"https:\/\/printwave.pl\/fr\/wp-json\/wp\/v2\/product_cat?post=574040"},{"taxonomy":"product_tag","embeddable":true,"href":"https:\/\/printwave.pl\/fr\/wp-json\/wp\/v2\/product_tag?post=574040"}],"curies":[{"name":"wp","href":"https:\/\/api.w.org\/{rel}","templated":true}]}}