{"id":574021,"date":"2025-04-13T11:08:10","date_gmt":"2025-04-13T09:08:10","guid":{"rendered":"https:\/\/printwave.pl\/fr\/produkt\/hydroforce-3-layer-membrane-softshell\/"},"modified":"2026-02-15T06:08:38","modified_gmt":"2026-02-15T05:08:38","slug":"hydroforce-3-layer-membrane-softshell","status":"publish","type":"product","link":"https:\/\/printwave.pl\/fr\/produkt\/hydroforce-3-layer-membrane-softshell\/","title":{"rendered":"Hydroforce 3-Layer Membrane Softshell"},"content":{"rendered":"<p>\u00b7Ext: 100% polyester; partiellement recycl\u00e9<br \/>\n\u00b7doublure filet polyester<br \/>\n\u00b7softshell respirant 3 couches<br \/>\n\u00b7waterrepellent ATL durable<br \/>\n\u00b7r\u00e9siste au vent et waterproof<br \/>\n\u00b7capuche int\u00e9gr\u00e9e<br \/>\n\u00b7ripstop sur les \u00e9paules et les bras<br \/>\n\u00b7poignets ajustables avec attaches en caoutchouc<br \/>\n\u00b72 fermetures \u00e0 glissi\u00e8re en bas et 1 autre \u00e0 la poitrine<br \/>\n\u00b7poche int\u00e9rieure s\u00e9curis\u00e9e pour t\u00e9l\u00e9phone portable<br \/>\n\u00b7cordon au bord.<\/p>\n","protected":false},"excerpt":{"rendered":"<p>\u00b7Ext: 100% polyester; partiellement recycl\u00e9 \u00b7doublure filet polyester \u00b7softshell respirant 3 couches \u00b7waterrepellent ATL durable \u00b7r\u00e9siste au vent et waterproof<\/p>\n","protected":false},"featured_media":574015,"comment_status":"open","ping_status":"closed","template":"","meta":[],"product_brand":[],"product_cat":[354,114],"product_tag":[460,465,85,92,727,84,577,86],"class_list":{"0":"post-574021","1":"product","2":"type-product","3":"status-publish","4":"has-post-thumbnail","6":"product_cat-eco-responsable","7":"product_cat-softshell","8":"product_tag-2-couleurs","9":"product_tag-2-tons","10":"product_tag-a-longue-manche","11":"product_tag-col-montant","12":"product_tag-gestes-soft-shell","13":"product_tag-longue-manche","14":"product_tag-poche-poitrine","15":"product_tag-vetements-dexterieur","16":"pa_couleur-black-black","17":"pa_details-avec-capuche","18":"pa_details-coutures-laterales","19":"pa_details-fermeture-a-glissiere-complete","20":"pa_details-poches-de-cote-avec-fermeture-a-glissiere","21":"pa_details-set-in","22":"pa_eco-recycle","23":"pa_groupe-de-produits-coupe-vent","24":"pa_groupe-de-produits-impermeable","25":"pa_groupe-de-produits-respirant","26":"pa_groupe-de-produits-softshell","27":"pa_manche-manches-longues","28":"pa_marque-regatta-professional","29":"pa_numero-de-style-5382","30":"pa_sexe-hommes","31":"pa_taille-2xl","32":"pa_taille-3xl","33":"pa_taille-l","34":"pa_taille-m","35":"pa_taille-s","36":"pa_taille-xl","37":"pa_tissu-polyester","39":"first","40":"instock","41":"taxable","42":"shipping-taxable","43":"purchasable","44":"product-type-variable"},"yoast_head":"<!-- This site is optimized with the Yoast SEO Premium plugin v20.9 (Yoast SEO v26.3) - https:\/\/yoast.com\/wordpress\/plugins\/seo\/ -->\n<title>Hydroforce 3-Layer Membrane Softshell | Printwave FR<\/title>\n<meta name=\"robots\" content=\"index, follow, max-snippet:-1, max-image-preview:large, max-video-preview:-1\" \/>\n<link rel=\"canonical\" href=\"https:\/\/printwave.pl\/fr\/produkt\/hydroforce-3-layer-membrane-softshell\/\" \/>\n<meta property=\"og:locale\" content=\"fr_FR\" \/>\n<meta property=\"og:type\" content=\"article\" \/>\n<meta property=\"og:title\" content=\"Hydroforce 3-Layer Membrane Softshell\" \/>\n<meta property=\"og:description\" content=\"\u00b7Ext: 100% polyester; partiellement recycl\u00e9 \u00b7doublure filet polyester \u00b7softshell respirant 3 couches \u00b7waterrepellent ATL durable \u00b7r\u00e9siste au vent et waterproof\" \/>\n<meta property=\"og:url\" content=\"https:\/\/printwave.pl\/fr\/produkt\/hydroforce-3-layer-membrane-softshell\/\" \/>\n<meta property=\"og:site_name\" content=\"Printwave FR\" \/>\n<meta property=\"article:modified_time\" content=\"2026-02-15T05:08:38+00:00\" \/>\n<meta property=\"og:image\" content=\"https:\/\/printwave.pl\/fr\/wp-content\/uploads\/sites\/4\/2021\/07\/Print-Wave-logo-2025.png\" \/>\n\t<meta property=\"og:image:width\" content=\"1645\" \/>\n\t<meta property=\"og:image:height\" content=\"297\" \/>\n\t<meta property=\"og:image:type\" content=\"image\/png\" \/>\n<meta name=\"twitter:card\" content=\"summary_large_image\" \/>\n<script type=\"application\/ld+json\" class=\"yoast-schema-graph\">{\"@context\":\"https:\/\/schema.org\",\"@graph\":[{\"@type\":\"WebPage\",\"@id\":\"https:\/\/printwave.pl\/fr\/produkt\/hydroforce-3-layer-membrane-softshell\/\",\"url\":\"https:\/\/printwave.pl\/fr\/produkt\/hydroforce-3-layer-membrane-softshell\/\",\"name\":\"Hydroforce 3-Layer Membrane Softshell | Printwave FR\",\"isPartOf\":{\"@id\":\"https:\/\/printwave.pl\/fr\/#website\"},\"primaryImageOfPage\":{\"@id\":\"https:\/\/printwave.pl\/fr\/produkt\/hydroforce-3-layer-membrane-softshell\/#primaryimage\"},\"image\":{\"@id\":\"https:\/\/printwave.pl\/fr\/produkt\/hydroforce-3-layer-membrane-softshell\/#primaryimage\"},\"thumbnailUrl\":\"https:\/\/printwave.pl\/fr\/wp-content\/uploads\/sites\/4\/2025\/04\/485_17_152_m-2025_01.jpg\",\"datePublished\":\"2025-04-13T09:08:10+00:00\",\"dateModified\":\"2026-02-15T05:08:38+00:00\",\"breadcrumb\":{\"@id\":\"https:\/\/printwave.pl\/fr\/produkt\/hydroforce-3-layer-membrane-softshell\/#breadcrumb\"},\"inLanguage\":\"fr-FR\",\"potentialAction\":[{\"@type\":\"ReadAction\",\"target\":[\"https:\/\/printwave.pl\/fr\/produkt\/hydroforce-3-layer-membrane-softshell\/\"]}]},{\"@type\":\"ImageObject\",\"inLanguage\":\"fr-FR\",\"@id\":\"https:\/\/printwave.pl\/fr\/produkt\/hydroforce-3-layer-membrane-softshell\/#primaryimage\",\"url\":\"https:\/\/printwave.pl\/fr\/wp-content\/uploads\/sites\/4\/2025\/04\/485_17_152_m-2025_01.jpg\",\"contentUrl\":\"https:\/\/printwave.pl\/fr\/wp-content\/uploads\/sites\/4\/2025\/04\/485_17_152_m-2025_01.jpg\",\"width\":1024,\"height\":1304},{\"@type\":\"BreadcrumbList\",\"@id\":\"https:\/\/printwave.pl\/fr\/produkt\/hydroforce-3-layer-membrane-softshell\/#breadcrumb\",\"itemListElement\":[{\"@type\":\"ListItem\",\"position\":1,\"name\":\"Accueil\",\"item\":\"https:\/\/printwave.pl\/fr\/\"},{\"@type\":\"ListItem\",\"position\":2,\"name\":\"Boutique\",\"item\":\"https:\/\/printwave.pl\/fr\/boutique\/\"},{\"@type\":\"ListItem\",\"position\":3,\"name\":\"Hydroforce 3-Layer Membrane Softshell\"}]},{\"@type\":\"WebSite\",\"@id\":\"https:\/\/printwave.pl\/fr\/#website\",\"url\":\"https:\/\/printwave.pl\/fr\/\",\"name\":\"Printwave\",\"description\":\"Votre fournisseur de v\u00eatements promotionnels et d&#039;entreprise en Pologne\",\"potentialAction\":[{\"@type\":\"SearchAction\",\"target\":{\"@type\":\"EntryPoint\",\"urlTemplate\":\"https:\/\/printwave.pl\/fr\/?s={search_term_string}\"},\"query-input\":{\"@type\":\"PropertyValueSpecification\",\"valueRequired\":true,\"valueName\":\"search_term_string\"}}],\"inLanguage\":\"fr-FR\"}]}<\/script>\n<!-- \/ Yoast SEO Premium plugin. -->","yoast_head_json":{"title":"Hydroforce 3-Layer Membrane Softshell | Printwave FR","robots":{"index":"index","follow":"follow","max-snippet":"max-snippet:-1","max-image-preview":"max-image-preview:large","max-video-preview":"max-video-preview:-1"},"canonical":"https:\/\/printwave.pl\/fr\/produkt\/hydroforce-3-layer-membrane-softshell\/","og_locale":"fr_FR","og_type":"article","og_title":"Hydroforce 3-Layer Membrane Softshell","og_description":"\u00b7Ext: 100% polyester; partiellement recycl\u00e9 \u00b7doublure filet polyester \u00b7softshell respirant 3 couches \u00b7waterrepellent ATL durable \u00b7r\u00e9siste au vent et waterproof","og_url":"https:\/\/printwave.pl\/fr\/produkt\/hydroforce-3-layer-membrane-softshell\/","og_site_name":"Printwave FR","article_modified_time":"2026-02-15T05:08:38+00:00","og_image":[{"width":1645,"height":297,"url":"https:\/\/printwave.pl\/fr\/wp-content\/uploads\/sites\/4\/2021\/07\/Print-Wave-logo-2025.png","type":"image\/png"}],"twitter_card":"summary_large_image","schema":{"@context":"https:\/\/schema.org","@graph":[{"@type":"WebPage","@id":"https:\/\/printwave.pl\/fr\/produkt\/hydroforce-3-layer-membrane-softshell\/","url":"https:\/\/printwave.pl\/fr\/produkt\/hydroforce-3-layer-membrane-softshell\/","name":"Hydroforce 3-Layer Membrane Softshell | Printwave FR","isPartOf":{"@id":"https:\/\/printwave.pl\/fr\/#website"},"primaryImageOfPage":{"@id":"https:\/\/printwave.pl\/fr\/produkt\/hydroforce-3-layer-membrane-softshell\/#primaryimage"},"image":{"@id":"https:\/\/printwave.pl\/fr\/produkt\/hydroforce-3-layer-membrane-softshell\/#primaryimage"},"thumbnailUrl":"https:\/\/printwave.pl\/fr\/wp-content\/uploads\/sites\/4\/2025\/04\/485_17_152_m-2025_01.jpg","datePublished":"2025-04-13T09:08:10+00:00","dateModified":"2026-02-15T05:08:38+00:00","breadcrumb":{"@id":"https:\/\/printwave.pl\/fr\/produkt\/hydroforce-3-layer-membrane-softshell\/#breadcrumb"},"inLanguage":"fr-FR","potentialAction":[{"@type":"ReadAction","target":["https:\/\/printwave.pl\/fr\/produkt\/hydroforce-3-layer-membrane-softshell\/"]}]},{"@type":"ImageObject","inLanguage":"fr-FR","@id":"https:\/\/printwave.pl\/fr\/produkt\/hydroforce-3-layer-membrane-softshell\/#primaryimage","url":"https:\/\/printwave.pl\/fr\/wp-content\/uploads\/sites\/4\/2025\/04\/485_17_152_m-2025_01.jpg","contentUrl":"https:\/\/printwave.pl\/fr\/wp-content\/uploads\/sites\/4\/2025\/04\/485_17_152_m-2025_01.jpg","width":1024,"height":1304},{"@type":"BreadcrumbList","@id":"https:\/\/printwave.pl\/fr\/produkt\/hydroforce-3-layer-membrane-softshell\/#breadcrumb","itemListElement":[{"@type":"ListItem","position":1,"name":"Accueil","item":"https:\/\/printwave.pl\/fr\/"},{"@type":"ListItem","position":2,"name":"Boutique","item":"https:\/\/printwave.pl\/fr\/boutique\/"},{"@type":"ListItem","position":3,"name":"Hydroforce 3-Layer Membrane Softshell"}]},{"@type":"WebSite","@id":"https:\/\/printwave.pl\/fr\/#website","url":"https:\/\/printwave.pl\/fr\/","name":"Printwave","description":"Votre fournisseur de v\u00eatements promotionnels et d&#039;entreprise en Pologne","potentialAction":[{"@type":"SearchAction","target":{"@type":"EntryPoint","urlTemplate":"https:\/\/printwave.pl\/fr\/?s={search_term_string}"},"query-input":{"@type":"PropertyValueSpecification","valueRequired":true,"valueName":"search_term_string"}}],"inLanguage":"fr-FR"}]}},"_links":{"self":[{"href":"https:\/\/printwave.pl\/fr\/wp-json\/wp\/v2\/product\/574021","targetHints":{"allow":["GET"]}}],"collection":[{"href":"https:\/\/printwave.pl\/fr\/wp-json\/wp\/v2\/product"}],"about":[{"href":"https:\/\/printwave.pl\/fr\/wp-json\/wp\/v2\/types\/product"}],"replies":[{"embeddable":true,"href":"https:\/\/printwave.pl\/fr\/wp-json\/wp\/v2\/comments?post=574021"}],"wp:featuredmedia":[{"embeddable":true,"href":"https:\/\/printwave.pl\/fr\/wp-json\/wp\/v2\/media\/574015"}],"wp:attachment":[{"href":"https:\/\/printwave.pl\/fr\/wp-json\/wp\/v2\/media?parent=574021"}],"wp:term":[{"taxonomy":"product_brand","embeddable":true,"href":"https:\/\/printwave.pl\/fr\/wp-json\/wp\/v2\/product_brand?post=574021"},{"taxonomy":"product_cat","embeddable":true,"href":"https:\/\/printwave.pl\/fr\/wp-json\/wp\/v2\/product_cat?post=574021"},{"taxonomy":"product_tag","embeddable":true,"href":"https:\/\/printwave.pl\/fr\/wp-json\/wp\/v2\/product_tag?post=574021"}],"curies":[{"name":"wp","href":"https:\/\/api.w.org\/{rel}","templated":true}]}}