{"id":572805,"date":"2025-01-27T10:29:44","date_gmt":"2025-01-27T09:29:44","guid":{"rendered":"https:\/\/printwave.pl\/fr\/produkt\/executive-digital-office\/"},"modified":"2026-02-13T21:08:34","modified_gmt":"2026-02-13T20:08:34","slug":"executive-digital-office","status":"publish","type":"product","link":"https:\/\/printwave.pl\/fr\/produkt\/executive-digital-office\/","title":{"rendered":"Executive Digital Office"},"content":{"rendered":"<p>\u00b7100% polyester (600D\/1680D)<br \/>\n\u00b7poign\u00e9e de transport rembourr\u00e9e<br \/>\n\u00b7compartiment rembourr\u00e9 avec fermeture \u00e0 glissi\u00e8re compatible avec un ordinateur portable jusqu \u00e0 17&Prime;<br \/>\n\u00b7compartiment pour documents avec fermeture \u00e0 glissi\u00e8re<br \/>\n\u00b7poche avant avec fermeture \u00e0 glissi\u00e8re<br \/>\n\u00b7section organiseur<br \/>\n\u00b7attache cl\u00e9 USB<br \/>\n\u00b7passant pour glisser le sac le long des anses d une valise \u00e0 cabine<br \/>\n\u00b7capacit\u00e9: 13 litres<br \/>\n\u00b7dimensions: 41 x 30 x 14 cm<br \/>\n\u00b7surface maximum pour broderie: cadre de 18<br \/>\n\u00b7surface maximum pour l impression: 22 x 18 cm<\/p>\n","protected":false},"excerpt":{"rendered":"<p>\u00b7100% polyester (600D\/1680D) \u00b7poign\u00e9e de transport rembourr\u00e9e \u00b7compartiment rembourr\u00e9 avec fermeture \u00e0 glissi\u00e8re compatible avec un ordinateur portable jusqu \u00e0<\/p>\n","protected":false},"featured_media":572797,"comment_status":"open","ping_status":"closed","template":"","meta":[],"product_brand":[],"product_cat":[61],"product_tag":[1051,1052,1039],"class_list":{"0":"post-572805","1":"product","2":"type-product","3":"status-publish","4":"has-post-thumbnail","6":"product_cat-bagagerie-accessoires","7":"product_tag-mallettes","8":"product_tag-porte-documents","9":"product_tag-sacoches","10":"pa_couleur-black","11":"pa_couleur-grey-marl","12":"pa_details-ordinateur-portable","13":"pa_groupe-de-produits-sac-a-bandouliere","14":"pa_groupe-de-produits-sac-de-voyage","15":"pa_groupe-de-produits-sac-pour-le-bureau","16":"pa_marque-quadra","17":"pa_numero-de-style-5355","18":"pa_taille-one-size","19":"pa_tissu-polyester","21":"first","22":"instock","23":"taxable","24":"shipping-taxable","25":"purchasable","26":"product-type-variable"},"yoast_head":"<!-- This site is optimized with the Yoast SEO Premium plugin v20.9 (Yoast SEO v26.3) - https:\/\/yoast.com\/wordpress\/plugins\/seo\/ -->\n<title>Executive Digital Office | Printwave FR<\/title>\n<meta name=\"robots\" content=\"index, follow, max-snippet:-1, max-image-preview:large, max-video-preview:-1\" \/>\n<link rel=\"canonical\" href=\"https:\/\/printwave.pl\/fr\/produkt\/executive-digital-office\/\" \/>\n<meta property=\"og:locale\" content=\"fr_FR\" \/>\n<meta property=\"og:type\" content=\"article\" \/>\n<meta property=\"og:title\" content=\"Executive Digital Office\" \/>\n<meta property=\"og:description\" content=\"\u00b7100% polyester (600D\/1680D) \u00b7poign\u00e9e de transport rembourr\u00e9e \u00b7compartiment rembourr\u00e9 avec fermeture \u00e0 glissi\u00e8re compatible avec un ordinateur portable jusqu \u00e0\" \/>\n<meta property=\"og:url\" content=\"https:\/\/printwave.pl\/fr\/produkt\/executive-digital-office\/\" \/>\n<meta property=\"og:site_name\" content=\"Printwave FR\" \/>\n<meta property=\"article:modified_time\" content=\"2026-02-13T20:08:34+00:00\" \/>\n<meta property=\"og:image\" content=\"https:\/\/printwave.pl\/fr\/wp-content\/uploads\/sites\/4\/2025\/01\/010_30_101_m-2022_02.jpg\" \/>\n\t<meta property=\"og:image:width\" content=\"1024\" \/>\n\t<meta property=\"og:image:height\" content=\"1304\" \/>\n\t<meta property=\"og:image:type\" content=\"image\/jpeg\" \/>\n<meta name=\"twitter:card\" content=\"summary_large_image\" \/>\n<script type=\"application\/ld+json\" class=\"yoast-schema-graph\">{\"@context\":\"https:\/\/schema.org\",\"@graph\":[{\"@type\":\"WebPage\",\"@id\":\"https:\/\/printwave.pl\/fr\/produkt\/executive-digital-office\/\",\"url\":\"https:\/\/printwave.pl\/fr\/produkt\/executive-digital-office\/\",\"name\":\"Executive Digital Office | Printwave FR\",\"isPartOf\":{\"@id\":\"https:\/\/printwave.pl\/fr\/#website\"},\"primaryImageOfPage\":{\"@id\":\"https:\/\/printwave.pl\/fr\/produkt\/executive-digital-office\/#primaryimage\"},\"image\":{\"@id\":\"https:\/\/printwave.pl\/fr\/produkt\/executive-digital-office\/#primaryimage\"},\"thumbnailUrl\":\"https:\/\/printwave.pl\/fr\/wp-content\/uploads\/sites\/4\/2025\/01\/010_30_101_m-2022_02.jpg\",\"datePublished\":\"2025-01-27T09:29:44+00:00\",\"dateModified\":\"2026-02-13T20:08:34+00:00\",\"breadcrumb\":{\"@id\":\"https:\/\/printwave.pl\/fr\/produkt\/executive-digital-office\/#breadcrumb\"},\"inLanguage\":\"fr-FR\",\"potentialAction\":[{\"@type\":\"ReadAction\",\"target\":[\"https:\/\/printwave.pl\/fr\/produkt\/executive-digital-office\/\"]}]},{\"@type\":\"ImageObject\",\"inLanguage\":\"fr-FR\",\"@id\":\"https:\/\/printwave.pl\/fr\/produkt\/executive-digital-office\/#primaryimage\",\"url\":\"https:\/\/printwave.pl\/fr\/wp-content\/uploads\/sites\/4\/2025\/01\/010_30_101_m-2022_02.jpg\",\"contentUrl\":\"https:\/\/printwave.pl\/fr\/wp-content\/uploads\/sites\/4\/2025\/01\/010_30_101_m-2022_02.jpg\",\"width\":1024,\"height\":1304},{\"@type\":\"BreadcrumbList\",\"@id\":\"https:\/\/printwave.pl\/fr\/produkt\/executive-digital-office\/#breadcrumb\",\"itemListElement\":[{\"@type\":\"ListItem\",\"position\":1,\"name\":\"Accueil\",\"item\":\"https:\/\/printwave.pl\/fr\/\"},{\"@type\":\"ListItem\",\"position\":2,\"name\":\"Boutique\",\"item\":\"https:\/\/printwave.pl\/fr\/boutique\/\"},{\"@type\":\"ListItem\",\"position\":3,\"name\":\"Executive Digital Office\"}]},{\"@type\":\"WebSite\",\"@id\":\"https:\/\/printwave.pl\/fr\/#website\",\"url\":\"https:\/\/printwave.pl\/fr\/\",\"name\":\"Printwave\",\"description\":\"Votre fournisseur de v\u00eatements promotionnels et d&#039;entreprise en Pologne\",\"potentialAction\":[{\"@type\":\"SearchAction\",\"target\":{\"@type\":\"EntryPoint\",\"urlTemplate\":\"https:\/\/printwave.pl\/fr\/?s={search_term_string}\"},\"query-input\":{\"@type\":\"PropertyValueSpecification\",\"valueRequired\":true,\"valueName\":\"search_term_string\"}}],\"inLanguage\":\"fr-FR\"}]}<\/script>\n<!-- \/ Yoast SEO Premium plugin. -->","yoast_head_json":{"title":"Executive Digital Office | Printwave FR","robots":{"index":"index","follow":"follow","max-snippet":"max-snippet:-1","max-image-preview":"max-image-preview:large","max-video-preview":"max-video-preview:-1"},"canonical":"https:\/\/printwave.pl\/fr\/produkt\/executive-digital-office\/","og_locale":"fr_FR","og_type":"article","og_title":"Executive Digital Office","og_description":"\u00b7100% polyester (600D\/1680D) \u00b7poign\u00e9e de transport rembourr\u00e9e \u00b7compartiment rembourr\u00e9 avec fermeture \u00e0 glissi\u00e8re compatible avec un ordinateur portable jusqu \u00e0","og_url":"https:\/\/printwave.pl\/fr\/produkt\/executive-digital-office\/","og_site_name":"Printwave FR","article_modified_time":"2026-02-13T20:08:34+00:00","og_image":[{"width":1024,"height":1304,"url":"https:\/\/printwave.pl\/fr\/wp-content\/uploads\/sites\/4\/2025\/01\/010_30_101_m-2022_02.jpg","type":"image\/jpeg"}],"twitter_card":"summary_large_image","schema":{"@context":"https:\/\/schema.org","@graph":[{"@type":"WebPage","@id":"https:\/\/printwave.pl\/fr\/produkt\/executive-digital-office\/","url":"https:\/\/printwave.pl\/fr\/produkt\/executive-digital-office\/","name":"Executive Digital Office | Printwave FR","isPartOf":{"@id":"https:\/\/printwave.pl\/fr\/#website"},"primaryImageOfPage":{"@id":"https:\/\/printwave.pl\/fr\/produkt\/executive-digital-office\/#primaryimage"},"image":{"@id":"https:\/\/printwave.pl\/fr\/produkt\/executive-digital-office\/#primaryimage"},"thumbnailUrl":"https:\/\/printwave.pl\/fr\/wp-content\/uploads\/sites\/4\/2025\/01\/010_30_101_m-2022_02.jpg","datePublished":"2025-01-27T09:29:44+00:00","dateModified":"2026-02-13T20:08:34+00:00","breadcrumb":{"@id":"https:\/\/printwave.pl\/fr\/produkt\/executive-digital-office\/#breadcrumb"},"inLanguage":"fr-FR","potentialAction":[{"@type":"ReadAction","target":["https:\/\/printwave.pl\/fr\/produkt\/executive-digital-office\/"]}]},{"@type":"ImageObject","inLanguage":"fr-FR","@id":"https:\/\/printwave.pl\/fr\/produkt\/executive-digital-office\/#primaryimage","url":"https:\/\/printwave.pl\/fr\/wp-content\/uploads\/sites\/4\/2025\/01\/010_30_101_m-2022_02.jpg","contentUrl":"https:\/\/printwave.pl\/fr\/wp-content\/uploads\/sites\/4\/2025\/01\/010_30_101_m-2022_02.jpg","width":1024,"height":1304},{"@type":"BreadcrumbList","@id":"https:\/\/printwave.pl\/fr\/produkt\/executive-digital-office\/#breadcrumb","itemListElement":[{"@type":"ListItem","position":1,"name":"Accueil","item":"https:\/\/printwave.pl\/fr\/"},{"@type":"ListItem","position":2,"name":"Boutique","item":"https:\/\/printwave.pl\/fr\/boutique\/"},{"@type":"ListItem","position":3,"name":"Executive Digital Office"}]},{"@type":"WebSite","@id":"https:\/\/printwave.pl\/fr\/#website","url":"https:\/\/printwave.pl\/fr\/","name":"Printwave","description":"Votre fournisseur de v\u00eatements promotionnels et d&#039;entreprise en Pologne","potentialAction":[{"@type":"SearchAction","target":{"@type":"EntryPoint","urlTemplate":"https:\/\/printwave.pl\/fr\/?s={search_term_string}"},"query-input":{"@type":"PropertyValueSpecification","valueRequired":true,"valueName":"search_term_string"}}],"inLanguage":"fr-FR"}]}},"_links":{"self":[{"href":"https:\/\/printwave.pl\/fr\/wp-json\/wp\/v2\/product\/572805","targetHints":{"allow":["GET"]}}],"collection":[{"href":"https:\/\/printwave.pl\/fr\/wp-json\/wp\/v2\/product"}],"about":[{"href":"https:\/\/printwave.pl\/fr\/wp-json\/wp\/v2\/types\/product"}],"replies":[{"embeddable":true,"href":"https:\/\/printwave.pl\/fr\/wp-json\/wp\/v2\/comments?post=572805"}],"wp:featuredmedia":[{"embeddable":true,"href":"https:\/\/printwave.pl\/fr\/wp-json\/wp\/v2\/media\/572797"}],"wp:attachment":[{"href":"https:\/\/printwave.pl\/fr\/wp-json\/wp\/v2\/media?parent=572805"}],"wp:term":[{"taxonomy":"product_brand","embeddable":true,"href":"https:\/\/printwave.pl\/fr\/wp-json\/wp\/v2\/product_brand?post=572805"},{"taxonomy":"product_cat","embeddable":true,"href":"https:\/\/printwave.pl\/fr\/wp-json\/wp\/v2\/product_cat?post=572805"},{"taxonomy":"product_tag","embeddable":true,"href":"https:\/\/printwave.pl\/fr\/wp-json\/wp\/v2\/product_tag?post=572805"}],"curies":[{"name":"wp","href":"https:\/\/api.w.org\/{rel}","templated":true}]}}