{"id":570263,"date":"2025-01-27T08:45:37","date_gmt":"2025-01-27T07:45:37","guid":{"rendered":"https:\/\/printwave.pl\/fr\/produkt\/e150-women-t-shirt\/"},"modified":"2026-02-13T20:52:10","modified_gmt":"2026-02-13T19:52:10","slug":"e150-women-t-shirt","status":"publish","type":"product","link":"https:\/\/printwave.pl\/fr\/produkt\/e150-women-t-shirt\/","title":{"rendered":"#E150 \/women T-Shirt"},"content":{"rendered":"<p>\u00b7145 g\/m\u00b2<br \/>\n\u00b7100% coton, ring-spun, pr\u00e9-r\u00e9tr\u00e9ci<br \/>\n\u00b7Ash: 99% coton, 1% viscose<br \/>\n\u00b7Sport Grey: 85% coton, 15% viscose<br \/>\n\u00b7Col rond \u00e0 bord c\u00f4te avec \u00e9lasthanne<br \/>\n\u00b7Bande de propret\u00e9<br \/>\n\u00b7Coutures lat\u00e9rales<br \/>\n\u00b7Lavable jusqu&rsquo;\u00e0 40\u00b0C<br \/>\n\u00b7Coupe ajust\u00e9e.<\/p>\n","protected":false},"excerpt":{"rendered":"<p>\u00b7145 g\/m\u00b2 \u00b7100% coton, ring-spun, pr\u00e9-r\u00e9tr\u00e9ci \u00b7Ash: 99% coton, 1% viscose \u00b7Sport Grey: 85% coton, 15% viscose \u00b7Col rond \u00e0<\/p>\n","protected":false},"featured_media":570258,"comment_status":"open","ping_status":"closed","template":"","meta":[],"product_brand":[],"product_cat":[1984],"product_tag":[144,991,579,86],"class_list":{"0":"post-570263","1":"product","2":"type-product","3":"status-publish","4":"has-post-thumbnail","6":"product_cat-tee-shirts","7":"product_tag-a-manche-courte","8":"product_tag-col-ras-du-cou","9":"product_tag-manche-courte","10":"product_tag-vetements-dexterieur","11":"pa_certificats-fwf-fair-wear","12":"pa_certificats-oeko-tex-standard-100","13":"pa_couleur-apricot","14":"pa_couleur-ash","15":"pa_couleur-atoll","16":"pa_couleur-azure","17":"pa_couleur-bear-brown","18":"pa_couleur-black","19":"pa_couleur-black-pure","20":"pa_couleur-bottle-green","21":"pa_couleur-burgundy","22":"pa_couleur-cobalt-blue","23":"pa_couleur-dark-grey","24":"pa_couleur-deep-red","25":"pa_couleur-denim","26":"pa_couleur-diva-blue","27":"pa_couleur-electric-blue","28":"pa_couleur-fire-red","29":"pa_couleur-fuchsia","30":"pa_couleur-gold","31":"pa_couleur-kelly-green","32":"pa_couleur-light-navy","33":"pa_couleur-millenial-khaki","34":"pa_couleur-millenial-pink","35":"pa_couleur-natural","36":"pa_couleur-navy","37":"pa_couleur-navy-blue","38":"pa_couleur-orange","39":"pa_couleur-orchid-green","40":"pa_couleur-pistacho","41":"pa_couleur-radiant-purple","42":"pa_couleur-real-turquoise","43":"pa_couleur-red","44":"pa_couleur-royal-blue","45":"pa_couleur-sand","46":"pa_couleur-sky-blue","47":"pa_couleur-solar-yellow","48":"pa_couleur-sport-grey","49":"pa_couleur-turquoise","50":"pa_couleur-urban-khaki","51":"pa_couleur-urban-purple","52":"pa_couleur-used-black","53":"pa_couleur-white","54":"pa_details-coutures-laterales","55":"pa_details-set-in","56":"pa_encolure-crew-neck","57":"pa_groupe-de-produits-t-shirts","58":"pa_manche-manches-courtes","59":"pa_marque-bc","60":"pa_numero-de-style-5316","61":"pa_poids-140-169-g-m","62":"pa_sexe-produits-correspondants","63":"pa_taille-2xl","64":"pa_taille-3xl","65":"pa_taille-l","66":"pa_taille-m","67":"pa_taille-s","68":"pa_taille-xl","69":"pa_taille-xs","70":"pa_tissu-coton","72":"first","73":"instock","74":"taxable","75":"shipping-taxable","76":"purchasable","77":"product-type-variable"},"yoast_head":"<!-- This site is optimized with the Yoast SEO Premium plugin v20.9 (Yoast SEO v26.3) - https:\/\/yoast.com\/wordpress\/plugins\/seo\/ -->\n<title>#E150 \/women T-Shirt | Printwave FR<\/title>\n<meta name=\"robots\" content=\"index, follow, max-snippet:-1, max-image-preview:large, max-video-preview:-1\" \/>\n<link rel=\"canonical\" href=\"https:\/\/printwave.pl\/fr\/produkt\/e150-women-t-shirt\/\" \/>\n<meta property=\"og:locale\" content=\"fr_FR\" \/>\n<meta property=\"og:type\" content=\"article\" \/>\n<meta property=\"og:title\" content=\"#E150 \/women T-Shirt\" \/>\n<meta property=\"og:description\" content=\"\u00b7145 g\/m\u00b2 \u00b7100% coton, ring-spun, pr\u00e9-r\u00e9tr\u00e9ci \u00b7Ash: 99% coton, 1% viscose \u00b7Sport Grey: 85% coton, 15% viscose \u00b7Col rond \u00e0\" \/>\n<meta property=\"og:url\" content=\"https:\/\/printwave.pl\/fr\/produkt\/e150-women-t-shirt\/\" \/>\n<meta property=\"og:site_name\" content=\"Printwave FR\" \/>\n<meta property=\"article:modified_time\" content=\"2026-02-13T19:52:10+00:00\" \/>\n<meta property=\"og:image\" content=\"https:\/\/printwave.pl\/fr\/wp-content\/uploads\/sites\/4\/2025\/01\/016_42_207_m-2023_02.jpg\" \/>\n\t<meta property=\"og:image:width\" content=\"1024\" \/>\n\t<meta property=\"og:image:height\" content=\"1304\" \/>\n\t<meta property=\"og:image:type\" content=\"image\/jpeg\" \/>\n<meta name=\"twitter:card\" content=\"summary_large_image\" \/>\n<script type=\"application\/ld+json\" class=\"yoast-schema-graph\">{\"@context\":\"https:\/\/schema.org\",\"@graph\":[{\"@type\":\"WebPage\",\"@id\":\"https:\/\/printwave.pl\/fr\/produkt\/e150-women-t-shirt\/\",\"url\":\"https:\/\/printwave.pl\/fr\/produkt\/e150-women-t-shirt\/\",\"name\":\"#E150 \/women T-Shirt | Printwave FR\",\"isPartOf\":{\"@id\":\"https:\/\/printwave.pl\/fr\/#website\"},\"primaryImageOfPage\":{\"@id\":\"https:\/\/printwave.pl\/fr\/produkt\/e150-women-t-shirt\/#primaryimage\"},\"image\":{\"@id\":\"https:\/\/printwave.pl\/fr\/produkt\/e150-women-t-shirt\/#primaryimage\"},\"thumbnailUrl\":\"https:\/\/printwave.pl\/fr\/wp-content\/uploads\/sites\/4\/2025\/01\/016_42_207_m-2023_02.jpg\",\"datePublished\":\"2025-01-27T07:45:37+00:00\",\"dateModified\":\"2026-02-13T19:52:10+00:00\",\"breadcrumb\":{\"@id\":\"https:\/\/printwave.pl\/fr\/produkt\/e150-women-t-shirt\/#breadcrumb\"},\"inLanguage\":\"fr-FR\",\"potentialAction\":[{\"@type\":\"ReadAction\",\"target\":[\"https:\/\/printwave.pl\/fr\/produkt\/e150-women-t-shirt\/\"]}]},{\"@type\":\"ImageObject\",\"inLanguage\":\"fr-FR\",\"@id\":\"https:\/\/printwave.pl\/fr\/produkt\/e150-women-t-shirt\/#primaryimage\",\"url\":\"https:\/\/printwave.pl\/fr\/wp-content\/uploads\/sites\/4\/2025\/01\/016_42_207_m-2023_02.jpg\",\"contentUrl\":\"https:\/\/printwave.pl\/fr\/wp-content\/uploads\/sites\/4\/2025\/01\/016_42_207_m-2023_02.jpg\",\"width\":1024,\"height\":1304},{\"@type\":\"BreadcrumbList\",\"@id\":\"https:\/\/printwave.pl\/fr\/produkt\/e150-women-t-shirt\/#breadcrumb\",\"itemListElement\":[{\"@type\":\"ListItem\",\"position\":1,\"name\":\"Accueil\",\"item\":\"https:\/\/printwave.pl\/fr\/\"},{\"@type\":\"ListItem\",\"position\":2,\"name\":\"Boutique\",\"item\":\"https:\/\/printwave.pl\/fr\/boutique\/\"},{\"@type\":\"ListItem\",\"position\":3,\"name\":\"#E150 \/women T-Shirt\"}]},{\"@type\":\"WebSite\",\"@id\":\"https:\/\/printwave.pl\/fr\/#website\",\"url\":\"https:\/\/printwave.pl\/fr\/\",\"name\":\"Printwave\",\"description\":\"Votre fournisseur de v\u00eatements promotionnels et d&#039;entreprise en Pologne\",\"potentialAction\":[{\"@type\":\"SearchAction\",\"target\":{\"@type\":\"EntryPoint\",\"urlTemplate\":\"https:\/\/printwave.pl\/fr\/?s={search_term_string}\"},\"query-input\":{\"@type\":\"PropertyValueSpecification\",\"valueRequired\":true,\"valueName\":\"search_term_string\"}}],\"inLanguage\":\"fr-FR\"}]}<\/script>\n<!-- \/ Yoast SEO Premium plugin. -->","yoast_head_json":{"title":"#E150 \/women T-Shirt | Printwave FR","robots":{"index":"index","follow":"follow","max-snippet":"max-snippet:-1","max-image-preview":"max-image-preview:large","max-video-preview":"max-video-preview:-1"},"canonical":"https:\/\/printwave.pl\/fr\/produkt\/e150-women-t-shirt\/","og_locale":"fr_FR","og_type":"article","og_title":"#E150 \/women T-Shirt","og_description":"\u00b7145 g\/m\u00b2 \u00b7100% coton, ring-spun, pr\u00e9-r\u00e9tr\u00e9ci \u00b7Ash: 99% coton, 1% viscose \u00b7Sport Grey: 85% coton, 15% viscose \u00b7Col rond \u00e0","og_url":"https:\/\/printwave.pl\/fr\/produkt\/e150-women-t-shirt\/","og_site_name":"Printwave FR","article_modified_time":"2026-02-13T19:52:10+00:00","og_image":[{"width":1024,"height":1304,"url":"https:\/\/printwave.pl\/fr\/wp-content\/uploads\/sites\/4\/2025\/01\/016_42_207_m-2023_02.jpg","type":"image\/jpeg"}],"twitter_card":"summary_large_image","schema":{"@context":"https:\/\/schema.org","@graph":[{"@type":"WebPage","@id":"https:\/\/printwave.pl\/fr\/produkt\/e150-women-t-shirt\/","url":"https:\/\/printwave.pl\/fr\/produkt\/e150-women-t-shirt\/","name":"#E150 \/women T-Shirt | Printwave FR","isPartOf":{"@id":"https:\/\/printwave.pl\/fr\/#website"},"primaryImageOfPage":{"@id":"https:\/\/printwave.pl\/fr\/produkt\/e150-women-t-shirt\/#primaryimage"},"image":{"@id":"https:\/\/printwave.pl\/fr\/produkt\/e150-women-t-shirt\/#primaryimage"},"thumbnailUrl":"https:\/\/printwave.pl\/fr\/wp-content\/uploads\/sites\/4\/2025\/01\/016_42_207_m-2023_02.jpg","datePublished":"2025-01-27T07:45:37+00:00","dateModified":"2026-02-13T19:52:10+00:00","breadcrumb":{"@id":"https:\/\/printwave.pl\/fr\/produkt\/e150-women-t-shirt\/#breadcrumb"},"inLanguage":"fr-FR","potentialAction":[{"@type":"ReadAction","target":["https:\/\/printwave.pl\/fr\/produkt\/e150-women-t-shirt\/"]}]},{"@type":"ImageObject","inLanguage":"fr-FR","@id":"https:\/\/printwave.pl\/fr\/produkt\/e150-women-t-shirt\/#primaryimage","url":"https:\/\/printwave.pl\/fr\/wp-content\/uploads\/sites\/4\/2025\/01\/016_42_207_m-2023_02.jpg","contentUrl":"https:\/\/printwave.pl\/fr\/wp-content\/uploads\/sites\/4\/2025\/01\/016_42_207_m-2023_02.jpg","width":1024,"height":1304},{"@type":"BreadcrumbList","@id":"https:\/\/printwave.pl\/fr\/produkt\/e150-women-t-shirt\/#breadcrumb","itemListElement":[{"@type":"ListItem","position":1,"name":"Accueil","item":"https:\/\/printwave.pl\/fr\/"},{"@type":"ListItem","position":2,"name":"Boutique","item":"https:\/\/printwave.pl\/fr\/boutique\/"},{"@type":"ListItem","position":3,"name":"#E150 \/women T-Shirt"}]},{"@type":"WebSite","@id":"https:\/\/printwave.pl\/fr\/#website","url":"https:\/\/printwave.pl\/fr\/","name":"Printwave","description":"Votre fournisseur de v\u00eatements promotionnels et d&#039;entreprise en Pologne","potentialAction":[{"@type":"SearchAction","target":{"@type":"EntryPoint","urlTemplate":"https:\/\/printwave.pl\/fr\/?s={search_term_string}"},"query-input":{"@type":"PropertyValueSpecification","valueRequired":true,"valueName":"search_term_string"}}],"inLanguage":"fr-FR"}]}},"_links":{"self":[{"href":"https:\/\/printwave.pl\/fr\/wp-json\/wp\/v2\/product\/570263","targetHints":{"allow":["GET"]}}],"collection":[{"href":"https:\/\/printwave.pl\/fr\/wp-json\/wp\/v2\/product"}],"about":[{"href":"https:\/\/printwave.pl\/fr\/wp-json\/wp\/v2\/types\/product"}],"replies":[{"embeddable":true,"href":"https:\/\/printwave.pl\/fr\/wp-json\/wp\/v2\/comments?post=570263"}],"wp:featuredmedia":[{"embeddable":true,"href":"https:\/\/printwave.pl\/fr\/wp-json\/wp\/v2\/media\/570258"}],"wp:attachment":[{"href":"https:\/\/printwave.pl\/fr\/wp-json\/wp\/v2\/media?parent=570263"}],"wp:term":[{"taxonomy":"product_brand","embeddable":true,"href":"https:\/\/printwave.pl\/fr\/wp-json\/wp\/v2\/product_brand?post=570263"},{"taxonomy":"product_cat","embeddable":true,"href":"https:\/\/printwave.pl\/fr\/wp-json\/wp\/v2\/product_cat?post=570263"},{"taxonomy":"product_tag","embeddable":true,"href":"https:\/\/printwave.pl\/fr\/wp-json\/wp\/v2\/product_tag?post=570263"}],"curies":[{"name":"wp","href":"https:\/\/api.w.org\/{rel}","templated":true}]}}