{"id":568964,"date":"2025-01-27T07:53:32","date_gmt":"2025-01-27T06:53:32","guid":{"rendered":"https:\/\/printwave.pl\/fr\/produkt\/mens-ls-tailored-washed-oxford-shirt\/"},"modified":"2026-02-13T20:45:01","modified_gmt":"2026-02-13T19:45:01","slug":"mens-ls-tailored-washed-oxford-shirt","status":"publish","type":"product","link":"https:\/\/printwave.pl\/fr\/produkt\/mens-ls-tailored-washed-oxford-shirt\/","title":{"rendered":"Men&rsquo;s LS Tailored Washed Oxford Shirt"},"content":{"rendered":"<p>\u00b7130 g\/m\u00b2<br \/>\n\u00b7100% coton (biologique)<br \/>\n\u00b7v\u00eatement lav\u00e9<br \/>\n\u00b7col boutonn\u00e9<br \/>\n\u00b7couleurs contrast\u00e9es \u00e0 l&rsquo;int\u00e9rieur du col et des poignets<br \/>\n\u00b7boutons contrast\u00e9s<br \/>\n\u00b7poche poitrine gauche<br \/>\n\u00b7boucle amovible pour la fixation de cravates ou de lunettes<br \/>\n\u00b7poignets ajustables \u00e0 2 boutons<br \/>\n\u00b7ourlet incurv\u00e9<br \/>\n\u00b7entretien facile<br \/>\n\u00b7coupe ajust\u00e9e.<\/p>\n","protected":false},"excerpt":{"rendered":"<p>\u00b7130 g\/m\u00b2 \u00b7100% coton (biologique) \u00b7v\u00eatement lav\u00e9 \u00b7col boutonn\u00e9 \u00b7couleurs contrast\u00e9es \u00e0 l&rsquo;int\u00e9rieur du col et des poignets \u00b7boutons contrast\u00e9s<\/p>\n","protected":false},"featured_media":568955,"comment_status":"open","ping_status":"closed","template":"","meta":[],"product_brand":[],"product_cat":[154,895,354,162],"product_tag":[],"class_list":{"0":"post-568964","1":"product","2":"type-product","3":"status-publish","4":"has-post-thumbnail","6":"product_cat-all-eco","7":"product_cat-chemises-pulls","8":"product_cat-eco-responsable","9":"product_cat-organic","10":"pa_certificats-bsci","11":"pa_certificats-ocs-100-organic","12":"pa_certificats-oeko-tex-standard-100","13":"pa_certificats-wrap","14":"pa_couleur-oxford-blue-oxford-navy","15":"pa_couleur-oxford-navy-oxford-blue","16":"pa_couleur-oxford-red-cream","17":"pa_couleur-white-oxford-blue","18":"pa_details-cintre","19":"pa_details-poche-poitrine","20":"pa_eco-organique","21":"pa_groupe-de-produits-chemises","22":"pa_groupe-de-produits-facile-dentretien","23":"pa_groupe-de-produits-style","24":"pa_manche-manches-longues","25":"pa_marque-russell-collection","26":"pa_numero-de-style-5299","27":"pa_sexe-hommes","28":"pa_taille-2xl","29":"pa_taille-3xl","30":"pa_taille-4xl","31":"pa_taille-l","32":"pa_taille-m","33":"pa_taille-s","34":"pa_taille-xl","35":"pa_tissu-organiques","37":"first","38":"instock","39":"taxable","40":"shipping-taxable","41":"purchasable","42":"product-type-variable"},"yoast_head":"<!-- This site is optimized with the Yoast SEO Premium plugin v20.9 (Yoast SEO v26.3) - https:\/\/yoast.com\/wordpress\/plugins\/seo\/ -->\n<title>Men&#039;s LS Tailored Washed Oxford Shirt | Printwave FR<\/title>\n<meta name=\"robots\" content=\"index, follow, max-snippet:-1, max-image-preview:large, max-video-preview:-1\" \/>\n<link rel=\"canonical\" href=\"https:\/\/printwave.pl\/fr\/produkt\/mens-ls-tailored-washed-oxford-shirt\/\" \/>\n<meta property=\"og:locale\" content=\"fr_FR\" \/>\n<meta property=\"og:type\" content=\"article\" \/>\n<meta property=\"og:title\" content=\"Men&#039;s LS Tailored Washed Oxford Shirt\" \/>\n<meta property=\"og:description\" content=\"\u00b7130 g\/m\u00b2 \u00b7100% coton (biologique) \u00b7v\u00eatement lav\u00e9 \u00b7col boutonn\u00e9 \u00b7couleurs contrast\u00e9es \u00e0 l&rsquo;int\u00e9rieur du col et des poignets \u00b7boutons contrast\u00e9s\" \/>\n<meta property=\"og:url\" content=\"https:\/\/printwave.pl\/fr\/produkt\/mens-ls-tailored-washed-oxford-shirt\/\" \/>\n<meta property=\"og:site_name\" content=\"Printwave FR\" \/>\n<meta property=\"article:modified_time\" content=\"2026-02-13T19:45:01+00:00\" \/>\n<meta property=\"og:image\" content=\"https:\/\/printwave.pl\/fr\/wp-content\/uploads\/sites\/4\/2025\/01\/020_00_454_m-2023_03.jpg\" \/>\n\t<meta property=\"og:image:width\" content=\"1024\" \/>\n\t<meta property=\"og:image:height\" content=\"1304\" \/>\n\t<meta property=\"og:image:type\" content=\"image\/jpeg\" \/>\n<meta name=\"twitter:card\" content=\"summary_large_image\" \/>\n<script type=\"application\/ld+json\" class=\"yoast-schema-graph\">{\"@context\":\"https:\/\/schema.org\",\"@graph\":[{\"@type\":\"WebPage\",\"@id\":\"https:\/\/printwave.pl\/fr\/produkt\/mens-ls-tailored-washed-oxford-shirt\/\",\"url\":\"https:\/\/printwave.pl\/fr\/produkt\/mens-ls-tailored-washed-oxford-shirt\/\",\"name\":\"Men's LS Tailored Washed Oxford Shirt | Printwave FR\",\"isPartOf\":{\"@id\":\"https:\/\/printwave.pl\/fr\/#website\"},\"primaryImageOfPage\":{\"@id\":\"https:\/\/printwave.pl\/fr\/produkt\/mens-ls-tailored-washed-oxford-shirt\/#primaryimage\"},\"image\":{\"@id\":\"https:\/\/printwave.pl\/fr\/produkt\/mens-ls-tailored-washed-oxford-shirt\/#primaryimage\"},\"thumbnailUrl\":\"https:\/\/printwave.pl\/fr\/wp-content\/uploads\/sites\/4\/2025\/01\/020_00_454_m-2023_03.jpg\",\"datePublished\":\"2025-01-27T06:53:32+00:00\",\"dateModified\":\"2026-02-13T19:45:01+00:00\",\"breadcrumb\":{\"@id\":\"https:\/\/printwave.pl\/fr\/produkt\/mens-ls-tailored-washed-oxford-shirt\/#breadcrumb\"},\"inLanguage\":\"fr-FR\",\"potentialAction\":[{\"@type\":\"ReadAction\",\"target\":[\"https:\/\/printwave.pl\/fr\/produkt\/mens-ls-tailored-washed-oxford-shirt\/\"]}]},{\"@type\":\"ImageObject\",\"inLanguage\":\"fr-FR\",\"@id\":\"https:\/\/printwave.pl\/fr\/produkt\/mens-ls-tailored-washed-oxford-shirt\/#primaryimage\",\"url\":\"https:\/\/printwave.pl\/fr\/wp-content\/uploads\/sites\/4\/2025\/01\/020_00_454_m-2023_03.jpg\",\"contentUrl\":\"https:\/\/printwave.pl\/fr\/wp-content\/uploads\/sites\/4\/2025\/01\/020_00_454_m-2023_03.jpg\",\"width\":1024,\"height\":1304},{\"@type\":\"BreadcrumbList\",\"@id\":\"https:\/\/printwave.pl\/fr\/produkt\/mens-ls-tailored-washed-oxford-shirt\/#breadcrumb\",\"itemListElement\":[{\"@type\":\"ListItem\",\"position\":1,\"name\":\"Accueil\",\"item\":\"https:\/\/printwave.pl\/fr\/\"},{\"@type\":\"ListItem\",\"position\":2,\"name\":\"Boutique\",\"item\":\"https:\/\/printwave.pl\/fr\/boutique\/\"},{\"@type\":\"ListItem\",\"position\":3,\"name\":\"Men&rsquo;s LS Tailored Washed Oxford Shirt\"}]},{\"@type\":\"WebSite\",\"@id\":\"https:\/\/printwave.pl\/fr\/#website\",\"url\":\"https:\/\/printwave.pl\/fr\/\",\"name\":\"Printwave\",\"description\":\"Votre fournisseur de v\u00eatements promotionnels et d&#039;entreprise en Pologne\",\"potentialAction\":[{\"@type\":\"SearchAction\",\"target\":{\"@type\":\"EntryPoint\",\"urlTemplate\":\"https:\/\/printwave.pl\/fr\/?s={search_term_string}\"},\"query-input\":{\"@type\":\"PropertyValueSpecification\",\"valueRequired\":true,\"valueName\":\"search_term_string\"}}],\"inLanguage\":\"fr-FR\"}]}<\/script>\n<!-- \/ Yoast SEO Premium plugin. -->","yoast_head_json":{"title":"Men's LS Tailored Washed Oxford Shirt | Printwave FR","robots":{"index":"index","follow":"follow","max-snippet":"max-snippet:-1","max-image-preview":"max-image-preview:large","max-video-preview":"max-video-preview:-1"},"canonical":"https:\/\/printwave.pl\/fr\/produkt\/mens-ls-tailored-washed-oxford-shirt\/","og_locale":"fr_FR","og_type":"article","og_title":"Men's LS Tailored Washed Oxford Shirt","og_description":"\u00b7130 g\/m\u00b2 \u00b7100% coton (biologique) \u00b7v\u00eatement lav\u00e9 \u00b7col boutonn\u00e9 \u00b7couleurs contrast\u00e9es \u00e0 l&rsquo;int\u00e9rieur du col et des poignets \u00b7boutons contrast\u00e9s","og_url":"https:\/\/printwave.pl\/fr\/produkt\/mens-ls-tailored-washed-oxford-shirt\/","og_site_name":"Printwave FR","article_modified_time":"2026-02-13T19:45:01+00:00","og_image":[{"width":1024,"height":1304,"url":"https:\/\/printwave.pl\/fr\/wp-content\/uploads\/sites\/4\/2025\/01\/020_00_454_m-2023_03.jpg","type":"image\/jpeg"}],"twitter_card":"summary_large_image","schema":{"@context":"https:\/\/schema.org","@graph":[{"@type":"WebPage","@id":"https:\/\/printwave.pl\/fr\/produkt\/mens-ls-tailored-washed-oxford-shirt\/","url":"https:\/\/printwave.pl\/fr\/produkt\/mens-ls-tailored-washed-oxford-shirt\/","name":"Men's LS Tailored Washed Oxford Shirt | Printwave FR","isPartOf":{"@id":"https:\/\/printwave.pl\/fr\/#website"},"primaryImageOfPage":{"@id":"https:\/\/printwave.pl\/fr\/produkt\/mens-ls-tailored-washed-oxford-shirt\/#primaryimage"},"image":{"@id":"https:\/\/printwave.pl\/fr\/produkt\/mens-ls-tailored-washed-oxford-shirt\/#primaryimage"},"thumbnailUrl":"https:\/\/printwave.pl\/fr\/wp-content\/uploads\/sites\/4\/2025\/01\/020_00_454_m-2023_03.jpg","datePublished":"2025-01-27T06:53:32+00:00","dateModified":"2026-02-13T19:45:01+00:00","breadcrumb":{"@id":"https:\/\/printwave.pl\/fr\/produkt\/mens-ls-tailored-washed-oxford-shirt\/#breadcrumb"},"inLanguage":"fr-FR","potentialAction":[{"@type":"ReadAction","target":["https:\/\/printwave.pl\/fr\/produkt\/mens-ls-tailored-washed-oxford-shirt\/"]}]},{"@type":"ImageObject","inLanguage":"fr-FR","@id":"https:\/\/printwave.pl\/fr\/produkt\/mens-ls-tailored-washed-oxford-shirt\/#primaryimage","url":"https:\/\/printwave.pl\/fr\/wp-content\/uploads\/sites\/4\/2025\/01\/020_00_454_m-2023_03.jpg","contentUrl":"https:\/\/printwave.pl\/fr\/wp-content\/uploads\/sites\/4\/2025\/01\/020_00_454_m-2023_03.jpg","width":1024,"height":1304},{"@type":"BreadcrumbList","@id":"https:\/\/printwave.pl\/fr\/produkt\/mens-ls-tailored-washed-oxford-shirt\/#breadcrumb","itemListElement":[{"@type":"ListItem","position":1,"name":"Accueil","item":"https:\/\/printwave.pl\/fr\/"},{"@type":"ListItem","position":2,"name":"Boutique","item":"https:\/\/printwave.pl\/fr\/boutique\/"},{"@type":"ListItem","position":3,"name":"Men&rsquo;s LS Tailored Washed Oxford Shirt"}]},{"@type":"WebSite","@id":"https:\/\/printwave.pl\/fr\/#website","url":"https:\/\/printwave.pl\/fr\/","name":"Printwave","description":"Votre fournisseur de v\u00eatements promotionnels et d&#039;entreprise en Pologne","potentialAction":[{"@type":"SearchAction","target":{"@type":"EntryPoint","urlTemplate":"https:\/\/printwave.pl\/fr\/?s={search_term_string}"},"query-input":{"@type":"PropertyValueSpecification","valueRequired":true,"valueName":"search_term_string"}}],"inLanguage":"fr-FR"}]}},"_links":{"self":[{"href":"https:\/\/printwave.pl\/fr\/wp-json\/wp\/v2\/product\/568964","targetHints":{"allow":["GET"]}}],"collection":[{"href":"https:\/\/printwave.pl\/fr\/wp-json\/wp\/v2\/product"}],"about":[{"href":"https:\/\/printwave.pl\/fr\/wp-json\/wp\/v2\/types\/product"}],"replies":[{"embeddable":true,"href":"https:\/\/printwave.pl\/fr\/wp-json\/wp\/v2\/comments?post=568964"}],"wp:featuredmedia":[{"embeddable":true,"href":"https:\/\/printwave.pl\/fr\/wp-json\/wp\/v2\/media\/568955"}],"wp:attachment":[{"href":"https:\/\/printwave.pl\/fr\/wp-json\/wp\/v2\/media?parent=568964"}],"wp:term":[{"taxonomy":"product_brand","embeddable":true,"href":"https:\/\/printwave.pl\/fr\/wp-json\/wp\/v2\/product_brand?post=568964"},{"taxonomy":"product_cat","embeddable":true,"href":"https:\/\/printwave.pl\/fr\/wp-json\/wp\/v2\/product_cat?post=568964"},{"taxonomy":"product_tag","embeddable":true,"href":"https:\/\/printwave.pl\/fr\/wp-json\/wp\/v2\/product_tag?post=568964"}],"curies":[{"name":"wp","href":"https:\/\/api.w.org\/{rel}","templated":true}]}}