{"id":568900,"date":"2025-01-27T07:50:46","date_gmt":"2025-01-27T06:50:46","guid":{"rendered":"https:\/\/printwave.pl\/fr\/produkt\/slx-20-litre-daypack\/"},"modified":"2026-02-13T20:44:12","modified_gmt":"2026-02-13T19:44:12","slug":"slx-20-litre-daypack","status":"publish","type":"product","link":"https:\/\/printwave.pl\/fr\/produkt\/slx-20-litre-daypack\/","title":{"rendered":"SLX 20 Litre Daypack"},"content":{"rendered":"<p>\u00b7100% Polyester (600D\/Ripstop)<br \/>\n\u00b7Bretelles r\u00e9glables rembourr\u00e9es<br \/>\n\u00b7Poign\u00e9e de transport, sangles \u00e0 la taille et \u00e0 la poitrine<br \/>\n\u00b7Panneau dorsal rembourr\u00e9, respirant et ergonomique<br \/>\n\u00b7Compatible avec ordinateur portable de 15.6&Prime;<br \/>\n\u00b7Compatible avec une poche d&rsquo;hydratation (019.30-QX510)<br \/>\n\u00b7Housse de protection contre la pluie<br \/>\n\u00b7Diverses attaches et passant arri\u00e8re pour attacher une lampe<br \/>\n\u00b7Poche sur le c\u00f4t\u00e9 avec fermeture \u00e9clair, poche interne en filet<br \/>\n\u00b7Sangles de compression et bandes r\u00e9fl\u00e9chissantes<br \/>\n\u00b7Capacit\u00e9: 20 litres<br \/>\n\u00b7Dimensions: 31 x 48 x 20 cm<br \/>\n\u00b7Surface maximum pour broderie: cadre de 15<br \/>\n\u00b7Surface maximum pour l&rsquo;impression: 14 x 18 cm<br \/>\n\u00b7Compatible avec les tirettes de couleurs interchangeables 093.30 (QX505)<\/p>\n","protected":false},"excerpt":{"rendered":"<p>\u00b7100% Polyester (600D\/Ripstop) \u00b7Bretelles r\u00e9glables rembourr\u00e9es \u00b7Poign\u00e9e de transport, sangles \u00e0 la taille et \u00e0 la poitrine \u00b7Panneau dorsal rembourr\u00e9,<\/p>\n","protected":false},"featured_media":568888,"comment_status":"open","ping_status":"closed","template":"","meta":[],"product_brand":[],"product_cat":[61],"product_tag":[87,1104,1103],"class_list":{"0":"post-568900","1":"product","2":"type-product","3":"status-publish","4":"has-post-thumbnail","6":"product_cat-bagagerie-accessoires","7":"product_tag-biais-reflechissants","8":"product_tag-sacs-a-dos","9":"product_tag-sacs-a-dos-pour-ordinateur-portable","10":"pa_couleur-black","11":"pa_groupe-de-produits-respirant","12":"pa_groupe-de-produits-sac-a-dos","13":"pa_groupe-de-produits-sac-sportifs","14":"pa_marque-quadra","15":"pa_numero-de-style-5297","16":"pa_taille-one-size","17":"pa_tissu-polyester","19":"first","20":"instock","21":"taxable","22":"shipping-taxable","23":"purchasable","24":"product-type-variable"},"yoast_head":"<!-- This site is optimized with the Yoast SEO Premium plugin v20.9 (Yoast SEO v26.3) - https:\/\/yoast.com\/wordpress\/plugins\/seo\/ -->\n<title>SLX 20 Litre Daypack | Printwave FR<\/title>\n<meta name=\"robots\" content=\"index, follow, max-snippet:-1, max-image-preview:large, max-video-preview:-1\" \/>\n<link rel=\"canonical\" href=\"https:\/\/printwave.pl\/fr\/produkt\/slx-20-litre-daypack\/\" \/>\n<meta property=\"og:locale\" content=\"fr_FR\" \/>\n<meta property=\"og:type\" content=\"article\" \/>\n<meta property=\"og:title\" content=\"SLX 20 Litre Daypack\" \/>\n<meta property=\"og:description\" content=\"\u00b7100% Polyester (600D\/Ripstop) \u00b7Bretelles r\u00e9glables rembourr\u00e9es \u00b7Poign\u00e9e de transport, sangles \u00e0 la taille et \u00e0 la poitrine \u00b7Panneau dorsal rembourr\u00e9,\" \/>\n<meta property=\"og:url\" content=\"https:\/\/printwave.pl\/fr\/produkt\/slx-20-litre-daypack\/\" \/>\n<meta property=\"og:site_name\" content=\"Printwave FR\" \/>\n<meta property=\"article:modified_time\" content=\"2026-02-13T19:44:12+00:00\" \/>\n<meta property=\"og:image\" content=\"https:\/\/printwave.pl\/fr\/wp-content\/uploads\/sites\/4\/2025\/01\/020_30_101_m-2022_02.jpg\" \/>\n\t<meta property=\"og:image:width\" content=\"1024\" \/>\n\t<meta property=\"og:image:height\" content=\"1304\" \/>\n\t<meta property=\"og:image:type\" content=\"image\/jpeg\" \/>\n<meta name=\"twitter:card\" content=\"summary_large_image\" \/>\n<script type=\"application\/ld+json\" class=\"yoast-schema-graph\">{\"@context\":\"https:\/\/schema.org\",\"@graph\":[{\"@type\":\"WebPage\",\"@id\":\"https:\/\/printwave.pl\/fr\/produkt\/slx-20-litre-daypack\/\",\"url\":\"https:\/\/printwave.pl\/fr\/produkt\/slx-20-litre-daypack\/\",\"name\":\"SLX 20 Litre Daypack | Printwave FR\",\"isPartOf\":{\"@id\":\"https:\/\/printwave.pl\/fr\/#website\"},\"primaryImageOfPage\":{\"@id\":\"https:\/\/printwave.pl\/fr\/produkt\/slx-20-litre-daypack\/#primaryimage\"},\"image\":{\"@id\":\"https:\/\/printwave.pl\/fr\/produkt\/slx-20-litre-daypack\/#primaryimage\"},\"thumbnailUrl\":\"https:\/\/printwave.pl\/fr\/wp-content\/uploads\/sites\/4\/2025\/01\/020_30_101_m-2022_02.jpg\",\"datePublished\":\"2025-01-27T06:50:46+00:00\",\"dateModified\":\"2026-02-13T19:44:12+00:00\",\"breadcrumb\":{\"@id\":\"https:\/\/printwave.pl\/fr\/produkt\/slx-20-litre-daypack\/#breadcrumb\"},\"inLanguage\":\"fr-FR\",\"potentialAction\":[{\"@type\":\"ReadAction\",\"target\":[\"https:\/\/printwave.pl\/fr\/produkt\/slx-20-litre-daypack\/\"]}]},{\"@type\":\"ImageObject\",\"inLanguage\":\"fr-FR\",\"@id\":\"https:\/\/printwave.pl\/fr\/produkt\/slx-20-litre-daypack\/#primaryimage\",\"url\":\"https:\/\/printwave.pl\/fr\/wp-content\/uploads\/sites\/4\/2025\/01\/020_30_101_m-2022_02.jpg\",\"contentUrl\":\"https:\/\/printwave.pl\/fr\/wp-content\/uploads\/sites\/4\/2025\/01\/020_30_101_m-2022_02.jpg\",\"width\":1024,\"height\":1304},{\"@type\":\"BreadcrumbList\",\"@id\":\"https:\/\/printwave.pl\/fr\/produkt\/slx-20-litre-daypack\/#breadcrumb\",\"itemListElement\":[{\"@type\":\"ListItem\",\"position\":1,\"name\":\"Accueil\",\"item\":\"https:\/\/printwave.pl\/fr\/\"},{\"@type\":\"ListItem\",\"position\":2,\"name\":\"Boutique\",\"item\":\"https:\/\/printwave.pl\/fr\/boutique\/\"},{\"@type\":\"ListItem\",\"position\":3,\"name\":\"SLX 20 Litre Daypack\"}]},{\"@type\":\"WebSite\",\"@id\":\"https:\/\/printwave.pl\/fr\/#website\",\"url\":\"https:\/\/printwave.pl\/fr\/\",\"name\":\"Printwave\",\"description\":\"Votre fournisseur de v\u00eatements promotionnels et d&#039;entreprise en Pologne\",\"potentialAction\":[{\"@type\":\"SearchAction\",\"target\":{\"@type\":\"EntryPoint\",\"urlTemplate\":\"https:\/\/printwave.pl\/fr\/?s={search_term_string}\"},\"query-input\":{\"@type\":\"PropertyValueSpecification\",\"valueRequired\":true,\"valueName\":\"search_term_string\"}}],\"inLanguage\":\"fr-FR\"}]}<\/script>\n<!-- \/ Yoast SEO Premium plugin. -->","yoast_head_json":{"title":"SLX 20 Litre Daypack | Printwave FR","robots":{"index":"index","follow":"follow","max-snippet":"max-snippet:-1","max-image-preview":"max-image-preview:large","max-video-preview":"max-video-preview:-1"},"canonical":"https:\/\/printwave.pl\/fr\/produkt\/slx-20-litre-daypack\/","og_locale":"fr_FR","og_type":"article","og_title":"SLX 20 Litre Daypack","og_description":"\u00b7100% Polyester (600D\/Ripstop) \u00b7Bretelles r\u00e9glables rembourr\u00e9es \u00b7Poign\u00e9e de transport, sangles \u00e0 la taille et \u00e0 la poitrine \u00b7Panneau dorsal rembourr\u00e9,","og_url":"https:\/\/printwave.pl\/fr\/produkt\/slx-20-litre-daypack\/","og_site_name":"Printwave FR","article_modified_time":"2026-02-13T19:44:12+00:00","og_image":[{"width":1024,"height":1304,"url":"https:\/\/printwave.pl\/fr\/wp-content\/uploads\/sites\/4\/2025\/01\/020_30_101_m-2022_02.jpg","type":"image\/jpeg"}],"twitter_card":"summary_large_image","schema":{"@context":"https:\/\/schema.org","@graph":[{"@type":"WebPage","@id":"https:\/\/printwave.pl\/fr\/produkt\/slx-20-litre-daypack\/","url":"https:\/\/printwave.pl\/fr\/produkt\/slx-20-litre-daypack\/","name":"SLX 20 Litre Daypack | Printwave FR","isPartOf":{"@id":"https:\/\/printwave.pl\/fr\/#website"},"primaryImageOfPage":{"@id":"https:\/\/printwave.pl\/fr\/produkt\/slx-20-litre-daypack\/#primaryimage"},"image":{"@id":"https:\/\/printwave.pl\/fr\/produkt\/slx-20-litre-daypack\/#primaryimage"},"thumbnailUrl":"https:\/\/printwave.pl\/fr\/wp-content\/uploads\/sites\/4\/2025\/01\/020_30_101_m-2022_02.jpg","datePublished":"2025-01-27T06:50:46+00:00","dateModified":"2026-02-13T19:44:12+00:00","breadcrumb":{"@id":"https:\/\/printwave.pl\/fr\/produkt\/slx-20-litre-daypack\/#breadcrumb"},"inLanguage":"fr-FR","potentialAction":[{"@type":"ReadAction","target":["https:\/\/printwave.pl\/fr\/produkt\/slx-20-litre-daypack\/"]}]},{"@type":"ImageObject","inLanguage":"fr-FR","@id":"https:\/\/printwave.pl\/fr\/produkt\/slx-20-litre-daypack\/#primaryimage","url":"https:\/\/printwave.pl\/fr\/wp-content\/uploads\/sites\/4\/2025\/01\/020_30_101_m-2022_02.jpg","contentUrl":"https:\/\/printwave.pl\/fr\/wp-content\/uploads\/sites\/4\/2025\/01\/020_30_101_m-2022_02.jpg","width":1024,"height":1304},{"@type":"BreadcrumbList","@id":"https:\/\/printwave.pl\/fr\/produkt\/slx-20-litre-daypack\/#breadcrumb","itemListElement":[{"@type":"ListItem","position":1,"name":"Accueil","item":"https:\/\/printwave.pl\/fr\/"},{"@type":"ListItem","position":2,"name":"Boutique","item":"https:\/\/printwave.pl\/fr\/boutique\/"},{"@type":"ListItem","position":3,"name":"SLX 20 Litre Daypack"}]},{"@type":"WebSite","@id":"https:\/\/printwave.pl\/fr\/#website","url":"https:\/\/printwave.pl\/fr\/","name":"Printwave","description":"Votre fournisseur de v\u00eatements promotionnels et d&#039;entreprise en Pologne","potentialAction":[{"@type":"SearchAction","target":{"@type":"EntryPoint","urlTemplate":"https:\/\/printwave.pl\/fr\/?s={search_term_string}"},"query-input":{"@type":"PropertyValueSpecification","valueRequired":true,"valueName":"search_term_string"}}],"inLanguage":"fr-FR"}]}},"_links":{"self":[{"href":"https:\/\/printwave.pl\/fr\/wp-json\/wp\/v2\/product\/568900","targetHints":{"allow":["GET"]}}],"collection":[{"href":"https:\/\/printwave.pl\/fr\/wp-json\/wp\/v2\/product"}],"about":[{"href":"https:\/\/printwave.pl\/fr\/wp-json\/wp\/v2\/types\/product"}],"replies":[{"embeddable":true,"href":"https:\/\/printwave.pl\/fr\/wp-json\/wp\/v2\/comments?post=568900"}],"wp:featuredmedia":[{"embeddable":true,"href":"https:\/\/printwave.pl\/fr\/wp-json\/wp\/v2\/media\/568888"}],"wp:attachment":[{"href":"https:\/\/printwave.pl\/fr\/wp-json\/wp\/v2\/media?parent=568900"}],"wp:term":[{"taxonomy":"product_brand","embeddable":true,"href":"https:\/\/printwave.pl\/fr\/wp-json\/wp\/v2\/product_brand?post=568900"},{"taxonomy":"product_cat","embeddable":true,"href":"https:\/\/printwave.pl\/fr\/wp-json\/wp\/v2\/product_cat?post=568900"},{"taxonomy":"product_tag","embeddable":true,"href":"https:\/\/printwave.pl\/fr\/wp-json\/wp\/v2\/product_tag?post=568900"}],"curies":[{"name":"wp","href":"https:\/\/api.w.org\/{rel}","templated":true}]}}