{"id":568073,"date":"2025-01-27T07:18:26","date_gmt":"2025-01-27T06:18:26","guid":{"rendered":"https:\/\/printwave.pl\/fr\/produkt\/regular-fit-cooltex-contrast-tee\/"},"modified":"2026-02-13T20:41:10","modified_gmt":"2026-02-13T19:41:10","slug":"regular-fit-cooltex-contrast-tee","status":"publish","type":"product","link":"https:\/\/printwave.pl\/fr\/produkt\/regular-fit-cooltex-contrast-tee\/","title":{"rendered":"Regular Fit Cooltex\u00ae Contrast Tee"},"content":{"rendered":"<p>\u00b7140 g\/m\u00b2<br \/>\n\u00b7100% polyester<br \/>\n\u00b7t-shirt fontionnel respirant<br \/>\n\u00b7bande de propret\u00e9<br \/>\n\u00b7rayure contrast\u00e9e au travers des \u00e9paules, du dos et des c\u00f4t\u00e9s<br \/>\n\u00b7coutures lat\u00e9rales<br \/>\n\u00b7Double piq\u00fbre aux extr\u00e9mit\u00e9s<\/p>\n","protected":false},"excerpt":{"rendered":"<p>\u00b7140 g\/m\u00b2 \u00b7100% polyester \u00b7t-shirt fontionnel respirant \u00b7bande de propret\u00e9 \u00b7rayure contrast\u00e9e au travers des \u00e9paules, du dos et des<\/p>\n","protected":false},"featured_media":568072,"comment_status":"open","ping_status":"closed","template":"","meta":[],"product_brand":[],"product_cat":[293],"product_tag":[460,144,1348,991,2298,579,2309,2414,1346,959,86,294,295,1347],"class_list":{"0":"post-568073","1":"product","2":"type-product","3":"status-publish","4":"has-post-thumbnail","6":"product_cat-sports-et-loisirs","7":"product_tag-2-couleurs","8":"product_tag-a-manche-courte","9":"product_tag-chemises-fonctionnelles","10":"product_tag-col-ras-du-cou","11":"product_tag-maillots-de-course","12":"product_tag-manche-courte","13":"product_tag-t-shirts-respirants","14":"product_tag-textiles-d","15":"product_tag-textiles-fonctionnels","16":"product_tag-vetements-dequipe","17":"product_tag-vetements-dexterieur","18":"product_tag-vetements-de-sport","19":"product_tag-vetements-de-sports","20":"product_tag-vetements-fonctionnels","21":"pa_certificats-oeko-tex-standard-100","22":"pa_certificats-wrap","23":"pa_couleur-black-black","24":"pa_couleur-black-fluorescent-lime","25":"pa_couleur-black-fluorescent-orange","26":"pa_couleur-black-red","27":"pa_couleur-navy-light-blue","28":"pa_couleur-navy-navy","29":"pa_couleur-white-red","30":"pa_couleur-white-white","31":"pa_details-xs","32":"pa_details-coutures-laterales","33":"pa_groupe-de-produits-sport-fitness","34":"pa_groupe-de-produits-t-shirts","35":"pa_manche-manches-courtes","36":"pa_marque-kustom-kit","37":"pa_numero-de-style-5290","38":"pa_poids-140-169-g-m","39":"pa_sexe-produits-correspondants","40":"pa_taille-2xl","41":"pa_taille-l","42":"pa_taille-m","43":"pa_taille-s","44":"pa_taille-xl","45":"pa_taille-xs","46":"pa_tissu-polyester","48":"first","49":"instock","50":"taxable","51":"shipping-taxable","52":"purchasable","53":"product-type-variable"},"yoast_head":"<!-- This site is optimized with the Yoast SEO Premium plugin v20.9 (Yoast SEO v26.3) - https:\/\/yoast.com\/wordpress\/plugins\/seo\/ -->\n<title>Regular Fit Cooltex\u00ae Contrast Tee | Printwave FR<\/title>\n<meta name=\"robots\" content=\"index, follow, max-snippet:-1, max-image-preview:large, max-video-preview:-1\" \/>\n<link rel=\"canonical\" href=\"https:\/\/printwave.pl\/fr\/produkt\/regular-fit-cooltex-contrast-tee\/\" \/>\n<meta property=\"og:locale\" content=\"fr_FR\" \/>\n<meta property=\"og:type\" content=\"article\" \/>\n<meta property=\"og:title\" content=\"Regular Fit Cooltex\u00ae Contrast Tee\" \/>\n<meta property=\"og:description\" content=\"\u00b7140 g\/m\u00b2 \u00b7100% polyester \u00b7t-shirt fontionnel respirant \u00b7bande de propret\u00e9 \u00b7rayure contrast\u00e9e au travers des \u00e9paules, du dos et des\" \/>\n<meta property=\"og:url\" content=\"https:\/\/printwave.pl\/fr\/produkt\/regular-fit-cooltex-contrast-tee\/\" \/>\n<meta property=\"og:site_name\" content=\"Printwave FR\" \/>\n<meta property=\"article:modified_time\" content=\"2026-02-13T19:41:10+00:00\" \/>\n<meta property=\"og:image\" content=\"https:\/\/printwave.pl\/fr\/wp-content\/uploads\/sites\/4\/2021\/07\/Print-Wave-logo-2025.png\" \/>\n\t<meta property=\"og:image:width\" content=\"1645\" \/>\n\t<meta property=\"og:image:height\" content=\"297\" \/>\n\t<meta property=\"og:image:type\" content=\"image\/png\" \/>\n<meta name=\"twitter:card\" content=\"summary_large_image\" \/>\n<script type=\"application\/ld+json\" class=\"yoast-schema-graph\">{\"@context\":\"https:\/\/schema.org\",\"@graph\":[{\"@type\":\"WebPage\",\"@id\":\"https:\/\/printwave.pl\/fr\/produkt\/regular-fit-cooltex-contrast-tee\/\",\"url\":\"https:\/\/printwave.pl\/fr\/produkt\/regular-fit-cooltex-contrast-tee\/\",\"name\":\"Regular Fit Cooltex\u00ae Contrast Tee | Printwave FR\",\"isPartOf\":{\"@id\":\"https:\/\/printwave.pl\/fr\/#website\"},\"primaryImageOfPage\":{\"@id\":\"https:\/\/printwave.pl\/fr\/produkt\/regular-fit-cooltex-contrast-tee\/#primaryimage\"},\"image\":{\"@id\":\"https:\/\/printwave.pl\/fr\/produkt\/regular-fit-cooltex-contrast-tee\/#primaryimage\"},\"thumbnailUrl\":\"https:\/\/printwave.pl\/fr\/wp-content\/uploads\/sites\/4\/2025\/01\/021_11_154_m-2024_01.jpg\",\"datePublished\":\"2025-01-27T06:18:26+00:00\",\"dateModified\":\"2026-02-13T19:41:10+00:00\",\"breadcrumb\":{\"@id\":\"https:\/\/printwave.pl\/fr\/produkt\/regular-fit-cooltex-contrast-tee\/#breadcrumb\"},\"inLanguage\":\"fr-FR\",\"potentialAction\":[{\"@type\":\"ReadAction\",\"target\":[\"https:\/\/printwave.pl\/fr\/produkt\/regular-fit-cooltex-contrast-tee\/\"]}]},{\"@type\":\"ImageObject\",\"inLanguage\":\"fr-FR\",\"@id\":\"https:\/\/printwave.pl\/fr\/produkt\/regular-fit-cooltex-contrast-tee\/#primaryimage\",\"url\":\"https:\/\/printwave.pl\/fr\/wp-content\/uploads\/sites\/4\/2025\/01\/021_11_154_m-2024_01.jpg\",\"contentUrl\":\"https:\/\/printwave.pl\/fr\/wp-content\/uploads\/sites\/4\/2025\/01\/021_11_154_m-2024_01.jpg\",\"width\":1024,\"height\":1304},{\"@type\":\"BreadcrumbList\",\"@id\":\"https:\/\/printwave.pl\/fr\/produkt\/regular-fit-cooltex-contrast-tee\/#breadcrumb\",\"itemListElement\":[{\"@type\":\"ListItem\",\"position\":1,\"name\":\"Accueil\",\"item\":\"https:\/\/printwave.pl\/fr\/\"},{\"@type\":\"ListItem\",\"position\":2,\"name\":\"Boutique\",\"item\":\"https:\/\/printwave.pl\/fr\/boutique\/\"},{\"@type\":\"ListItem\",\"position\":3,\"name\":\"Regular Fit Cooltex\u00ae Contrast Tee\"}]},{\"@type\":\"WebSite\",\"@id\":\"https:\/\/printwave.pl\/fr\/#website\",\"url\":\"https:\/\/printwave.pl\/fr\/\",\"name\":\"Printwave\",\"description\":\"Votre fournisseur de v\u00eatements promotionnels et d&#039;entreprise en Pologne\",\"potentialAction\":[{\"@type\":\"SearchAction\",\"target\":{\"@type\":\"EntryPoint\",\"urlTemplate\":\"https:\/\/printwave.pl\/fr\/?s={search_term_string}\"},\"query-input\":{\"@type\":\"PropertyValueSpecification\",\"valueRequired\":true,\"valueName\":\"search_term_string\"}}],\"inLanguage\":\"fr-FR\"}]}<\/script>\n<!-- \/ Yoast SEO Premium plugin. -->","yoast_head_json":{"title":"Regular Fit Cooltex\u00ae Contrast Tee | Printwave FR","robots":{"index":"index","follow":"follow","max-snippet":"max-snippet:-1","max-image-preview":"max-image-preview:large","max-video-preview":"max-video-preview:-1"},"canonical":"https:\/\/printwave.pl\/fr\/produkt\/regular-fit-cooltex-contrast-tee\/","og_locale":"fr_FR","og_type":"article","og_title":"Regular Fit Cooltex\u00ae Contrast Tee","og_description":"\u00b7140 g\/m\u00b2 \u00b7100% polyester \u00b7t-shirt fontionnel respirant \u00b7bande de propret\u00e9 \u00b7rayure contrast\u00e9e au travers des \u00e9paules, du dos et des","og_url":"https:\/\/printwave.pl\/fr\/produkt\/regular-fit-cooltex-contrast-tee\/","og_site_name":"Printwave FR","article_modified_time":"2026-02-13T19:41:10+00:00","og_image":[{"width":1645,"height":297,"url":"https:\/\/printwave.pl\/fr\/wp-content\/uploads\/sites\/4\/2021\/07\/Print-Wave-logo-2025.png","type":"image\/png"}],"twitter_card":"summary_large_image","schema":{"@context":"https:\/\/schema.org","@graph":[{"@type":"WebPage","@id":"https:\/\/printwave.pl\/fr\/produkt\/regular-fit-cooltex-contrast-tee\/","url":"https:\/\/printwave.pl\/fr\/produkt\/regular-fit-cooltex-contrast-tee\/","name":"Regular Fit Cooltex\u00ae Contrast Tee | Printwave FR","isPartOf":{"@id":"https:\/\/printwave.pl\/fr\/#website"},"primaryImageOfPage":{"@id":"https:\/\/printwave.pl\/fr\/produkt\/regular-fit-cooltex-contrast-tee\/#primaryimage"},"image":{"@id":"https:\/\/printwave.pl\/fr\/produkt\/regular-fit-cooltex-contrast-tee\/#primaryimage"},"thumbnailUrl":"https:\/\/printwave.pl\/fr\/wp-content\/uploads\/sites\/4\/2025\/01\/021_11_154_m-2024_01.jpg","datePublished":"2025-01-27T06:18:26+00:00","dateModified":"2026-02-13T19:41:10+00:00","breadcrumb":{"@id":"https:\/\/printwave.pl\/fr\/produkt\/regular-fit-cooltex-contrast-tee\/#breadcrumb"},"inLanguage":"fr-FR","potentialAction":[{"@type":"ReadAction","target":["https:\/\/printwave.pl\/fr\/produkt\/regular-fit-cooltex-contrast-tee\/"]}]},{"@type":"ImageObject","inLanguage":"fr-FR","@id":"https:\/\/printwave.pl\/fr\/produkt\/regular-fit-cooltex-contrast-tee\/#primaryimage","url":"https:\/\/printwave.pl\/fr\/wp-content\/uploads\/sites\/4\/2025\/01\/021_11_154_m-2024_01.jpg","contentUrl":"https:\/\/printwave.pl\/fr\/wp-content\/uploads\/sites\/4\/2025\/01\/021_11_154_m-2024_01.jpg","width":1024,"height":1304},{"@type":"BreadcrumbList","@id":"https:\/\/printwave.pl\/fr\/produkt\/regular-fit-cooltex-contrast-tee\/#breadcrumb","itemListElement":[{"@type":"ListItem","position":1,"name":"Accueil","item":"https:\/\/printwave.pl\/fr\/"},{"@type":"ListItem","position":2,"name":"Boutique","item":"https:\/\/printwave.pl\/fr\/boutique\/"},{"@type":"ListItem","position":3,"name":"Regular Fit Cooltex\u00ae Contrast Tee"}]},{"@type":"WebSite","@id":"https:\/\/printwave.pl\/fr\/#website","url":"https:\/\/printwave.pl\/fr\/","name":"Printwave","description":"Votre fournisseur de v\u00eatements promotionnels et d&#039;entreprise en Pologne","potentialAction":[{"@type":"SearchAction","target":{"@type":"EntryPoint","urlTemplate":"https:\/\/printwave.pl\/fr\/?s={search_term_string}"},"query-input":{"@type":"PropertyValueSpecification","valueRequired":true,"valueName":"search_term_string"}}],"inLanguage":"fr-FR"}]}},"_links":{"self":[{"href":"https:\/\/printwave.pl\/fr\/wp-json\/wp\/v2\/product\/568073","targetHints":{"allow":["GET"]}}],"collection":[{"href":"https:\/\/printwave.pl\/fr\/wp-json\/wp\/v2\/product"}],"about":[{"href":"https:\/\/printwave.pl\/fr\/wp-json\/wp\/v2\/types\/product"}],"replies":[{"embeddable":true,"href":"https:\/\/printwave.pl\/fr\/wp-json\/wp\/v2\/comments?post=568073"}],"wp:featuredmedia":[{"embeddable":true,"href":"https:\/\/printwave.pl\/fr\/wp-json\/wp\/v2\/media\/568072"}],"wp:attachment":[{"href":"https:\/\/printwave.pl\/fr\/wp-json\/wp\/v2\/media?parent=568073"}],"wp:term":[{"taxonomy":"product_brand","embeddable":true,"href":"https:\/\/printwave.pl\/fr\/wp-json\/wp\/v2\/product_brand?post=568073"},{"taxonomy":"product_cat","embeddable":true,"href":"https:\/\/printwave.pl\/fr\/wp-json\/wp\/v2\/product_cat?post=568073"},{"taxonomy":"product_tag","embeddable":true,"href":"https:\/\/printwave.pl\/fr\/wp-json\/wp\/v2\/product_tag?post=568073"}],"curies":[{"name":"wp","href":"https:\/\/api.w.org\/{rel}","templated":true}]}}