{"id":567121,"date":"2025-01-27T06:38:21","date_gmt":"2025-01-27T05:38:21","guid":{"rendered":"https:\/\/printwave.pl\/fr\/produkt\/womens-micro-rib-spaghetti-strap-tank\/"},"modified":"2026-02-13T20:32:51","modified_gmt":"2026-02-13T19:32:51","slug":"womens-micro-rib-spaghetti-strap-tank","status":"publish","type":"product","link":"https:\/\/printwave.pl\/fr\/produkt\/womens-micro-rib-spaghetti-strap-tank\/","title":{"rendered":"Women&rsquo;s Micro Rib Spaghetti Strap Tank"},"content":{"rendered":"<p>\u00b7153 g\/m\u00b2<br \/>\n\u00b752% coton (Airlume peign\u00e9 et ringspun), 48% polyester<br \/>\n\u00b7Athletic Heather : 90% coton (Airlume peign\u00e9 et ringspun, 10% polyester)<br \/>\n\u00b7Pr\u00e9-r\u00e9tr\u00e9ci<br \/>\n\u00b7Longueur 3\/4<br \/>\n\u00b7Coutures lat\u00e9rales<br \/>\n\u00b7Ajust\u00e9<\/p>\n","protected":false},"excerpt":{"rendered":"<p>\u00b7153 g\/m\u00b2 \u00b752% coton (Airlume peign\u00e9 et ringspun), 48% polyester \u00b7Athletic Heather : 90% coton (Airlume peign\u00e9 et ringspun, 10%<\/p>\n","protected":false},"featured_media":567117,"comment_status":"open","ping_status":"closed","template":"","meta":[],"product_brand":[],"product_cat":[1984],"product_tag":[],"class_list":{"0":"post-567121","1":"product","2":"type-product","3":"status-publish","4":"has-post-thumbnail","6":"product_cat-tee-shirts","7":"pa_couleur-athletic-heather","8":"pa_couleur-solid-baby-blue-blend","9":"pa_couleur-solid-black-blend","10":"pa_couleur-solid-navy-blend","11":"pa_couleur-solid-pink-blend","12":"pa_couleur-solid-red-blend","13":"pa_couleur-solid-white-blend","14":"pa_encolure-scoop-neck","15":"pa_groupe-de-produits-t-shirts","16":"pa_manche-sans-manche","17":"pa_marque-bellacanvas","18":"pa_numero-de-style-5263","19":"pa_sexe-femmes","20":"pa_taille-2xl","21":"pa_taille-l","22":"pa_taille-m","23":"pa_taille-s","24":"pa_taille-xl","25":"pa_taille-xs","26":"pa_tissu-melange-de-tissu","28":"first","29":"instock","30":"taxable","31":"shipping-taxable","32":"purchasable","33":"product-type-variable"},"yoast_head":"<!-- This site is optimized with the Yoast SEO Premium plugin v20.9 (Yoast SEO v26.3) - https:\/\/yoast.com\/wordpress\/plugins\/seo\/ -->\n<title>Women&#039;s Micro Rib Spaghetti Strap Tank | Printwave FR<\/title>\n<meta name=\"robots\" content=\"index, follow, max-snippet:-1, max-image-preview:large, max-video-preview:-1\" \/>\n<link rel=\"canonical\" href=\"https:\/\/printwave.pl\/fr\/produkt\/womens-micro-rib-spaghetti-strap-tank\/\" \/>\n<meta property=\"og:locale\" content=\"fr_FR\" \/>\n<meta property=\"og:type\" content=\"article\" \/>\n<meta property=\"og:title\" content=\"Women&#039;s Micro Rib Spaghetti Strap Tank\" \/>\n<meta property=\"og:description\" content=\"\u00b7153 g\/m\u00b2 \u00b752% coton (Airlume peign\u00e9 et ringspun), 48% polyester \u00b7Athletic Heather : 90% coton (Airlume peign\u00e9 et ringspun, 10%\" \/>\n<meta property=\"og:url\" content=\"https:\/\/printwave.pl\/fr\/produkt\/womens-micro-rib-spaghetti-strap-tank\/\" \/>\n<meta property=\"og:site_name\" content=\"Printwave FR\" \/>\n<meta property=\"article:modified_time\" content=\"2026-02-13T19:32:51+00:00\" \/>\n<meta property=\"og:image\" content=\"https:\/\/printwave.pl\/fr\/wp-content\/uploads\/sites\/4\/2025\/01\/025_06_107_m-2024_01.jpg\" \/>\n\t<meta property=\"og:image:width\" content=\"1024\" \/>\n\t<meta property=\"og:image:height\" content=\"1304\" \/>\n\t<meta property=\"og:image:type\" content=\"image\/jpeg\" \/>\n<meta name=\"twitter:card\" content=\"summary_large_image\" \/>\n<script type=\"application\/ld+json\" class=\"yoast-schema-graph\">{\"@context\":\"https:\/\/schema.org\",\"@graph\":[{\"@type\":\"WebPage\",\"@id\":\"https:\/\/printwave.pl\/fr\/produkt\/womens-micro-rib-spaghetti-strap-tank\/\",\"url\":\"https:\/\/printwave.pl\/fr\/produkt\/womens-micro-rib-spaghetti-strap-tank\/\",\"name\":\"Women's Micro Rib Spaghetti Strap Tank | Printwave FR\",\"isPartOf\":{\"@id\":\"https:\/\/printwave.pl\/fr\/#website\"},\"primaryImageOfPage\":{\"@id\":\"https:\/\/printwave.pl\/fr\/produkt\/womens-micro-rib-spaghetti-strap-tank\/#primaryimage\"},\"image\":{\"@id\":\"https:\/\/printwave.pl\/fr\/produkt\/womens-micro-rib-spaghetti-strap-tank\/#primaryimage\"},\"thumbnailUrl\":\"https:\/\/printwave.pl\/fr\/wp-content\/uploads\/sites\/4\/2025\/01\/025_06_107_m-2024_01.jpg\",\"datePublished\":\"2025-01-27T05:38:21+00:00\",\"dateModified\":\"2026-02-13T19:32:51+00:00\",\"breadcrumb\":{\"@id\":\"https:\/\/printwave.pl\/fr\/produkt\/womens-micro-rib-spaghetti-strap-tank\/#breadcrumb\"},\"inLanguage\":\"fr-FR\",\"potentialAction\":[{\"@type\":\"ReadAction\",\"target\":[\"https:\/\/printwave.pl\/fr\/produkt\/womens-micro-rib-spaghetti-strap-tank\/\"]}]},{\"@type\":\"ImageObject\",\"inLanguage\":\"fr-FR\",\"@id\":\"https:\/\/printwave.pl\/fr\/produkt\/womens-micro-rib-spaghetti-strap-tank\/#primaryimage\",\"url\":\"https:\/\/printwave.pl\/fr\/wp-content\/uploads\/sites\/4\/2025\/01\/025_06_107_m-2024_01.jpg\",\"contentUrl\":\"https:\/\/printwave.pl\/fr\/wp-content\/uploads\/sites\/4\/2025\/01\/025_06_107_m-2024_01.jpg\",\"width\":1024,\"height\":1304},{\"@type\":\"BreadcrumbList\",\"@id\":\"https:\/\/printwave.pl\/fr\/produkt\/womens-micro-rib-spaghetti-strap-tank\/#breadcrumb\",\"itemListElement\":[{\"@type\":\"ListItem\",\"position\":1,\"name\":\"Accueil\",\"item\":\"https:\/\/printwave.pl\/fr\/\"},{\"@type\":\"ListItem\",\"position\":2,\"name\":\"Boutique\",\"item\":\"https:\/\/printwave.pl\/fr\/boutique\/\"},{\"@type\":\"ListItem\",\"position\":3,\"name\":\"Women&rsquo;s Micro Rib Spaghetti Strap Tank\"}]},{\"@type\":\"WebSite\",\"@id\":\"https:\/\/printwave.pl\/fr\/#website\",\"url\":\"https:\/\/printwave.pl\/fr\/\",\"name\":\"Printwave\",\"description\":\"Votre fournisseur de v\u00eatements promotionnels et d&#039;entreprise en Pologne\",\"potentialAction\":[{\"@type\":\"SearchAction\",\"target\":{\"@type\":\"EntryPoint\",\"urlTemplate\":\"https:\/\/printwave.pl\/fr\/?s={search_term_string}\"},\"query-input\":{\"@type\":\"PropertyValueSpecification\",\"valueRequired\":true,\"valueName\":\"search_term_string\"}}],\"inLanguage\":\"fr-FR\"}]}<\/script>\n<!-- \/ Yoast SEO Premium plugin. -->","yoast_head_json":{"title":"Women's Micro Rib Spaghetti Strap Tank | Printwave FR","robots":{"index":"index","follow":"follow","max-snippet":"max-snippet:-1","max-image-preview":"max-image-preview:large","max-video-preview":"max-video-preview:-1"},"canonical":"https:\/\/printwave.pl\/fr\/produkt\/womens-micro-rib-spaghetti-strap-tank\/","og_locale":"fr_FR","og_type":"article","og_title":"Women's Micro Rib Spaghetti Strap Tank","og_description":"\u00b7153 g\/m\u00b2 \u00b752% coton (Airlume peign\u00e9 et ringspun), 48% polyester \u00b7Athletic Heather : 90% coton (Airlume peign\u00e9 et ringspun, 10%","og_url":"https:\/\/printwave.pl\/fr\/produkt\/womens-micro-rib-spaghetti-strap-tank\/","og_site_name":"Printwave FR","article_modified_time":"2026-02-13T19:32:51+00:00","og_image":[{"width":1024,"height":1304,"url":"https:\/\/printwave.pl\/fr\/wp-content\/uploads\/sites\/4\/2025\/01\/025_06_107_m-2024_01.jpg","type":"image\/jpeg"}],"twitter_card":"summary_large_image","schema":{"@context":"https:\/\/schema.org","@graph":[{"@type":"WebPage","@id":"https:\/\/printwave.pl\/fr\/produkt\/womens-micro-rib-spaghetti-strap-tank\/","url":"https:\/\/printwave.pl\/fr\/produkt\/womens-micro-rib-spaghetti-strap-tank\/","name":"Women's Micro Rib Spaghetti Strap Tank | Printwave FR","isPartOf":{"@id":"https:\/\/printwave.pl\/fr\/#website"},"primaryImageOfPage":{"@id":"https:\/\/printwave.pl\/fr\/produkt\/womens-micro-rib-spaghetti-strap-tank\/#primaryimage"},"image":{"@id":"https:\/\/printwave.pl\/fr\/produkt\/womens-micro-rib-spaghetti-strap-tank\/#primaryimage"},"thumbnailUrl":"https:\/\/printwave.pl\/fr\/wp-content\/uploads\/sites\/4\/2025\/01\/025_06_107_m-2024_01.jpg","datePublished":"2025-01-27T05:38:21+00:00","dateModified":"2026-02-13T19:32:51+00:00","breadcrumb":{"@id":"https:\/\/printwave.pl\/fr\/produkt\/womens-micro-rib-spaghetti-strap-tank\/#breadcrumb"},"inLanguage":"fr-FR","potentialAction":[{"@type":"ReadAction","target":["https:\/\/printwave.pl\/fr\/produkt\/womens-micro-rib-spaghetti-strap-tank\/"]}]},{"@type":"ImageObject","inLanguage":"fr-FR","@id":"https:\/\/printwave.pl\/fr\/produkt\/womens-micro-rib-spaghetti-strap-tank\/#primaryimage","url":"https:\/\/printwave.pl\/fr\/wp-content\/uploads\/sites\/4\/2025\/01\/025_06_107_m-2024_01.jpg","contentUrl":"https:\/\/printwave.pl\/fr\/wp-content\/uploads\/sites\/4\/2025\/01\/025_06_107_m-2024_01.jpg","width":1024,"height":1304},{"@type":"BreadcrumbList","@id":"https:\/\/printwave.pl\/fr\/produkt\/womens-micro-rib-spaghetti-strap-tank\/#breadcrumb","itemListElement":[{"@type":"ListItem","position":1,"name":"Accueil","item":"https:\/\/printwave.pl\/fr\/"},{"@type":"ListItem","position":2,"name":"Boutique","item":"https:\/\/printwave.pl\/fr\/boutique\/"},{"@type":"ListItem","position":3,"name":"Women&rsquo;s Micro Rib Spaghetti Strap Tank"}]},{"@type":"WebSite","@id":"https:\/\/printwave.pl\/fr\/#website","url":"https:\/\/printwave.pl\/fr\/","name":"Printwave","description":"Votre fournisseur de v\u00eatements promotionnels et d&#039;entreprise en Pologne","potentialAction":[{"@type":"SearchAction","target":{"@type":"EntryPoint","urlTemplate":"https:\/\/printwave.pl\/fr\/?s={search_term_string}"},"query-input":{"@type":"PropertyValueSpecification","valueRequired":true,"valueName":"search_term_string"}}],"inLanguage":"fr-FR"}]}},"_links":{"self":[{"href":"https:\/\/printwave.pl\/fr\/wp-json\/wp\/v2\/product\/567121","targetHints":{"allow":["GET"]}}],"collection":[{"href":"https:\/\/printwave.pl\/fr\/wp-json\/wp\/v2\/product"}],"about":[{"href":"https:\/\/printwave.pl\/fr\/wp-json\/wp\/v2\/types\/product"}],"replies":[{"embeddable":true,"href":"https:\/\/printwave.pl\/fr\/wp-json\/wp\/v2\/comments?post=567121"}],"wp:featuredmedia":[{"embeddable":true,"href":"https:\/\/printwave.pl\/fr\/wp-json\/wp\/v2\/media\/567117"}],"wp:attachment":[{"href":"https:\/\/printwave.pl\/fr\/wp-json\/wp\/v2\/media?parent=567121"}],"wp:term":[{"taxonomy":"product_brand","embeddable":true,"href":"https:\/\/printwave.pl\/fr\/wp-json\/wp\/v2\/product_brand?post=567121"},{"taxonomy":"product_cat","embeddable":true,"href":"https:\/\/printwave.pl\/fr\/wp-json\/wp\/v2\/product_cat?post=567121"},{"taxonomy":"product_tag","embeddable":true,"href":"https:\/\/printwave.pl\/fr\/wp-json\/wp\/v2\/product_tag?post=567121"}],"curies":[{"name":"wp","href":"https:\/\/api.w.org\/{rel}","templated":true}]}}