{"id":566648,"date":"2025-01-27T06:18:57","date_gmt":"2025-01-27T05:18:57","guid":{"rendered":"https:\/\/printwave.pl\/fr\/produkt\/slip-on-trousers-essential\/"},"modified":"2026-02-13T20:27:34","modified_gmt":"2026-02-13T19:27:34","slug":"slip-on-trousers-essential","status":"publish","type":"product","link":"https:\/\/printwave.pl\/fr\/produkt\/slip-on-trousers-essential\/","title":{"rendered":"Slip-on Trousers Essential"},"content":{"rendered":"<p>\u00b7150 g\/m\u00b2<br \/>\n\u00b765% polyester (recycl\u00e9), 35% coton (serg\u00e9)<br \/>\n\u00b7Tissu l\u00e9ger<br \/>\n\u00b7Grand teint, facile d&rsquo;entretien, durable<br \/>\n\u00b7Ceinture \u00e9lastique et cordon pour ajuster la taille<br \/>\n\u00b7Taille normale<br \/>\n\u00b72 poches lat\u00e9rales<br \/>\n\u00b71 poche plaqu\u00e9e \u00e0 droite \u00e0 l&rsquo;arri\u00e8re<br \/>\n\u00b7Jambe droite, coupe confortable<br \/>\n\u00b7Lavable jusqu&rsquo;\u00e0 95\u00b0C<br \/>\n\u00b7Unisexe<\/p>\n","protected":false},"excerpt":{"rendered":"<p>\u00b7150 g\/m\u00b2 \u00b765% polyester (recycl\u00e9), 35% coton (serg\u00e9) \u00b7Tissu l\u00e9ger \u00b7Grand teint, facile d&rsquo;entretien, durable \u00b7Ceinture \u00e9lastique et cordon pour<\/p>\n","protected":false},"featured_media":566643,"comment_status":"open","ping_status":"closed","template":"","meta":[],"product_brand":[],"product_cat":[154,354,427,128,60,42],"product_tag":[],"class_list":{"0":"post-566648","1":"product","2":"type-product","3":"status-publish","4":"has-post-thumbnail","6":"product_cat-all-eco","7":"product_cat-eco-responsable","8":"product_cat-lavable-jusqua-90c","9":"product_cat-meilleures-ventes","10":"product_cat-recycled","11":"product_cat-tabliers-blouses-hospitality","12":"pa_certificats-oeko-tex-standard-100","13":"pa_couleur-black","14":"pa_couleur-emerald-green","15":"pa_couleur-navy","16":"pa_couleur-royal-blue","17":"pa_couleur-white","18":"pa_eco-recycle","19":"pa_groupe-de-produits-lavable-jusqua-90","20":"pa_groupe-de-produits-pantalons","21":"pa_groupe-de-produits-vetements-de-travail","22":"pa_marque-karlowsky","23":"pa_numero-de-style-5250","24":"pa_poids-140-169-g-m","25":"pa_sexe-hommes","26":"pa_taille-2xl","27":"pa_taille-3xl","28":"pa_taille-4xl","29":"pa_taille-5xl","30":"pa_taille-l","31":"pa_taille-m","32":"pa_taille-s","33":"pa_taille-xl","34":"pa_taille-xs","35":"pa_tissu-melange-de-tissu","37":"first","38":"instock","39":"taxable","40":"shipping-taxable","41":"purchasable","42":"product-type-variable"},"yoast_head":"<!-- This site is optimized with the Yoast SEO Premium plugin v20.9 (Yoast SEO v26.3) - https:\/\/yoast.com\/wordpress\/plugins\/seo\/ -->\n<title>Slip-on Trousers Essential | Printwave FR<\/title>\n<meta name=\"robots\" content=\"index, follow, max-snippet:-1, max-image-preview:large, max-video-preview:-1\" \/>\n<link rel=\"canonical\" href=\"https:\/\/printwave.pl\/fr\/produkt\/slip-on-trousers-essential\/\" \/>\n<meta property=\"og:locale\" content=\"fr_FR\" \/>\n<meta property=\"og:type\" content=\"article\" \/>\n<meta property=\"og:title\" content=\"Slip-on Trousers Essential\" \/>\n<meta property=\"og:description\" content=\"\u00b7150 g\/m\u00b2 \u00b765% polyester (recycl\u00e9), 35% coton (serg\u00e9) \u00b7Tissu l\u00e9ger \u00b7Grand teint, facile d&rsquo;entretien, durable \u00b7Ceinture \u00e9lastique et cordon pour\" \/>\n<meta property=\"og:url\" content=\"https:\/\/printwave.pl\/fr\/produkt\/slip-on-trousers-essential\/\" \/>\n<meta property=\"og:site_name\" content=\"Printwave FR\" \/>\n<meta property=\"article:modified_time\" content=\"2026-02-13T19:27:34+00:00\" \/>\n<meta property=\"og:image\" content=\"https:\/\/printwave.pl\/fr\/wp-content\/uploads\/sites\/4\/2025\/01\/026_67_200_m-2022_01.jpg\" \/>\n\t<meta property=\"og:image:width\" content=\"1024\" \/>\n\t<meta property=\"og:image:height\" content=\"1304\" \/>\n\t<meta property=\"og:image:type\" content=\"image\/jpeg\" \/>\n<meta name=\"twitter:card\" content=\"summary_large_image\" \/>\n<script type=\"application\/ld+json\" class=\"yoast-schema-graph\">{\"@context\":\"https:\/\/schema.org\",\"@graph\":[{\"@type\":\"WebPage\",\"@id\":\"https:\/\/printwave.pl\/fr\/produkt\/slip-on-trousers-essential\/\",\"url\":\"https:\/\/printwave.pl\/fr\/produkt\/slip-on-trousers-essential\/\",\"name\":\"Slip-on Trousers Essential | Printwave FR\",\"isPartOf\":{\"@id\":\"https:\/\/printwave.pl\/fr\/#website\"},\"primaryImageOfPage\":{\"@id\":\"https:\/\/printwave.pl\/fr\/produkt\/slip-on-trousers-essential\/#primaryimage\"},\"image\":{\"@id\":\"https:\/\/printwave.pl\/fr\/produkt\/slip-on-trousers-essential\/#primaryimage\"},\"thumbnailUrl\":\"https:\/\/printwave.pl\/fr\/wp-content\/uploads\/sites\/4\/2025\/01\/026_67_200_m-2022_01.jpg\",\"datePublished\":\"2025-01-27T05:18:57+00:00\",\"dateModified\":\"2026-02-13T19:27:34+00:00\",\"breadcrumb\":{\"@id\":\"https:\/\/printwave.pl\/fr\/produkt\/slip-on-trousers-essential\/#breadcrumb\"},\"inLanguage\":\"fr-FR\",\"potentialAction\":[{\"@type\":\"ReadAction\",\"target\":[\"https:\/\/printwave.pl\/fr\/produkt\/slip-on-trousers-essential\/\"]}]},{\"@type\":\"ImageObject\",\"inLanguage\":\"fr-FR\",\"@id\":\"https:\/\/printwave.pl\/fr\/produkt\/slip-on-trousers-essential\/#primaryimage\",\"url\":\"https:\/\/printwave.pl\/fr\/wp-content\/uploads\/sites\/4\/2025\/01\/026_67_200_m-2022_01.jpg\",\"contentUrl\":\"https:\/\/printwave.pl\/fr\/wp-content\/uploads\/sites\/4\/2025\/01\/026_67_200_m-2022_01.jpg\",\"width\":1024,\"height\":1304},{\"@type\":\"BreadcrumbList\",\"@id\":\"https:\/\/printwave.pl\/fr\/produkt\/slip-on-trousers-essential\/#breadcrumb\",\"itemListElement\":[{\"@type\":\"ListItem\",\"position\":1,\"name\":\"Accueil\",\"item\":\"https:\/\/printwave.pl\/fr\/\"},{\"@type\":\"ListItem\",\"position\":2,\"name\":\"Boutique\",\"item\":\"https:\/\/printwave.pl\/fr\/boutique\/\"},{\"@type\":\"ListItem\",\"position\":3,\"name\":\"Slip-on Trousers Essential\"}]},{\"@type\":\"WebSite\",\"@id\":\"https:\/\/printwave.pl\/fr\/#website\",\"url\":\"https:\/\/printwave.pl\/fr\/\",\"name\":\"Printwave\",\"description\":\"Votre fournisseur de v\u00eatements promotionnels et d&#039;entreprise en Pologne\",\"potentialAction\":[{\"@type\":\"SearchAction\",\"target\":{\"@type\":\"EntryPoint\",\"urlTemplate\":\"https:\/\/printwave.pl\/fr\/?s={search_term_string}\"},\"query-input\":{\"@type\":\"PropertyValueSpecification\",\"valueRequired\":true,\"valueName\":\"search_term_string\"}}],\"inLanguage\":\"fr-FR\"}]}<\/script>\n<!-- \/ Yoast SEO Premium plugin. -->","yoast_head_json":{"title":"Slip-on Trousers Essential | Printwave FR","robots":{"index":"index","follow":"follow","max-snippet":"max-snippet:-1","max-image-preview":"max-image-preview:large","max-video-preview":"max-video-preview:-1"},"canonical":"https:\/\/printwave.pl\/fr\/produkt\/slip-on-trousers-essential\/","og_locale":"fr_FR","og_type":"article","og_title":"Slip-on Trousers Essential","og_description":"\u00b7150 g\/m\u00b2 \u00b765% polyester (recycl\u00e9), 35% coton (serg\u00e9) \u00b7Tissu l\u00e9ger \u00b7Grand teint, facile d&rsquo;entretien, durable \u00b7Ceinture \u00e9lastique et cordon pour","og_url":"https:\/\/printwave.pl\/fr\/produkt\/slip-on-trousers-essential\/","og_site_name":"Printwave FR","article_modified_time":"2026-02-13T19:27:34+00:00","og_image":[{"width":1024,"height":1304,"url":"https:\/\/printwave.pl\/fr\/wp-content\/uploads\/sites\/4\/2025\/01\/026_67_200_m-2022_01.jpg","type":"image\/jpeg"}],"twitter_card":"summary_large_image","schema":{"@context":"https:\/\/schema.org","@graph":[{"@type":"WebPage","@id":"https:\/\/printwave.pl\/fr\/produkt\/slip-on-trousers-essential\/","url":"https:\/\/printwave.pl\/fr\/produkt\/slip-on-trousers-essential\/","name":"Slip-on Trousers Essential | Printwave FR","isPartOf":{"@id":"https:\/\/printwave.pl\/fr\/#website"},"primaryImageOfPage":{"@id":"https:\/\/printwave.pl\/fr\/produkt\/slip-on-trousers-essential\/#primaryimage"},"image":{"@id":"https:\/\/printwave.pl\/fr\/produkt\/slip-on-trousers-essential\/#primaryimage"},"thumbnailUrl":"https:\/\/printwave.pl\/fr\/wp-content\/uploads\/sites\/4\/2025\/01\/026_67_200_m-2022_01.jpg","datePublished":"2025-01-27T05:18:57+00:00","dateModified":"2026-02-13T19:27:34+00:00","breadcrumb":{"@id":"https:\/\/printwave.pl\/fr\/produkt\/slip-on-trousers-essential\/#breadcrumb"},"inLanguage":"fr-FR","potentialAction":[{"@type":"ReadAction","target":["https:\/\/printwave.pl\/fr\/produkt\/slip-on-trousers-essential\/"]}]},{"@type":"ImageObject","inLanguage":"fr-FR","@id":"https:\/\/printwave.pl\/fr\/produkt\/slip-on-trousers-essential\/#primaryimage","url":"https:\/\/printwave.pl\/fr\/wp-content\/uploads\/sites\/4\/2025\/01\/026_67_200_m-2022_01.jpg","contentUrl":"https:\/\/printwave.pl\/fr\/wp-content\/uploads\/sites\/4\/2025\/01\/026_67_200_m-2022_01.jpg","width":1024,"height":1304},{"@type":"BreadcrumbList","@id":"https:\/\/printwave.pl\/fr\/produkt\/slip-on-trousers-essential\/#breadcrumb","itemListElement":[{"@type":"ListItem","position":1,"name":"Accueil","item":"https:\/\/printwave.pl\/fr\/"},{"@type":"ListItem","position":2,"name":"Boutique","item":"https:\/\/printwave.pl\/fr\/boutique\/"},{"@type":"ListItem","position":3,"name":"Slip-on Trousers Essential"}]},{"@type":"WebSite","@id":"https:\/\/printwave.pl\/fr\/#website","url":"https:\/\/printwave.pl\/fr\/","name":"Printwave","description":"Votre fournisseur de v\u00eatements promotionnels et d&#039;entreprise en Pologne","potentialAction":[{"@type":"SearchAction","target":{"@type":"EntryPoint","urlTemplate":"https:\/\/printwave.pl\/fr\/?s={search_term_string}"},"query-input":{"@type":"PropertyValueSpecification","valueRequired":true,"valueName":"search_term_string"}}],"inLanguage":"fr-FR"}]}},"_links":{"self":[{"href":"https:\/\/printwave.pl\/fr\/wp-json\/wp\/v2\/product\/566648","targetHints":{"allow":["GET"]}}],"collection":[{"href":"https:\/\/printwave.pl\/fr\/wp-json\/wp\/v2\/product"}],"about":[{"href":"https:\/\/printwave.pl\/fr\/wp-json\/wp\/v2\/types\/product"}],"replies":[{"embeddable":true,"href":"https:\/\/printwave.pl\/fr\/wp-json\/wp\/v2\/comments?post=566648"}],"wp:featuredmedia":[{"embeddable":true,"href":"https:\/\/printwave.pl\/fr\/wp-json\/wp\/v2\/media\/566643"}],"wp:attachment":[{"href":"https:\/\/printwave.pl\/fr\/wp-json\/wp\/v2\/media?parent=566648"}],"wp:term":[{"taxonomy":"product_brand","embeddable":true,"href":"https:\/\/printwave.pl\/fr\/wp-json\/wp\/v2\/product_brand?post=566648"},{"taxonomy":"product_cat","embeddable":true,"href":"https:\/\/printwave.pl\/fr\/wp-json\/wp\/v2\/product_cat?post=566648"},{"taxonomy":"product_tag","embeddable":true,"href":"https:\/\/printwave.pl\/fr\/wp-json\/wp\/v2\/product_tag?post=566648"}],"curies":[{"name":"wp","href":"https:\/\/api.w.org\/{rel}","templated":true}]}}