{"id":566290,"date":"2025-01-27T06:05:08","date_gmt":"2025-01-27T05:05:08","guid":{"rendered":"https:\/\/printwave.pl\/fr\/produkt\/e150-lsl\/"},"modified":"2026-02-13T20:24:51","modified_gmt":"2026-02-13T19:24:51","slug":"e150-lsl","status":"publish","type":"product","link":"https:\/\/printwave.pl\/fr\/produkt\/e150-lsl\/","title":{"rendered":"#E150 LSL"},"content":{"rendered":"<p>\u00b7145 g\/m\u00b2<br \/>\n\u00b7100% coton, pr\u00e9-r\u00e9tr\u00e9ci et ring-spun (Jersey simple)<br \/>\n\u00b7Sport Grey : 85% coton, 15% viscose<br \/>\n\u00b7toucher doux<br \/>\n\u00b7col rond avec liser\u00e9 fin \u00e0 l&rsquo;encolure<br \/>\n\u00b7bande de propret\u00e9<br \/>\n\u00b7manches mont\u00e9es<br \/>\n\u00b7confection tubulaire<br \/>\n\u00b7coupe droite<\/p>\n","protected":false},"excerpt":{"rendered":"<p>\u00b7145 g\/m\u00b2 \u00b7100% coton, pr\u00e9-r\u00e9tr\u00e9ci et ring-spun (Jersey simple) \u00b7Sport Grey : 85% coton, 15% viscose \u00b7toucher doux \u00b7col rond<\/p>\n","protected":false},"featured_media":566285,"comment_status":"open","ping_status":"closed","template":"","meta":[],"product_brand":[],"product_cat":[1984],"product_tag":[],"class_list":{"0":"post-566290","1":"product","2":"type-product","3":"status-publish","4":"has-post-thumbnail","6":"product_cat-tee-shirts","7":"pa_certificats-fwf-fair-wear","8":"pa_certificats-oeko-tex-standard-100","9":"pa_couleur-bear-brown","10":"pa_couleur-black","11":"pa_couleur-bottle-green","12":"pa_couleur-dark-grey","13":"pa_couleur-millennial-pink","14":"pa_couleur-navy","15":"pa_couleur-orange","16":"pa_couleur-red","17":"pa_couleur-royal-blue","18":"pa_couleur-sport-grey","19":"pa_couleur-urban-khaki","20":"pa_couleur-white","21":"pa_details-set-in","22":"pa_encolure-crew-neck","23":"pa_groupe-de-produits-4xl-et-plus","24":"pa_groupe-de-produits-t-shirts","25":"pa_manche-manches-longues","26":"pa_marque-bc","27":"pa_numero-de-style-5244","28":"pa_poids-140-169-g-m","29":"pa_sexe-hommes","30":"pa_taille-2xl","31":"pa_taille-3xl","32":"pa_taille-4xl","33":"pa_taille-l","34":"pa_taille-m","35":"pa_taille-s","36":"pa_taille-xl","37":"pa_tissu-coton","39":"first","40":"instock","41":"taxable","42":"shipping-taxable","43":"purchasable","44":"product-type-variable"},"yoast_head":"<!-- This site is optimized with the Yoast SEO Premium plugin v20.9 (Yoast SEO v26.3) - https:\/\/yoast.com\/wordpress\/plugins\/seo\/ -->\n<title>#E150 LSL | Printwave FR<\/title>\n<meta name=\"robots\" content=\"index, follow, max-snippet:-1, max-image-preview:large, max-video-preview:-1\" \/>\n<link rel=\"canonical\" href=\"https:\/\/printwave.pl\/fr\/produkt\/e150-lsl\/\" \/>\n<meta property=\"og:locale\" content=\"fr_FR\" \/>\n<meta property=\"og:type\" content=\"article\" \/>\n<meta property=\"og:title\" content=\"#E150 LSL\" \/>\n<meta property=\"og:description\" content=\"\u00b7145 g\/m\u00b2 \u00b7100% coton, pr\u00e9-r\u00e9tr\u00e9ci et ring-spun (Jersey simple) \u00b7Sport Grey : 85% coton, 15% viscose \u00b7toucher doux \u00b7col rond\" \/>\n<meta property=\"og:url\" content=\"https:\/\/printwave.pl\/fr\/produkt\/e150-lsl\/\" \/>\n<meta property=\"og:site_name\" content=\"Printwave FR\" \/>\n<meta property=\"article:modified_time\" content=\"2026-02-13T19:24:51+00:00\" \/>\n<meta property=\"og:image\" content=\"https:\/\/printwave.pl\/fr\/wp-content\/uploads\/sites\/4\/2025\/01\/027_42_736_m-2023_01.jpg\" \/>\n\t<meta property=\"og:image:width\" content=\"1024\" \/>\n\t<meta property=\"og:image:height\" content=\"1304\" \/>\n\t<meta property=\"og:image:type\" content=\"image\/jpeg\" \/>\n<meta name=\"twitter:card\" content=\"summary_large_image\" \/>\n<script type=\"application\/ld+json\" class=\"yoast-schema-graph\">{\"@context\":\"https:\/\/schema.org\",\"@graph\":[{\"@type\":\"WebPage\",\"@id\":\"https:\/\/printwave.pl\/fr\/produkt\/e150-lsl\/\",\"url\":\"https:\/\/printwave.pl\/fr\/produkt\/e150-lsl\/\",\"name\":\"#E150 LSL | Printwave FR\",\"isPartOf\":{\"@id\":\"https:\/\/printwave.pl\/fr\/#website\"},\"primaryImageOfPage\":{\"@id\":\"https:\/\/printwave.pl\/fr\/produkt\/e150-lsl\/#primaryimage\"},\"image\":{\"@id\":\"https:\/\/printwave.pl\/fr\/produkt\/e150-lsl\/#primaryimage\"},\"thumbnailUrl\":\"https:\/\/printwave.pl\/fr\/wp-content\/uploads\/sites\/4\/2025\/01\/027_42_736_m-2023_01.jpg\",\"datePublished\":\"2025-01-27T05:05:08+00:00\",\"dateModified\":\"2026-02-13T19:24:51+00:00\",\"breadcrumb\":{\"@id\":\"https:\/\/printwave.pl\/fr\/produkt\/e150-lsl\/#breadcrumb\"},\"inLanguage\":\"fr-FR\",\"potentialAction\":[{\"@type\":\"ReadAction\",\"target\":[\"https:\/\/printwave.pl\/fr\/produkt\/e150-lsl\/\"]}]},{\"@type\":\"ImageObject\",\"inLanguage\":\"fr-FR\",\"@id\":\"https:\/\/printwave.pl\/fr\/produkt\/e150-lsl\/#primaryimage\",\"url\":\"https:\/\/printwave.pl\/fr\/wp-content\/uploads\/sites\/4\/2025\/01\/027_42_736_m-2023_01.jpg\",\"contentUrl\":\"https:\/\/printwave.pl\/fr\/wp-content\/uploads\/sites\/4\/2025\/01\/027_42_736_m-2023_01.jpg\",\"width\":1024,\"height\":1304},{\"@type\":\"BreadcrumbList\",\"@id\":\"https:\/\/printwave.pl\/fr\/produkt\/e150-lsl\/#breadcrumb\",\"itemListElement\":[{\"@type\":\"ListItem\",\"position\":1,\"name\":\"Accueil\",\"item\":\"https:\/\/printwave.pl\/fr\/\"},{\"@type\":\"ListItem\",\"position\":2,\"name\":\"Boutique\",\"item\":\"https:\/\/printwave.pl\/fr\/boutique\/\"},{\"@type\":\"ListItem\",\"position\":3,\"name\":\"#E150 LSL\"}]},{\"@type\":\"WebSite\",\"@id\":\"https:\/\/printwave.pl\/fr\/#website\",\"url\":\"https:\/\/printwave.pl\/fr\/\",\"name\":\"Printwave\",\"description\":\"Votre fournisseur de v\u00eatements promotionnels et d&#039;entreprise en Pologne\",\"potentialAction\":[{\"@type\":\"SearchAction\",\"target\":{\"@type\":\"EntryPoint\",\"urlTemplate\":\"https:\/\/printwave.pl\/fr\/?s={search_term_string}\"},\"query-input\":{\"@type\":\"PropertyValueSpecification\",\"valueRequired\":true,\"valueName\":\"search_term_string\"}}],\"inLanguage\":\"fr-FR\"}]}<\/script>\n<!-- \/ Yoast SEO Premium plugin. -->","yoast_head_json":{"title":"#E150 LSL | Printwave FR","robots":{"index":"index","follow":"follow","max-snippet":"max-snippet:-1","max-image-preview":"max-image-preview:large","max-video-preview":"max-video-preview:-1"},"canonical":"https:\/\/printwave.pl\/fr\/produkt\/e150-lsl\/","og_locale":"fr_FR","og_type":"article","og_title":"#E150 LSL","og_description":"\u00b7145 g\/m\u00b2 \u00b7100% coton, pr\u00e9-r\u00e9tr\u00e9ci et ring-spun (Jersey simple) \u00b7Sport Grey : 85% coton, 15% viscose \u00b7toucher doux \u00b7col rond","og_url":"https:\/\/printwave.pl\/fr\/produkt\/e150-lsl\/","og_site_name":"Printwave FR","article_modified_time":"2026-02-13T19:24:51+00:00","og_image":[{"width":1024,"height":1304,"url":"https:\/\/printwave.pl\/fr\/wp-content\/uploads\/sites\/4\/2025\/01\/027_42_736_m-2023_01.jpg","type":"image\/jpeg"}],"twitter_card":"summary_large_image","schema":{"@context":"https:\/\/schema.org","@graph":[{"@type":"WebPage","@id":"https:\/\/printwave.pl\/fr\/produkt\/e150-lsl\/","url":"https:\/\/printwave.pl\/fr\/produkt\/e150-lsl\/","name":"#E150 LSL | Printwave FR","isPartOf":{"@id":"https:\/\/printwave.pl\/fr\/#website"},"primaryImageOfPage":{"@id":"https:\/\/printwave.pl\/fr\/produkt\/e150-lsl\/#primaryimage"},"image":{"@id":"https:\/\/printwave.pl\/fr\/produkt\/e150-lsl\/#primaryimage"},"thumbnailUrl":"https:\/\/printwave.pl\/fr\/wp-content\/uploads\/sites\/4\/2025\/01\/027_42_736_m-2023_01.jpg","datePublished":"2025-01-27T05:05:08+00:00","dateModified":"2026-02-13T19:24:51+00:00","breadcrumb":{"@id":"https:\/\/printwave.pl\/fr\/produkt\/e150-lsl\/#breadcrumb"},"inLanguage":"fr-FR","potentialAction":[{"@type":"ReadAction","target":["https:\/\/printwave.pl\/fr\/produkt\/e150-lsl\/"]}]},{"@type":"ImageObject","inLanguage":"fr-FR","@id":"https:\/\/printwave.pl\/fr\/produkt\/e150-lsl\/#primaryimage","url":"https:\/\/printwave.pl\/fr\/wp-content\/uploads\/sites\/4\/2025\/01\/027_42_736_m-2023_01.jpg","contentUrl":"https:\/\/printwave.pl\/fr\/wp-content\/uploads\/sites\/4\/2025\/01\/027_42_736_m-2023_01.jpg","width":1024,"height":1304},{"@type":"BreadcrumbList","@id":"https:\/\/printwave.pl\/fr\/produkt\/e150-lsl\/#breadcrumb","itemListElement":[{"@type":"ListItem","position":1,"name":"Accueil","item":"https:\/\/printwave.pl\/fr\/"},{"@type":"ListItem","position":2,"name":"Boutique","item":"https:\/\/printwave.pl\/fr\/boutique\/"},{"@type":"ListItem","position":3,"name":"#E150 LSL"}]},{"@type":"WebSite","@id":"https:\/\/printwave.pl\/fr\/#website","url":"https:\/\/printwave.pl\/fr\/","name":"Printwave","description":"Votre fournisseur de v\u00eatements promotionnels et d&#039;entreprise en Pologne","potentialAction":[{"@type":"SearchAction","target":{"@type":"EntryPoint","urlTemplate":"https:\/\/printwave.pl\/fr\/?s={search_term_string}"},"query-input":{"@type":"PropertyValueSpecification","valueRequired":true,"valueName":"search_term_string"}}],"inLanguage":"fr-FR"}]}},"_links":{"self":[{"href":"https:\/\/printwave.pl\/fr\/wp-json\/wp\/v2\/product\/566290","targetHints":{"allow":["GET"]}}],"collection":[{"href":"https:\/\/printwave.pl\/fr\/wp-json\/wp\/v2\/product"}],"about":[{"href":"https:\/\/printwave.pl\/fr\/wp-json\/wp\/v2\/types\/product"}],"replies":[{"embeddable":true,"href":"https:\/\/printwave.pl\/fr\/wp-json\/wp\/v2\/comments?post=566290"}],"wp:featuredmedia":[{"embeddable":true,"href":"https:\/\/printwave.pl\/fr\/wp-json\/wp\/v2\/media\/566285"}],"wp:attachment":[{"href":"https:\/\/printwave.pl\/fr\/wp-json\/wp\/v2\/media?parent=566290"}],"wp:term":[{"taxonomy":"product_brand","embeddable":true,"href":"https:\/\/printwave.pl\/fr\/wp-json\/wp\/v2\/product_brand?post=566290"},{"taxonomy":"product_cat","embeddable":true,"href":"https:\/\/printwave.pl\/fr\/wp-json\/wp\/v2\/product_cat?post=566290"},{"taxonomy":"product_tag","embeddable":true,"href":"https:\/\/printwave.pl\/fr\/wp-json\/wp\/v2\/product_tag?post=566290"}],"curies":[{"name":"wp","href":"https:\/\/api.w.org\/{rel}","templated":true}]}}