{"id":566145,"date":"2025-01-27T05:59:00","date_gmt":"2025-01-27T04:59:00","guid":{"rendered":"https:\/\/printwave.pl\/fr\/produkt\/stuttgart-laptop-backpack\/"},"modified":"2026-02-13T20:22:41","modified_gmt":"2026-02-13T19:22:41","slug":"stuttgart-laptop-backpack","status":"publish","type":"product","link":"https:\/\/printwave.pl\/fr\/produkt\/stuttgart-laptop-backpack\/","title":{"rendered":"Stuttgart Laptop Backpack"},"content":{"rendered":"<p>\u00b7100% polyester (1680D)<br \/>\n\u00b7large anse pour le transport<br \/>\n\u00b7bretelles rembourr\u00e9es r\u00e9glables<br \/>\n\u00b7dos rembourr\u00e9<br \/>\n\u00b7sangles de compression<br \/>\n\u00b7deux grands compartiments avec fermeture \u00e0 glissi\u00e8re, un compatible jusqu&rsquo;\u00e0 15,6 \u201d<br \/>\n\u00b7poche frontale avec zip<br \/>\n\u00b7deux poches lat\u00e9rales en filet<br \/>\n\u00b7capacit\u00e9 : 23 Litres<br \/>\n\u00b7dimensions : 32 x 43 x 17 cm<br \/>\n\u00b7convient pour la s\u00e9rigraphie, l&rsquo;impression, le transfert et la broderie<\/p>\n","protected":false},"excerpt":{"rendered":"<p>\u00b7100% polyester (1680D) \u00b7large anse pour le transport \u00b7bretelles rembourr\u00e9es r\u00e9glables \u00b7dos rembourr\u00e9 \u00b7sangles de compression \u00b7deux grands compartiments avec<\/p>\n","protected":false},"featured_media":566139,"comment_status":"open","ping_status":"closed","template":"","meta":[],"product_brand":[],"product_cat":[61,128],"product_tag":[],"class_list":{"0":"post-566145","1":"product","2":"type-product","3":"status-publish","4":"has-post-thumbnail","6":"product_cat-bagagerie-accessoires","7":"product_cat-meilleures-ventes","8":"pa_couleur-black","9":"pa_details-ordinateur-portable","10":"pa_groupe-de-produits-sac-a-dos","11":"pa_groupe-de-produits-sac-pour-ordinateur-portable","12":"pa_marque-shugon","13":"pa_numero-de-style-5238","14":"pa_sexe-unisexe","15":"pa_taille-one-size","16":"pa_tissu-polyester","18":"first","19":"outofstock","20":"taxable","21":"shipping-taxable","22":"purchasable","23":"product-type-variable"},"yoast_head":"<!-- This site is optimized with the Yoast SEO Premium plugin v20.9 (Yoast SEO v26.3) - https:\/\/yoast.com\/wordpress\/plugins\/seo\/ -->\n<title>Stuttgart Laptop Backpack | Printwave FR<\/title>\n<meta name=\"robots\" content=\"index, follow, max-snippet:-1, max-image-preview:large, max-video-preview:-1\" \/>\n<link rel=\"canonical\" href=\"https:\/\/printwave.pl\/fr\/produkt\/stuttgart-laptop-backpack\/\" \/>\n<meta property=\"og:locale\" content=\"fr_FR\" \/>\n<meta property=\"og:type\" content=\"article\" \/>\n<meta property=\"og:title\" content=\"Stuttgart Laptop Backpack\" \/>\n<meta property=\"og:description\" content=\"\u00b7100% polyester (1680D) \u00b7large anse pour le transport \u00b7bretelles rembourr\u00e9es r\u00e9glables \u00b7dos rembourr\u00e9 \u00b7sangles de compression \u00b7deux grands compartiments avec\" \/>\n<meta property=\"og:url\" content=\"https:\/\/printwave.pl\/fr\/produkt\/stuttgart-laptop-backpack\/\" \/>\n<meta property=\"og:site_name\" content=\"Printwave FR\" \/>\n<meta property=\"article:modified_time\" content=\"2026-02-13T19:22:41+00:00\" \/>\n<meta property=\"og:image\" content=\"https:\/\/printwave.pl\/fr\/wp-content\/uploads\/sites\/4\/2025\/01\/028_38_101_m-2024_01.jpg\" \/>\n\t<meta property=\"og:image:width\" content=\"1024\" \/>\n\t<meta property=\"og:image:height\" content=\"1304\" \/>\n\t<meta property=\"og:image:type\" content=\"image\/jpeg\" \/>\n<meta name=\"twitter:card\" content=\"summary_large_image\" \/>\n<script type=\"application\/ld+json\" class=\"yoast-schema-graph\">{\"@context\":\"https:\/\/schema.org\",\"@graph\":[{\"@type\":\"WebPage\",\"@id\":\"https:\/\/printwave.pl\/fr\/produkt\/stuttgart-laptop-backpack\/\",\"url\":\"https:\/\/printwave.pl\/fr\/produkt\/stuttgart-laptop-backpack\/\",\"name\":\"Stuttgart Laptop Backpack | Printwave FR\",\"isPartOf\":{\"@id\":\"https:\/\/printwave.pl\/fr\/#website\"},\"primaryImageOfPage\":{\"@id\":\"https:\/\/printwave.pl\/fr\/produkt\/stuttgart-laptop-backpack\/#primaryimage\"},\"image\":{\"@id\":\"https:\/\/printwave.pl\/fr\/produkt\/stuttgart-laptop-backpack\/#primaryimage\"},\"thumbnailUrl\":\"https:\/\/printwave.pl\/fr\/wp-content\/uploads\/sites\/4\/2025\/01\/028_38_101_m-2024_01.jpg\",\"datePublished\":\"2025-01-27T04:59:00+00:00\",\"dateModified\":\"2026-02-13T19:22:41+00:00\",\"breadcrumb\":{\"@id\":\"https:\/\/printwave.pl\/fr\/produkt\/stuttgart-laptop-backpack\/#breadcrumb\"},\"inLanguage\":\"fr-FR\",\"potentialAction\":[{\"@type\":\"ReadAction\",\"target\":[\"https:\/\/printwave.pl\/fr\/produkt\/stuttgart-laptop-backpack\/\"]}]},{\"@type\":\"ImageObject\",\"inLanguage\":\"fr-FR\",\"@id\":\"https:\/\/printwave.pl\/fr\/produkt\/stuttgart-laptop-backpack\/#primaryimage\",\"url\":\"https:\/\/printwave.pl\/fr\/wp-content\/uploads\/sites\/4\/2025\/01\/028_38_101_m-2024_01.jpg\",\"contentUrl\":\"https:\/\/printwave.pl\/fr\/wp-content\/uploads\/sites\/4\/2025\/01\/028_38_101_m-2024_01.jpg\",\"width\":1024,\"height\":1304},{\"@type\":\"BreadcrumbList\",\"@id\":\"https:\/\/printwave.pl\/fr\/produkt\/stuttgart-laptop-backpack\/#breadcrumb\",\"itemListElement\":[{\"@type\":\"ListItem\",\"position\":1,\"name\":\"Accueil\",\"item\":\"https:\/\/printwave.pl\/fr\/\"},{\"@type\":\"ListItem\",\"position\":2,\"name\":\"Boutique\",\"item\":\"https:\/\/printwave.pl\/fr\/boutique\/\"},{\"@type\":\"ListItem\",\"position\":3,\"name\":\"Stuttgart Laptop Backpack\"}]},{\"@type\":\"WebSite\",\"@id\":\"https:\/\/printwave.pl\/fr\/#website\",\"url\":\"https:\/\/printwave.pl\/fr\/\",\"name\":\"Printwave\",\"description\":\"Votre fournisseur de v\u00eatements promotionnels et d&#039;entreprise en Pologne\",\"potentialAction\":[{\"@type\":\"SearchAction\",\"target\":{\"@type\":\"EntryPoint\",\"urlTemplate\":\"https:\/\/printwave.pl\/fr\/?s={search_term_string}\"},\"query-input\":{\"@type\":\"PropertyValueSpecification\",\"valueRequired\":true,\"valueName\":\"search_term_string\"}}],\"inLanguage\":\"fr-FR\"}]}<\/script>\n<!-- \/ Yoast SEO Premium plugin. -->","yoast_head_json":{"title":"Stuttgart Laptop Backpack | Printwave FR","robots":{"index":"index","follow":"follow","max-snippet":"max-snippet:-1","max-image-preview":"max-image-preview:large","max-video-preview":"max-video-preview:-1"},"canonical":"https:\/\/printwave.pl\/fr\/produkt\/stuttgart-laptop-backpack\/","og_locale":"fr_FR","og_type":"article","og_title":"Stuttgart Laptop Backpack","og_description":"\u00b7100% polyester (1680D) \u00b7large anse pour le transport \u00b7bretelles rembourr\u00e9es r\u00e9glables \u00b7dos rembourr\u00e9 \u00b7sangles de compression \u00b7deux grands compartiments avec","og_url":"https:\/\/printwave.pl\/fr\/produkt\/stuttgart-laptop-backpack\/","og_site_name":"Printwave FR","article_modified_time":"2026-02-13T19:22:41+00:00","og_image":[{"width":1024,"height":1304,"url":"https:\/\/printwave.pl\/fr\/wp-content\/uploads\/sites\/4\/2025\/01\/028_38_101_m-2024_01.jpg","type":"image\/jpeg"}],"twitter_card":"summary_large_image","schema":{"@context":"https:\/\/schema.org","@graph":[{"@type":"WebPage","@id":"https:\/\/printwave.pl\/fr\/produkt\/stuttgart-laptop-backpack\/","url":"https:\/\/printwave.pl\/fr\/produkt\/stuttgart-laptop-backpack\/","name":"Stuttgart Laptop Backpack | Printwave FR","isPartOf":{"@id":"https:\/\/printwave.pl\/fr\/#website"},"primaryImageOfPage":{"@id":"https:\/\/printwave.pl\/fr\/produkt\/stuttgart-laptop-backpack\/#primaryimage"},"image":{"@id":"https:\/\/printwave.pl\/fr\/produkt\/stuttgart-laptop-backpack\/#primaryimage"},"thumbnailUrl":"https:\/\/printwave.pl\/fr\/wp-content\/uploads\/sites\/4\/2025\/01\/028_38_101_m-2024_01.jpg","datePublished":"2025-01-27T04:59:00+00:00","dateModified":"2026-02-13T19:22:41+00:00","breadcrumb":{"@id":"https:\/\/printwave.pl\/fr\/produkt\/stuttgart-laptop-backpack\/#breadcrumb"},"inLanguage":"fr-FR","potentialAction":[{"@type":"ReadAction","target":["https:\/\/printwave.pl\/fr\/produkt\/stuttgart-laptop-backpack\/"]}]},{"@type":"ImageObject","inLanguage":"fr-FR","@id":"https:\/\/printwave.pl\/fr\/produkt\/stuttgart-laptop-backpack\/#primaryimage","url":"https:\/\/printwave.pl\/fr\/wp-content\/uploads\/sites\/4\/2025\/01\/028_38_101_m-2024_01.jpg","contentUrl":"https:\/\/printwave.pl\/fr\/wp-content\/uploads\/sites\/4\/2025\/01\/028_38_101_m-2024_01.jpg","width":1024,"height":1304},{"@type":"BreadcrumbList","@id":"https:\/\/printwave.pl\/fr\/produkt\/stuttgart-laptop-backpack\/#breadcrumb","itemListElement":[{"@type":"ListItem","position":1,"name":"Accueil","item":"https:\/\/printwave.pl\/fr\/"},{"@type":"ListItem","position":2,"name":"Boutique","item":"https:\/\/printwave.pl\/fr\/boutique\/"},{"@type":"ListItem","position":3,"name":"Stuttgart Laptop Backpack"}]},{"@type":"WebSite","@id":"https:\/\/printwave.pl\/fr\/#website","url":"https:\/\/printwave.pl\/fr\/","name":"Printwave","description":"Votre fournisseur de v\u00eatements promotionnels et d&#039;entreprise en Pologne","potentialAction":[{"@type":"SearchAction","target":{"@type":"EntryPoint","urlTemplate":"https:\/\/printwave.pl\/fr\/?s={search_term_string}"},"query-input":{"@type":"PropertyValueSpecification","valueRequired":true,"valueName":"search_term_string"}}],"inLanguage":"fr-FR"}]}},"_links":{"self":[{"href":"https:\/\/printwave.pl\/fr\/wp-json\/wp\/v2\/product\/566145","targetHints":{"allow":["GET"]}}],"collection":[{"href":"https:\/\/printwave.pl\/fr\/wp-json\/wp\/v2\/product"}],"about":[{"href":"https:\/\/printwave.pl\/fr\/wp-json\/wp\/v2\/types\/product"}],"replies":[{"embeddable":true,"href":"https:\/\/printwave.pl\/fr\/wp-json\/wp\/v2\/comments?post=566145"}],"wp:featuredmedia":[{"embeddable":true,"href":"https:\/\/printwave.pl\/fr\/wp-json\/wp\/v2\/media\/566139"}],"wp:attachment":[{"href":"https:\/\/printwave.pl\/fr\/wp-json\/wp\/v2\/media?parent=566145"}],"wp:term":[{"taxonomy":"product_brand","embeddable":true,"href":"https:\/\/printwave.pl\/fr\/wp-json\/wp\/v2\/product_brand?post=566145"},{"taxonomy":"product_cat","embeddable":true,"href":"https:\/\/printwave.pl\/fr\/wp-json\/wp\/v2\/product_cat?post=566145"},{"taxonomy":"product_tag","embeddable":true,"href":"https:\/\/printwave.pl\/fr\/wp-json\/wp\/v2\/product_tag?post=566145"}],"curies":[{"name":"wp","href":"https:\/\/api.w.org\/{rel}","templated":true}]}}