{"id":565191,"date":"2025-01-27T05:20:03","date_gmt":"2025-01-27T04:20:03","guid":{"rendered":"https:\/\/printwave.pl\/fr\/produkt\/baby-sweatshirt\/"},"modified":"2026-02-13T20:14:29","modified_gmt":"2026-02-13T19:14:29","slug":"baby-sweatshirt","status":"publish","type":"product","link":"https:\/\/printwave.pl\/fr\/produkt\/baby-sweatshirt\/","title":{"rendered":"Baby Sweatshirt"},"content":{"rendered":"<p>\u00b7280 g\/m\u00b2<br \/>\n\u00b780% coton, 20% polyester (french terry)<br \/>\n\u00b7Heather Grey Melange: 84% coton, 16% viscose<br \/>\n\u00b7bord c\u00f4te doux au col rond<br \/>\n\u00b72 boutons \u00e0 l \u00e9paule pour ouverture ais\u00e9e<br \/>\n\u00b7\u00e9tiquette d\u00e9tachable dans le cou<br \/>\n\u00b7surpiq\u00fbres en V au niveau du col<br \/>\n\u00b7bord c\u00f4te doux aux poignets<br \/>\n\u00b7base droite, fentes lat\u00e9rales et dos l\u00e9g\u00e8rement plus long<\/p>\n","protected":false},"excerpt":{"rendered":"<p>\u00b7280 g\/m\u00b2 \u00b780% coton, 20% polyester (french terry) \u00b7Heather Grey Melange: 84% coton, 16% viscose \u00b7bord c\u00f4te doux au col<\/p>\n","protected":false},"featured_media":565190,"comment_status":"open","ping_status":"closed","template":"","meta":[],"product_brand":[],"product_cat":[354,80],"product_tag":[85,1991,901,991,84,902],"class_list":{"0":"post-565191","1":"product","2":"type-product","3":"status-publish","4":"has-post-thumbnail","6":"product_cat-eco-responsable","7":"product_cat-enfants","8":"product_tag-a-longue-manche","9":"product_tag-bebes","10":"product_tag-chemise-a-longues-manches","11":"product_tag-col-ras-du-cou","12":"product_tag-longue-manche","13":"product_tag-t-shirt-a-longues-manches","14":"pa_certificats-fwf-fair-wear","15":"pa_couleur-bubble-gum-pink","16":"pa_couleur-heather-grey-melange","17":"pa_couleur-nautical-navy","18":"pa_details-coutures-laterales","19":"pa_details-facile-a-relabelliser","20":"pa_details-set-in","21":"pa_eco-organique","22":"pa_groupe-de-produits-molleton","23":"pa_groupe-de-produits-sweatshirts","24":"pa_manche-manches-longues","25":"pa_marque-babybugz","26":"pa_numero-de-style-5213","27":"pa_poids-a-partir-de-220-g-m","28":"pa_sexe-bebes","29":"pa_taille-12-18","30":"pa_taille-18-24","31":"pa_taille-6-12","32":"pa_tissu-melange-de-tissu","34":"first","35":"instock","36":"taxable","37":"shipping-taxable","38":"purchasable","39":"product-type-variable"},"yoast_head":"<!-- This site is optimized with the Yoast SEO Premium plugin v20.9 (Yoast SEO v26.3) - https:\/\/yoast.com\/wordpress\/plugins\/seo\/ -->\n<title>Baby Sweatshirt | Printwave FR<\/title>\n<meta name=\"robots\" content=\"index, follow, max-snippet:-1, max-image-preview:large, max-video-preview:-1\" \/>\n<link rel=\"canonical\" href=\"https:\/\/printwave.pl\/fr\/produkt\/baby-sweatshirt\/\" \/>\n<meta property=\"og:locale\" content=\"fr_FR\" \/>\n<meta property=\"og:type\" content=\"article\" \/>\n<meta property=\"og:title\" content=\"Baby Sweatshirt\" \/>\n<meta property=\"og:description\" content=\"\u00b7280 g\/m\u00b2 \u00b780% coton, 20% polyester (french terry) \u00b7Heather Grey Melange: 84% coton, 16% viscose \u00b7bord c\u00f4te doux au col\" \/>\n<meta property=\"og:url\" content=\"https:\/\/printwave.pl\/fr\/produkt\/baby-sweatshirt\/\" \/>\n<meta property=\"og:site_name\" content=\"Printwave FR\" \/>\n<meta property=\"article:modified_time\" content=\"2026-02-13T19:14:29+00:00\" \/>\n<meta property=\"og:image\" content=\"https:\/\/printwave.pl\/fr\/wp-content\/uploads\/sites\/4\/2021\/07\/Print-Wave-logo-2025.png\" \/>\n\t<meta property=\"og:image:width\" content=\"1645\" \/>\n\t<meta property=\"og:image:height\" content=\"297\" \/>\n\t<meta property=\"og:image:type\" content=\"image\/png\" \/>\n<meta name=\"twitter:card\" content=\"summary_large_image\" \/>\n<script type=\"application\/ld+json\" class=\"yoast-schema-graph\">{\"@context\":\"https:\/\/schema.org\",\"@graph\":[{\"@type\":\"WebPage\",\"@id\":\"https:\/\/printwave.pl\/fr\/produkt\/baby-sweatshirt\/\",\"url\":\"https:\/\/printwave.pl\/fr\/produkt\/baby-sweatshirt\/\",\"name\":\"Baby Sweatshirt | Printwave FR\",\"isPartOf\":{\"@id\":\"https:\/\/printwave.pl\/fr\/#website\"},\"primaryImageOfPage\":{\"@id\":\"https:\/\/printwave.pl\/fr\/produkt\/baby-sweatshirt\/#primaryimage\"},\"image\":{\"@id\":\"https:\/\/printwave.pl\/fr\/produkt\/baby-sweatshirt\/#primaryimage\"},\"thumbnailUrl\":\"https:\/\/printwave.pl\/fr\/wp-content\/uploads\/sites\/4\/2025\/01\/031_47_201_m-2023_01.jpg\",\"datePublished\":\"2025-01-27T04:20:03+00:00\",\"dateModified\":\"2026-02-13T19:14:29+00:00\",\"breadcrumb\":{\"@id\":\"https:\/\/printwave.pl\/fr\/produkt\/baby-sweatshirt\/#breadcrumb\"},\"inLanguage\":\"fr-FR\",\"potentialAction\":[{\"@type\":\"ReadAction\",\"target\":[\"https:\/\/printwave.pl\/fr\/produkt\/baby-sweatshirt\/\"]}]},{\"@type\":\"ImageObject\",\"inLanguage\":\"fr-FR\",\"@id\":\"https:\/\/printwave.pl\/fr\/produkt\/baby-sweatshirt\/#primaryimage\",\"url\":\"https:\/\/printwave.pl\/fr\/wp-content\/uploads\/sites\/4\/2025\/01\/031_47_201_m-2023_01.jpg\",\"contentUrl\":\"https:\/\/printwave.pl\/fr\/wp-content\/uploads\/sites\/4\/2025\/01\/031_47_201_m-2023_01.jpg\",\"width\":1024,\"height\":1304},{\"@type\":\"BreadcrumbList\",\"@id\":\"https:\/\/printwave.pl\/fr\/produkt\/baby-sweatshirt\/#breadcrumb\",\"itemListElement\":[{\"@type\":\"ListItem\",\"position\":1,\"name\":\"Accueil\",\"item\":\"https:\/\/printwave.pl\/fr\/\"},{\"@type\":\"ListItem\",\"position\":2,\"name\":\"Boutique\",\"item\":\"https:\/\/printwave.pl\/fr\/boutique\/\"},{\"@type\":\"ListItem\",\"position\":3,\"name\":\"Baby Sweatshirt\"}]},{\"@type\":\"WebSite\",\"@id\":\"https:\/\/printwave.pl\/fr\/#website\",\"url\":\"https:\/\/printwave.pl\/fr\/\",\"name\":\"Printwave\",\"description\":\"Votre fournisseur de v\u00eatements promotionnels et d&#039;entreprise en Pologne\",\"potentialAction\":[{\"@type\":\"SearchAction\",\"target\":{\"@type\":\"EntryPoint\",\"urlTemplate\":\"https:\/\/printwave.pl\/fr\/?s={search_term_string}\"},\"query-input\":{\"@type\":\"PropertyValueSpecification\",\"valueRequired\":true,\"valueName\":\"search_term_string\"}}],\"inLanguage\":\"fr-FR\"}]}<\/script>\n<!-- \/ Yoast SEO Premium plugin. -->","yoast_head_json":{"title":"Baby Sweatshirt | Printwave FR","robots":{"index":"index","follow":"follow","max-snippet":"max-snippet:-1","max-image-preview":"max-image-preview:large","max-video-preview":"max-video-preview:-1"},"canonical":"https:\/\/printwave.pl\/fr\/produkt\/baby-sweatshirt\/","og_locale":"fr_FR","og_type":"article","og_title":"Baby Sweatshirt","og_description":"\u00b7280 g\/m\u00b2 \u00b780% coton, 20% polyester (french terry) \u00b7Heather Grey Melange: 84% coton, 16% viscose \u00b7bord c\u00f4te doux au col","og_url":"https:\/\/printwave.pl\/fr\/produkt\/baby-sweatshirt\/","og_site_name":"Printwave FR","article_modified_time":"2026-02-13T19:14:29+00:00","og_image":[{"width":1645,"height":297,"url":"https:\/\/printwave.pl\/fr\/wp-content\/uploads\/sites\/4\/2021\/07\/Print-Wave-logo-2025.png","type":"image\/png"}],"twitter_card":"summary_large_image","schema":{"@context":"https:\/\/schema.org","@graph":[{"@type":"WebPage","@id":"https:\/\/printwave.pl\/fr\/produkt\/baby-sweatshirt\/","url":"https:\/\/printwave.pl\/fr\/produkt\/baby-sweatshirt\/","name":"Baby Sweatshirt | Printwave FR","isPartOf":{"@id":"https:\/\/printwave.pl\/fr\/#website"},"primaryImageOfPage":{"@id":"https:\/\/printwave.pl\/fr\/produkt\/baby-sweatshirt\/#primaryimage"},"image":{"@id":"https:\/\/printwave.pl\/fr\/produkt\/baby-sweatshirt\/#primaryimage"},"thumbnailUrl":"https:\/\/printwave.pl\/fr\/wp-content\/uploads\/sites\/4\/2025\/01\/031_47_201_m-2023_01.jpg","datePublished":"2025-01-27T04:20:03+00:00","dateModified":"2026-02-13T19:14:29+00:00","breadcrumb":{"@id":"https:\/\/printwave.pl\/fr\/produkt\/baby-sweatshirt\/#breadcrumb"},"inLanguage":"fr-FR","potentialAction":[{"@type":"ReadAction","target":["https:\/\/printwave.pl\/fr\/produkt\/baby-sweatshirt\/"]}]},{"@type":"ImageObject","inLanguage":"fr-FR","@id":"https:\/\/printwave.pl\/fr\/produkt\/baby-sweatshirt\/#primaryimage","url":"https:\/\/printwave.pl\/fr\/wp-content\/uploads\/sites\/4\/2025\/01\/031_47_201_m-2023_01.jpg","contentUrl":"https:\/\/printwave.pl\/fr\/wp-content\/uploads\/sites\/4\/2025\/01\/031_47_201_m-2023_01.jpg","width":1024,"height":1304},{"@type":"BreadcrumbList","@id":"https:\/\/printwave.pl\/fr\/produkt\/baby-sweatshirt\/#breadcrumb","itemListElement":[{"@type":"ListItem","position":1,"name":"Accueil","item":"https:\/\/printwave.pl\/fr\/"},{"@type":"ListItem","position":2,"name":"Boutique","item":"https:\/\/printwave.pl\/fr\/boutique\/"},{"@type":"ListItem","position":3,"name":"Baby Sweatshirt"}]},{"@type":"WebSite","@id":"https:\/\/printwave.pl\/fr\/#website","url":"https:\/\/printwave.pl\/fr\/","name":"Printwave","description":"Votre fournisseur de v\u00eatements promotionnels et d&#039;entreprise en Pologne","potentialAction":[{"@type":"SearchAction","target":{"@type":"EntryPoint","urlTemplate":"https:\/\/printwave.pl\/fr\/?s={search_term_string}"},"query-input":{"@type":"PropertyValueSpecification","valueRequired":true,"valueName":"search_term_string"}}],"inLanguage":"fr-FR"}]}},"_links":{"self":[{"href":"https:\/\/printwave.pl\/fr\/wp-json\/wp\/v2\/product\/565191","targetHints":{"allow":["GET"]}}],"collection":[{"href":"https:\/\/printwave.pl\/fr\/wp-json\/wp\/v2\/product"}],"about":[{"href":"https:\/\/printwave.pl\/fr\/wp-json\/wp\/v2\/types\/product"}],"replies":[{"embeddable":true,"href":"https:\/\/printwave.pl\/fr\/wp-json\/wp\/v2\/comments?post=565191"}],"wp:featuredmedia":[{"embeddable":true,"href":"https:\/\/printwave.pl\/fr\/wp-json\/wp\/v2\/media\/565190"}],"wp:attachment":[{"href":"https:\/\/printwave.pl\/fr\/wp-json\/wp\/v2\/media?parent=565191"}],"wp:term":[{"taxonomy":"product_brand","embeddable":true,"href":"https:\/\/printwave.pl\/fr\/wp-json\/wp\/v2\/product_brand?post=565191"},{"taxonomy":"product_cat","embeddable":true,"href":"https:\/\/printwave.pl\/fr\/wp-json\/wp\/v2\/product_cat?post=565191"},{"taxonomy":"product_tag","embeddable":true,"href":"https:\/\/printwave.pl\/fr\/wp-json\/wp\/v2\/product_tag?post=565191"}],"curies":[{"name":"wp","href":"https:\/\/api.w.org\/{rel}","templated":true}]}}