{"id":564739,"date":"2025-01-27T05:01:12","date_gmt":"2025-01-27T04:01:12","guid":{"rendered":"https:\/\/printwave.pl\/fr\/produkt\/kyiv-fine-backpack\/"},"modified":"2026-02-13T20:09:52","modified_gmt":"2026-02-13T19:09:52","slug":"kyiv-fine-backpack","status":"publish","type":"product","link":"https:\/\/printwave.pl\/fr\/produkt\/kyiv-fine-backpack\/","title":{"rendered":"Kyiv Fine Backpack"},"content":{"rendered":"<p>\u00b7100% polyester (600D)<br \/>\n\u00b7Sac \u00e0 dos \u00e9l\u00e9gant pour tous les jours<br \/>\n\u00b72 poign\u00e9es de maintien<br \/>\n\u00b7Bretelles rembourr\u00e9es r\u00e9glables<br \/>\n\u00b7Dos rembourr\u00e9 en maille<br \/>\n\u00b7Grand compartiment principal zipp\u00e9<br \/>\n\u00b7Poche avant avec fermeture \u00e0 glissi\u00e8re<br \/>\n\u00b7Capacit\u00e9 : 16 litres<br \/>\n\u00b7Dimensions : 28 x 15 x 40 cm<br \/>\n\u00b7Convient pour le transfert, la s\u00e9rigraphie ou la broderie<br \/>\n\u00b7Surface maximale pour broderie : anneau tubulaire de 13<br \/>\n\u00b7Surface maximale pour l&rsquo;impression : 13 x 14 cm.<\/p>\n","protected":false},"excerpt":{"rendered":"<p>\u00b7100% polyester (600D) \u00b7Sac \u00e0 dos \u00e9l\u00e9gant pour tous les jours \u00b72 poign\u00e9es de maintien \u00b7Bretelles rembourr\u00e9es r\u00e9glables \u00b7Dos rembourr\u00e9<\/p>\n","protected":false},"featured_media":564736,"comment_status":"open","ping_status":"closed","template":"","meta":[],"product_brand":[],"product_cat":[61],"product_tag":[],"class_list":{"0":"post-564739","1":"product","2":"type-product","3":"status-publish","4":"has-post-thumbnail","6":"product_cat-bagagerie-accessoires","7":"pa_couleur-black-black","8":"pa_couleur-black-dark-grey","9":"pa_details-sac-de-randonnee","10":"pa_groupe-de-produits-sac-a-dos","11":"pa_marque-shugon","12":"pa_numero-de-style-5201","13":"pa_sexe-unisexe","14":"pa_taille-one-size","15":"pa_tissu-polyester","17":"first","18":"instock","19":"taxable","20":"shipping-taxable","21":"purchasable","22":"product-type-variable"},"yoast_head":"<!-- This site is optimized with the Yoast SEO Premium plugin v20.9 (Yoast SEO v26.3) - https:\/\/yoast.com\/wordpress\/plugins\/seo\/ -->\n<title>Kyiv Fine Backpack | Printwave FR<\/title>\n<meta name=\"robots\" content=\"index, follow, max-snippet:-1, max-image-preview:large, max-video-preview:-1\" \/>\n<link rel=\"canonical\" href=\"https:\/\/printwave.pl\/fr\/produkt\/kyiv-fine-backpack\/\" \/>\n<meta property=\"og:locale\" content=\"fr_FR\" \/>\n<meta property=\"og:type\" content=\"article\" \/>\n<meta property=\"og:title\" content=\"Kyiv Fine Backpack\" \/>\n<meta property=\"og:description\" content=\"\u00b7100% polyester (600D) \u00b7Sac \u00e0 dos \u00e9l\u00e9gant pour tous les jours \u00b72 poign\u00e9es de maintien \u00b7Bretelles rembourr\u00e9es r\u00e9glables \u00b7Dos rembourr\u00e9\" \/>\n<meta property=\"og:url\" content=\"https:\/\/printwave.pl\/fr\/produkt\/kyiv-fine-backpack\/\" \/>\n<meta property=\"og:site_name\" content=\"Printwave FR\" \/>\n<meta property=\"article:modified_time\" content=\"2026-02-13T19:09:52+00:00\" \/>\n<meta property=\"og:image\" content=\"https:\/\/printwave.pl\/fr\/wp-content\/uploads\/sites\/4\/2025\/01\/034_38_153_m-2023_02.jpg\" \/>\n\t<meta property=\"og:image:width\" content=\"1024\" \/>\n\t<meta property=\"og:image:height\" content=\"1304\" \/>\n\t<meta property=\"og:image:type\" content=\"image\/jpeg\" \/>\n<meta name=\"twitter:card\" content=\"summary_large_image\" \/>\n<script type=\"application\/ld+json\" class=\"yoast-schema-graph\">{\"@context\":\"https:\/\/schema.org\",\"@graph\":[{\"@type\":\"WebPage\",\"@id\":\"https:\/\/printwave.pl\/fr\/produkt\/kyiv-fine-backpack\/\",\"url\":\"https:\/\/printwave.pl\/fr\/produkt\/kyiv-fine-backpack\/\",\"name\":\"Kyiv Fine Backpack | Printwave FR\",\"isPartOf\":{\"@id\":\"https:\/\/printwave.pl\/fr\/#website\"},\"primaryImageOfPage\":{\"@id\":\"https:\/\/printwave.pl\/fr\/produkt\/kyiv-fine-backpack\/#primaryimage\"},\"image\":{\"@id\":\"https:\/\/printwave.pl\/fr\/produkt\/kyiv-fine-backpack\/#primaryimage\"},\"thumbnailUrl\":\"https:\/\/printwave.pl\/fr\/wp-content\/uploads\/sites\/4\/2025\/01\/034_38_153_m-2023_02.jpg\",\"datePublished\":\"2025-01-27T04:01:12+00:00\",\"dateModified\":\"2026-02-13T19:09:52+00:00\",\"breadcrumb\":{\"@id\":\"https:\/\/printwave.pl\/fr\/produkt\/kyiv-fine-backpack\/#breadcrumb\"},\"inLanguage\":\"fr-FR\",\"potentialAction\":[{\"@type\":\"ReadAction\",\"target\":[\"https:\/\/printwave.pl\/fr\/produkt\/kyiv-fine-backpack\/\"]}]},{\"@type\":\"ImageObject\",\"inLanguage\":\"fr-FR\",\"@id\":\"https:\/\/printwave.pl\/fr\/produkt\/kyiv-fine-backpack\/#primaryimage\",\"url\":\"https:\/\/printwave.pl\/fr\/wp-content\/uploads\/sites\/4\/2025\/01\/034_38_153_m-2023_02.jpg\",\"contentUrl\":\"https:\/\/printwave.pl\/fr\/wp-content\/uploads\/sites\/4\/2025\/01\/034_38_153_m-2023_02.jpg\",\"width\":1024,\"height\":1304},{\"@type\":\"BreadcrumbList\",\"@id\":\"https:\/\/printwave.pl\/fr\/produkt\/kyiv-fine-backpack\/#breadcrumb\",\"itemListElement\":[{\"@type\":\"ListItem\",\"position\":1,\"name\":\"Accueil\",\"item\":\"https:\/\/printwave.pl\/fr\/\"},{\"@type\":\"ListItem\",\"position\":2,\"name\":\"Boutique\",\"item\":\"https:\/\/printwave.pl\/fr\/boutique\/\"},{\"@type\":\"ListItem\",\"position\":3,\"name\":\"Kyiv Fine Backpack\"}]},{\"@type\":\"WebSite\",\"@id\":\"https:\/\/printwave.pl\/fr\/#website\",\"url\":\"https:\/\/printwave.pl\/fr\/\",\"name\":\"Printwave\",\"description\":\"Votre fournisseur de v\u00eatements promotionnels et d&#039;entreprise en Pologne\",\"potentialAction\":[{\"@type\":\"SearchAction\",\"target\":{\"@type\":\"EntryPoint\",\"urlTemplate\":\"https:\/\/printwave.pl\/fr\/?s={search_term_string}\"},\"query-input\":{\"@type\":\"PropertyValueSpecification\",\"valueRequired\":true,\"valueName\":\"search_term_string\"}}],\"inLanguage\":\"fr-FR\"}]}<\/script>\n<!-- \/ Yoast SEO Premium plugin. -->","yoast_head_json":{"title":"Kyiv Fine Backpack | Printwave FR","robots":{"index":"index","follow":"follow","max-snippet":"max-snippet:-1","max-image-preview":"max-image-preview:large","max-video-preview":"max-video-preview:-1"},"canonical":"https:\/\/printwave.pl\/fr\/produkt\/kyiv-fine-backpack\/","og_locale":"fr_FR","og_type":"article","og_title":"Kyiv Fine Backpack","og_description":"\u00b7100% polyester (600D) \u00b7Sac \u00e0 dos \u00e9l\u00e9gant pour tous les jours \u00b72 poign\u00e9es de maintien \u00b7Bretelles rembourr\u00e9es r\u00e9glables \u00b7Dos rembourr\u00e9","og_url":"https:\/\/printwave.pl\/fr\/produkt\/kyiv-fine-backpack\/","og_site_name":"Printwave FR","article_modified_time":"2026-02-13T19:09:52+00:00","og_image":[{"width":1024,"height":1304,"url":"https:\/\/printwave.pl\/fr\/wp-content\/uploads\/sites\/4\/2025\/01\/034_38_153_m-2023_02.jpg","type":"image\/jpeg"}],"twitter_card":"summary_large_image","schema":{"@context":"https:\/\/schema.org","@graph":[{"@type":"WebPage","@id":"https:\/\/printwave.pl\/fr\/produkt\/kyiv-fine-backpack\/","url":"https:\/\/printwave.pl\/fr\/produkt\/kyiv-fine-backpack\/","name":"Kyiv Fine Backpack | Printwave FR","isPartOf":{"@id":"https:\/\/printwave.pl\/fr\/#website"},"primaryImageOfPage":{"@id":"https:\/\/printwave.pl\/fr\/produkt\/kyiv-fine-backpack\/#primaryimage"},"image":{"@id":"https:\/\/printwave.pl\/fr\/produkt\/kyiv-fine-backpack\/#primaryimage"},"thumbnailUrl":"https:\/\/printwave.pl\/fr\/wp-content\/uploads\/sites\/4\/2025\/01\/034_38_153_m-2023_02.jpg","datePublished":"2025-01-27T04:01:12+00:00","dateModified":"2026-02-13T19:09:52+00:00","breadcrumb":{"@id":"https:\/\/printwave.pl\/fr\/produkt\/kyiv-fine-backpack\/#breadcrumb"},"inLanguage":"fr-FR","potentialAction":[{"@type":"ReadAction","target":["https:\/\/printwave.pl\/fr\/produkt\/kyiv-fine-backpack\/"]}]},{"@type":"ImageObject","inLanguage":"fr-FR","@id":"https:\/\/printwave.pl\/fr\/produkt\/kyiv-fine-backpack\/#primaryimage","url":"https:\/\/printwave.pl\/fr\/wp-content\/uploads\/sites\/4\/2025\/01\/034_38_153_m-2023_02.jpg","contentUrl":"https:\/\/printwave.pl\/fr\/wp-content\/uploads\/sites\/4\/2025\/01\/034_38_153_m-2023_02.jpg","width":1024,"height":1304},{"@type":"BreadcrumbList","@id":"https:\/\/printwave.pl\/fr\/produkt\/kyiv-fine-backpack\/#breadcrumb","itemListElement":[{"@type":"ListItem","position":1,"name":"Accueil","item":"https:\/\/printwave.pl\/fr\/"},{"@type":"ListItem","position":2,"name":"Boutique","item":"https:\/\/printwave.pl\/fr\/boutique\/"},{"@type":"ListItem","position":3,"name":"Kyiv Fine Backpack"}]},{"@type":"WebSite","@id":"https:\/\/printwave.pl\/fr\/#website","url":"https:\/\/printwave.pl\/fr\/","name":"Printwave","description":"Votre fournisseur de v\u00eatements promotionnels et d&#039;entreprise en Pologne","potentialAction":[{"@type":"SearchAction","target":{"@type":"EntryPoint","urlTemplate":"https:\/\/printwave.pl\/fr\/?s={search_term_string}"},"query-input":{"@type":"PropertyValueSpecification","valueRequired":true,"valueName":"search_term_string"}}],"inLanguage":"fr-FR"}]}},"_links":{"self":[{"href":"https:\/\/printwave.pl\/fr\/wp-json\/wp\/v2\/product\/564739","targetHints":{"allow":["GET"]}}],"collection":[{"href":"https:\/\/printwave.pl\/fr\/wp-json\/wp\/v2\/product"}],"about":[{"href":"https:\/\/printwave.pl\/fr\/wp-json\/wp\/v2\/types\/product"}],"replies":[{"embeddable":true,"href":"https:\/\/printwave.pl\/fr\/wp-json\/wp\/v2\/comments?post=564739"}],"wp:featuredmedia":[{"embeddable":true,"href":"https:\/\/printwave.pl\/fr\/wp-json\/wp\/v2\/media\/564736"}],"wp:attachment":[{"href":"https:\/\/printwave.pl\/fr\/wp-json\/wp\/v2\/media?parent=564739"}],"wp:term":[{"taxonomy":"product_brand","embeddable":true,"href":"https:\/\/printwave.pl\/fr\/wp-json\/wp\/v2\/product_brand?post=564739"},{"taxonomy":"product_cat","embeddable":true,"href":"https:\/\/printwave.pl\/fr\/wp-json\/wp\/v2\/product_cat?post=564739"},{"taxonomy":"product_tag","embeddable":true,"href":"https:\/\/printwave.pl\/fr\/wp-json\/wp\/v2\/product_tag?post=564739"}],"curies":[{"name":"wp","href":"https:\/\/api.w.org\/{rel}","templated":true}]}}