{"id":564124,"date":"2025-01-27T04:38:17","date_gmt":"2025-01-27T03:38:17","guid":{"rendered":"https:\/\/printwave.pl\/fr\/produkt\/jerusalem-laptop-backpack\/"},"modified":"2026-02-13T20:06:09","modified_gmt":"2026-02-13T19:06:09","slug":"jerusalem-laptop-backpack","status":"publish","type":"product","link":"https:\/\/printwave.pl\/fr\/produkt\/jerusalem-laptop-backpack\/","title":{"rendered":"Jerusalem Laptop Backpack"},"content":{"rendered":"<p>\u00b7100% polyester (m\u00e9lange 600D, jacquard 420D)<br \/>\n\u00b7Sacoche pour ordinateur portable l\u00e9g\u00e8re et fonctionnelle<br \/>\n\u00b7Poign\u00e9e de transport<br \/>\n\u00b7Bretelles rembourr\u00e9es r\u00e9glables<br \/>\n\u00b7Dos rembourr\u00e9 en maille<br \/>\n\u00b7Compartiment principal \u00e0 fermeture \u00e0 glissi\u00e8re adapt\u00e9 aux ordinateurs portables jusqu&rsquo;\u00e0 15,6&Prime;<br \/>\n\u00b7Poche sup\u00e9rieure en filet pour iPad<br \/>\n\u00b7Compartiment avant zipp\u00e9 avec poche int\u00e9rieure de rangement<br \/>\n\u00b7Petite poche zipp\u00e9e sur le panneau avant<br \/>\n\u00b72 poches lat\u00e9rales \u00e9lastiques<br \/>\n\u00b7Capacit\u00e9 : 18 litres<br \/>\n\u00b7Dimensions : 27 x 16 x 43 cm<br \/>\n\u00b7Convient pour la s\u00e9rigraphie, l&rsquo;impression par transfert ou la broderie<br \/>\n\u00b7Surface maximale pour broderie : anneau tubulaire de 14<br \/>\n\u00b7Surface maximale pour l&rsquo;impression : 14 x 17 cm.<\/p>\n","protected":false},"excerpt":{"rendered":"<p>\u00b7100% polyester (m\u00e9lange 600D, jacquard 420D) \u00b7Sacoche pour ordinateur portable l\u00e9g\u00e8re et fonctionnelle \u00b7Poign\u00e9e de transport \u00b7Bretelles rembourr\u00e9es r\u00e9glables \u00b7Dos<\/p>\n","protected":false},"featured_media":564117,"comment_status":"open","ping_status":"closed","template":"","meta":[],"product_brand":[],"product_cat":[61],"product_tag":[],"class_list":{"0":"post-564124","1":"product","2":"type-product","3":"status-publish","4":"has-post-thumbnail","6":"product_cat-bagagerie-accessoires","7":"pa_couleur-black-black","8":"pa_couleur-dark-grey-black","9":"pa_couleur-indigo-blue-black","10":"pa_details-ordinateur-portable","11":"pa_groupe-de-produits-sac-a-dos","12":"pa_marque-shugon","13":"pa_numero-de-style-5191","14":"pa_sexe-unisexe","15":"pa_taille-one-size","16":"pa_tissu-polyester","18":"first","19":"instock","20":"taxable","21":"shipping-taxable","22":"purchasable","23":"product-type-variable"},"yoast_head":"<!-- This site is optimized with the Yoast SEO Premium plugin v20.9 (Yoast SEO v26.3) - https:\/\/yoast.com\/wordpress\/plugins\/seo\/ -->\n<title>Jerusalem Laptop Backpack | Printwave FR<\/title>\n<meta name=\"robots\" content=\"index, follow, max-snippet:-1, max-image-preview:large, max-video-preview:-1\" \/>\n<link rel=\"canonical\" href=\"https:\/\/printwave.pl\/fr\/produkt\/jerusalem-laptop-backpack\/\" \/>\n<meta property=\"og:locale\" content=\"fr_FR\" \/>\n<meta property=\"og:type\" content=\"article\" \/>\n<meta property=\"og:title\" content=\"Jerusalem Laptop Backpack\" \/>\n<meta property=\"og:description\" content=\"\u00b7100% polyester (m\u00e9lange 600D, jacquard 420D) \u00b7Sacoche pour ordinateur portable l\u00e9g\u00e8re et fonctionnelle \u00b7Poign\u00e9e de transport \u00b7Bretelles rembourr\u00e9es r\u00e9glables \u00b7Dos\" \/>\n<meta property=\"og:url\" content=\"https:\/\/printwave.pl\/fr\/produkt\/jerusalem-laptop-backpack\/\" \/>\n<meta property=\"og:site_name\" content=\"Printwave FR\" \/>\n<meta property=\"article:modified_time\" content=\"2026-02-13T19:06:09+00:00\" \/>\n<meta property=\"og:image\" content=\"https:\/\/printwave.pl\/fr\/wp-content\/uploads\/sites\/4\/2025\/01\/036_38_m-2023_03.jpg\" \/>\n\t<meta property=\"og:image:width\" content=\"1024\" \/>\n\t<meta property=\"og:image:height\" content=\"1304\" \/>\n\t<meta property=\"og:image:type\" content=\"image\/jpeg\" \/>\n<meta name=\"twitter:card\" content=\"summary_large_image\" \/>\n<script type=\"application\/ld+json\" class=\"yoast-schema-graph\">{\"@context\":\"https:\/\/schema.org\",\"@graph\":[{\"@type\":\"WebPage\",\"@id\":\"https:\/\/printwave.pl\/fr\/produkt\/jerusalem-laptop-backpack\/\",\"url\":\"https:\/\/printwave.pl\/fr\/produkt\/jerusalem-laptop-backpack\/\",\"name\":\"Jerusalem Laptop Backpack | Printwave FR\",\"isPartOf\":{\"@id\":\"https:\/\/printwave.pl\/fr\/#website\"},\"primaryImageOfPage\":{\"@id\":\"https:\/\/printwave.pl\/fr\/produkt\/jerusalem-laptop-backpack\/#primaryimage\"},\"image\":{\"@id\":\"https:\/\/printwave.pl\/fr\/produkt\/jerusalem-laptop-backpack\/#primaryimage\"},\"thumbnailUrl\":\"https:\/\/printwave.pl\/fr\/wp-content\/uploads\/sites\/4\/2025\/01\/036_38_m-2023_03.jpg\",\"datePublished\":\"2025-01-27T03:38:17+00:00\",\"dateModified\":\"2026-02-13T19:06:09+00:00\",\"breadcrumb\":{\"@id\":\"https:\/\/printwave.pl\/fr\/produkt\/jerusalem-laptop-backpack\/#breadcrumb\"},\"inLanguage\":\"fr-FR\",\"potentialAction\":[{\"@type\":\"ReadAction\",\"target\":[\"https:\/\/printwave.pl\/fr\/produkt\/jerusalem-laptop-backpack\/\"]}]},{\"@type\":\"ImageObject\",\"inLanguage\":\"fr-FR\",\"@id\":\"https:\/\/printwave.pl\/fr\/produkt\/jerusalem-laptop-backpack\/#primaryimage\",\"url\":\"https:\/\/printwave.pl\/fr\/wp-content\/uploads\/sites\/4\/2025\/01\/036_38_m-2023_03.jpg\",\"contentUrl\":\"https:\/\/printwave.pl\/fr\/wp-content\/uploads\/sites\/4\/2025\/01\/036_38_m-2023_03.jpg\",\"width\":1024,\"height\":1304},{\"@type\":\"BreadcrumbList\",\"@id\":\"https:\/\/printwave.pl\/fr\/produkt\/jerusalem-laptop-backpack\/#breadcrumb\",\"itemListElement\":[{\"@type\":\"ListItem\",\"position\":1,\"name\":\"Accueil\",\"item\":\"https:\/\/printwave.pl\/fr\/\"},{\"@type\":\"ListItem\",\"position\":2,\"name\":\"Boutique\",\"item\":\"https:\/\/printwave.pl\/fr\/boutique\/\"},{\"@type\":\"ListItem\",\"position\":3,\"name\":\"Jerusalem Laptop Backpack\"}]},{\"@type\":\"WebSite\",\"@id\":\"https:\/\/printwave.pl\/fr\/#website\",\"url\":\"https:\/\/printwave.pl\/fr\/\",\"name\":\"Printwave\",\"description\":\"Votre fournisseur de v\u00eatements promotionnels et d&#039;entreprise en Pologne\",\"potentialAction\":[{\"@type\":\"SearchAction\",\"target\":{\"@type\":\"EntryPoint\",\"urlTemplate\":\"https:\/\/printwave.pl\/fr\/?s={search_term_string}\"},\"query-input\":{\"@type\":\"PropertyValueSpecification\",\"valueRequired\":true,\"valueName\":\"search_term_string\"}}],\"inLanguage\":\"fr-FR\"}]}<\/script>\n<!-- \/ Yoast SEO Premium plugin. -->","yoast_head_json":{"title":"Jerusalem Laptop Backpack | Printwave FR","robots":{"index":"index","follow":"follow","max-snippet":"max-snippet:-1","max-image-preview":"max-image-preview:large","max-video-preview":"max-video-preview:-1"},"canonical":"https:\/\/printwave.pl\/fr\/produkt\/jerusalem-laptop-backpack\/","og_locale":"fr_FR","og_type":"article","og_title":"Jerusalem Laptop Backpack","og_description":"\u00b7100% polyester (m\u00e9lange 600D, jacquard 420D) \u00b7Sacoche pour ordinateur portable l\u00e9g\u00e8re et fonctionnelle \u00b7Poign\u00e9e de transport \u00b7Bretelles rembourr\u00e9es r\u00e9glables \u00b7Dos","og_url":"https:\/\/printwave.pl\/fr\/produkt\/jerusalem-laptop-backpack\/","og_site_name":"Printwave FR","article_modified_time":"2026-02-13T19:06:09+00:00","og_image":[{"width":1024,"height":1304,"url":"https:\/\/printwave.pl\/fr\/wp-content\/uploads\/sites\/4\/2025\/01\/036_38_m-2023_03.jpg","type":"image\/jpeg"}],"twitter_card":"summary_large_image","schema":{"@context":"https:\/\/schema.org","@graph":[{"@type":"WebPage","@id":"https:\/\/printwave.pl\/fr\/produkt\/jerusalem-laptop-backpack\/","url":"https:\/\/printwave.pl\/fr\/produkt\/jerusalem-laptop-backpack\/","name":"Jerusalem Laptop Backpack | Printwave FR","isPartOf":{"@id":"https:\/\/printwave.pl\/fr\/#website"},"primaryImageOfPage":{"@id":"https:\/\/printwave.pl\/fr\/produkt\/jerusalem-laptop-backpack\/#primaryimage"},"image":{"@id":"https:\/\/printwave.pl\/fr\/produkt\/jerusalem-laptop-backpack\/#primaryimage"},"thumbnailUrl":"https:\/\/printwave.pl\/fr\/wp-content\/uploads\/sites\/4\/2025\/01\/036_38_m-2023_03.jpg","datePublished":"2025-01-27T03:38:17+00:00","dateModified":"2026-02-13T19:06:09+00:00","breadcrumb":{"@id":"https:\/\/printwave.pl\/fr\/produkt\/jerusalem-laptop-backpack\/#breadcrumb"},"inLanguage":"fr-FR","potentialAction":[{"@type":"ReadAction","target":["https:\/\/printwave.pl\/fr\/produkt\/jerusalem-laptop-backpack\/"]}]},{"@type":"ImageObject","inLanguage":"fr-FR","@id":"https:\/\/printwave.pl\/fr\/produkt\/jerusalem-laptop-backpack\/#primaryimage","url":"https:\/\/printwave.pl\/fr\/wp-content\/uploads\/sites\/4\/2025\/01\/036_38_m-2023_03.jpg","contentUrl":"https:\/\/printwave.pl\/fr\/wp-content\/uploads\/sites\/4\/2025\/01\/036_38_m-2023_03.jpg","width":1024,"height":1304},{"@type":"BreadcrumbList","@id":"https:\/\/printwave.pl\/fr\/produkt\/jerusalem-laptop-backpack\/#breadcrumb","itemListElement":[{"@type":"ListItem","position":1,"name":"Accueil","item":"https:\/\/printwave.pl\/fr\/"},{"@type":"ListItem","position":2,"name":"Boutique","item":"https:\/\/printwave.pl\/fr\/boutique\/"},{"@type":"ListItem","position":3,"name":"Jerusalem Laptop Backpack"}]},{"@type":"WebSite","@id":"https:\/\/printwave.pl\/fr\/#website","url":"https:\/\/printwave.pl\/fr\/","name":"Printwave","description":"Votre fournisseur de v\u00eatements promotionnels et d&#039;entreprise en Pologne","potentialAction":[{"@type":"SearchAction","target":{"@type":"EntryPoint","urlTemplate":"https:\/\/printwave.pl\/fr\/?s={search_term_string}"},"query-input":{"@type":"PropertyValueSpecification","valueRequired":true,"valueName":"search_term_string"}}],"inLanguage":"fr-FR"}]}},"_links":{"self":[{"href":"https:\/\/printwave.pl\/fr\/wp-json\/wp\/v2\/product\/564124","targetHints":{"allow":["GET"]}}],"collection":[{"href":"https:\/\/printwave.pl\/fr\/wp-json\/wp\/v2\/product"}],"about":[{"href":"https:\/\/printwave.pl\/fr\/wp-json\/wp\/v2\/types\/product"}],"replies":[{"embeddable":true,"href":"https:\/\/printwave.pl\/fr\/wp-json\/wp\/v2\/comments?post=564124"}],"wp:featuredmedia":[{"embeddable":true,"href":"https:\/\/printwave.pl\/fr\/wp-json\/wp\/v2\/media\/564117"}],"wp:attachment":[{"href":"https:\/\/printwave.pl\/fr\/wp-json\/wp\/v2\/media?parent=564124"}],"wp:term":[{"taxonomy":"product_brand","embeddable":true,"href":"https:\/\/printwave.pl\/fr\/wp-json\/wp\/v2\/product_brand?post=564124"},{"taxonomy":"product_cat","embeddable":true,"href":"https:\/\/printwave.pl\/fr\/wp-json\/wp\/v2\/product_cat?post=564124"},{"taxonomy":"product_tag","embeddable":true,"href":"https:\/\/printwave.pl\/fr\/wp-json\/wp\/v2\/product_tag?post=564124"}],"curies":[{"name":"wp","href":"https:\/\/api.w.org\/{rel}","templated":true}]}}