{"id":561251,"date":"2025-01-27T02:35:34","date_gmt":"2025-01-27T01:35:34","guid":{"rendered":"https:\/\/printwave.pl\/fr\/produkt\/womens-bodyfit-base-layer-leggings\/"},"modified":"2026-02-13T19:31:42","modified_gmt":"2026-02-13T18:31:42","slug":"womens-bodyfit-base-layer-leggings","status":"publish","type":"product","link":"https:\/\/printwave.pl\/fr\/produkt\/womens-bodyfit-base-layer-leggings\/","title":{"rendered":"Women&rsquo;s Bodyfit Base Layer Leggings"},"content":{"rendered":"<p>\u00b7200 g\/m\u00b2<br \/>\n\u00b780% polyamide (nylon), 20% \u00e9lasthanne<br \/>\n\u00b7respirant<br \/>\n\u00b7taille \u00e9lastiqu\u00e9e avec cordon<br \/>\n\u00b7coutures plates<br \/>\n\u00b7panneaux galbants avec surpiq\u00fbre contrast\u00e9e<br \/>\n\u00b7poche \u00e0 cl\u00e9s dans le haut<br \/>\n\u00b7logo imprim\u00e9 ultra r\u00e9fl\u00e9chissant sur le haut de la cuisse gauche et la cheville droite<br \/>\n\u00b7convient \u00e0 la broderie et au transfert<\/p>\n","protected":false},"excerpt":{"rendered":"<p>\u00b7200 g\/m\u00b2 \u00b780% polyamide (nylon), 20% \u00e9lasthanne \u00b7respirant \u00b7taille \u00e9lastiqu\u00e9e avec cordon \u00b7coutures plates \u00b7panneaux galbants avec surpiq\u00fbre contrast\u00e9e \u00b7poche<\/p>\n","protected":false},"featured_media":561247,"comment_status":"open","ping_status":"closed","template":"","meta":[],"product_brand":[],"product_cat":[129,293],"product_tag":[87,2321,2320,1896,2322,2269,2292,1346,86,294,295,1347],"class_list":{"0":"post-561251","1":"product","2":"type-product","3":"status-publish","4":"has-post-thumbnail","6":"product_cat-pantalons","7":"product_cat-sports-et-loisirs","8":"product_tag-biais-reflechissants","9":"product_tag-leggings","10":"product_tag-leggins-respirants","11":"product_tag-pantalons-de-jogging","12":"product_tag-pantalons-de-train","13":"product_tag-pantalons-fonctionnels","14":"product_tag-shorts-de-cyclisme","15":"product_tag-textiles-fonctionnels","16":"product_tag-vetements-dexterieur","17":"product_tag-vetements-de-sport","18":"product_tag-vetements-de-sports","19":"product_tag-vetements-fonctionnels","20":"pa_couleur-black","21":"pa_details-xs","22":"pa_details-cintre","23":"pa_groupe-de-produits-pantalons","24":"pa_groupe-de-produits-sport-fitness","25":"pa_marque-spiro","26":"pa_numero-de-style-5092","27":"pa_poids-200-219-g-m","28":"pa_sexe-femmes","29":"pa_taille-m-l","30":"pa_taille-xl-2xl","31":"pa_taille-xs-s","32":"pa_tissu-melange-de-tissu","34":"first","35":"instock","36":"taxable","37":"shipping-taxable","38":"purchasable","39":"product-type-variable"},"yoast_head":"<!-- This site is optimized with the Yoast SEO Premium plugin v20.9 (Yoast SEO v26.3) - https:\/\/yoast.com\/wordpress\/plugins\/seo\/ -->\n<title>Women&#039;s Bodyfit Base Layer Leggings | Printwave FR<\/title>\n<meta name=\"robots\" content=\"index, follow, max-snippet:-1, max-image-preview:large, max-video-preview:-1\" \/>\n<link rel=\"canonical\" href=\"https:\/\/printwave.pl\/fr\/produkt\/womens-bodyfit-base-layer-leggings\/\" \/>\n<meta property=\"og:locale\" content=\"fr_FR\" \/>\n<meta property=\"og:type\" content=\"article\" \/>\n<meta property=\"og:title\" content=\"Women&#039;s Bodyfit Base Layer Leggings\" \/>\n<meta property=\"og:description\" content=\"\u00b7200 g\/m\u00b2 \u00b780% polyamide (nylon), 20% \u00e9lasthanne \u00b7respirant \u00b7taille \u00e9lastiqu\u00e9e avec cordon \u00b7coutures plates \u00b7panneaux galbants avec surpiq\u00fbre contrast\u00e9e \u00b7poche\" \/>\n<meta property=\"og:url\" content=\"https:\/\/printwave.pl\/fr\/produkt\/womens-bodyfit-base-layer-leggings\/\" \/>\n<meta property=\"og:site_name\" content=\"Printwave FR\" \/>\n<meta property=\"article:modified_time\" content=\"2026-02-13T18:31:42+00:00\" \/>\n<meta property=\"og:image\" content=\"https:\/\/printwave.pl\/fr\/wp-content\/uploads\/sites\/4\/2021\/07\/Print-Wave-logo-2025.png\" \/>\n\t<meta property=\"og:image:width\" content=\"1645\" \/>\n\t<meta property=\"og:image:height\" content=\"297\" \/>\n\t<meta property=\"og:image:type\" content=\"image\/png\" \/>\n<meta name=\"twitter:card\" content=\"summary_large_image\" \/>\n<script type=\"application\/ld+json\" class=\"yoast-schema-graph\">{\"@context\":\"https:\/\/schema.org\",\"@graph\":[{\"@type\":\"WebPage\",\"@id\":\"https:\/\/printwave.pl\/fr\/produkt\/womens-bodyfit-base-layer-leggings\/\",\"url\":\"https:\/\/printwave.pl\/fr\/produkt\/womens-bodyfit-base-layer-leggings\/\",\"name\":\"Women's Bodyfit Base Layer Leggings | Printwave FR\",\"isPartOf\":{\"@id\":\"https:\/\/printwave.pl\/fr\/#website\"},\"primaryImageOfPage\":{\"@id\":\"https:\/\/printwave.pl\/fr\/produkt\/womens-bodyfit-base-layer-leggings\/#primaryimage\"},\"image\":{\"@id\":\"https:\/\/printwave.pl\/fr\/produkt\/womens-bodyfit-base-layer-leggings\/#primaryimage\"},\"thumbnailUrl\":\"https:\/\/printwave.pl\/fr\/wp-content\/uploads\/sites\/4\/2025\/01\/069_33_101_m-2016_01.jpg\",\"datePublished\":\"2025-01-27T01:35:34+00:00\",\"dateModified\":\"2026-02-13T18:31:42+00:00\",\"breadcrumb\":{\"@id\":\"https:\/\/printwave.pl\/fr\/produkt\/womens-bodyfit-base-layer-leggings\/#breadcrumb\"},\"inLanguage\":\"fr-FR\",\"potentialAction\":[{\"@type\":\"ReadAction\",\"target\":[\"https:\/\/printwave.pl\/fr\/produkt\/womens-bodyfit-base-layer-leggings\/\"]}]},{\"@type\":\"ImageObject\",\"inLanguage\":\"fr-FR\",\"@id\":\"https:\/\/printwave.pl\/fr\/produkt\/womens-bodyfit-base-layer-leggings\/#primaryimage\",\"url\":\"https:\/\/printwave.pl\/fr\/wp-content\/uploads\/sites\/4\/2025\/01\/069_33_101_m-2016_01.jpg\",\"contentUrl\":\"https:\/\/printwave.pl\/fr\/wp-content\/uploads\/sites\/4\/2025\/01\/069_33_101_m-2016_01.jpg\",\"width\":1024,\"height\":1304},{\"@type\":\"BreadcrumbList\",\"@id\":\"https:\/\/printwave.pl\/fr\/produkt\/womens-bodyfit-base-layer-leggings\/#breadcrumb\",\"itemListElement\":[{\"@type\":\"ListItem\",\"position\":1,\"name\":\"Accueil\",\"item\":\"https:\/\/printwave.pl\/fr\/\"},{\"@type\":\"ListItem\",\"position\":2,\"name\":\"Boutique\",\"item\":\"https:\/\/printwave.pl\/fr\/boutique\/\"},{\"@type\":\"ListItem\",\"position\":3,\"name\":\"Women&rsquo;s Bodyfit Base Layer Leggings\"}]},{\"@type\":\"WebSite\",\"@id\":\"https:\/\/printwave.pl\/fr\/#website\",\"url\":\"https:\/\/printwave.pl\/fr\/\",\"name\":\"Printwave\",\"description\":\"Votre fournisseur de v\u00eatements promotionnels et d&#039;entreprise en Pologne\",\"potentialAction\":[{\"@type\":\"SearchAction\",\"target\":{\"@type\":\"EntryPoint\",\"urlTemplate\":\"https:\/\/printwave.pl\/fr\/?s={search_term_string}\"},\"query-input\":{\"@type\":\"PropertyValueSpecification\",\"valueRequired\":true,\"valueName\":\"search_term_string\"}}],\"inLanguage\":\"fr-FR\"}]}<\/script>\n<!-- \/ Yoast SEO Premium plugin. -->","yoast_head_json":{"title":"Women's Bodyfit Base Layer Leggings | Printwave FR","robots":{"index":"index","follow":"follow","max-snippet":"max-snippet:-1","max-image-preview":"max-image-preview:large","max-video-preview":"max-video-preview:-1"},"canonical":"https:\/\/printwave.pl\/fr\/produkt\/womens-bodyfit-base-layer-leggings\/","og_locale":"fr_FR","og_type":"article","og_title":"Women's Bodyfit Base Layer Leggings","og_description":"\u00b7200 g\/m\u00b2 \u00b780% polyamide (nylon), 20% \u00e9lasthanne \u00b7respirant \u00b7taille \u00e9lastiqu\u00e9e avec cordon \u00b7coutures plates \u00b7panneaux galbants avec surpiq\u00fbre contrast\u00e9e \u00b7poche","og_url":"https:\/\/printwave.pl\/fr\/produkt\/womens-bodyfit-base-layer-leggings\/","og_site_name":"Printwave FR","article_modified_time":"2026-02-13T18:31:42+00:00","og_image":[{"width":1645,"height":297,"url":"https:\/\/printwave.pl\/fr\/wp-content\/uploads\/sites\/4\/2021\/07\/Print-Wave-logo-2025.png","type":"image\/png"}],"twitter_card":"summary_large_image","schema":{"@context":"https:\/\/schema.org","@graph":[{"@type":"WebPage","@id":"https:\/\/printwave.pl\/fr\/produkt\/womens-bodyfit-base-layer-leggings\/","url":"https:\/\/printwave.pl\/fr\/produkt\/womens-bodyfit-base-layer-leggings\/","name":"Women's Bodyfit Base Layer Leggings | Printwave FR","isPartOf":{"@id":"https:\/\/printwave.pl\/fr\/#website"},"primaryImageOfPage":{"@id":"https:\/\/printwave.pl\/fr\/produkt\/womens-bodyfit-base-layer-leggings\/#primaryimage"},"image":{"@id":"https:\/\/printwave.pl\/fr\/produkt\/womens-bodyfit-base-layer-leggings\/#primaryimage"},"thumbnailUrl":"https:\/\/printwave.pl\/fr\/wp-content\/uploads\/sites\/4\/2025\/01\/069_33_101_m-2016_01.jpg","datePublished":"2025-01-27T01:35:34+00:00","dateModified":"2026-02-13T18:31:42+00:00","breadcrumb":{"@id":"https:\/\/printwave.pl\/fr\/produkt\/womens-bodyfit-base-layer-leggings\/#breadcrumb"},"inLanguage":"fr-FR","potentialAction":[{"@type":"ReadAction","target":["https:\/\/printwave.pl\/fr\/produkt\/womens-bodyfit-base-layer-leggings\/"]}]},{"@type":"ImageObject","inLanguage":"fr-FR","@id":"https:\/\/printwave.pl\/fr\/produkt\/womens-bodyfit-base-layer-leggings\/#primaryimage","url":"https:\/\/printwave.pl\/fr\/wp-content\/uploads\/sites\/4\/2025\/01\/069_33_101_m-2016_01.jpg","contentUrl":"https:\/\/printwave.pl\/fr\/wp-content\/uploads\/sites\/4\/2025\/01\/069_33_101_m-2016_01.jpg","width":1024,"height":1304},{"@type":"BreadcrumbList","@id":"https:\/\/printwave.pl\/fr\/produkt\/womens-bodyfit-base-layer-leggings\/#breadcrumb","itemListElement":[{"@type":"ListItem","position":1,"name":"Accueil","item":"https:\/\/printwave.pl\/fr\/"},{"@type":"ListItem","position":2,"name":"Boutique","item":"https:\/\/printwave.pl\/fr\/boutique\/"},{"@type":"ListItem","position":3,"name":"Women&rsquo;s Bodyfit Base Layer Leggings"}]},{"@type":"WebSite","@id":"https:\/\/printwave.pl\/fr\/#website","url":"https:\/\/printwave.pl\/fr\/","name":"Printwave","description":"Votre fournisseur de v\u00eatements promotionnels et d&#039;entreprise en Pologne","potentialAction":[{"@type":"SearchAction","target":{"@type":"EntryPoint","urlTemplate":"https:\/\/printwave.pl\/fr\/?s={search_term_string}"},"query-input":{"@type":"PropertyValueSpecification","valueRequired":true,"valueName":"search_term_string"}}],"inLanguage":"fr-FR"}]}},"_links":{"self":[{"href":"https:\/\/printwave.pl\/fr\/wp-json\/wp\/v2\/product\/561251","targetHints":{"allow":["GET"]}}],"collection":[{"href":"https:\/\/printwave.pl\/fr\/wp-json\/wp\/v2\/product"}],"about":[{"href":"https:\/\/printwave.pl\/fr\/wp-json\/wp\/v2\/types\/product"}],"replies":[{"embeddable":true,"href":"https:\/\/printwave.pl\/fr\/wp-json\/wp\/v2\/comments?post=561251"}],"wp:featuredmedia":[{"embeddable":true,"href":"https:\/\/printwave.pl\/fr\/wp-json\/wp\/v2\/media\/561247"}],"wp:attachment":[{"href":"https:\/\/printwave.pl\/fr\/wp-json\/wp\/v2\/media?parent=561251"}],"wp:term":[{"taxonomy":"product_brand","embeddable":true,"href":"https:\/\/printwave.pl\/fr\/wp-json\/wp\/v2\/product_brand?post=561251"},{"taxonomy":"product_cat","embeddable":true,"href":"https:\/\/printwave.pl\/fr\/wp-json\/wp\/v2\/product_cat?post=561251"},{"taxonomy":"product_tag","embeddable":true,"href":"https:\/\/printwave.pl\/fr\/wp-json\/wp\/v2\/product_tag?post=561251"}],"curies":[{"name":"wp","href":"https:\/\/api.w.org\/{rel}","templated":true}]}}