{"id":561149,"date":"2025-01-27T02:31:08","date_gmt":"2025-01-27T01:31:08","guid":{"rendered":"https:\/\/printwave.pl\/fr\/produkt\/printable-3-in-1-transit-jacket\/"},"modified":"2026-02-13T19:30:11","modified_gmt":"2026-02-13T18:30:11","slug":"printable-3-in-1-transit-jacket","status":"publish","type":"product","link":"https:\/\/printwave.pl\/fr\/produkt\/printable-3-in-1-transit-jacket\/","title":{"rendered":"Printable 3-in-1 Transit Jacket"},"content":{"rendered":"<p>\u00b7265 g\/m\u00b2<br \/>\n\u00b7Veste ext\u00e9rieur: 100% polyester<br \/>\n\u00b7Veste coupe vent et imperm\u00e9able (3.000 mm), Coutures \u00e9tanches<br \/>\n\u00b7Capuche avec cordon<br \/>\n\u00b7Fermeture \u00e9clair avec rabat-temp\u00eate<br \/>\n\u00b7Fermeture \u00e9clair interne pour attacher la veste Softshell int\u00e9rieure<br \/>\n\u00b7Poches avant,poche poitrine avec fermeture \u00e9clair, poches int\u00e9rieures<br \/>\n\u00b7D\u00e9tail r\u00e9fl\u00e9chissant<br \/>\n\u00b7Softshell imprimable double couches: 280 g\/m\u00b2, 100% polyester<br \/>\n\u00b7Imperm\u00e9able, coupe-vent, respirant<br \/>\n\u00b7Poches avant avec fermeture \u00e9clair<br \/>\n\u00b7Poignets \u00e9lastiqu\u00e9s<\/p>\n","protected":false},"excerpt":{"rendered":"<p>\u00b7265 g\/m\u00b2 \u00b7Veste ext\u00e9rieur: 100% polyester \u00b7Veste coupe vent et imperm\u00e9able (3.000 mm), Coutures \u00e9tanches \u00b7Capuche avec cordon \u00b7Fermeture \u00e9clair<\/p>\n","protected":false},"featured_media":561143,"comment_status":"open","ping_status":"closed","template":"","meta":[],"product_brand":[],"product_cat":[81],"product_tag":[85,83,95,94,84,808,90,737,86,93],"class_list":{"0":"post-561149","1":"product","2":"type-product","3":"status-publish","4":"has-post-thumbnail","6":"product_cat-vestes","7":"product_tag-a-longue-manche","8":"product_tag-chapeau","9":"product_tag-coupe-vent","10":"product_tag-impermeable","11":"product_tag-longue-manche","12":"product_tag-vestes-3-en-1","13":"product_tag-vestes-de-pluie","14":"product_tag-vestes-entre-saisons","15":"product_tag-vetements-dexterieur","16":"product_tag-waterresistant","17":"pa_couleur-black","18":"pa_couleur-navy","19":"pa_couleur-red","20":"pa_details-xs","21":"pa_details-fermeture-a-glissiere-complete","22":"pa_details-poche-poitrine","23":"pa_details-poches-de-cote-avec-fermeture-a-glissiere","24":"pa_details-vestes-chaudes","25":"pa_groupe-de-produits-4xl-et-plus","26":"pa_groupe-de-produits-acces-pour-la-decoration","27":"pa_groupe-de-produits-full-zip","28":"pa_groupe-de-produits-vestes","29":"pa_manche-manches-longues","30":"pa_marque-result-core","31":"pa_numero-de-style-5088","32":"pa_sexe-unisexe","33":"pa_taille-2xl","34":"pa_taille-3xl","35":"pa_taille-4xl","36":"pa_taille-l","37":"pa_taille-m","38":"pa_taille-s","39":"pa_taille-xl","40":"pa_taille-xs","41":"pa_tissu-polyester","43":"first","44":"instock","45":"taxable","46":"shipping-taxable","47":"purchasable","48":"product-type-variable"},"yoast_head":"<!-- This site is optimized with the Yoast SEO Premium plugin v20.9 (Yoast SEO v26.3) - https:\/\/yoast.com\/wordpress\/plugins\/seo\/ -->\n<title>Printable 3-in-1 Transit Jacket | Printwave FR<\/title>\n<meta name=\"robots\" content=\"index, follow, max-snippet:-1, max-image-preview:large, max-video-preview:-1\" \/>\n<link rel=\"canonical\" href=\"https:\/\/printwave.pl\/fr\/produkt\/printable-3-in-1-transit-jacket\/\" \/>\n<meta property=\"og:locale\" content=\"fr_FR\" \/>\n<meta property=\"og:type\" content=\"article\" \/>\n<meta property=\"og:title\" content=\"Printable 3-in-1 Transit Jacket\" \/>\n<meta property=\"og:description\" content=\"\u00b7265 g\/m\u00b2 \u00b7Veste ext\u00e9rieur: 100% polyester \u00b7Veste coupe vent et imperm\u00e9able (3.000 mm), Coutures \u00e9tanches \u00b7Capuche avec cordon \u00b7Fermeture \u00e9clair\" \/>\n<meta property=\"og:url\" content=\"https:\/\/printwave.pl\/fr\/produkt\/printable-3-in-1-transit-jacket\/\" \/>\n<meta property=\"og:site_name\" content=\"Printwave FR\" \/>\n<meta property=\"article:modified_time\" content=\"2026-02-13T18:30:11+00:00\" \/>\n<meta property=\"og:image\" content=\"https:\/\/printwave.pl\/fr\/wp-content\/uploads\/sites\/4\/2025\/01\/071_33_400_m-2023_02.jpg\" \/>\n\t<meta property=\"og:image:width\" content=\"1024\" \/>\n\t<meta property=\"og:image:height\" content=\"1304\" \/>\n\t<meta property=\"og:image:type\" content=\"image\/jpeg\" \/>\n<meta name=\"twitter:card\" content=\"summary_large_image\" \/>\n<script type=\"application\/ld+json\" class=\"yoast-schema-graph\">{\"@context\":\"https:\/\/schema.org\",\"@graph\":[{\"@type\":\"WebPage\",\"@id\":\"https:\/\/printwave.pl\/fr\/produkt\/printable-3-in-1-transit-jacket\/\",\"url\":\"https:\/\/printwave.pl\/fr\/produkt\/printable-3-in-1-transit-jacket\/\",\"name\":\"Printable 3-in-1 Transit Jacket | Printwave FR\",\"isPartOf\":{\"@id\":\"https:\/\/printwave.pl\/fr\/#website\"},\"primaryImageOfPage\":{\"@id\":\"https:\/\/printwave.pl\/fr\/produkt\/printable-3-in-1-transit-jacket\/#primaryimage\"},\"image\":{\"@id\":\"https:\/\/printwave.pl\/fr\/produkt\/printable-3-in-1-transit-jacket\/#primaryimage\"},\"thumbnailUrl\":\"https:\/\/printwave.pl\/fr\/wp-content\/uploads\/sites\/4\/2025\/01\/071_33_400_m-2023_02.jpg\",\"datePublished\":\"2025-01-27T01:31:08+00:00\",\"dateModified\":\"2026-02-13T18:30:11+00:00\",\"breadcrumb\":{\"@id\":\"https:\/\/printwave.pl\/fr\/produkt\/printable-3-in-1-transit-jacket\/#breadcrumb\"},\"inLanguage\":\"fr-FR\",\"potentialAction\":[{\"@type\":\"ReadAction\",\"target\":[\"https:\/\/printwave.pl\/fr\/produkt\/printable-3-in-1-transit-jacket\/\"]}]},{\"@type\":\"ImageObject\",\"inLanguage\":\"fr-FR\",\"@id\":\"https:\/\/printwave.pl\/fr\/produkt\/printable-3-in-1-transit-jacket\/#primaryimage\",\"url\":\"https:\/\/printwave.pl\/fr\/wp-content\/uploads\/sites\/4\/2025\/01\/071_33_400_m-2023_02.jpg\",\"contentUrl\":\"https:\/\/printwave.pl\/fr\/wp-content\/uploads\/sites\/4\/2025\/01\/071_33_400_m-2023_02.jpg\",\"width\":1024,\"height\":1304},{\"@type\":\"BreadcrumbList\",\"@id\":\"https:\/\/printwave.pl\/fr\/produkt\/printable-3-in-1-transit-jacket\/#breadcrumb\",\"itemListElement\":[{\"@type\":\"ListItem\",\"position\":1,\"name\":\"Accueil\",\"item\":\"https:\/\/printwave.pl\/fr\/\"},{\"@type\":\"ListItem\",\"position\":2,\"name\":\"Boutique\",\"item\":\"https:\/\/printwave.pl\/fr\/boutique\/\"},{\"@type\":\"ListItem\",\"position\":3,\"name\":\"Printable 3-in-1 Transit Jacket\"}]},{\"@type\":\"WebSite\",\"@id\":\"https:\/\/printwave.pl\/fr\/#website\",\"url\":\"https:\/\/printwave.pl\/fr\/\",\"name\":\"Printwave\",\"description\":\"Votre fournisseur de v\u00eatements promotionnels et d&#039;entreprise en Pologne\",\"potentialAction\":[{\"@type\":\"SearchAction\",\"target\":{\"@type\":\"EntryPoint\",\"urlTemplate\":\"https:\/\/printwave.pl\/fr\/?s={search_term_string}\"},\"query-input\":{\"@type\":\"PropertyValueSpecification\",\"valueRequired\":true,\"valueName\":\"search_term_string\"}}],\"inLanguage\":\"fr-FR\"}]}<\/script>\n<!-- \/ Yoast SEO Premium plugin. -->","yoast_head_json":{"title":"Printable 3-in-1 Transit Jacket | Printwave FR","robots":{"index":"index","follow":"follow","max-snippet":"max-snippet:-1","max-image-preview":"max-image-preview:large","max-video-preview":"max-video-preview:-1"},"canonical":"https:\/\/printwave.pl\/fr\/produkt\/printable-3-in-1-transit-jacket\/","og_locale":"fr_FR","og_type":"article","og_title":"Printable 3-in-1 Transit Jacket","og_description":"\u00b7265 g\/m\u00b2 \u00b7Veste ext\u00e9rieur: 100% polyester \u00b7Veste coupe vent et imperm\u00e9able (3.000 mm), Coutures \u00e9tanches \u00b7Capuche avec cordon \u00b7Fermeture \u00e9clair","og_url":"https:\/\/printwave.pl\/fr\/produkt\/printable-3-in-1-transit-jacket\/","og_site_name":"Printwave FR","article_modified_time":"2026-02-13T18:30:11+00:00","og_image":[{"width":1024,"height":1304,"url":"https:\/\/printwave.pl\/fr\/wp-content\/uploads\/sites\/4\/2025\/01\/071_33_400_m-2023_02.jpg","type":"image\/jpeg"}],"twitter_card":"summary_large_image","schema":{"@context":"https:\/\/schema.org","@graph":[{"@type":"WebPage","@id":"https:\/\/printwave.pl\/fr\/produkt\/printable-3-in-1-transit-jacket\/","url":"https:\/\/printwave.pl\/fr\/produkt\/printable-3-in-1-transit-jacket\/","name":"Printable 3-in-1 Transit Jacket | Printwave FR","isPartOf":{"@id":"https:\/\/printwave.pl\/fr\/#website"},"primaryImageOfPage":{"@id":"https:\/\/printwave.pl\/fr\/produkt\/printable-3-in-1-transit-jacket\/#primaryimage"},"image":{"@id":"https:\/\/printwave.pl\/fr\/produkt\/printable-3-in-1-transit-jacket\/#primaryimage"},"thumbnailUrl":"https:\/\/printwave.pl\/fr\/wp-content\/uploads\/sites\/4\/2025\/01\/071_33_400_m-2023_02.jpg","datePublished":"2025-01-27T01:31:08+00:00","dateModified":"2026-02-13T18:30:11+00:00","breadcrumb":{"@id":"https:\/\/printwave.pl\/fr\/produkt\/printable-3-in-1-transit-jacket\/#breadcrumb"},"inLanguage":"fr-FR","potentialAction":[{"@type":"ReadAction","target":["https:\/\/printwave.pl\/fr\/produkt\/printable-3-in-1-transit-jacket\/"]}]},{"@type":"ImageObject","inLanguage":"fr-FR","@id":"https:\/\/printwave.pl\/fr\/produkt\/printable-3-in-1-transit-jacket\/#primaryimage","url":"https:\/\/printwave.pl\/fr\/wp-content\/uploads\/sites\/4\/2025\/01\/071_33_400_m-2023_02.jpg","contentUrl":"https:\/\/printwave.pl\/fr\/wp-content\/uploads\/sites\/4\/2025\/01\/071_33_400_m-2023_02.jpg","width":1024,"height":1304},{"@type":"BreadcrumbList","@id":"https:\/\/printwave.pl\/fr\/produkt\/printable-3-in-1-transit-jacket\/#breadcrumb","itemListElement":[{"@type":"ListItem","position":1,"name":"Accueil","item":"https:\/\/printwave.pl\/fr\/"},{"@type":"ListItem","position":2,"name":"Boutique","item":"https:\/\/printwave.pl\/fr\/boutique\/"},{"@type":"ListItem","position":3,"name":"Printable 3-in-1 Transit Jacket"}]},{"@type":"WebSite","@id":"https:\/\/printwave.pl\/fr\/#website","url":"https:\/\/printwave.pl\/fr\/","name":"Printwave","description":"Votre fournisseur de v\u00eatements promotionnels et d&#039;entreprise en Pologne","potentialAction":[{"@type":"SearchAction","target":{"@type":"EntryPoint","urlTemplate":"https:\/\/printwave.pl\/fr\/?s={search_term_string}"},"query-input":{"@type":"PropertyValueSpecification","valueRequired":true,"valueName":"search_term_string"}}],"inLanguage":"fr-FR"}]}},"_links":{"self":[{"href":"https:\/\/printwave.pl\/fr\/wp-json\/wp\/v2\/product\/561149","targetHints":{"allow":["GET"]}}],"collection":[{"href":"https:\/\/printwave.pl\/fr\/wp-json\/wp\/v2\/product"}],"about":[{"href":"https:\/\/printwave.pl\/fr\/wp-json\/wp\/v2\/types\/product"}],"replies":[{"embeddable":true,"href":"https:\/\/printwave.pl\/fr\/wp-json\/wp\/v2\/comments?post=561149"}],"wp:featuredmedia":[{"embeddable":true,"href":"https:\/\/printwave.pl\/fr\/wp-json\/wp\/v2\/media\/561143"}],"wp:attachment":[{"href":"https:\/\/printwave.pl\/fr\/wp-json\/wp\/v2\/media?parent=561149"}],"wp:term":[{"taxonomy":"product_brand","embeddable":true,"href":"https:\/\/printwave.pl\/fr\/wp-json\/wp\/v2\/product_brand?post=561149"},{"taxonomy":"product_cat","embeddable":true,"href":"https:\/\/printwave.pl\/fr\/wp-json\/wp\/v2\/product_cat?post=561149"},{"taxonomy":"product_tag","embeddable":true,"href":"https:\/\/printwave.pl\/fr\/wp-json\/wp\/v2\/product_tag?post=561149"}],"curies":[{"name":"wp","href":"https:\/\/api.w.org\/{rel}","templated":true}]}}