{"id":561048,"date":"2025-01-27T02:25:47","date_gmt":"2025-01-27T01:25:47","guid":{"rendered":"https:\/\/printwave.pl\/fr\/produkt\/slx-40-litre-waterproof-drytube\/"},"modified":"2026-02-13T19:27:52","modified_gmt":"2026-02-13T18:27:52","slug":"slx-40-litre-waterproof-drytube","status":"publish","type":"product","link":"https:\/\/printwave.pl\/fr\/produkt\/slx-40-litre-waterproof-drytube\/","title":{"rendered":"SLX 40 Litre Waterproof Drytube"},"content":{"rendered":"<p>\u00b7Polyur\u00e9thane thermoplastique (TPU)<br \/>\n\u00b7L\u00e9ger et durable<br \/>\n\u00b7Coutures thermo soud\u00e9es imperm\u00e9ables<br \/>\n\u00b7Bandouli\u00e8re r\u00e9glable d\u00e9tachable<br \/>\n\u00b7Syst\u00e8me de fermeture s\u00e9curis\u00e9 \u00e0 rouleau et \u00e0 clip<br \/>\n\u00b7Poche interne<br \/>\n\u00b7Nettoyage int\u00e9rieur facile<br \/>\n\u00b7\u00c9tiquette TearAway pour faciliter le rebranding<br \/>\n\u00b7Capacit\u00e9: 40 Litres<br \/>\n\u00b7Dimensions: 30 x 55 cm<br \/>\n\u00b7Zone de d\u00e9coration: 44 x 35 cm.<\/p>\n","protected":false},"excerpt":{"rendered":"<p>\u00b7Polyur\u00e9thane thermoplastique (TPU) \u00b7L\u00e9ger et durable \u00b7Coutures thermo soud\u00e9es imperm\u00e9ables \u00b7Bandouli\u00e8re r\u00e9glable d\u00e9tachable \u00b7Syst\u00e8me de fermeture s\u00e9curis\u00e9 \u00e0 rouleau et<\/p>\n","protected":false},"featured_media":561047,"comment_status":"open","ping_status":"closed","template":"","meta":[],"product_brand":[],"product_cat":[61,112],"product_tag":[],"class_list":{"0":"post-561048","1":"product","2":"type-product","3":"status-publish","4":"has-post-thumbnail","6":"product_cat-bagagerie-accessoires","7":"product_cat-sans-etiquette","8":"pa_couleur-black","9":"pa_details-sac-de-gym","10":"pa_details-sac-marin","11":"pa_groupe-de-produits-impermeable","12":"pa_groupe-de-produits-sac-sportifs","13":"pa_marque-quadra","14":"pa_numero-de-style-5081","15":"pa_sexe-femmes","16":"pa_taille-one-size","17":"pa_tissu-polyurethane","19":"first","20":"instock","21":"taxable","22":"shipping-taxable","23":"purchasable","24":"product-type-variable"},"yoast_head":"<!-- This site is optimized with the Yoast SEO Premium plugin v20.9 (Yoast SEO v26.3) - https:\/\/yoast.com\/wordpress\/plugins\/seo\/ -->\n<title>SLX 40 Litre Waterproof Drytube | Printwave FR<\/title>\n<meta name=\"robots\" content=\"index, follow, max-snippet:-1, max-image-preview:large, max-video-preview:-1\" \/>\n<link rel=\"canonical\" href=\"https:\/\/printwave.pl\/fr\/produkt\/slx-40-litre-waterproof-drytube\/\" \/>\n<meta property=\"og:locale\" content=\"fr_FR\" \/>\n<meta property=\"og:type\" content=\"article\" \/>\n<meta property=\"og:title\" content=\"SLX 40 Litre Waterproof Drytube\" \/>\n<meta property=\"og:description\" content=\"\u00b7Polyur\u00e9thane thermoplastique (TPU) \u00b7L\u00e9ger et durable \u00b7Coutures thermo soud\u00e9es imperm\u00e9ables \u00b7Bandouli\u00e8re r\u00e9glable d\u00e9tachable \u00b7Syst\u00e8me de fermeture s\u00e9curis\u00e9 \u00e0 rouleau et\" \/>\n<meta property=\"og:url\" content=\"https:\/\/printwave.pl\/fr\/produkt\/slx-40-litre-waterproof-drytube\/\" \/>\n<meta property=\"og:site_name\" content=\"Printwave FR\" \/>\n<meta property=\"article:modified_time\" content=\"2026-02-13T18:27:52+00:00\" \/>\n<meta property=\"og:image\" content=\"https:\/\/printwave.pl\/fr\/wp-content\/uploads\/sites\/4\/2021\/07\/Print-Wave-logo-2025.png\" \/>\n\t<meta property=\"og:image:width\" content=\"1645\" \/>\n\t<meta property=\"og:image:height\" content=\"297\" \/>\n\t<meta property=\"og:image:type\" content=\"image\/png\" \/>\n<meta name=\"twitter:card\" content=\"summary_large_image\" \/>\n<script type=\"application\/ld+json\" class=\"yoast-schema-graph\">{\"@context\":\"https:\/\/schema.org\",\"@graph\":[{\"@type\":\"WebPage\",\"@id\":\"https:\/\/printwave.pl\/fr\/produkt\/slx-40-litre-waterproof-drytube\/\",\"url\":\"https:\/\/printwave.pl\/fr\/produkt\/slx-40-litre-waterproof-drytube\/\",\"name\":\"SLX 40 Litre Waterproof Drytube | Printwave FR\",\"isPartOf\":{\"@id\":\"https:\/\/printwave.pl\/fr\/#website\"},\"primaryImageOfPage\":{\"@id\":\"https:\/\/printwave.pl\/fr\/produkt\/slx-40-litre-waterproof-drytube\/#primaryimage\"},\"image\":{\"@id\":\"https:\/\/printwave.pl\/fr\/produkt\/slx-40-litre-waterproof-drytube\/#primaryimage\"},\"thumbnailUrl\":\"https:\/\/printwave.pl\/fr\/wp-content\/uploads\/sites\/4\/2025\/01\/073_30_101_f-2018_01.jpg\",\"datePublished\":\"2025-01-27T01:25:47+00:00\",\"dateModified\":\"2026-02-13T18:27:52+00:00\",\"breadcrumb\":{\"@id\":\"https:\/\/printwave.pl\/fr\/produkt\/slx-40-litre-waterproof-drytube\/#breadcrumb\"},\"inLanguage\":\"fr-FR\",\"potentialAction\":[{\"@type\":\"ReadAction\",\"target\":[\"https:\/\/printwave.pl\/fr\/produkt\/slx-40-litre-waterproof-drytube\/\"]}]},{\"@type\":\"ImageObject\",\"inLanguage\":\"fr-FR\",\"@id\":\"https:\/\/printwave.pl\/fr\/produkt\/slx-40-litre-waterproof-drytube\/#primaryimage\",\"url\":\"https:\/\/printwave.pl\/fr\/wp-content\/uploads\/sites\/4\/2025\/01\/073_30_101_f-2018_01.jpg\",\"contentUrl\":\"https:\/\/printwave.pl\/fr\/wp-content\/uploads\/sites\/4\/2025\/01\/073_30_101_f-2018_01.jpg\",\"width\":778,\"height\":1500},{\"@type\":\"BreadcrumbList\",\"@id\":\"https:\/\/printwave.pl\/fr\/produkt\/slx-40-litre-waterproof-drytube\/#breadcrumb\",\"itemListElement\":[{\"@type\":\"ListItem\",\"position\":1,\"name\":\"Accueil\",\"item\":\"https:\/\/printwave.pl\/fr\/\"},{\"@type\":\"ListItem\",\"position\":2,\"name\":\"Boutique\",\"item\":\"https:\/\/printwave.pl\/fr\/boutique\/\"},{\"@type\":\"ListItem\",\"position\":3,\"name\":\"SLX 40 Litre Waterproof Drytube\"}]},{\"@type\":\"WebSite\",\"@id\":\"https:\/\/printwave.pl\/fr\/#website\",\"url\":\"https:\/\/printwave.pl\/fr\/\",\"name\":\"Printwave\",\"description\":\"Votre fournisseur de v\u00eatements promotionnels et d&#039;entreprise en Pologne\",\"potentialAction\":[{\"@type\":\"SearchAction\",\"target\":{\"@type\":\"EntryPoint\",\"urlTemplate\":\"https:\/\/printwave.pl\/fr\/?s={search_term_string}\"},\"query-input\":{\"@type\":\"PropertyValueSpecification\",\"valueRequired\":true,\"valueName\":\"search_term_string\"}}],\"inLanguage\":\"fr-FR\"}]}<\/script>\n<!-- \/ Yoast SEO Premium plugin. -->","yoast_head_json":{"title":"SLX 40 Litre Waterproof Drytube | Printwave FR","robots":{"index":"index","follow":"follow","max-snippet":"max-snippet:-1","max-image-preview":"max-image-preview:large","max-video-preview":"max-video-preview:-1"},"canonical":"https:\/\/printwave.pl\/fr\/produkt\/slx-40-litre-waterproof-drytube\/","og_locale":"fr_FR","og_type":"article","og_title":"SLX 40 Litre Waterproof Drytube","og_description":"\u00b7Polyur\u00e9thane thermoplastique (TPU) \u00b7L\u00e9ger et durable \u00b7Coutures thermo soud\u00e9es imperm\u00e9ables \u00b7Bandouli\u00e8re r\u00e9glable d\u00e9tachable \u00b7Syst\u00e8me de fermeture s\u00e9curis\u00e9 \u00e0 rouleau et","og_url":"https:\/\/printwave.pl\/fr\/produkt\/slx-40-litre-waterproof-drytube\/","og_site_name":"Printwave FR","article_modified_time":"2026-02-13T18:27:52+00:00","og_image":[{"width":1645,"height":297,"url":"https:\/\/printwave.pl\/fr\/wp-content\/uploads\/sites\/4\/2021\/07\/Print-Wave-logo-2025.png","type":"image\/png"}],"twitter_card":"summary_large_image","schema":{"@context":"https:\/\/schema.org","@graph":[{"@type":"WebPage","@id":"https:\/\/printwave.pl\/fr\/produkt\/slx-40-litre-waterproof-drytube\/","url":"https:\/\/printwave.pl\/fr\/produkt\/slx-40-litre-waterproof-drytube\/","name":"SLX 40 Litre Waterproof Drytube | Printwave FR","isPartOf":{"@id":"https:\/\/printwave.pl\/fr\/#website"},"primaryImageOfPage":{"@id":"https:\/\/printwave.pl\/fr\/produkt\/slx-40-litre-waterproof-drytube\/#primaryimage"},"image":{"@id":"https:\/\/printwave.pl\/fr\/produkt\/slx-40-litre-waterproof-drytube\/#primaryimage"},"thumbnailUrl":"https:\/\/printwave.pl\/fr\/wp-content\/uploads\/sites\/4\/2025\/01\/073_30_101_f-2018_01.jpg","datePublished":"2025-01-27T01:25:47+00:00","dateModified":"2026-02-13T18:27:52+00:00","breadcrumb":{"@id":"https:\/\/printwave.pl\/fr\/produkt\/slx-40-litre-waterproof-drytube\/#breadcrumb"},"inLanguage":"fr-FR","potentialAction":[{"@type":"ReadAction","target":["https:\/\/printwave.pl\/fr\/produkt\/slx-40-litre-waterproof-drytube\/"]}]},{"@type":"ImageObject","inLanguage":"fr-FR","@id":"https:\/\/printwave.pl\/fr\/produkt\/slx-40-litre-waterproof-drytube\/#primaryimage","url":"https:\/\/printwave.pl\/fr\/wp-content\/uploads\/sites\/4\/2025\/01\/073_30_101_f-2018_01.jpg","contentUrl":"https:\/\/printwave.pl\/fr\/wp-content\/uploads\/sites\/4\/2025\/01\/073_30_101_f-2018_01.jpg","width":778,"height":1500},{"@type":"BreadcrumbList","@id":"https:\/\/printwave.pl\/fr\/produkt\/slx-40-litre-waterproof-drytube\/#breadcrumb","itemListElement":[{"@type":"ListItem","position":1,"name":"Accueil","item":"https:\/\/printwave.pl\/fr\/"},{"@type":"ListItem","position":2,"name":"Boutique","item":"https:\/\/printwave.pl\/fr\/boutique\/"},{"@type":"ListItem","position":3,"name":"SLX 40 Litre Waterproof Drytube"}]},{"@type":"WebSite","@id":"https:\/\/printwave.pl\/fr\/#website","url":"https:\/\/printwave.pl\/fr\/","name":"Printwave","description":"Votre fournisseur de v\u00eatements promotionnels et d&#039;entreprise en Pologne","potentialAction":[{"@type":"SearchAction","target":{"@type":"EntryPoint","urlTemplate":"https:\/\/printwave.pl\/fr\/?s={search_term_string}"},"query-input":{"@type":"PropertyValueSpecification","valueRequired":true,"valueName":"search_term_string"}}],"inLanguage":"fr-FR"}]}},"_links":{"self":[{"href":"https:\/\/printwave.pl\/fr\/wp-json\/wp\/v2\/product\/561048","targetHints":{"allow":["GET"]}}],"collection":[{"href":"https:\/\/printwave.pl\/fr\/wp-json\/wp\/v2\/product"}],"about":[{"href":"https:\/\/printwave.pl\/fr\/wp-json\/wp\/v2\/types\/product"}],"replies":[{"embeddable":true,"href":"https:\/\/printwave.pl\/fr\/wp-json\/wp\/v2\/comments?post=561048"}],"wp:featuredmedia":[{"embeddable":true,"href":"https:\/\/printwave.pl\/fr\/wp-json\/wp\/v2\/media\/561047"}],"wp:attachment":[{"href":"https:\/\/printwave.pl\/fr\/wp-json\/wp\/v2\/media?parent=561048"}],"wp:term":[{"taxonomy":"product_brand","embeddable":true,"href":"https:\/\/printwave.pl\/fr\/wp-json\/wp\/v2\/product_brand?post=561048"},{"taxonomy":"product_cat","embeddable":true,"href":"https:\/\/printwave.pl\/fr\/wp-json\/wp\/v2\/product_cat?post=561048"},{"taxonomy":"product_tag","embeddable":true,"href":"https:\/\/printwave.pl\/fr\/wp-json\/wp\/v2\/product_tag?post=561048"}],"curies":[{"name":"wp","href":"https:\/\/api.w.org\/{rel}","templated":true}]}}