{"id":560185,"date":"2025-01-27T01:49:36","date_gmt":"2025-01-27T00:49:36","guid":{"rendered":"https:\/\/printwave.pl\/fr\/produkt\/compression-calf-sleeve\/"},"modified":"2026-02-13T19:17:07","modified_gmt":"2026-02-13T18:17:07","slug":"compression-calf-sleeve","status":"publish","type":"product","link":"https:\/\/printwave.pl\/fr\/produkt\/compression-calf-sleeve\/","title":{"rendered":"Compression Calf Sleeve"},"content":{"rendered":"<p>\u00b770% nylon, 30% \u00e9lasthanne<br \/>\n\u00b7S\u00e9chage rapide et respirant<br \/>\n\u00b7L\u00e9ger et fin pour maximiser l \u00e9mission de chaleur<br \/>\n\u00b7La compression gradu\u00e9e de 15-20 mmHg<br \/>\n\u00b7Augmente la circulation et r\u00e9duit l accumulation d acide lactique et la fatigue musculaire pendant l exercice physique<br \/>\n\u00b7Construction de haute densit\u00e9 emp\u00eachant les raideurs, les crampes et les micro blessures musculaires<br \/>\n\u00b7Con\u00e7u pour suivre les lignes du corps, tricot 360\u00b0 sans couture<br \/>\n\u00b7Confortable \u00e0 porter, m\u00eame sous des v\u00eatements normaux<br \/>\n\u00b71 unit\u00e9 = 1 paire = 2 jambi\u00e8res<br \/>\n\u00b7DESELECTED: Ce style est retir\u00e9 de la collection Falk&amp;Ross (il est toujours suivi par la marque).<\/p>\n","protected":false},"excerpt":{"rendered":"<p>\u00b770% nylon, 30% \u00e9lasthanne \u00b7S\u00e9chage rapide et respirant \u00b7L\u00e9ger et fin pour maximiser l \u00e9mission de chaleur \u00b7La compression gradu\u00e9e<\/p>\n","protected":false},"featured_media":560180,"comment_status":"open","ping_status":"closed","template":"","meta":[],"product_brand":[],"product_cat":[293],"product_tag":[],"class_list":{"0":"post-560185","1":"product","2":"type-product","3":"status-publish","4":"has-post-thumbnail","6":"product_cat-sports-et-loisirs","7":"pa_couleur-black-grey","8":"pa_couleur-orange-grey","9":"pa_couleur-pink-grey","10":"pa_couleur-red-black","11":"pa_details-xs","12":"pa_groupe-de-produits-sport-fitness","13":"pa_marque-spiro","14":"pa_numero-de-style-5051","15":"pa_sexe-unisexe","16":"pa_taille-l","17":"pa_taille-m","18":"pa_taille-s","19":"pa_taille-xl","20":"pa_taille-xs","21":"pa_tissu-melange-de-tissu","23":"first","24":"instock","25":"taxable","26":"shipping-taxable","27":"purchasable","28":"product-type-variable"},"yoast_head":"<!-- This site is optimized with the Yoast SEO Premium plugin v20.9 (Yoast SEO v26.3) - https:\/\/yoast.com\/wordpress\/plugins\/seo\/ -->\n<title>Compression Calf Sleeve | Printwave FR<\/title>\n<meta name=\"robots\" content=\"index, follow, max-snippet:-1, max-image-preview:large, max-video-preview:-1\" \/>\n<link rel=\"canonical\" href=\"https:\/\/printwave.pl\/fr\/produkt\/compression-calf-sleeve\/\" \/>\n<meta property=\"og:locale\" content=\"fr_FR\" \/>\n<meta property=\"og:type\" content=\"article\" \/>\n<meta property=\"og:title\" content=\"Compression Calf Sleeve\" \/>\n<meta property=\"og:description\" content=\"\u00b770% nylon, 30% \u00e9lasthanne \u00b7S\u00e9chage rapide et respirant \u00b7L\u00e9ger et fin pour maximiser l \u00e9mission de chaleur \u00b7La compression gradu\u00e9e\" \/>\n<meta property=\"og:url\" content=\"https:\/\/printwave.pl\/fr\/produkt\/compression-calf-sleeve\/\" \/>\n<meta property=\"og:site_name\" content=\"Printwave FR\" \/>\n<meta property=\"article:modified_time\" content=\"2026-02-13T18:17:07+00:00\" \/>\n<meta property=\"og:image\" content=\"https:\/\/printwave.pl\/fr\/wp-content\/uploads\/sites\/4\/2021\/07\/Print-Wave-logo-2025.png\" \/>\n\t<meta property=\"og:image:width\" content=\"1645\" \/>\n\t<meta property=\"og:image:height\" content=\"297\" \/>\n\t<meta property=\"og:image:type\" content=\"image\/png\" \/>\n<meta name=\"twitter:card\" content=\"summary_large_image\" \/>\n<meta name=\"twitter:label1\" content=\"Dur\u00e9e de lecture estim\u00e9e\" \/>\n\t<meta name=\"twitter:data1\" content=\"1 minute\" \/>\n<script type=\"application\/ld+json\" class=\"yoast-schema-graph\">{\"@context\":\"https:\/\/schema.org\",\"@graph\":[{\"@type\":\"WebPage\",\"@id\":\"https:\/\/printwave.pl\/fr\/produkt\/compression-calf-sleeve\/\",\"url\":\"https:\/\/printwave.pl\/fr\/produkt\/compression-calf-sleeve\/\",\"name\":\"Compression Calf Sleeve | Printwave FR\",\"isPartOf\":{\"@id\":\"https:\/\/printwave.pl\/fr\/#website\"},\"primaryImageOfPage\":{\"@id\":\"https:\/\/printwave.pl\/fr\/produkt\/compression-calf-sleeve\/#primaryimage\"},\"image\":{\"@id\":\"https:\/\/printwave.pl\/fr\/produkt\/compression-calf-sleeve\/#primaryimage\"},\"thumbnailUrl\":\"https:\/\/printwave.pl\/fr\/wp-content\/uploads\/sites\/4\/2025\/01\/081_33_151_m-2017_01.jpg\",\"datePublished\":\"2025-01-27T00:49:36+00:00\",\"dateModified\":\"2026-02-13T18:17:07+00:00\",\"breadcrumb\":{\"@id\":\"https:\/\/printwave.pl\/fr\/produkt\/compression-calf-sleeve\/#breadcrumb\"},\"inLanguage\":\"fr-FR\",\"potentialAction\":[{\"@type\":\"ReadAction\",\"target\":[\"https:\/\/printwave.pl\/fr\/produkt\/compression-calf-sleeve\/\"]}]},{\"@type\":\"ImageObject\",\"inLanguage\":\"fr-FR\",\"@id\":\"https:\/\/printwave.pl\/fr\/produkt\/compression-calf-sleeve\/#primaryimage\",\"url\":\"https:\/\/printwave.pl\/fr\/wp-content\/uploads\/sites\/4\/2025\/01\/081_33_151_m-2017_01.jpg\",\"contentUrl\":\"https:\/\/printwave.pl\/fr\/wp-content\/uploads\/sites\/4\/2025\/01\/081_33_151_m-2017_01.jpg\",\"width\":1024,\"height\":1304},{\"@type\":\"BreadcrumbList\",\"@id\":\"https:\/\/printwave.pl\/fr\/produkt\/compression-calf-sleeve\/#breadcrumb\",\"itemListElement\":[{\"@type\":\"ListItem\",\"position\":1,\"name\":\"Accueil\",\"item\":\"https:\/\/printwave.pl\/fr\/\"},{\"@type\":\"ListItem\",\"position\":2,\"name\":\"Boutique\",\"item\":\"https:\/\/printwave.pl\/fr\/boutique\/\"},{\"@type\":\"ListItem\",\"position\":3,\"name\":\"Compression Calf Sleeve\"}]},{\"@type\":\"WebSite\",\"@id\":\"https:\/\/printwave.pl\/fr\/#website\",\"url\":\"https:\/\/printwave.pl\/fr\/\",\"name\":\"Printwave\",\"description\":\"Votre fournisseur de v\u00eatements promotionnels et d&#039;entreprise en Pologne\",\"potentialAction\":[{\"@type\":\"SearchAction\",\"target\":{\"@type\":\"EntryPoint\",\"urlTemplate\":\"https:\/\/printwave.pl\/fr\/?s={search_term_string}\"},\"query-input\":{\"@type\":\"PropertyValueSpecification\",\"valueRequired\":true,\"valueName\":\"search_term_string\"}}],\"inLanguage\":\"fr-FR\"}]}<\/script>\n<!-- \/ Yoast SEO Premium plugin. -->","yoast_head_json":{"title":"Compression Calf Sleeve | Printwave FR","robots":{"index":"index","follow":"follow","max-snippet":"max-snippet:-1","max-image-preview":"max-image-preview:large","max-video-preview":"max-video-preview:-1"},"canonical":"https:\/\/printwave.pl\/fr\/produkt\/compression-calf-sleeve\/","og_locale":"fr_FR","og_type":"article","og_title":"Compression Calf Sleeve","og_description":"\u00b770% nylon, 30% \u00e9lasthanne \u00b7S\u00e9chage rapide et respirant \u00b7L\u00e9ger et fin pour maximiser l \u00e9mission de chaleur \u00b7La compression gradu\u00e9e","og_url":"https:\/\/printwave.pl\/fr\/produkt\/compression-calf-sleeve\/","og_site_name":"Printwave FR","article_modified_time":"2026-02-13T18:17:07+00:00","og_image":[{"width":1645,"height":297,"url":"https:\/\/printwave.pl\/fr\/wp-content\/uploads\/sites\/4\/2021\/07\/Print-Wave-logo-2025.png","type":"image\/png"}],"twitter_card":"summary_large_image","twitter_misc":{"Dur\u00e9e de lecture estim\u00e9e":"1 minute"},"schema":{"@context":"https:\/\/schema.org","@graph":[{"@type":"WebPage","@id":"https:\/\/printwave.pl\/fr\/produkt\/compression-calf-sleeve\/","url":"https:\/\/printwave.pl\/fr\/produkt\/compression-calf-sleeve\/","name":"Compression Calf Sleeve | Printwave FR","isPartOf":{"@id":"https:\/\/printwave.pl\/fr\/#website"},"primaryImageOfPage":{"@id":"https:\/\/printwave.pl\/fr\/produkt\/compression-calf-sleeve\/#primaryimage"},"image":{"@id":"https:\/\/printwave.pl\/fr\/produkt\/compression-calf-sleeve\/#primaryimage"},"thumbnailUrl":"https:\/\/printwave.pl\/fr\/wp-content\/uploads\/sites\/4\/2025\/01\/081_33_151_m-2017_01.jpg","datePublished":"2025-01-27T00:49:36+00:00","dateModified":"2026-02-13T18:17:07+00:00","breadcrumb":{"@id":"https:\/\/printwave.pl\/fr\/produkt\/compression-calf-sleeve\/#breadcrumb"},"inLanguage":"fr-FR","potentialAction":[{"@type":"ReadAction","target":["https:\/\/printwave.pl\/fr\/produkt\/compression-calf-sleeve\/"]}]},{"@type":"ImageObject","inLanguage":"fr-FR","@id":"https:\/\/printwave.pl\/fr\/produkt\/compression-calf-sleeve\/#primaryimage","url":"https:\/\/printwave.pl\/fr\/wp-content\/uploads\/sites\/4\/2025\/01\/081_33_151_m-2017_01.jpg","contentUrl":"https:\/\/printwave.pl\/fr\/wp-content\/uploads\/sites\/4\/2025\/01\/081_33_151_m-2017_01.jpg","width":1024,"height":1304},{"@type":"BreadcrumbList","@id":"https:\/\/printwave.pl\/fr\/produkt\/compression-calf-sleeve\/#breadcrumb","itemListElement":[{"@type":"ListItem","position":1,"name":"Accueil","item":"https:\/\/printwave.pl\/fr\/"},{"@type":"ListItem","position":2,"name":"Boutique","item":"https:\/\/printwave.pl\/fr\/boutique\/"},{"@type":"ListItem","position":3,"name":"Compression Calf Sleeve"}]},{"@type":"WebSite","@id":"https:\/\/printwave.pl\/fr\/#website","url":"https:\/\/printwave.pl\/fr\/","name":"Printwave","description":"Votre fournisseur de v\u00eatements promotionnels et d&#039;entreprise en Pologne","potentialAction":[{"@type":"SearchAction","target":{"@type":"EntryPoint","urlTemplate":"https:\/\/printwave.pl\/fr\/?s={search_term_string}"},"query-input":{"@type":"PropertyValueSpecification","valueRequired":true,"valueName":"search_term_string"}}],"inLanguage":"fr-FR"}]}},"_links":{"self":[{"href":"https:\/\/printwave.pl\/fr\/wp-json\/wp\/v2\/product\/560185","targetHints":{"allow":["GET"]}}],"collection":[{"href":"https:\/\/printwave.pl\/fr\/wp-json\/wp\/v2\/product"}],"about":[{"href":"https:\/\/printwave.pl\/fr\/wp-json\/wp\/v2\/types\/product"}],"replies":[{"embeddable":true,"href":"https:\/\/printwave.pl\/fr\/wp-json\/wp\/v2\/comments?post=560185"}],"wp:featuredmedia":[{"embeddable":true,"href":"https:\/\/printwave.pl\/fr\/wp-json\/wp\/v2\/media\/560180"}],"wp:attachment":[{"href":"https:\/\/printwave.pl\/fr\/wp-json\/wp\/v2\/media?parent=560185"}],"wp:term":[{"taxonomy":"product_brand","embeddable":true,"href":"https:\/\/printwave.pl\/fr\/wp-json\/wp\/v2\/product_brand?post=560185"},{"taxonomy":"product_cat","embeddable":true,"href":"https:\/\/printwave.pl\/fr\/wp-json\/wp\/v2\/product_cat?post=560185"},{"taxonomy":"product_tag","embeddable":true,"href":"https:\/\/printwave.pl\/fr\/wp-json\/wp\/v2\/product_tag?post=560185"}],"curies":[{"name":"wp","href":"https:\/\/api.w.org\/{rel}","templated":true}]}}