{"id":560134,"date":"2025-01-27T01:47:27","date_gmt":"2025-01-27T00:47:27","guid":{"rendered":"https:\/\/printwave.pl\/fr\/produkt\/nuhide-garment-weekender\/"},"modified":"2026-02-13T19:16:23","modified_gmt":"2026-02-13T18:16:23","slug":"nuhide-garment-weekender","status":"publish","type":"product","link":"https:\/\/printwave.pl\/fr\/produkt\/nuhide-garment-weekender\/","title":{"rendered":"NuHide\u2122 Garment Weekender"},"content":{"rendered":"<p>\u00b7100% polyur\u00e9thane (aspect cuir pleine fleur)<br \/>\n\u00b7enti\u00e8rement doubl\u00e9 en tissu \u00e0 fines rayures<br \/>\n\u00b7anses de transport de m\u00eame mati\u00e8re, bandouli\u00e8re r\u00e9glable et amovible<br \/>\n\u00b7raccords en bronze<br \/>\n\u00b7compartiment principal zipp\u00e9<br \/>\n\u00b7poche externe dissimul\u00e9e \u00e0 zip, poche interne pour chaussures<br \/>\n\u00b7compartiment principal pour v\u00eatements<br \/>\n\u00b7syst\u00e8me de fermeture zipp\u00e9 s\u00e9curis\u00e9<br \/>\n\u00b7peut \u00eatre int\u00e9gralement d\u00e9-zipp\u00e9 pour la d\u00e9coration<br \/>\n\u00b7\u00e9tiquette TearAway pour la personnalisation<br \/>\n\u00b7capacit\u00e9 : 37 Litres<br \/>\n\u00b7dimensions : 33 x 54 x 29 cm<br \/>\n\u00b7surface de broderie : anneau tubulaire de 18<\/p>\n","protected":false},"excerpt":{"rendered":"<p>\u00b7100% polyur\u00e9thane (aspect cuir pleine fleur) \u00b7enti\u00e8rement doubl\u00e9 en tissu \u00e0 fines rayures \u00b7anses de transport de m\u00eame mati\u00e8re, bandouli\u00e8re<\/p>\n","protected":false},"featured_media":560127,"comment_status":"open","ping_status":"closed","template":"","meta":[],"product_brand":[],"product_cat":[61,112],"product_tag":[],"class_list":{"0":"post-560134","1":"product","2":"type-product","3":"status-publish","4":"has-post-thumbnail","6":"product_cat-bagagerie-accessoires","7":"product_cat-sans-etiquette","8":"pa_couleur-black","9":"pa_couleur-tan","10":"pa_groupe-de-produits-sac-specifiques","11":"pa_marque-quadra","12":"pa_numero-de-style-5049","13":"pa_sexe-unisexe","14":"pa_taille-one-size","15":"pa_tissu-polyurethane","17":"first","18":"instock","19":"taxable","20":"shipping-taxable","21":"purchasable","22":"product-type-variable"},"yoast_head":"<!-- This site is optimized with the Yoast SEO Premium plugin v20.9 (Yoast SEO v26.3) - https:\/\/yoast.com\/wordpress\/plugins\/seo\/ -->\n<title>NuHide\u2122 Garment Weekender | Printwave FR<\/title>\n<meta name=\"robots\" content=\"index, follow, max-snippet:-1, max-image-preview:large, max-video-preview:-1\" \/>\n<link rel=\"canonical\" href=\"https:\/\/printwave.pl\/fr\/produkt\/nuhide-garment-weekender\/\" \/>\n<meta property=\"og:locale\" content=\"fr_FR\" \/>\n<meta property=\"og:type\" content=\"article\" \/>\n<meta property=\"og:title\" content=\"NuHide\u2122 Garment Weekender\" \/>\n<meta property=\"og:description\" content=\"\u00b7100% polyur\u00e9thane (aspect cuir pleine fleur) \u00b7enti\u00e8rement doubl\u00e9 en tissu \u00e0 fines rayures \u00b7anses de transport de m\u00eame mati\u00e8re, bandouli\u00e8re\" \/>\n<meta property=\"og:url\" content=\"https:\/\/printwave.pl\/fr\/produkt\/nuhide-garment-weekender\/\" \/>\n<meta property=\"og:site_name\" content=\"Printwave FR\" \/>\n<meta property=\"article:modified_time\" content=\"2026-02-13T18:16:23+00:00\" \/>\n<meta property=\"og:image\" content=\"https:\/\/printwave.pl\/fr\/wp-content\/uploads\/sites\/4\/2021\/07\/Print-Wave-logo-2025.png\" \/>\n\t<meta property=\"og:image:width\" content=\"1645\" \/>\n\t<meta property=\"og:image:height\" content=\"297\" \/>\n\t<meta property=\"og:image:type\" content=\"image\/png\" \/>\n<meta name=\"twitter:card\" content=\"summary_large_image\" \/>\n<script type=\"application\/ld+json\" class=\"yoast-schema-graph\">{\"@context\":\"https:\/\/schema.org\",\"@graph\":[{\"@type\":\"WebPage\",\"@id\":\"https:\/\/printwave.pl\/fr\/produkt\/nuhide-garment-weekender\/\",\"url\":\"https:\/\/printwave.pl\/fr\/produkt\/nuhide-garment-weekender\/\",\"name\":\"NuHide\u2122 Garment Weekender | Printwave FR\",\"isPartOf\":{\"@id\":\"https:\/\/printwave.pl\/fr\/#website\"},\"primaryImageOfPage\":{\"@id\":\"https:\/\/printwave.pl\/fr\/produkt\/nuhide-garment-weekender\/#primaryimage\"},\"image\":{\"@id\":\"https:\/\/printwave.pl\/fr\/produkt\/nuhide-garment-weekender\/#primaryimage\"},\"thumbnailUrl\":\"https:\/\/printwave.pl\/fr\/wp-content\/uploads\/sites\/4\/2025\/01\/082_30_717_m-2022_01.jpg\",\"datePublished\":\"2025-01-27T00:47:27+00:00\",\"dateModified\":\"2026-02-13T18:16:23+00:00\",\"breadcrumb\":{\"@id\":\"https:\/\/printwave.pl\/fr\/produkt\/nuhide-garment-weekender\/#breadcrumb\"},\"inLanguage\":\"fr-FR\",\"potentialAction\":[{\"@type\":\"ReadAction\",\"target\":[\"https:\/\/printwave.pl\/fr\/produkt\/nuhide-garment-weekender\/\"]}]},{\"@type\":\"ImageObject\",\"inLanguage\":\"fr-FR\",\"@id\":\"https:\/\/printwave.pl\/fr\/produkt\/nuhide-garment-weekender\/#primaryimage\",\"url\":\"https:\/\/printwave.pl\/fr\/wp-content\/uploads\/sites\/4\/2025\/01\/082_30_717_m-2022_01.jpg\",\"contentUrl\":\"https:\/\/printwave.pl\/fr\/wp-content\/uploads\/sites\/4\/2025\/01\/082_30_717_m-2022_01.jpg\",\"width\":1024,\"height\":1304},{\"@type\":\"BreadcrumbList\",\"@id\":\"https:\/\/printwave.pl\/fr\/produkt\/nuhide-garment-weekender\/#breadcrumb\",\"itemListElement\":[{\"@type\":\"ListItem\",\"position\":1,\"name\":\"Accueil\",\"item\":\"https:\/\/printwave.pl\/fr\/\"},{\"@type\":\"ListItem\",\"position\":2,\"name\":\"Boutique\",\"item\":\"https:\/\/printwave.pl\/fr\/boutique\/\"},{\"@type\":\"ListItem\",\"position\":3,\"name\":\"NuHide\u2122 Garment Weekender\"}]},{\"@type\":\"WebSite\",\"@id\":\"https:\/\/printwave.pl\/fr\/#website\",\"url\":\"https:\/\/printwave.pl\/fr\/\",\"name\":\"Printwave\",\"description\":\"Votre fournisseur de v\u00eatements promotionnels et d&#039;entreprise en Pologne\",\"potentialAction\":[{\"@type\":\"SearchAction\",\"target\":{\"@type\":\"EntryPoint\",\"urlTemplate\":\"https:\/\/printwave.pl\/fr\/?s={search_term_string}\"},\"query-input\":{\"@type\":\"PropertyValueSpecification\",\"valueRequired\":true,\"valueName\":\"search_term_string\"}}],\"inLanguage\":\"fr-FR\"}]}<\/script>\n<!-- \/ Yoast SEO Premium plugin. -->","yoast_head_json":{"title":"NuHide\u2122 Garment Weekender | Printwave FR","robots":{"index":"index","follow":"follow","max-snippet":"max-snippet:-1","max-image-preview":"max-image-preview:large","max-video-preview":"max-video-preview:-1"},"canonical":"https:\/\/printwave.pl\/fr\/produkt\/nuhide-garment-weekender\/","og_locale":"fr_FR","og_type":"article","og_title":"NuHide\u2122 Garment Weekender","og_description":"\u00b7100% polyur\u00e9thane (aspect cuir pleine fleur) \u00b7enti\u00e8rement doubl\u00e9 en tissu \u00e0 fines rayures \u00b7anses de transport de m\u00eame mati\u00e8re, bandouli\u00e8re","og_url":"https:\/\/printwave.pl\/fr\/produkt\/nuhide-garment-weekender\/","og_site_name":"Printwave FR","article_modified_time":"2026-02-13T18:16:23+00:00","og_image":[{"width":1645,"height":297,"url":"https:\/\/printwave.pl\/fr\/wp-content\/uploads\/sites\/4\/2021\/07\/Print-Wave-logo-2025.png","type":"image\/png"}],"twitter_card":"summary_large_image","schema":{"@context":"https:\/\/schema.org","@graph":[{"@type":"WebPage","@id":"https:\/\/printwave.pl\/fr\/produkt\/nuhide-garment-weekender\/","url":"https:\/\/printwave.pl\/fr\/produkt\/nuhide-garment-weekender\/","name":"NuHide\u2122 Garment Weekender | Printwave FR","isPartOf":{"@id":"https:\/\/printwave.pl\/fr\/#website"},"primaryImageOfPage":{"@id":"https:\/\/printwave.pl\/fr\/produkt\/nuhide-garment-weekender\/#primaryimage"},"image":{"@id":"https:\/\/printwave.pl\/fr\/produkt\/nuhide-garment-weekender\/#primaryimage"},"thumbnailUrl":"https:\/\/printwave.pl\/fr\/wp-content\/uploads\/sites\/4\/2025\/01\/082_30_717_m-2022_01.jpg","datePublished":"2025-01-27T00:47:27+00:00","dateModified":"2026-02-13T18:16:23+00:00","breadcrumb":{"@id":"https:\/\/printwave.pl\/fr\/produkt\/nuhide-garment-weekender\/#breadcrumb"},"inLanguage":"fr-FR","potentialAction":[{"@type":"ReadAction","target":["https:\/\/printwave.pl\/fr\/produkt\/nuhide-garment-weekender\/"]}]},{"@type":"ImageObject","inLanguage":"fr-FR","@id":"https:\/\/printwave.pl\/fr\/produkt\/nuhide-garment-weekender\/#primaryimage","url":"https:\/\/printwave.pl\/fr\/wp-content\/uploads\/sites\/4\/2025\/01\/082_30_717_m-2022_01.jpg","contentUrl":"https:\/\/printwave.pl\/fr\/wp-content\/uploads\/sites\/4\/2025\/01\/082_30_717_m-2022_01.jpg","width":1024,"height":1304},{"@type":"BreadcrumbList","@id":"https:\/\/printwave.pl\/fr\/produkt\/nuhide-garment-weekender\/#breadcrumb","itemListElement":[{"@type":"ListItem","position":1,"name":"Accueil","item":"https:\/\/printwave.pl\/fr\/"},{"@type":"ListItem","position":2,"name":"Boutique","item":"https:\/\/printwave.pl\/fr\/boutique\/"},{"@type":"ListItem","position":3,"name":"NuHide\u2122 Garment Weekender"}]},{"@type":"WebSite","@id":"https:\/\/printwave.pl\/fr\/#website","url":"https:\/\/printwave.pl\/fr\/","name":"Printwave","description":"Votre fournisseur de v\u00eatements promotionnels et d&#039;entreprise en Pologne","potentialAction":[{"@type":"SearchAction","target":{"@type":"EntryPoint","urlTemplate":"https:\/\/printwave.pl\/fr\/?s={search_term_string}"},"query-input":{"@type":"PropertyValueSpecification","valueRequired":true,"valueName":"search_term_string"}}],"inLanguage":"fr-FR"}]}},"_links":{"self":[{"href":"https:\/\/printwave.pl\/fr\/wp-json\/wp\/v2\/product\/560134","targetHints":{"allow":["GET"]}}],"collection":[{"href":"https:\/\/printwave.pl\/fr\/wp-json\/wp\/v2\/product"}],"about":[{"href":"https:\/\/printwave.pl\/fr\/wp-json\/wp\/v2\/types\/product"}],"replies":[{"embeddable":true,"href":"https:\/\/printwave.pl\/fr\/wp-json\/wp\/v2\/comments?post=560134"}],"wp:featuredmedia":[{"embeddable":true,"href":"https:\/\/printwave.pl\/fr\/wp-json\/wp\/v2\/media\/560127"}],"wp:attachment":[{"href":"https:\/\/printwave.pl\/fr\/wp-json\/wp\/v2\/media?parent=560134"}],"wp:term":[{"taxonomy":"product_brand","embeddable":true,"href":"https:\/\/printwave.pl\/fr\/wp-json\/wp\/v2\/product_brand?post=560134"},{"taxonomy":"product_cat","embeddable":true,"href":"https:\/\/printwave.pl\/fr\/wp-json\/wp\/v2\/product_cat?post=560134"},{"taxonomy":"product_tag","embeddable":true,"href":"https:\/\/printwave.pl\/fr\/wp-json\/wp\/v2\/product_tag?post=560134"}],"curies":[{"name":"wp","href":"https:\/\/api.w.org\/{rel}","templated":true}]}}