{"id":558890,"date":"2025-01-27T00:55:12","date_gmt":"2025-01-26T23:55:12","guid":{"rendered":"https:\/\/printwave.pl\/fr\/produkt\/salon-hairdressers-cape-with-hand-grips\/"},"modified":"2026-02-13T19:01:30","modified_gmt":"2026-02-13T18:01:30","slug":"salon-hairdressers-cape-with-hand-grips","status":"publish","type":"product","link":"https:\/\/printwave.pl\/fr\/produkt\/salon-hairdressers-cape-with-hand-grips\/","title":{"rendered":"Salon Hairdresser&rsquo;s Cape with Hand Grips"},"content":{"rendered":"<p>\u00b785 g\/m\u00b2<br \/>\n\u00b7100% polyester<br \/>\n\u00b7Hydrofuge avec rev\u00eatement PU<br \/>\n\u00b7Propri\u00e9t\u00e9s antistatiques du mat\u00e9riau<br \/>\n\u00b7Avec cintre<br \/>\n\u00b7Fermeture pratique r\u00e9glable et \u00e9lastique avec des clips m\u00e9talliques \u00e0 l&rsquo;ouverture du cou<br \/>\n\u00b7Poign\u00e9es conviviales pour le client<br \/>\n\u00b7Lavable jusqu&rsquo;\u00e0 60\u00b0C<br \/>\n\u00b7Repassage complet maximum tous les 5 cycles de lavage pour conserver la fonction de protection d\u00e9perlante (repassage \u00e0 basse temp\u00e9rature, maximum 110\u00b0C, sans vapeur)<br \/>\n\u00b7Convient pour la s\u00e9rigraphie, l&rsquo;impression sur feuille et la sublimation<br \/>\n\u00b7Dimensions : 130 x 150 cm.<\/p>\n","protected":false},"excerpt":{"rendered":"<p>\u00b785 g\/m\u00b2 \u00b7100% polyester \u00b7Hydrofuge avec rev\u00eatement PU \u00b7Propri\u00e9t\u00e9s antistatiques du mat\u00e9riau \u00b7Avec cintre \u00b7Fermeture pratique r\u00e9glable et \u00e9lastique avec<\/p>\n","protected":false},"featured_media":558888,"comment_status":"open","ping_status":"closed","template":"","meta":[],"product_brand":[],"product_cat":[42],"product_tag":[],"class_list":{"0":"post-558890","1":"product","2":"type-product","3":"status-publish","4":"has-post-thumbnail","6":"product_cat-tabliers-blouses-hospitality","7":"pa_couleur-black","8":"pa_groupe-de-produits-autres","9":"pa_groupe-de-produits-bavoirs","10":"pa_marque-karlowsky","11":"pa_numero-de-style-5005","12":"pa_poids-jusqua-99-g-m","13":"pa_sexe-unisexe","14":"pa_taille-one-size","15":"pa_tissu-polyester","17":"first","18":"outofstock","19":"taxable","20":"shipping-taxable","21":"purchasable","22":"product-type-variable"},"yoast_head":"<!-- This site is optimized with the Yoast SEO Premium plugin v20.9 (Yoast SEO v26.3) - https:\/\/yoast.com\/wordpress\/plugins\/seo\/ -->\n<title>Salon Hairdresser&#039;s Cape with Hand Grips | Printwave FR<\/title>\n<meta name=\"robots\" content=\"index, follow, max-snippet:-1, max-image-preview:large, max-video-preview:-1\" \/>\n<link rel=\"canonical\" href=\"https:\/\/printwave.pl\/fr\/produkt\/salon-hairdressers-cape-with-hand-grips\/\" \/>\n<meta property=\"og:locale\" content=\"fr_FR\" \/>\n<meta property=\"og:type\" content=\"article\" \/>\n<meta property=\"og:title\" content=\"Salon Hairdresser&#039;s Cape with Hand Grips\" \/>\n<meta property=\"og:description\" content=\"\u00b785 g\/m\u00b2 \u00b7100% polyester \u00b7Hydrofuge avec rev\u00eatement PU \u00b7Propri\u00e9t\u00e9s antistatiques du mat\u00e9riau \u00b7Avec cintre \u00b7Fermeture pratique r\u00e9glable et \u00e9lastique avec\" \/>\n<meta property=\"og:url\" content=\"https:\/\/printwave.pl\/fr\/produkt\/salon-hairdressers-cape-with-hand-grips\/\" \/>\n<meta property=\"og:site_name\" content=\"Printwave FR\" \/>\n<meta property=\"article:modified_time\" content=\"2026-02-13T18:01:30+00:00\" \/>\n<meta property=\"og:image\" content=\"https:\/\/printwave.pl\/fr\/wp-content\/uploads\/sites\/4\/2025\/01\/096_67_101_m-2024_01.jpg\" \/>\n\t<meta property=\"og:image:width\" content=\"1024\" \/>\n\t<meta property=\"og:image:height\" content=\"1304\" \/>\n\t<meta property=\"og:image:type\" content=\"image\/jpeg\" \/>\n<meta name=\"twitter:card\" content=\"summary_large_image\" \/>\n<script type=\"application\/ld+json\" class=\"yoast-schema-graph\">{\"@context\":\"https:\/\/schema.org\",\"@graph\":[{\"@type\":\"WebPage\",\"@id\":\"https:\/\/printwave.pl\/fr\/produkt\/salon-hairdressers-cape-with-hand-grips\/\",\"url\":\"https:\/\/printwave.pl\/fr\/produkt\/salon-hairdressers-cape-with-hand-grips\/\",\"name\":\"Salon Hairdresser's Cape with Hand Grips | Printwave FR\",\"isPartOf\":{\"@id\":\"https:\/\/printwave.pl\/fr\/#website\"},\"primaryImageOfPage\":{\"@id\":\"https:\/\/printwave.pl\/fr\/produkt\/salon-hairdressers-cape-with-hand-grips\/#primaryimage\"},\"image\":{\"@id\":\"https:\/\/printwave.pl\/fr\/produkt\/salon-hairdressers-cape-with-hand-grips\/#primaryimage\"},\"thumbnailUrl\":\"https:\/\/printwave.pl\/fr\/wp-content\/uploads\/sites\/4\/2025\/01\/096_67_101_m-2024_01.jpg\",\"datePublished\":\"2025-01-26T23:55:12+00:00\",\"dateModified\":\"2026-02-13T18:01:30+00:00\",\"breadcrumb\":{\"@id\":\"https:\/\/printwave.pl\/fr\/produkt\/salon-hairdressers-cape-with-hand-grips\/#breadcrumb\"},\"inLanguage\":\"fr-FR\",\"potentialAction\":[{\"@type\":\"ReadAction\",\"target\":[\"https:\/\/printwave.pl\/fr\/produkt\/salon-hairdressers-cape-with-hand-grips\/\"]}]},{\"@type\":\"ImageObject\",\"inLanguage\":\"fr-FR\",\"@id\":\"https:\/\/printwave.pl\/fr\/produkt\/salon-hairdressers-cape-with-hand-grips\/#primaryimage\",\"url\":\"https:\/\/printwave.pl\/fr\/wp-content\/uploads\/sites\/4\/2025\/01\/096_67_101_m-2024_01.jpg\",\"contentUrl\":\"https:\/\/printwave.pl\/fr\/wp-content\/uploads\/sites\/4\/2025\/01\/096_67_101_m-2024_01.jpg\",\"width\":1024,\"height\":1304},{\"@type\":\"BreadcrumbList\",\"@id\":\"https:\/\/printwave.pl\/fr\/produkt\/salon-hairdressers-cape-with-hand-grips\/#breadcrumb\",\"itemListElement\":[{\"@type\":\"ListItem\",\"position\":1,\"name\":\"Accueil\",\"item\":\"https:\/\/printwave.pl\/fr\/\"},{\"@type\":\"ListItem\",\"position\":2,\"name\":\"Boutique\",\"item\":\"https:\/\/printwave.pl\/fr\/boutique\/\"},{\"@type\":\"ListItem\",\"position\":3,\"name\":\"Salon Hairdresser&rsquo;s Cape with Hand Grips\"}]},{\"@type\":\"WebSite\",\"@id\":\"https:\/\/printwave.pl\/fr\/#website\",\"url\":\"https:\/\/printwave.pl\/fr\/\",\"name\":\"Printwave\",\"description\":\"Votre fournisseur de v\u00eatements promotionnels et d&#039;entreprise en Pologne\",\"potentialAction\":[{\"@type\":\"SearchAction\",\"target\":{\"@type\":\"EntryPoint\",\"urlTemplate\":\"https:\/\/printwave.pl\/fr\/?s={search_term_string}\"},\"query-input\":{\"@type\":\"PropertyValueSpecification\",\"valueRequired\":true,\"valueName\":\"search_term_string\"}}],\"inLanguage\":\"fr-FR\"}]}<\/script>\n<!-- \/ Yoast SEO Premium plugin. -->","yoast_head_json":{"title":"Salon Hairdresser's Cape with Hand Grips | Printwave FR","robots":{"index":"index","follow":"follow","max-snippet":"max-snippet:-1","max-image-preview":"max-image-preview:large","max-video-preview":"max-video-preview:-1"},"canonical":"https:\/\/printwave.pl\/fr\/produkt\/salon-hairdressers-cape-with-hand-grips\/","og_locale":"fr_FR","og_type":"article","og_title":"Salon Hairdresser's Cape with Hand Grips","og_description":"\u00b785 g\/m\u00b2 \u00b7100% polyester \u00b7Hydrofuge avec rev\u00eatement PU \u00b7Propri\u00e9t\u00e9s antistatiques du mat\u00e9riau \u00b7Avec cintre \u00b7Fermeture pratique r\u00e9glable et \u00e9lastique avec","og_url":"https:\/\/printwave.pl\/fr\/produkt\/salon-hairdressers-cape-with-hand-grips\/","og_site_name":"Printwave FR","article_modified_time":"2026-02-13T18:01:30+00:00","og_image":[{"width":1024,"height":1304,"url":"https:\/\/printwave.pl\/fr\/wp-content\/uploads\/sites\/4\/2025\/01\/096_67_101_m-2024_01.jpg","type":"image\/jpeg"}],"twitter_card":"summary_large_image","schema":{"@context":"https:\/\/schema.org","@graph":[{"@type":"WebPage","@id":"https:\/\/printwave.pl\/fr\/produkt\/salon-hairdressers-cape-with-hand-grips\/","url":"https:\/\/printwave.pl\/fr\/produkt\/salon-hairdressers-cape-with-hand-grips\/","name":"Salon Hairdresser's Cape with Hand Grips | Printwave FR","isPartOf":{"@id":"https:\/\/printwave.pl\/fr\/#website"},"primaryImageOfPage":{"@id":"https:\/\/printwave.pl\/fr\/produkt\/salon-hairdressers-cape-with-hand-grips\/#primaryimage"},"image":{"@id":"https:\/\/printwave.pl\/fr\/produkt\/salon-hairdressers-cape-with-hand-grips\/#primaryimage"},"thumbnailUrl":"https:\/\/printwave.pl\/fr\/wp-content\/uploads\/sites\/4\/2025\/01\/096_67_101_m-2024_01.jpg","datePublished":"2025-01-26T23:55:12+00:00","dateModified":"2026-02-13T18:01:30+00:00","breadcrumb":{"@id":"https:\/\/printwave.pl\/fr\/produkt\/salon-hairdressers-cape-with-hand-grips\/#breadcrumb"},"inLanguage":"fr-FR","potentialAction":[{"@type":"ReadAction","target":["https:\/\/printwave.pl\/fr\/produkt\/salon-hairdressers-cape-with-hand-grips\/"]}]},{"@type":"ImageObject","inLanguage":"fr-FR","@id":"https:\/\/printwave.pl\/fr\/produkt\/salon-hairdressers-cape-with-hand-grips\/#primaryimage","url":"https:\/\/printwave.pl\/fr\/wp-content\/uploads\/sites\/4\/2025\/01\/096_67_101_m-2024_01.jpg","contentUrl":"https:\/\/printwave.pl\/fr\/wp-content\/uploads\/sites\/4\/2025\/01\/096_67_101_m-2024_01.jpg","width":1024,"height":1304},{"@type":"BreadcrumbList","@id":"https:\/\/printwave.pl\/fr\/produkt\/salon-hairdressers-cape-with-hand-grips\/#breadcrumb","itemListElement":[{"@type":"ListItem","position":1,"name":"Accueil","item":"https:\/\/printwave.pl\/fr\/"},{"@type":"ListItem","position":2,"name":"Boutique","item":"https:\/\/printwave.pl\/fr\/boutique\/"},{"@type":"ListItem","position":3,"name":"Salon Hairdresser&rsquo;s Cape with Hand Grips"}]},{"@type":"WebSite","@id":"https:\/\/printwave.pl\/fr\/#website","url":"https:\/\/printwave.pl\/fr\/","name":"Printwave","description":"Votre fournisseur de v\u00eatements promotionnels et d&#039;entreprise en Pologne","potentialAction":[{"@type":"SearchAction","target":{"@type":"EntryPoint","urlTemplate":"https:\/\/printwave.pl\/fr\/?s={search_term_string}"},"query-input":{"@type":"PropertyValueSpecification","valueRequired":true,"valueName":"search_term_string"}}],"inLanguage":"fr-FR"}]}},"_links":{"self":[{"href":"https:\/\/printwave.pl\/fr\/wp-json\/wp\/v2\/product\/558890","targetHints":{"allow":["GET"]}}],"collection":[{"href":"https:\/\/printwave.pl\/fr\/wp-json\/wp\/v2\/product"}],"about":[{"href":"https:\/\/printwave.pl\/fr\/wp-json\/wp\/v2\/types\/product"}],"replies":[{"embeddable":true,"href":"https:\/\/printwave.pl\/fr\/wp-json\/wp\/v2\/comments?post=558890"}],"wp:featuredmedia":[{"embeddable":true,"href":"https:\/\/printwave.pl\/fr\/wp-json\/wp\/v2\/media\/558888"}],"wp:attachment":[{"href":"https:\/\/printwave.pl\/fr\/wp-json\/wp\/v2\/media?parent=558890"}],"wp:term":[{"taxonomy":"product_brand","embeddable":true,"href":"https:\/\/printwave.pl\/fr\/wp-json\/wp\/v2\/product_brand?post=558890"},{"taxonomy":"product_cat","embeddable":true,"href":"https:\/\/printwave.pl\/fr\/wp-json\/wp\/v2\/product_cat?post=558890"},{"taxonomy":"product_tag","embeddable":true,"href":"https:\/\/printwave.pl\/fr\/wp-json\/wp\/v2\/product_tag?post=558890"}],"curies":[{"name":"wp","href":"https:\/\/api.w.org\/{rel}","templated":true}]}}