{"id":558702,"date":"2025-01-27T00:47:23","date_gmt":"2025-01-26T23:47:23","guid":{"rendered":"https:\/\/printwave.pl\/fr\/produkt\/short-sleeve-ladies-chef-jacket-modern-look\/"},"modified":"2026-02-13T18:59:12","modified_gmt":"2026-02-13T17:59:12","slug":"short-sleeve-ladies-chef-jacket-modern-look","status":"publish","type":"product","link":"https:\/\/printwave.pl\/fr\/produkt\/short-sleeve-ladies-chef-jacket-modern-look\/","title":{"rendered":"Short-Sleeve Ladies&rsquo; Chef Jacket Modern-Look"},"content":{"rendered":"<p>\u00b7150 g\/m\u00b2<br \/>\n\u00b750% polyester, 50% coton (serg\u00e9)<br \/>\n\u00b7Sangle au col arri\u00e8re pour fixer un tablier \u00e0 bavette (\u00e9vite de glisser)<br \/>\n\u00b7Panneau \u00e0 boutons-pression cach\u00e9s en tissu tr\u00e8s l\u00e9ger<br \/>\n\u00b7Manches courtes<br \/>\n\u00b7Poche plaqu\u00e9e sur la manche \u00e0 gauche avec compartiment pour stylo<br \/>\n\u00b7Parfaitement adapt\u00e9 pour travailler confortablement dans des environnements chauds<br \/>\n\u00b7Tr\u00e8s raffin\u00e9, pr\u00e9-r\u00e9tr\u00e9ci, grand teint, facile d&rsquo;entretien<br \/>\n\u00b7Convient pour la blanchisserie industrielle<br \/>\n\u00b7Lavable jusqu&rsquo;\u00e0 95\u00b0C<br \/>\n\u00b7Silhouette \u00e9lanc\u00e9e.<\/p>\n","protected":false},"excerpt":{"rendered":"<p>\u00b7150 g\/m\u00b2 \u00b750% polyester, 50% coton (serg\u00e9) \u00b7Sangle au col arri\u00e8re pour fixer un tablier \u00e0 bavette (\u00e9vite de glisser)<\/p>\n","protected":false},"featured_media":558698,"comment_status":"open","ping_status":"closed","template":"","meta":[],"product_brand":[],"product_cat":[42],"product_tag":[],"class_list":{"0":"post-558702","1":"product","2":"type-product","3":"status-publish","4":"has-post-thumbnail","6":"product_cat-tabliers-blouses-hospitality","7":"pa_couleur-anthracite","8":"pa_couleur-black","9":"pa_couleur-white","10":"pa_groupe-de-produits-restauration","11":"pa_manche-manches-courtes","12":"pa_marque-karlowsky","13":"pa_numero-de-style-4999","14":"pa_sexe-femmes","15":"pa_taille-34-2","16":"pa_taille-36-2","17":"pa_taille-38-2","18":"pa_taille-40-2","19":"pa_taille-42-2","20":"pa_taille-44-2","21":"pa_taille-46-2","22":"pa_taille-715","23":"pa_taille-716","24":"pa_tissu-melange-de-tissu","26":"first","27":"instock","28":"taxable","29":"shipping-taxable","30":"purchasable","31":"product-type-variable"},"yoast_head":"<!-- This site is optimized with the Yoast SEO Premium plugin v20.9 (Yoast SEO v26.3) - https:\/\/yoast.com\/wordpress\/plugins\/seo\/ -->\n<title>Short-Sleeve Ladies&#039; Chef Jacket Modern-Look | Printwave FR<\/title>\n<meta name=\"robots\" content=\"index, follow, max-snippet:-1, max-image-preview:large, max-video-preview:-1\" \/>\n<link rel=\"canonical\" href=\"https:\/\/printwave.pl\/fr\/produkt\/short-sleeve-ladies-chef-jacket-modern-look\/\" \/>\n<meta property=\"og:locale\" content=\"fr_FR\" \/>\n<meta property=\"og:type\" content=\"article\" \/>\n<meta property=\"og:title\" content=\"Short-Sleeve Ladies&#039; Chef Jacket Modern-Look\" \/>\n<meta property=\"og:description\" content=\"\u00b7150 g\/m\u00b2 \u00b750% polyester, 50% coton (serg\u00e9) \u00b7Sangle au col arri\u00e8re pour fixer un tablier \u00e0 bavette (\u00e9vite de glisser)\" \/>\n<meta property=\"og:url\" content=\"https:\/\/printwave.pl\/fr\/produkt\/short-sleeve-ladies-chef-jacket-modern-look\/\" \/>\n<meta property=\"og:site_name\" content=\"Printwave FR\" \/>\n<meta property=\"article:modified_time\" content=\"2026-02-13T17:59:12+00:00\" \/>\n<meta property=\"og:image\" content=\"https:\/\/printwave.pl\/fr\/wp-content\/uploads\/sites\/4\/2025\/01\/098_67_140_m-2023_01.jpg\" \/>\n\t<meta property=\"og:image:width\" content=\"1024\" \/>\n\t<meta property=\"og:image:height\" content=\"1304\" \/>\n\t<meta property=\"og:image:type\" content=\"image\/jpeg\" \/>\n<meta name=\"twitter:card\" content=\"summary_large_image\" \/>\n<script type=\"application\/ld+json\" class=\"yoast-schema-graph\">{\"@context\":\"https:\/\/schema.org\",\"@graph\":[{\"@type\":\"WebPage\",\"@id\":\"https:\/\/printwave.pl\/fr\/produkt\/short-sleeve-ladies-chef-jacket-modern-look\/\",\"url\":\"https:\/\/printwave.pl\/fr\/produkt\/short-sleeve-ladies-chef-jacket-modern-look\/\",\"name\":\"Short-Sleeve Ladies' Chef Jacket Modern-Look | Printwave FR\",\"isPartOf\":{\"@id\":\"https:\/\/printwave.pl\/fr\/#website\"},\"primaryImageOfPage\":{\"@id\":\"https:\/\/printwave.pl\/fr\/produkt\/short-sleeve-ladies-chef-jacket-modern-look\/#primaryimage\"},\"image\":{\"@id\":\"https:\/\/printwave.pl\/fr\/produkt\/short-sleeve-ladies-chef-jacket-modern-look\/#primaryimage\"},\"thumbnailUrl\":\"https:\/\/printwave.pl\/fr\/wp-content\/uploads\/sites\/4\/2025\/01\/098_67_140_m-2023_01.jpg\",\"datePublished\":\"2025-01-26T23:47:23+00:00\",\"dateModified\":\"2026-02-13T17:59:12+00:00\",\"breadcrumb\":{\"@id\":\"https:\/\/printwave.pl\/fr\/produkt\/short-sleeve-ladies-chef-jacket-modern-look\/#breadcrumb\"},\"inLanguage\":\"fr-FR\",\"potentialAction\":[{\"@type\":\"ReadAction\",\"target\":[\"https:\/\/printwave.pl\/fr\/produkt\/short-sleeve-ladies-chef-jacket-modern-look\/\"]}]},{\"@type\":\"ImageObject\",\"inLanguage\":\"fr-FR\",\"@id\":\"https:\/\/printwave.pl\/fr\/produkt\/short-sleeve-ladies-chef-jacket-modern-look\/#primaryimage\",\"url\":\"https:\/\/printwave.pl\/fr\/wp-content\/uploads\/sites\/4\/2025\/01\/098_67_140_m-2023_01.jpg\",\"contentUrl\":\"https:\/\/printwave.pl\/fr\/wp-content\/uploads\/sites\/4\/2025\/01\/098_67_140_m-2023_01.jpg\",\"width\":1024,\"height\":1304},{\"@type\":\"BreadcrumbList\",\"@id\":\"https:\/\/printwave.pl\/fr\/produkt\/short-sleeve-ladies-chef-jacket-modern-look\/#breadcrumb\",\"itemListElement\":[{\"@type\":\"ListItem\",\"position\":1,\"name\":\"Accueil\",\"item\":\"https:\/\/printwave.pl\/fr\/\"},{\"@type\":\"ListItem\",\"position\":2,\"name\":\"Boutique\",\"item\":\"https:\/\/printwave.pl\/fr\/boutique\/\"},{\"@type\":\"ListItem\",\"position\":3,\"name\":\"Short-Sleeve Ladies&rsquo; Chef Jacket Modern-Look\"}]},{\"@type\":\"WebSite\",\"@id\":\"https:\/\/printwave.pl\/fr\/#website\",\"url\":\"https:\/\/printwave.pl\/fr\/\",\"name\":\"Printwave\",\"description\":\"Votre fournisseur de v\u00eatements promotionnels et d&#039;entreprise en Pologne\",\"potentialAction\":[{\"@type\":\"SearchAction\",\"target\":{\"@type\":\"EntryPoint\",\"urlTemplate\":\"https:\/\/printwave.pl\/fr\/?s={search_term_string}\"},\"query-input\":{\"@type\":\"PropertyValueSpecification\",\"valueRequired\":true,\"valueName\":\"search_term_string\"}}],\"inLanguage\":\"fr-FR\"}]}<\/script>\n<!-- \/ Yoast SEO Premium plugin. -->","yoast_head_json":{"title":"Short-Sleeve Ladies' Chef Jacket Modern-Look | Printwave FR","robots":{"index":"index","follow":"follow","max-snippet":"max-snippet:-1","max-image-preview":"max-image-preview:large","max-video-preview":"max-video-preview:-1"},"canonical":"https:\/\/printwave.pl\/fr\/produkt\/short-sleeve-ladies-chef-jacket-modern-look\/","og_locale":"fr_FR","og_type":"article","og_title":"Short-Sleeve Ladies' Chef Jacket Modern-Look","og_description":"\u00b7150 g\/m\u00b2 \u00b750% polyester, 50% coton (serg\u00e9) \u00b7Sangle au col arri\u00e8re pour fixer un tablier \u00e0 bavette (\u00e9vite de glisser)","og_url":"https:\/\/printwave.pl\/fr\/produkt\/short-sleeve-ladies-chef-jacket-modern-look\/","og_site_name":"Printwave FR","article_modified_time":"2026-02-13T17:59:12+00:00","og_image":[{"width":1024,"height":1304,"url":"https:\/\/printwave.pl\/fr\/wp-content\/uploads\/sites\/4\/2025\/01\/098_67_140_m-2023_01.jpg","type":"image\/jpeg"}],"twitter_card":"summary_large_image","schema":{"@context":"https:\/\/schema.org","@graph":[{"@type":"WebPage","@id":"https:\/\/printwave.pl\/fr\/produkt\/short-sleeve-ladies-chef-jacket-modern-look\/","url":"https:\/\/printwave.pl\/fr\/produkt\/short-sleeve-ladies-chef-jacket-modern-look\/","name":"Short-Sleeve Ladies' Chef Jacket Modern-Look | Printwave FR","isPartOf":{"@id":"https:\/\/printwave.pl\/fr\/#website"},"primaryImageOfPage":{"@id":"https:\/\/printwave.pl\/fr\/produkt\/short-sleeve-ladies-chef-jacket-modern-look\/#primaryimage"},"image":{"@id":"https:\/\/printwave.pl\/fr\/produkt\/short-sleeve-ladies-chef-jacket-modern-look\/#primaryimage"},"thumbnailUrl":"https:\/\/printwave.pl\/fr\/wp-content\/uploads\/sites\/4\/2025\/01\/098_67_140_m-2023_01.jpg","datePublished":"2025-01-26T23:47:23+00:00","dateModified":"2026-02-13T17:59:12+00:00","breadcrumb":{"@id":"https:\/\/printwave.pl\/fr\/produkt\/short-sleeve-ladies-chef-jacket-modern-look\/#breadcrumb"},"inLanguage":"fr-FR","potentialAction":[{"@type":"ReadAction","target":["https:\/\/printwave.pl\/fr\/produkt\/short-sleeve-ladies-chef-jacket-modern-look\/"]}]},{"@type":"ImageObject","inLanguage":"fr-FR","@id":"https:\/\/printwave.pl\/fr\/produkt\/short-sleeve-ladies-chef-jacket-modern-look\/#primaryimage","url":"https:\/\/printwave.pl\/fr\/wp-content\/uploads\/sites\/4\/2025\/01\/098_67_140_m-2023_01.jpg","contentUrl":"https:\/\/printwave.pl\/fr\/wp-content\/uploads\/sites\/4\/2025\/01\/098_67_140_m-2023_01.jpg","width":1024,"height":1304},{"@type":"BreadcrumbList","@id":"https:\/\/printwave.pl\/fr\/produkt\/short-sleeve-ladies-chef-jacket-modern-look\/#breadcrumb","itemListElement":[{"@type":"ListItem","position":1,"name":"Accueil","item":"https:\/\/printwave.pl\/fr\/"},{"@type":"ListItem","position":2,"name":"Boutique","item":"https:\/\/printwave.pl\/fr\/boutique\/"},{"@type":"ListItem","position":3,"name":"Short-Sleeve Ladies&rsquo; Chef Jacket Modern-Look"}]},{"@type":"WebSite","@id":"https:\/\/printwave.pl\/fr\/#website","url":"https:\/\/printwave.pl\/fr\/","name":"Printwave","description":"Votre fournisseur de v\u00eatements promotionnels et d&#039;entreprise en Pologne","potentialAction":[{"@type":"SearchAction","target":{"@type":"EntryPoint","urlTemplate":"https:\/\/printwave.pl\/fr\/?s={search_term_string}"},"query-input":{"@type":"PropertyValueSpecification","valueRequired":true,"valueName":"search_term_string"}}],"inLanguage":"fr-FR"}]}},"_links":{"self":[{"href":"https:\/\/printwave.pl\/fr\/wp-json\/wp\/v2\/product\/558702","targetHints":{"allow":["GET"]}}],"collection":[{"href":"https:\/\/printwave.pl\/fr\/wp-json\/wp\/v2\/product"}],"about":[{"href":"https:\/\/printwave.pl\/fr\/wp-json\/wp\/v2\/types\/product"}],"replies":[{"embeddable":true,"href":"https:\/\/printwave.pl\/fr\/wp-json\/wp\/v2\/comments?post=558702"}],"wp:featuredmedia":[{"embeddable":true,"href":"https:\/\/printwave.pl\/fr\/wp-json\/wp\/v2\/media\/558698"}],"wp:attachment":[{"href":"https:\/\/printwave.pl\/fr\/wp-json\/wp\/v2\/media?parent=558702"}],"wp:term":[{"taxonomy":"product_brand","embeddable":true,"href":"https:\/\/printwave.pl\/fr\/wp-json\/wp\/v2\/product_brand?post=558702"},{"taxonomy":"product_cat","embeddable":true,"href":"https:\/\/printwave.pl\/fr\/wp-json\/wp\/v2\/product_cat?post=558702"},{"taxonomy":"product_tag","embeddable":true,"href":"https:\/\/printwave.pl\/fr\/wp-json\/wp\/v2\/product_tag?post=558702"}],"curies":[{"name":"wp","href":"https:\/\/api.w.org\/{rel}","templated":true}]}}