{"id":558417,"date":"2025-01-27T00:36:32","date_gmt":"2025-01-26T23:36:32","guid":{"rendered":"https:\/\/printwave.pl\/fr\/produkt\/hammer-adult-t-shirt\/"},"modified":"2026-02-13T18:57:54","modified_gmt":"2026-02-13T17:57:54","slug":"hammer-adult-t-shirt","status":"publish","type":"product","link":"https:\/\/printwave.pl\/fr\/produkt\/hammer-adult-t-shirt\/","title":{"rendered":"Hammer Adult T-Shirt"},"content":{"rendered":"<p>\u00b7203 g\/m\u00b2<br \/>\n\u00b7White: 193 g\/m\u00b2<br \/>\n\u00b7100% Coton peign\u00e9 ringspun<br \/>\n\u00b7Sport Grey: 90% Coton, 10% Polyester<br \/>\n\u00b7Graphite Heather: 50% Coton, 50% Polyester<br \/>\n\u00b7Col sans coutures surpiqu\u00e9es, largeur standard, bord-c\u00f4te<br \/>\n\u00b7Bande propret\u00e9 d&rsquo;\u00e9paule \u00e0 \u00e9paule<br \/>\n\u00b7Doubles surpiq\u00fbres aux manches et ourlets inf\u00e9rieurs<br \/>\n\u00b7Un quart de tour pour \u00e9liminer le pli central<\/p>\n","protected":false},"excerpt":{"rendered":"<p>\u00b7203 g\/m\u00b2 \u00b7White: 193 g\/m\u00b2 \u00b7100% Coton peign\u00e9 ringspun \u00b7Sport Grey: 90% Coton, 10% Polyester \u00b7Graphite Heather: 50% Coton, 50%<\/p>\n","protected":false},"featured_media":558414,"comment_status":"open","ping_status":"closed","template":"","meta":[],"product_brand":[],"product_cat":[112,1984],"product_tag":[144,991,1065,579,86],"class_list":{"0":"post-558417","1":"product","2":"type-product","3":"status-publish","4":"has-post-thumbnail","6":"product_cat-sans-etiquette","7":"product_cat-tee-shirts","8":"product_tag-a-manche-courte","9":"product_tag-col-ras-du-cou","10":"product_tag-facilement-personnalisable","11":"product_tag-manche-courte","12":"product_tag-vetements-dexterieur","13":"pa_certificats-oeko-tex-standard-100","14":"pa_certificats-sedex","15":"pa_certificats-wrap","16":"pa_couleur-berry","17":"pa_couleur-black","18":"pa_couleur-chalky-mint","19":"pa_couleur-chambray","20":"pa_couleur-coral-silk","21":"pa_couleur-flo-blue","22":"pa_couleur-graphite-heather","23":"pa_couleur-iris","24":"pa_couleur-irish-green","25":"pa_couleur-lagoon-blue","26":"pa_couleur-light-pink","27":"pa_couleur-off-white","28":"pa_couleur-olive","29":"pa_couleur-sport-dark-green","30":"pa_couleur-sport-dark-maroon","31":"pa_couleur-sport-dark-navy","32":"pa_couleur-sport-grey","33":"pa_couleur-sport-purple","34":"pa_couleur-sport-royal","35":"pa_couleur-sport-scarlet-red","36":"pa_couleur-white","37":"pa_details-set-in","38":"pa_encolure-crew-neck","39":"pa_groupe-de-produits-4xl-et-plus","40":"pa_groupe-de-produits-construction-tubulaire","41":"pa_groupe-de-produits-t-shirts","42":"pa_manche-manches-courtes","43":"pa_marque-gildan","44":"pa_numero-de-style-4995","45":"pa_poids-200-219-g-m","46":"pa_sexe-hommes","47":"pa_taille-2xl","48":"pa_taille-3xl","49":"pa_taille-4xl","50":"pa_taille-l","51":"pa_taille-m","52":"pa_taille-s","53":"pa_taille-xl","54":"pa_tissu-coton","56":"first","57":"instock","58":"taxable","59":"shipping-taxable","60":"purchasable","61":"product-type-variable"},"yoast_head":"<!-- This site is optimized with the Yoast SEO Premium plugin v20.9 (Yoast SEO v26.3) - https:\/\/yoast.com\/wordpress\/plugins\/seo\/ -->\n<title>Hammer Adult T-Shirt | Printwave FR<\/title>\n<meta name=\"robots\" content=\"index, follow, max-snippet:-1, max-image-preview:large, max-video-preview:-1\" \/>\n<link rel=\"canonical\" href=\"https:\/\/printwave.pl\/fr\/produkt\/hammer-adult-t-shirt\/\" \/>\n<meta property=\"og:locale\" content=\"fr_FR\" \/>\n<meta property=\"og:type\" content=\"article\" \/>\n<meta property=\"og:title\" content=\"Hammer Adult T-Shirt\" \/>\n<meta property=\"og:description\" content=\"\u00b7203 g\/m\u00b2 \u00b7White: 193 g\/m\u00b2 \u00b7100% Coton peign\u00e9 ringspun \u00b7Sport Grey: 90% Coton, 10% Polyester \u00b7Graphite Heather: 50% Coton, 50%\" \/>\n<meta property=\"og:url\" content=\"https:\/\/printwave.pl\/fr\/produkt\/hammer-adult-t-shirt\/\" \/>\n<meta property=\"og:site_name\" content=\"Printwave FR\" \/>\n<meta property=\"article:modified_time\" content=\"2026-02-13T17:57:54+00:00\" \/>\n<meta property=\"og:image\" content=\"https:\/\/printwave.pl\/fr\/wp-content\/uploads\/sites\/4\/2025\/01\/100_09_302_m-2023_01.jpg\" \/>\n\t<meta property=\"og:image:width\" content=\"1024\" \/>\n\t<meta property=\"og:image:height\" content=\"1304\" \/>\n\t<meta property=\"og:image:type\" content=\"image\/jpeg\" \/>\n<meta name=\"twitter:card\" content=\"summary_large_image\" \/>\n<script type=\"application\/ld+json\" class=\"yoast-schema-graph\">{\"@context\":\"https:\/\/schema.org\",\"@graph\":[{\"@type\":\"WebPage\",\"@id\":\"https:\/\/printwave.pl\/fr\/produkt\/hammer-adult-t-shirt\/\",\"url\":\"https:\/\/printwave.pl\/fr\/produkt\/hammer-adult-t-shirt\/\",\"name\":\"Hammer Adult T-Shirt | Printwave FR\",\"isPartOf\":{\"@id\":\"https:\/\/printwave.pl\/fr\/#website\"},\"primaryImageOfPage\":{\"@id\":\"https:\/\/printwave.pl\/fr\/produkt\/hammer-adult-t-shirt\/#primaryimage\"},\"image\":{\"@id\":\"https:\/\/printwave.pl\/fr\/produkt\/hammer-adult-t-shirt\/#primaryimage\"},\"thumbnailUrl\":\"https:\/\/printwave.pl\/fr\/wp-content\/uploads\/sites\/4\/2025\/01\/100_09_302_m-2023_01.jpg\",\"datePublished\":\"2025-01-26T23:36:32+00:00\",\"dateModified\":\"2026-02-13T17:57:54+00:00\",\"breadcrumb\":{\"@id\":\"https:\/\/printwave.pl\/fr\/produkt\/hammer-adult-t-shirt\/#breadcrumb\"},\"inLanguage\":\"fr-FR\",\"potentialAction\":[{\"@type\":\"ReadAction\",\"target\":[\"https:\/\/printwave.pl\/fr\/produkt\/hammer-adult-t-shirt\/\"]}]},{\"@type\":\"ImageObject\",\"inLanguage\":\"fr-FR\",\"@id\":\"https:\/\/printwave.pl\/fr\/produkt\/hammer-adult-t-shirt\/#primaryimage\",\"url\":\"https:\/\/printwave.pl\/fr\/wp-content\/uploads\/sites\/4\/2025\/01\/100_09_302_m-2023_01.jpg\",\"contentUrl\":\"https:\/\/printwave.pl\/fr\/wp-content\/uploads\/sites\/4\/2025\/01\/100_09_302_m-2023_01.jpg\",\"width\":1024,\"height\":1304},{\"@type\":\"BreadcrumbList\",\"@id\":\"https:\/\/printwave.pl\/fr\/produkt\/hammer-adult-t-shirt\/#breadcrumb\",\"itemListElement\":[{\"@type\":\"ListItem\",\"position\":1,\"name\":\"Accueil\",\"item\":\"https:\/\/printwave.pl\/fr\/\"},{\"@type\":\"ListItem\",\"position\":2,\"name\":\"Boutique\",\"item\":\"https:\/\/printwave.pl\/fr\/boutique\/\"},{\"@type\":\"ListItem\",\"position\":3,\"name\":\"Hammer Adult T-Shirt\"}]},{\"@type\":\"WebSite\",\"@id\":\"https:\/\/printwave.pl\/fr\/#website\",\"url\":\"https:\/\/printwave.pl\/fr\/\",\"name\":\"Printwave\",\"description\":\"Votre fournisseur de v\u00eatements promotionnels et d&#039;entreprise en Pologne\",\"potentialAction\":[{\"@type\":\"SearchAction\",\"target\":{\"@type\":\"EntryPoint\",\"urlTemplate\":\"https:\/\/printwave.pl\/fr\/?s={search_term_string}\"},\"query-input\":{\"@type\":\"PropertyValueSpecification\",\"valueRequired\":true,\"valueName\":\"search_term_string\"}}],\"inLanguage\":\"fr-FR\"}]}<\/script>\n<!-- \/ Yoast SEO Premium plugin. -->","yoast_head_json":{"title":"Hammer Adult T-Shirt | Printwave FR","robots":{"index":"index","follow":"follow","max-snippet":"max-snippet:-1","max-image-preview":"max-image-preview:large","max-video-preview":"max-video-preview:-1"},"canonical":"https:\/\/printwave.pl\/fr\/produkt\/hammer-adult-t-shirt\/","og_locale":"fr_FR","og_type":"article","og_title":"Hammer Adult T-Shirt","og_description":"\u00b7203 g\/m\u00b2 \u00b7White: 193 g\/m\u00b2 \u00b7100% Coton peign\u00e9 ringspun \u00b7Sport Grey: 90% Coton, 10% Polyester \u00b7Graphite Heather: 50% Coton, 50%","og_url":"https:\/\/printwave.pl\/fr\/produkt\/hammer-adult-t-shirt\/","og_site_name":"Printwave FR","article_modified_time":"2026-02-13T17:57:54+00:00","og_image":[{"width":1024,"height":1304,"url":"https:\/\/printwave.pl\/fr\/wp-content\/uploads\/sites\/4\/2025\/01\/100_09_302_m-2023_01.jpg","type":"image\/jpeg"}],"twitter_card":"summary_large_image","schema":{"@context":"https:\/\/schema.org","@graph":[{"@type":"WebPage","@id":"https:\/\/printwave.pl\/fr\/produkt\/hammer-adult-t-shirt\/","url":"https:\/\/printwave.pl\/fr\/produkt\/hammer-adult-t-shirt\/","name":"Hammer Adult T-Shirt | Printwave FR","isPartOf":{"@id":"https:\/\/printwave.pl\/fr\/#website"},"primaryImageOfPage":{"@id":"https:\/\/printwave.pl\/fr\/produkt\/hammer-adult-t-shirt\/#primaryimage"},"image":{"@id":"https:\/\/printwave.pl\/fr\/produkt\/hammer-adult-t-shirt\/#primaryimage"},"thumbnailUrl":"https:\/\/printwave.pl\/fr\/wp-content\/uploads\/sites\/4\/2025\/01\/100_09_302_m-2023_01.jpg","datePublished":"2025-01-26T23:36:32+00:00","dateModified":"2026-02-13T17:57:54+00:00","breadcrumb":{"@id":"https:\/\/printwave.pl\/fr\/produkt\/hammer-adult-t-shirt\/#breadcrumb"},"inLanguage":"fr-FR","potentialAction":[{"@type":"ReadAction","target":["https:\/\/printwave.pl\/fr\/produkt\/hammer-adult-t-shirt\/"]}]},{"@type":"ImageObject","inLanguage":"fr-FR","@id":"https:\/\/printwave.pl\/fr\/produkt\/hammer-adult-t-shirt\/#primaryimage","url":"https:\/\/printwave.pl\/fr\/wp-content\/uploads\/sites\/4\/2025\/01\/100_09_302_m-2023_01.jpg","contentUrl":"https:\/\/printwave.pl\/fr\/wp-content\/uploads\/sites\/4\/2025\/01\/100_09_302_m-2023_01.jpg","width":1024,"height":1304},{"@type":"BreadcrumbList","@id":"https:\/\/printwave.pl\/fr\/produkt\/hammer-adult-t-shirt\/#breadcrumb","itemListElement":[{"@type":"ListItem","position":1,"name":"Accueil","item":"https:\/\/printwave.pl\/fr\/"},{"@type":"ListItem","position":2,"name":"Boutique","item":"https:\/\/printwave.pl\/fr\/boutique\/"},{"@type":"ListItem","position":3,"name":"Hammer Adult T-Shirt"}]},{"@type":"WebSite","@id":"https:\/\/printwave.pl\/fr\/#website","url":"https:\/\/printwave.pl\/fr\/","name":"Printwave","description":"Votre fournisseur de v\u00eatements promotionnels et d&#039;entreprise en Pologne","potentialAction":[{"@type":"SearchAction","target":{"@type":"EntryPoint","urlTemplate":"https:\/\/printwave.pl\/fr\/?s={search_term_string}"},"query-input":{"@type":"PropertyValueSpecification","valueRequired":true,"valueName":"search_term_string"}}],"inLanguage":"fr-FR"}]}},"_links":{"self":[{"href":"https:\/\/printwave.pl\/fr\/wp-json\/wp\/v2\/product\/558417","targetHints":{"allow":["GET"]}}],"collection":[{"href":"https:\/\/printwave.pl\/fr\/wp-json\/wp\/v2\/product"}],"about":[{"href":"https:\/\/printwave.pl\/fr\/wp-json\/wp\/v2\/types\/product"}],"replies":[{"embeddable":true,"href":"https:\/\/printwave.pl\/fr\/wp-json\/wp\/v2\/comments?post=558417"}],"wp:featuredmedia":[{"embeddable":true,"href":"https:\/\/printwave.pl\/fr\/wp-json\/wp\/v2\/media\/558414"}],"wp:attachment":[{"href":"https:\/\/printwave.pl\/fr\/wp-json\/wp\/v2\/media?parent=558417"}],"wp:term":[{"taxonomy":"product_brand","embeddable":true,"href":"https:\/\/printwave.pl\/fr\/wp-json\/wp\/v2\/product_brand?post=558417"},{"taxonomy":"product_cat","embeddable":true,"href":"https:\/\/printwave.pl\/fr\/wp-json\/wp\/v2\/product_cat?post=558417"},{"taxonomy":"product_tag","embeddable":true,"href":"https:\/\/printwave.pl\/fr\/wp-json\/wp\/v2\/product_tag?post=558417"}],"curies":[{"name":"wp","href":"https:\/\/api.w.org\/{rel}","templated":true}]}}