{"id":558198,"date":"2025-01-27T00:28:53","date_gmt":"2025-01-26T23:28:53","guid":{"rendered":"https:\/\/printwave.pl\/fr\/produkt\/essential-cotton-t\/"},"modified":"2026-02-13T18:57:23","modified_gmt":"2026-02-13T17:57:23","slug":"essential-cotton-t","status":"publish","type":"product","link":"https:\/\/printwave.pl\/fr\/produkt\/essential-cotton-t\/","title":{"rendered":"Essential Cotton T"},"content":{"rendered":"<p>\u00b7150 g\/m\u00b2<br \/>\n\u00b7100% coton peign\u00e9 ringspun<br \/>\n\u00b7Athletic Heather : 90% coton (coton peign\u00e9 ringspun), 10% polyester (recycl\u00e9)<br \/>\n\u00b7Col rond avec c\u00f4te \u00e9lastique au niveau du cou<br \/>\n\u00b7\u00c9tiquette d\u00e9tachable dans le cou<br \/>\n\u00b7Bande d&rsquo;\u00e9paule \u00e0 \u00e9paule<br \/>\n\u00b7Surface lisse et jersey haute densit\u00e9 pour une clart\u00e9 d&rsquo;impression exceptionnelle<br \/>\n\u00b7Coupe classique<\/p>\n","protected":false},"excerpt":{"rendered":"<p>\u00b7150 g\/m\u00b2 \u00b7100% coton peign\u00e9 ringspun \u00b7Athletic Heather : 90% coton (coton peign\u00e9 ringspun), 10% polyester (recycl\u00e9) \u00b7Col rond avec<\/p>\n","protected":false},"featured_media":558197,"comment_status":"open","ping_status":"closed","template":"","meta":[],"product_brand":[],"product_cat":[1058,1984],"product_tag":[],"class_list":{"0":"post-558198","1":"product","2":"type-product","3":"status-publish","4":"has-post-thumbnail","6":"product_cat-nos-promos","7":"product_cat-tee-shirts","8":"pa_couleur-athletic-heather","9":"pa_couleur-black","10":"pa_couleur-blush-pink","11":"pa_couleur-cardinal","12":"pa_couleur-charcoal-grey","13":"pa_couleur-denim","14":"pa_couleur-forest-green","15":"pa_couleur-gold","16":"pa_couleur-j-navy","17":"pa_couleur-military-green","18":"pa_couleur-mineral-blue","19":"pa_couleur-royal","20":"pa_couleur-sandstone","21":"pa_couleur-true-red","22":"pa_couleur-white","23":"pa_encolure-crew-neck","24":"pa_groupe-de-produits-imprimable","25":"pa_groupe-de-produits-t-shirts","26":"pa_manche-manches-courtes","27":"pa_marque-jerzees","28":"pa_numero-de-style-4993","29":"pa_poids-140-169-g-m","30":"pa_sexe-unisexe","31":"pa_taille-2xl","32":"pa_taille-3xl","33":"pa_taille-l","34":"pa_taille-m","35":"pa_taille-s","36":"pa_taille-xl","37":"pa_tissu-coton","39":"first","40":"instock","41":"taxable","42":"shipping-taxable","43":"purchasable","44":"product-type-variable"},"yoast_head":"<!-- This site is optimized with the Yoast SEO Premium plugin v20.9 (Yoast SEO v26.3) - https:\/\/yoast.com\/wordpress\/plugins\/seo\/ -->\n<title>Essential Cotton T | Printwave FR<\/title>\n<meta name=\"robots\" content=\"index, follow, max-snippet:-1, max-image-preview:large, max-video-preview:-1\" \/>\n<link rel=\"canonical\" href=\"https:\/\/printwave.pl\/fr\/produkt\/essential-cotton-t\/\" \/>\n<meta property=\"og:locale\" content=\"fr_FR\" \/>\n<meta property=\"og:type\" content=\"article\" \/>\n<meta property=\"og:title\" content=\"Essential Cotton T\" \/>\n<meta property=\"og:description\" content=\"\u00b7150 g\/m\u00b2 \u00b7100% coton peign\u00e9 ringspun \u00b7Athletic Heather : 90% coton (coton peign\u00e9 ringspun), 10% polyester (recycl\u00e9) \u00b7Col rond avec\" \/>\n<meta property=\"og:url\" content=\"https:\/\/printwave.pl\/fr\/produkt\/essential-cotton-t\/\" \/>\n<meta property=\"og:site_name\" content=\"Printwave FR\" \/>\n<meta property=\"article:modified_time\" content=\"2026-02-13T17:57:23+00:00\" \/>\n<meta property=\"og:image\" content=\"https:\/\/printwave.pl\/fr\/wp-content\/uploads\/sites\/4\/2025\/01\/100_37_541_m-2024_01.jpg\" \/>\n\t<meta property=\"og:image:width\" content=\"1024\" \/>\n\t<meta property=\"og:image:height\" content=\"1304\" \/>\n\t<meta property=\"og:image:type\" content=\"image\/jpeg\" \/>\n<meta name=\"twitter:card\" content=\"summary_large_image\" \/>\n<script type=\"application\/ld+json\" class=\"yoast-schema-graph\">{\"@context\":\"https:\/\/schema.org\",\"@graph\":[{\"@type\":\"WebPage\",\"@id\":\"https:\/\/printwave.pl\/fr\/produkt\/essential-cotton-t\/\",\"url\":\"https:\/\/printwave.pl\/fr\/produkt\/essential-cotton-t\/\",\"name\":\"Essential Cotton T | Printwave FR\",\"isPartOf\":{\"@id\":\"https:\/\/printwave.pl\/fr\/#website\"},\"primaryImageOfPage\":{\"@id\":\"https:\/\/printwave.pl\/fr\/produkt\/essential-cotton-t\/#primaryimage\"},\"image\":{\"@id\":\"https:\/\/printwave.pl\/fr\/produkt\/essential-cotton-t\/#primaryimage\"},\"thumbnailUrl\":\"https:\/\/printwave.pl\/fr\/wp-content\/uploads\/sites\/4\/2025\/01\/100_37_541_m-2024_01.jpg\",\"datePublished\":\"2025-01-26T23:28:53+00:00\",\"dateModified\":\"2026-02-13T17:57:23+00:00\",\"breadcrumb\":{\"@id\":\"https:\/\/printwave.pl\/fr\/produkt\/essential-cotton-t\/#breadcrumb\"},\"inLanguage\":\"fr-FR\",\"potentialAction\":[{\"@type\":\"ReadAction\",\"target\":[\"https:\/\/printwave.pl\/fr\/produkt\/essential-cotton-t\/\"]}]},{\"@type\":\"ImageObject\",\"inLanguage\":\"fr-FR\",\"@id\":\"https:\/\/printwave.pl\/fr\/produkt\/essential-cotton-t\/#primaryimage\",\"url\":\"https:\/\/printwave.pl\/fr\/wp-content\/uploads\/sites\/4\/2025\/01\/100_37_541_m-2024_01.jpg\",\"contentUrl\":\"https:\/\/printwave.pl\/fr\/wp-content\/uploads\/sites\/4\/2025\/01\/100_37_541_m-2024_01.jpg\",\"width\":1024,\"height\":1304},{\"@type\":\"BreadcrumbList\",\"@id\":\"https:\/\/printwave.pl\/fr\/produkt\/essential-cotton-t\/#breadcrumb\",\"itemListElement\":[{\"@type\":\"ListItem\",\"position\":1,\"name\":\"Accueil\",\"item\":\"https:\/\/printwave.pl\/fr\/\"},{\"@type\":\"ListItem\",\"position\":2,\"name\":\"Boutique\",\"item\":\"https:\/\/printwave.pl\/fr\/boutique\/\"},{\"@type\":\"ListItem\",\"position\":3,\"name\":\"Essential Cotton T\"}]},{\"@type\":\"WebSite\",\"@id\":\"https:\/\/printwave.pl\/fr\/#website\",\"url\":\"https:\/\/printwave.pl\/fr\/\",\"name\":\"Printwave\",\"description\":\"Votre fournisseur de v\u00eatements promotionnels et d&#039;entreprise en Pologne\",\"potentialAction\":[{\"@type\":\"SearchAction\",\"target\":{\"@type\":\"EntryPoint\",\"urlTemplate\":\"https:\/\/printwave.pl\/fr\/?s={search_term_string}\"},\"query-input\":{\"@type\":\"PropertyValueSpecification\",\"valueRequired\":true,\"valueName\":\"search_term_string\"}}],\"inLanguage\":\"fr-FR\"}]}<\/script>\n<!-- \/ Yoast SEO Premium plugin. -->","yoast_head_json":{"title":"Essential Cotton T | Printwave FR","robots":{"index":"index","follow":"follow","max-snippet":"max-snippet:-1","max-image-preview":"max-image-preview:large","max-video-preview":"max-video-preview:-1"},"canonical":"https:\/\/printwave.pl\/fr\/produkt\/essential-cotton-t\/","og_locale":"fr_FR","og_type":"article","og_title":"Essential Cotton T","og_description":"\u00b7150 g\/m\u00b2 \u00b7100% coton peign\u00e9 ringspun \u00b7Athletic Heather : 90% coton (coton peign\u00e9 ringspun), 10% polyester (recycl\u00e9) \u00b7Col rond avec","og_url":"https:\/\/printwave.pl\/fr\/produkt\/essential-cotton-t\/","og_site_name":"Printwave FR","article_modified_time":"2026-02-13T17:57:23+00:00","og_image":[{"width":1024,"height":1304,"url":"https:\/\/printwave.pl\/fr\/wp-content\/uploads\/sites\/4\/2025\/01\/100_37_541_m-2024_01.jpg","type":"image\/jpeg"}],"twitter_card":"summary_large_image","schema":{"@context":"https:\/\/schema.org","@graph":[{"@type":"WebPage","@id":"https:\/\/printwave.pl\/fr\/produkt\/essential-cotton-t\/","url":"https:\/\/printwave.pl\/fr\/produkt\/essential-cotton-t\/","name":"Essential Cotton T | Printwave FR","isPartOf":{"@id":"https:\/\/printwave.pl\/fr\/#website"},"primaryImageOfPage":{"@id":"https:\/\/printwave.pl\/fr\/produkt\/essential-cotton-t\/#primaryimage"},"image":{"@id":"https:\/\/printwave.pl\/fr\/produkt\/essential-cotton-t\/#primaryimage"},"thumbnailUrl":"https:\/\/printwave.pl\/fr\/wp-content\/uploads\/sites\/4\/2025\/01\/100_37_541_m-2024_01.jpg","datePublished":"2025-01-26T23:28:53+00:00","dateModified":"2026-02-13T17:57:23+00:00","breadcrumb":{"@id":"https:\/\/printwave.pl\/fr\/produkt\/essential-cotton-t\/#breadcrumb"},"inLanguage":"fr-FR","potentialAction":[{"@type":"ReadAction","target":["https:\/\/printwave.pl\/fr\/produkt\/essential-cotton-t\/"]}]},{"@type":"ImageObject","inLanguage":"fr-FR","@id":"https:\/\/printwave.pl\/fr\/produkt\/essential-cotton-t\/#primaryimage","url":"https:\/\/printwave.pl\/fr\/wp-content\/uploads\/sites\/4\/2025\/01\/100_37_541_m-2024_01.jpg","contentUrl":"https:\/\/printwave.pl\/fr\/wp-content\/uploads\/sites\/4\/2025\/01\/100_37_541_m-2024_01.jpg","width":1024,"height":1304},{"@type":"BreadcrumbList","@id":"https:\/\/printwave.pl\/fr\/produkt\/essential-cotton-t\/#breadcrumb","itemListElement":[{"@type":"ListItem","position":1,"name":"Accueil","item":"https:\/\/printwave.pl\/fr\/"},{"@type":"ListItem","position":2,"name":"Boutique","item":"https:\/\/printwave.pl\/fr\/boutique\/"},{"@type":"ListItem","position":3,"name":"Essential Cotton T"}]},{"@type":"WebSite","@id":"https:\/\/printwave.pl\/fr\/#website","url":"https:\/\/printwave.pl\/fr\/","name":"Printwave","description":"Votre fournisseur de v\u00eatements promotionnels et d&#039;entreprise en Pologne","potentialAction":[{"@type":"SearchAction","target":{"@type":"EntryPoint","urlTemplate":"https:\/\/printwave.pl\/fr\/?s={search_term_string}"},"query-input":{"@type":"PropertyValueSpecification","valueRequired":true,"valueName":"search_term_string"}}],"inLanguage":"fr-FR"}]}},"_links":{"self":[{"href":"https:\/\/printwave.pl\/fr\/wp-json\/wp\/v2\/product\/558198","targetHints":{"allow":["GET"]}}],"collection":[{"href":"https:\/\/printwave.pl\/fr\/wp-json\/wp\/v2\/product"}],"about":[{"href":"https:\/\/printwave.pl\/fr\/wp-json\/wp\/v2\/types\/product"}],"replies":[{"embeddable":true,"href":"https:\/\/printwave.pl\/fr\/wp-json\/wp\/v2\/comments?post=558198"}],"wp:featuredmedia":[{"embeddable":true,"href":"https:\/\/printwave.pl\/fr\/wp-json\/wp\/v2\/media\/558197"}],"wp:attachment":[{"href":"https:\/\/printwave.pl\/fr\/wp-json\/wp\/v2\/media?parent=558198"}],"wp:term":[{"taxonomy":"product_brand","embeddable":true,"href":"https:\/\/printwave.pl\/fr\/wp-json\/wp\/v2\/product_brand?post=558198"},{"taxonomy":"product_cat","embeddable":true,"href":"https:\/\/printwave.pl\/fr\/wp-json\/wp\/v2\/product_cat?post=558198"},{"taxonomy":"product_tag","embeddable":true,"href":"https:\/\/printwave.pl\/fr\/wp-json\/wp\/v2\/product_tag?post=558198"}],"curies":[{"name":"wp","href":"https:\/\/api.w.org\/{rel}","templated":true}]}}