{"id":552908,"date":"2025-01-26T21:07:02","date_gmt":"2025-01-26T20:07:02","guid":{"rendered":"https:\/\/printwave.pl\/fr\/produkt\/recycled-safety-t-shirt\/"},"modified":"2026-02-13T18:27:20","modified_gmt":"2026-02-13T17:27:20","slug":"recycled-safety-t-shirt","status":"publish","type":"product","link":"https:\/\/printwave.pl\/fr\/produkt\/recycled-safety-t-shirt\/","title":{"rendered":"Recycled Safety T-Shirt"},"content":{"rendered":"<p>\u00b7155 g\/m\u00b2<br \/>\n\u00b7100% polyester (recycl\u00e9)<br \/>\n\u00b7Col: 100% polyester<br \/>\n\u00b7D\u00e9tail des \u00e9paules et des manches surpiqu\u00e9s<br \/>\n\u00b7Bandes de s\u00e9curit\u00e9 imprim\u00e9es<br \/>\n\u00b7Empi\u00e8cement et col noirs contrast\u00e9s<br \/>\n\u00b7Col c\u00f4tel\u00e9 extensible<br \/>\n\u00b7Conception de panneau sombre pour masquer la salet\u00e9<br \/>\n\u00b7EN ISO 20471: 2013 + A1: 2016 Classe 2 (Orange Fluo)<br \/>\n\u00b7RIS-3279-TOM Classe 2 (Orange Fluo)<\/p>\n","protected":false},"excerpt":{"rendered":"<p>\u00b7155 g\/m\u00b2 \u00b7100% polyester (recycl\u00e9) \u00b7Col: 100% polyester \u00b7D\u00e9tail des \u00e9paules et des manches surpiqu\u00e9s \u00b7Bandes de s\u00e9curit\u00e9 imprim\u00e9es \u00b7Empi\u00e8cement<\/p>\n","protected":false},"featured_media":552906,"comment_status":"open","ping_status":"closed","template":"","meta":[],"product_brand":[],"product_cat":[154,354,60,1984,43,282],"product_tag":[],"class_list":{"0":"post-552908","1":"product","2":"type-product","3":"status-publish","4":"has-post-thumbnail","6":"product_cat-all-eco","7":"product_cat-eco-responsable","8":"product_cat-recycled","9":"product_cat-tee-shirts","10":"product_cat-vetements-de-travail","11":"product_cat-vetements-haute-visibilite","12":"pa_couleur-fluorescent-orange","13":"pa_couleur-fluorescent-yellow","14":"pa_eco-recycle","15":"pa_groupe-de-produits-4xl-et-plus","16":"pa_groupe-de-produits-t-shirts","17":"pa_groupe-de-produits-vetements-fluorescents","18":"pa_manche-manches-courtes","19":"pa_marque-result-genuine-recycled","20":"pa_numero-de-style-4930","21":"pa_poids-140-169-g-m","22":"pa_sexe-hommes","23":"pa_taille-2xl-3xl","24":"pa_taille-4xl-5xl","25":"pa_taille-l-xl","26":"pa_taille-s-m","27":"pa_tissu-polyester","29":"first","30":"instock","31":"taxable","32":"shipping-taxable","33":"purchasable","34":"product-type-variable"},"yoast_head":"<!-- This site is optimized with the Yoast SEO Premium plugin v20.9 (Yoast SEO v26.3) - https:\/\/yoast.com\/wordpress\/plugins\/seo\/ -->\n<title>Recycled Safety T-Shirt | Printwave FR<\/title>\n<meta name=\"robots\" content=\"index, follow, max-snippet:-1, max-image-preview:large, max-video-preview:-1\" \/>\n<link rel=\"canonical\" href=\"https:\/\/printwave.pl\/fr\/produkt\/recycled-safety-t-shirt\/\" \/>\n<meta property=\"og:locale\" content=\"fr_FR\" \/>\n<meta property=\"og:type\" content=\"article\" \/>\n<meta property=\"og:title\" content=\"Recycled Safety T-Shirt\" \/>\n<meta property=\"og:description\" content=\"\u00b7155 g\/m\u00b2 \u00b7100% polyester (recycl\u00e9) \u00b7Col: 100% polyester \u00b7D\u00e9tail des \u00e9paules et des manches surpiqu\u00e9s \u00b7Bandes de s\u00e9curit\u00e9 imprim\u00e9es \u00b7Empi\u00e8cement\" \/>\n<meta property=\"og:url\" content=\"https:\/\/printwave.pl\/fr\/produkt\/recycled-safety-t-shirt\/\" \/>\n<meta property=\"og:site_name\" content=\"Printwave FR\" \/>\n<meta property=\"article:modified_time\" content=\"2026-02-13T17:27:20+00:00\" \/>\n<meta property=\"og:image\" content=\"https:\/\/printwave.pl\/fr\/wp-content\/uploads\/sites\/4\/2021\/07\/Print-Wave-logo-2025.png\" \/>\n\t<meta property=\"og:image:width\" content=\"1645\" \/>\n\t<meta property=\"og:image:height\" content=\"297\" \/>\n\t<meta property=\"og:image:type\" content=\"image\/png\" \/>\n<meta name=\"twitter:card\" content=\"summary_large_image\" \/>\n<script type=\"application\/ld+json\" class=\"yoast-schema-graph\">{\"@context\":\"https:\/\/schema.org\",\"@graph\":[{\"@type\":\"WebPage\",\"@id\":\"https:\/\/printwave.pl\/fr\/produkt\/recycled-safety-t-shirt\/\",\"url\":\"https:\/\/printwave.pl\/fr\/produkt\/recycled-safety-t-shirt\/\",\"name\":\"Recycled Safety T-Shirt | Printwave FR\",\"isPartOf\":{\"@id\":\"https:\/\/printwave.pl\/fr\/#website\"},\"primaryImageOfPage\":{\"@id\":\"https:\/\/printwave.pl\/fr\/produkt\/recycled-safety-t-shirt\/#primaryimage\"},\"image\":{\"@id\":\"https:\/\/printwave.pl\/fr\/produkt\/recycled-safety-t-shirt\/#primaryimage\"},\"thumbnailUrl\":\"https:\/\/printwave.pl\/fr\/wp-content\/uploads\/sites\/4\/2025\/01\/111_33_405_m-2022_01.jpg\",\"datePublished\":\"2025-01-26T20:07:02+00:00\",\"dateModified\":\"2026-02-13T17:27:20+00:00\",\"breadcrumb\":{\"@id\":\"https:\/\/printwave.pl\/fr\/produkt\/recycled-safety-t-shirt\/#breadcrumb\"},\"inLanguage\":\"fr-FR\",\"potentialAction\":[{\"@type\":\"ReadAction\",\"target\":[\"https:\/\/printwave.pl\/fr\/produkt\/recycled-safety-t-shirt\/\"]}]},{\"@type\":\"ImageObject\",\"inLanguage\":\"fr-FR\",\"@id\":\"https:\/\/printwave.pl\/fr\/produkt\/recycled-safety-t-shirt\/#primaryimage\",\"url\":\"https:\/\/printwave.pl\/fr\/wp-content\/uploads\/sites\/4\/2025\/01\/111_33_405_m-2022_01.jpg\",\"contentUrl\":\"https:\/\/printwave.pl\/fr\/wp-content\/uploads\/sites\/4\/2025\/01\/111_33_405_m-2022_01.jpg\",\"width\":1024,\"height\":1304},{\"@type\":\"BreadcrumbList\",\"@id\":\"https:\/\/printwave.pl\/fr\/produkt\/recycled-safety-t-shirt\/#breadcrumb\",\"itemListElement\":[{\"@type\":\"ListItem\",\"position\":1,\"name\":\"Accueil\",\"item\":\"https:\/\/printwave.pl\/fr\/\"},{\"@type\":\"ListItem\",\"position\":2,\"name\":\"Boutique\",\"item\":\"https:\/\/printwave.pl\/fr\/boutique\/\"},{\"@type\":\"ListItem\",\"position\":3,\"name\":\"Recycled Safety T-Shirt\"}]},{\"@type\":\"WebSite\",\"@id\":\"https:\/\/printwave.pl\/fr\/#website\",\"url\":\"https:\/\/printwave.pl\/fr\/\",\"name\":\"Printwave\",\"description\":\"Votre fournisseur de v\u00eatements promotionnels et d&#039;entreprise en Pologne\",\"potentialAction\":[{\"@type\":\"SearchAction\",\"target\":{\"@type\":\"EntryPoint\",\"urlTemplate\":\"https:\/\/printwave.pl\/fr\/?s={search_term_string}\"},\"query-input\":{\"@type\":\"PropertyValueSpecification\",\"valueRequired\":true,\"valueName\":\"search_term_string\"}}],\"inLanguage\":\"fr-FR\"}]}<\/script>\n<!-- \/ Yoast SEO Premium plugin. -->","yoast_head_json":{"title":"Recycled Safety T-Shirt | Printwave FR","robots":{"index":"index","follow":"follow","max-snippet":"max-snippet:-1","max-image-preview":"max-image-preview:large","max-video-preview":"max-video-preview:-1"},"canonical":"https:\/\/printwave.pl\/fr\/produkt\/recycled-safety-t-shirt\/","og_locale":"fr_FR","og_type":"article","og_title":"Recycled Safety T-Shirt","og_description":"\u00b7155 g\/m\u00b2 \u00b7100% polyester (recycl\u00e9) \u00b7Col: 100% polyester \u00b7D\u00e9tail des \u00e9paules et des manches surpiqu\u00e9s \u00b7Bandes de s\u00e9curit\u00e9 imprim\u00e9es \u00b7Empi\u00e8cement","og_url":"https:\/\/printwave.pl\/fr\/produkt\/recycled-safety-t-shirt\/","og_site_name":"Printwave FR","article_modified_time":"2026-02-13T17:27:20+00:00","og_image":[{"width":1645,"height":297,"url":"https:\/\/printwave.pl\/fr\/wp-content\/uploads\/sites\/4\/2021\/07\/Print-Wave-logo-2025.png","type":"image\/png"}],"twitter_card":"summary_large_image","schema":{"@context":"https:\/\/schema.org","@graph":[{"@type":"WebPage","@id":"https:\/\/printwave.pl\/fr\/produkt\/recycled-safety-t-shirt\/","url":"https:\/\/printwave.pl\/fr\/produkt\/recycled-safety-t-shirt\/","name":"Recycled Safety T-Shirt | Printwave FR","isPartOf":{"@id":"https:\/\/printwave.pl\/fr\/#website"},"primaryImageOfPage":{"@id":"https:\/\/printwave.pl\/fr\/produkt\/recycled-safety-t-shirt\/#primaryimage"},"image":{"@id":"https:\/\/printwave.pl\/fr\/produkt\/recycled-safety-t-shirt\/#primaryimage"},"thumbnailUrl":"https:\/\/printwave.pl\/fr\/wp-content\/uploads\/sites\/4\/2025\/01\/111_33_405_m-2022_01.jpg","datePublished":"2025-01-26T20:07:02+00:00","dateModified":"2026-02-13T17:27:20+00:00","breadcrumb":{"@id":"https:\/\/printwave.pl\/fr\/produkt\/recycled-safety-t-shirt\/#breadcrumb"},"inLanguage":"fr-FR","potentialAction":[{"@type":"ReadAction","target":["https:\/\/printwave.pl\/fr\/produkt\/recycled-safety-t-shirt\/"]}]},{"@type":"ImageObject","inLanguage":"fr-FR","@id":"https:\/\/printwave.pl\/fr\/produkt\/recycled-safety-t-shirt\/#primaryimage","url":"https:\/\/printwave.pl\/fr\/wp-content\/uploads\/sites\/4\/2025\/01\/111_33_405_m-2022_01.jpg","contentUrl":"https:\/\/printwave.pl\/fr\/wp-content\/uploads\/sites\/4\/2025\/01\/111_33_405_m-2022_01.jpg","width":1024,"height":1304},{"@type":"BreadcrumbList","@id":"https:\/\/printwave.pl\/fr\/produkt\/recycled-safety-t-shirt\/#breadcrumb","itemListElement":[{"@type":"ListItem","position":1,"name":"Accueil","item":"https:\/\/printwave.pl\/fr\/"},{"@type":"ListItem","position":2,"name":"Boutique","item":"https:\/\/printwave.pl\/fr\/boutique\/"},{"@type":"ListItem","position":3,"name":"Recycled Safety T-Shirt"}]},{"@type":"WebSite","@id":"https:\/\/printwave.pl\/fr\/#website","url":"https:\/\/printwave.pl\/fr\/","name":"Printwave","description":"Votre fournisseur de v\u00eatements promotionnels et d&#039;entreprise en Pologne","potentialAction":[{"@type":"SearchAction","target":{"@type":"EntryPoint","urlTemplate":"https:\/\/printwave.pl\/fr\/?s={search_term_string}"},"query-input":{"@type":"PropertyValueSpecification","valueRequired":true,"valueName":"search_term_string"}}],"inLanguage":"fr-FR"}]}},"_links":{"self":[{"href":"https:\/\/printwave.pl\/fr\/wp-json\/wp\/v2\/product\/552908","targetHints":{"allow":["GET"]}}],"collection":[{"href":"https:\/\/printwave.pl\/fr\/wp-json\/wp\/v2\/product"}],"about":[{"href":"https:\/\/printwave.pl\/fr\/wp-json\/wp\/v2\/types\/product"}],"replies":[{"embeddable":true,"href":"https:\/\/printwave.pl\/fr\/wp-json\/wp\/v2\/comments?post=552908"}],"wp:featuredmedia":[{"embeddable":true,"href":"https:\/\/printwave.pl\/fr\/wp-json\/wp\/v2\/media\/552906"}],"wp:attachment":[{"href":"https:\/\/printwave.pl\/fr\/wp-json\/wp\/v2\/media?parent=552908"}],"wp:term":[{"taxonomy":"product_brand","embeddable":true,"href":"https:\/\/printwave.pl\/fr\/wp-json\/wp\/v2\/product_brand?post=552908"},{"taxonomy":"product_cat","embeddable":true,"href":"https:\/\/printwave.pl\/fr\/wp-json\/wp\/v2\/product_cat?post=552908"},{"taxonomy":"product_tag","embeddable":true,"href":"https:\/\/printwave.pl\/fr\/wp-json\/wp\/v2\/product_tag?post=552908"}],"curies":[{"name":"wp","href":"https:\/\/api.w.org\/{rel}","templated":true}]}}