{"id":551201,"date":"2025-01-26T20:05:32","date_gmt":"2025-01-26T19:05:32","guid":{"rendered":"https:\/\/printwave.pl\/fr\/produkt\/regular-fit-mandarin-collar-top-3-4-sleeve\/"},"modified":"2026-02-13T18:15:04","modified_gmt":"2026-02-13T17:15:04","slug":"regular-fit-mandarin-collar-top-3-4-sleeve","status":"publish","type":"product","link":"https:\/\/printwave.pl\/fr\/produkt\/regular-fit-mandarin-collar-top-3-4-sleeve\/","title":{"rendered":"Regular Fit Mandarin Collar Top 3\/4 Sleeve"},"content":{"rendered":"<p>\u00b7200 g\/m\u00b2<br \/>\n\u00b795% coton, 5% \u00e9lasthanne<br \/>\n\u00b7Tissu \u00e9lasthanne pour un meilleur ajustement<br \/>\n\u00b7D\u00e9collet\u00e9 V col mandarin<br \/>\n\u00b7Bandes de propret\u00e9 aux \u00e9paules dans le m\u00eame tissu<br \/>\n\u00b7Manches 3\/4<br \/>\n\u00b7Double surpiq\u00fbres \u00e0 l&rsquo;ourlet et aux poignets<br \/>\n\u00b7Les formes s&rsquo;adaptent aux coutures lat\u00e9rales<br \/>\n\u00b7Ourlet droit<br \/>\n\u00b7Coupe r\u00e9guli\u00e8re.<\/p>\n","protected":false},"excerpt":{"rendered":"<p>\u00b7200 g\/m\u00b2 \u00b795% coton, 5% \u00e9lasthanne \u00b7Tissu \u00e9lasthanne pour un meilleur ajustement \u00b7D\u00e9collet\u00e9 V col mandarin \u00b7Bandes de propret\u00e9 aux<\/p>\n","protected":false},"featured_media":551200,"comment_status":"open","ping_status":"closed","template":"","meta":[],"product_brand":[],"product_cat":[895,1984],"product_tag":[],"class_list":{"0":"post-551201","1":"product","2":"type-product","3":"status-publish","4":"has-post-thumbnail","6":"product_cat-chemises-pulls","7":"product_cat-tee-shirts","8":"pa_couleur-black","9":"pa_couleur-white","10":"pa_details-col-en-v","11":"pa_details-coutures-laterales","12":"pa_groupe-de-produits-t-shirts","13":"pa_manche-manches-3-4","14":"pa_marque-kustom-kit","15":"pa_numero-de-style-4906","16":"pa_poids-200-219-g-m","17":"pa_sexe-femmes","18":"pa_taille-3xl-4xl-20-22","19":"pa_taille-m-l-12-14","20":"pa_taille-xl-2xl-16-18","21":"pa_taille-xs-s-8-10","22":"pa_tissu-melange-de-tissu","24":"first","25":"instock","26":"taxable","27":"shipping-taxable","28":"purchasable","29":"product-type-variable"},"yoast_head":"<!-- This site is optimized with the Yoast SEO Premium plugin v20.9 (Yoast SEO v26.3) - https:\/\/yoast.com\/wordpress\/plugins\/seo\/ -->\n<title>Regular Fit Mandarin Collar Top 3\/4 Sleeve | Printwave FR<\/title>\n<meta name=\"robots\" content=\"index, follow, max-snippet:-1, max-image-preview:large, max-video-preview:-1\" \/>\n<link rel=\"canonical\" href=\"https:\/\/printwave.pl\/fr\/produkt\/regular-fit-mandarin-collar-top-3-4-sleeve\/\" \/>\n<meta property=\"og:locale\" content=\"fr_FR\" \/>\n<meta property=\"og:type\" content=\"article\" \/>\n<meta property=\"og:title\" content=\"Regular Fit Mandarin Collar Top 3\/4 Sleeve\" \/>\n<meta property=\"og:description\" content=\"\u00b7200 g\/m\u00b2 \u00b795% coton, 5% \u00e9lasthanne \u00b7Tissu \u00e9lasthanne pour un meilleur ajustement \u00b7D\u00e9collet\u00e9 V col mandarin \u00b7Bandes de propret\u00e9 aux\" \/>\n<meta property=\"og:url\" content=\"https:\/\/printwave.pl\/fr\/produkt\/regular-fit-mandarin-collar-top-3-4-sleeve\/\" \/>\n<meta property=\"og:site_name\" content=\"Printwave FR\" \/>\n<meta property=\"article:modified_time\" content=\"2026-02-13T17:15:04+00:00\" \/>\n<meta property=\"og:image\" content=\"https:\/\/printwave.pl\/fr\/wp-content\/uploads\/sites\/4\/2025\/01\/117_11_101_m-2024_01.jpg\" \/>\n\t<meta property=\"og:image:width\" content=\"1024\" \/>\n\t<meta property=\"og:image:height\" content=\"1304\" \/>\n\t<meta property=\"og:image:type\" content=\"image\/jpeg\" \/>\n<meta name=\"twitter:card\" content=\"summary_large_image\" \/>\n<script type=\"application\/ld+json\" class=\"yoast-schema-graph\">{\"@context\":\"https:\/\/schema.org\",\"@graph\":[{\"@type\":\"WebPage\",\"@id\":\"https:\/\/printwave.pl\/fr\/produkt\/regular-fit-mandarin-collar-top-3-4-sleeve\/\",\"url\":\"https:\/\/printwave.pl\/fr\/produkt\/regular-fit-mandarin-collar-top-3-4-sleeve\/\",\"name\":\"Regular Fit Mandarin Collar Top 3\/4 Sleeve | Printwave FR\",\"isPartOf\":{\"@id\":\"https:\/\/printwave.pl\/fr\/#website\"},\"primaryImageOfPage\":{\"@id\":\"https:\/\/printwave.pl\/fr\/produkt\/regular-fit-mandarin-collar-top-3-4-sleeve\/#primaryimage\"},\"image\":{\"@id\":\"https:\/\/printwave.pl\/fr\/produkt\/regular-fit-mandarin-collar-top-3-4-sleeve\/#primaryimage\"},\"thumbnailUrl\":\"https:\/\/printwave.pl\/fr\/wp-content\/uploads\/sites\/4\/2025\/01\/117_11_101_m-2024_01.jpg\",\"datePublished\":\"2025-01-26T19:05:32+00:00\",\"dateModified\":\"2026-02-13T17:15:04+00:00\",\"breadcrumb\":{\"@id\":\"https:\/\/printwave.pl\/fr\/produkt\/regular-fit-mandarin-collar-top-3-4-sleeve\/#breadcrumb\"},\"inLanguage\":\"fr-FR\",\"potentialAction\":[{\"@type\":\"ReadAction\",\"target\":[\"https:\/\/printwave.pl\/fr\/produkt\/regular-fit-mandarin-collar-top-3-4-sleeve\/\"]}]},{\"@type\":\"ImageObject\",\"inLanguage\":\"fr-FR\",\"@id\":\"https:\/\/printwave.pl\/fr\/produkt\/regular-fit-mandarin-collar-top-3-4-sleeve\/#primaryimage\",\"url\":\"https:\/\/printwave.pl\/fr\/wp-content\/uploads\/sites\/4\/2025\/01\/117_11_101_m-2024_01.jpg\",\"contentUrl\":\"https:\/\/printwave.pl\/fr\/wp-content\/uploads\/sites\/4\/2025\/01\/117_11_101_m-2024_01.jpg\",\"width\":1024,\"height\":1304},{\"@type\":\"BreadcrumbList\",\"@id\":\"https:\/\/printwave.pl\/fr\/produkt\/regular-fit-mandarin-collar-top-3-4-sleeve\/#breadcrumb\",\"itemListElement\":[{\"@type\":\"ListItem\",\"position\":1,\"name\":\"Accueil\",\"item\":\"https:\/\/printwave.pl\/fr\/\"},{\"@type\":\"ListItem\",\"position\":2,\"name\":\"Boutique\",\"item\":\"https:\/\/printwave.pl\/fr\/boutique\/\"},{\"@type\":\"ListItem\",\"position\":3,\"name\":\"Regular Fit Mandarin Collar Top 3\/4 Sleeve\"}]},{\"@type\":\"WebSite\",\"@id\":\"https:\/\/printwave.pl\/fr\/#website\",\"url\":\"https:\/\/printwave.pl\/fr\/\",\"name\":\"Printwave\",\"description\":\"Votre fournisseur de v\u00eatements promotionnels et d&#039;entreprise en Pologne\",\"potentialAction\":[{\"@type\":\"SearchAction\",\"target\":{\"@type\":\"EntryPoint\",\"urlTemplate\":\"https:\/\/printwave.pl\/fr\/?s={search_term_string}\"},\"query-input\":{\"@type\":\"PropertyValueSpecification\",\"valueRequired\":true,\"valueName\":\"search_term_string\"}}],\"inLanguage\":\"fr-FR\"}]}<\/script>\n<!-- \/ Yoast SEO Premium plugin. -->","yoast_head_json":{"title":"Regular Fit Mandarin Collar Top 3\/4 Sleeve | Printwave FR","robots":{"index":"index","follow":"follow","max-snippet":"max-snippet:-1","max-image-preview":"max-image-preview:large","max-video-preview":"max-video-preview:-1"},"canonical":"https:\/\/printwave.pl\/fr\/produkt\/regular-fit-mandarin-collar-top-3-4-sleeve\/","og_locale":"fr_FR","og_type":"article","og_title":"Regular Fit Mandarin Collar Top 3\/4 Sleeve","og_description":"\u00b7200 g\/m\u00b2 \u00b795% coton, 5% \u00e9lasthanne \u00b7Tissu \u00e9lasthanne pour un meilleur ajustement \u00b7D\u00e9collet\u00e9 V col mandarin \u00b7Bandes de propret\u00e9 aux","og_url":"https:\/\/printwave.pl\/fr\/produkt\/regular-fit-mandarin-collar-top-3-4-sleeve\/","og_site_name":"Printwave FR","article_modified_time":"2026-02-13T17:15:04+00:00","og_image":[{"width":1024,"height":1304,"url":"https:\/\/printwave.pl\/fr\/wp-content\/uploads\/sites\/4\/2025\/01\/117_11_101_m-2024_01.jpg","type":"image\/jpeg"}],"twitter_card":"summary_large_image","schema":{"@context":"https:\/\/schema.org","@graph":[{"@type":"WebPage","@id":"https:\/\/printwave.pl\/fr\/produkt\/regular-fit-mandarin-collar-top-3-4-sleeve\/","url":"https:\/\/printwave.pl\/fr\/produkt\/regular-fit-mandarin-collar-top-3-4-sleeve\/","name":"Regular Fit Mandarin Collar Top 3\/4 Sleeve | Printwave FR","isPartOf":{"@id":"https:\/\/printwave.pl\/fr\/#website"},"primaryImageOfPage":{"@id":"https:\/\/printwave.pl\/fr\/produkt\/regular-fit-mandarin-collar-top-3-4-sleeve\/#primaryimage"},"image":{"@id":"https:\/\/printwave.pl\/fr\/produkt\/regular-fit-mandarin-collar-top-3-4-sleeve\/#primaryimage"},"thumbnailUrl":"https:\/\/printwave.pl\/fr\/wp-content\/uploads\/sites\/4\/2025\/01\/117_11_101_m-2024_01.jpg","datePublished":"2025-01-26T19:05:32+00:00","dateModified":"2026-02-13T17:15:04+00:00","breadcrumb":{"@id":"https:\/\/printwave.pl\/fr\/produkt\/regular-fit-mandarin-collar-top-3-4-sleeve\/#breadcrumb"},"inLanguage":"fr-FR","potentialAction":[{"@type":"ReadAction","target":["https:\/\/printwave.pl\/fr\/produkt\/regular-fit-mandarin-collar-top-3-4-sleeve\/"]}]},{"@type":"ImageObject","inLanguage":"fr-FR","@id":"https:\/\/printwave.pl\/fr\/produkt\/regular-fit-mandarin-collar-top-3-4-sleeve\/#primaryimage","url":"https:\/\/printwave.pl\/fr\/wp-content\/uploads\/sites\/4\/2025\/01\/117_11_101_m-2024_01.jpg","contentUrl":"https:\/\/printwave.pl\/fr\/wp-content\/uploads\/sites\/4\/2025\/01\/117_11_101_m-2024_01.jpg","width":1024,"height":1304},{"@type":"BreadcrumbList","@id":"https:\/\/printwave.pl\/fr\/produkt\/regular-fit-mandarin-collar-top-3-4-sleeve\/#breadcrumb","itemListElement":[{"@type":"ListItem","position":1,"name":"Accueil","item":"https:\/\/printwave.pl\/fr\/"},{"@type":"ListItem","position":2,"name":"Boutique","item":"https:\/\/printwave.pl\/fr\/boutique\/"},{"@type":"ListItem","position":3,"name":"Regular Fit Mandarin Collar Top 3\/4 Sleeve"}]},{"@type":"WebSite","@id":"https:\/\/printwave.pl\/fr\/#website","url":"https:\/\/printwave.pl\/fr\/","name":"Printwave","description":"Votre fournisseur de v\u00eatements promotionnels et d&#039;entreprise en Pologne","potentialAction":[{"@type":"SearchAction","target":{"@type":"EntryPoint","urlTemplate":"https:\/\/printwave.pl\/fr\/?s={search_term_string}"},"query-input":{"@type":"PropertyValueSpecification","valueRequired":true,"valueName":"search_term_string"}}],"inLanguage":"fr-FR"}]}},"_links":{"self":[{"href":"https:\/\/printwave.pl\/fr\/wp-json\/wp\/v2\/product\/551201","targetHints":{"allow":["GET"]}}],"collection":[{"href":"https:\/\/printwave.pl\/fr\/wp-json\/wp\/v2\/product"}],"about":[{"href":"https:\/\/printwave.pl\/fr\/wp-json\/wp\/v2\/types\/product"}],"replies":[{"embeddable":true,"href":"https:\/\/printwave.pl\/fr\/wp-json\/wp\/v2\/comments?post=551201"}],"wp:featuredmedia":[{"embeddable":true,"href":"https:\/\/printwave.pl\/fr\/wp-json\/wp\/v2\/media\/551200"}],"wp:attachment":[{"href":"https:\/\/printwave.pl\/fr\/wp-json\/wp\/v2\/media?parent=551201"}],"wp:term":[{"taxonomy":"product_brand","embeddable":true,"href":"https:\/\/printwave.pl\/fr\/wp-json\/wp\/v2\/product_brand?post=551201"},{"taxonomy":"product_cat","embeddable":true,"href":"https:\/\/printwave.pl\/fr\/wp-json\/wp\/v2\/product_cat?post=551201"},{"taxonomy":"product_tag","embeddable":true,"href":"https:\/\/printwave.pl\/fr\/wp-json\/wp\/v2\/product_tag?post=551201"}],"curies":[{"name":"wp","href":"https:\/\/api.w.org\/{rel}","templated":true}]}}