{"id":551179,"date":"2025-01-26T20:04:33","date_gmt":"2025-01-26T19:04:33","guid":{"rendered":"https:\/\/printwave.pl\/fr\/produkt\/t-shirt-base-ball\/"},"modified":"2026-02-13T18:14:18","modified_gmt":"2026-02-13T17:14:18","slug":"t-shirt-base-ball","status":"publish","type":"product","link":"https:\/\/printwave.pl\/fr\/produkt\/t-shirt-base-ball\/","title":{"rendered":"T-Shirt Base-Ball"},"content":{"rendered":"<p>\u00b7185 g\/m\u00b2<br \/>\n\u00b7100% coton, pr\u00e9-r\u00e9tr\u00e9ci et ringspun<br \/>\n\u00b7Jersey simple<br \/>\n\u00b7bord c\u00f4te double \u00e9paisseur 1&#215;1 avec \u00e9lasthanne \u00e0 l\u2019encolure<br \/>\n\u00b7bande de propret\u00e9<br \/>\n\u00b7encolure et manches raglan contrast\u00e9es<br \/>\n\u00b7surpiq\u00fbres aux manches et \u00e0 la base<br \/>\n\u00b7coupe ample<\/p>\n","protected":false},"excerpt":{"rendered":"<p>\u00b7185 g\/m\u00b2 \u00b7100% coton, pr\u00e9-r\u00e9tr\u00e9ci et ringspun \u00b7Jersey simple \u00b7bord c\u00f4te double \u00e9paisseur 1&#215;1 avec \u00e9lasthanne \u00e0 l\u2019encolure \u00b7bande de<\/p>\n","protected":false},"featured_media":551178,"comment_status":"open","ping_status":"closed","template":"","meta":[],"product_brand":[],"product_cat":[1984],"product_tag":[460,465,144,991,579,86],"class_list":{"0":"post-551179","1":"product","2":"type-product","3":"status-publish","4":"has-post-thumbnail","6":"product_cat-tee-shirts","7":"product_tag-2-couleurs","8":"product_tag-2-tons","9":"product_tag-a-manche-courte","10":"product_tag-col-ras-du-cou","11":"product_tag-manche-courte","12":"product_tag-vetements-dexterieur","13":"pa_certificats-fwf-fair-wear","14":"pa_certificats-oeko-tex-standard-100","15":"pa_couleur-white-navy","16":"pa_couleur-white-red","17":"pa_details-coutures-laterales","18":"pa_details-raglan","19":"pa_encolure-crew-neck","20":"pa_groupe-de-produits-t-shirts","21":"pa_manche-manches-courtes","22":"pa_marque-bc","23":"pa_numero-de-style-4905","24":"pa_poids-170-199-g-m","25":"pa_sexe-produits-correspondants","26":"pa_taille-2xl","27":"pa_taille-l","28":"pa_taille-m","29":"pa_taille-s","30":"pa_taille-xl","31":"pa_tissu-coton","33":"first","34":"instock","35":"taxable","36":"shipping-taxable","37":"purchasable","38":"product-type-variable"},"yoast_head":"<!-- This site is optimized with the Yoast SEO Premium plugin v20.9 (Yoast SEO v26.3) - https:\/\/yoast.com\/wordpress\/plugins\/seo\/ -->\n<title>T-Shirt Base-Ball | Printwave FR<\/title>\n<meta name=\"robots\" content=\"index, follow, max-snippet:-1, max-image-preview:large, max-video-preview:-1\" \/>\n<link rel=\"canonical\" href=\"https:\/\/printwave.pl\/fr\/produkt\/t-shirt-base-ball\/\" \/>\n<meta property=\"og:locale\" content=\"fr_FR\" \/>\n<meta property=\"og:type\" content=\"article\" \/>\n<meta property=\"og:title\" content=\"T-Shirt Base-Ball\" \/>\n<meta property=\"og:description\" content=\"\u00b7185 g\/m\u00b2 \u00b7100% coton, pr\u00e9-r\u00e9tr\u00e9ci et ringspun \u00b7Jersey simple \u00b7bord c\u00f4te double \u00e9paisseur 1&#215;1 avec \u00e9lasthanne \u00e0 l\u2019encolure \u00b7bande de\" \/>\n<meta property=\"og:url\" content=\"https:\/\/printwave.pl\/fr\/produkt\/t-shirt-base-ball\/\" \/>\n<meta property=\"og:site_name\" content=\"Printwave FR\" \/>\n<meta property=\"article:modified_time\" content=\"2026-02-13T17:14:18+00:00\" \/>\n<meta property=\"og:image\" content=\"https:\/\/printwave.pl\/fr\/wp-content\/uploads\/sites\/4\/2021\/07\/Print-Wave-logo-2025.png\" \/>\n\t<meta property=\"og:image:width\" content=\"1645\" \/>\n\t<meta property=\"og:image:height\" content=\"297\" \/>\n\t<meta property=\"og:image:type\" content=\"image\/png\" \/>\n<meta name=\"twitter:card\" content=\"summary_large_image\" \/>\n<script type=\"application\/ld+json\" class=\"yoast-schema-graph\">{\"@context\":\"https:\/\/schema.org\",\"@graph\":[{\"@type\":\"WebPage\",\"@id\":\"https:\/\/printwave.pl\/fr\/produkt\/t-shirt-base-ball\/\",\"url\":\"https:\/\/printwave.pl\/fr\/produkt\/t-shirt-base-ball\/\",\"name\":\"T-Shirt Base-Ball | Printwave FR\",\"isPartOf\":{\"@id\":\"https:\/\/printwave.pl\/fr\/#website\"},\"primaryImageOfPage\":{\"@id\":\"https:\/\/printwave.pl\/fr\/produkt\/t-shirt-base-ball\/#primaryimage\"},\"image\":{\"@id\":\"https:\/\/printwave.pl\/fr\/produkt\/t-shirt-base-ball\/#primaryimage\"},\"thumbnailUrl\":\"https:\/\/printwave.pl\/fr\/wp-content\/uploads\/sites\/4\/2025\/01\/117_42_052_m-2023_02.jpg\",\"datePublished\":\"2025-01-26T19:04:33+00:00\",\"dateModified\":\"2026-02-13T17:14:18+00:00\",\"breadcrumb\":{\"@id\":\"https:\/\/printwave.pl\/fr\/produkt\/t-shirt-base-ball\/#breadcrumb\"},\"inLanguage\":\"fr-FR\",\"potentialAction\":[{\"@type\":\"ReadAction\",\"target\":[\"https:\/\/printwave.pl\/fr\/produkt\/t-shirt-base-ball\/\"]}]},{\"@type\":\"ImageObject\",\"inLanguage\":\"fr-FR\",\"@id\":\"https:\/\/printwave.pl\/fr\/produkt\/t-shirt-base-ball\/#primaryimage\",\"url\":\"https:\/\/printwave.pl\/fr\/wp-content\/uploads\/sites\/4\/2025\/01\/117_42_052_m-2023_02.jpg\",\"contentUrl\":\"https:\/\/printwave.pl\/fr\/wp-content\/uploads\/sites\/4\/2025\/01\/117_42_052_m-2023_02.jpg\",\"width\":1024,\"height\":1304},{\"@type\":\"BreadcrumbList\",\"@id\":\"https:\/\/printwave.pl\/fr\/produkt\/t-shirt-base-ball\/#breadcrumb\",\"itemListElement\":[{\"@type\":\"ListItem\",\"position\":1,\"name\":\"Accueil\",\"item\":\"https:\/\/printwave.pl\/fr\/\"},{\"@type\":\"ListItem\",\"position\":2,\"name\":\"Boutique\",\"item\":\"https:\/\/printwave.pl\/fr\/boutique\/\"},{\"@type\":\"ListItem\",\"position\":3,\"name\":\"T-Shirt Base-Ball\"}]},{\"@type\":\"WebSite\",\"@id\":\"https:\/\/printwave.pl\/fr\/#website\",\"url\":\"https:\/\/printwave.pl\/fr\/\",\"name\":\"Printwave\",\"description\":\"Votre fournisseur de v\u00eatements promotionnels et d&#039;entreprise en Pologne\",\"potentialAction\":[{\"@type\":\"SearchAction\",\"target\":{\"@type\":\"EntryPoint\",\"urlTemplate\":\"https:\/\/printwave.pl\/fr\/?s={search_term_string}\"},\"query-input\":{\"@type\":\"PropertyValueSpecification\",\"valueRequired\":true,\"valueName\":\"search_term_string\"}}],\"inLanguage\":\"fr-FR\"}]}<\/script>\n<!-- \/ Yoast SEO Premium plugin. -->","yoast_head_json":{"title":"T-Shirt Base-Ball | Printwave FR","robots":{"index":"index","follow":"follow","max-snippet":"max-snippet:-1","max-image-preview":"max-image-preview:large","max-video-preview":"max-video-preview:-1"},"canonical":"https:\/\/printwave.pl\/fr\/produkt\/t-shirt-base-ball\/","og_locale":"fr_FR","og_type":"article","og_title":"T-Shirt Base-Ball","og_description":"\u00b7185 g\/m\u00b2 \u00b7100% coton, pr\u00e9-r\u00e9tr\u00e9ci et ringspun \u00b7Jersey simple \u00b7bord c\u00f4te double \u00e9paisseur 1&#215;1 avec \u00e9lasthanne \u00e0 l\u2019encolure \u00b7bande de","og_url":"https:\/\/printwave.pl\/fr\/produkt\/t-shirt-base-ball\/","og_site_name":"Printwave FR","article_modified_time":"2026-02-13T17:14:18+00:00","og_image":[{"width":1645,"height":297,"url":"https:\/\/printwave.pl\/fr\/wp-content\/uploads\/sites\/4\/2021\/07\/Print-Wave-logo-2025.png","type":"image\/png"}],"twitter_card":"summary_large_image","schema":{"@context":"https:\/\/schema.org","@graph":[{"@type":"WebPage","@id":"https:\/\/printwave.pl\/fr\/produkt\/t-shirt-base-ball\/","url":"https:\/\/printwave.pl\/fr\/produkt\/t-shirt-base-ball\/","name":"T-Shirt Base-Ball | Printwave FR","isPartOf":{"@id":"https:\/\/printwave.pl\/fr\/#website"},"primaryImageOfPage":{"@id":"https:\/\/printwave.pl\/fr\/produkt\/t-shirt-base-ball\/#primaryimage"},"image":{"@id":"https:\/\/printwave.pl\/fr\/produkt\/t-shirt-base-ball\/#primaryimage"},"thumbnailUrl":"https:\/\/printwave.pl\/fr\/wp-content\/uploads\/sites\/4\/2025\/01\/117_42_052_m-2023_02.jpg","datePublished":"2025-01-26T19:04:33+00:00","dateModified":"2026-02-13T17:14:18+00:00","breadcrumb":{"@id":"https:\/\/printwave.pl\/fr\/produkt\/t-shirt-base-ball\/#breadcrumb"},"inLanguage":"fr-FR","potentialAction":[{"@type":"ReadAction","target":["https:\/\/printwave.pl\/fr\/produkt\/t-shirt-base-ball\/"]}]},{"@type":"ImageObject","inLanguage":"fr-FR","@id":"https:\/\/printwave.pl\/fr\/produkt\/t-shirt-base-ball\/#primaryimage","url":"https:\/\/printwave.pl\/fr\/wp-content\/uploads\/sites\/4\/2025\/01\/117_42_052_m-2023_02.jpg","contentUrl":"https:\/\/printwave.pl\/fr\/wp-content\/uploads\/sites\/4\/2025\/01\/117_42_052_m-2023_02.jpg","width":1024,"height":1304},{"@type":"BreadcrumbList","@id":"https:\/\/printwave.pl\/fr\/produkt\/t-shirt-base-ball\/#breadcrumb","itemListElement":[{"@type":"ListItem","position":1,"name":"Accueil","item":"https:\/\/printwave.pl\/fr\/"},{"@type":"ListItem","position":2,"name":"Boutique","item":"https:\/\/printwave.pl\/fr\/boutique\/"},{"@type":"ListItem","position":3,"name":"T-Shirt Base-Ball"}]},{"@type":"WebSite","@id":"https:\/\/printwave.pl\/fr\/#website","url":"https:\/\/printwave.pl\/fr\/","name":"Printwave","description":"Votre fournisseur de v\u00eatements promotionnels et d&#039;entreprise en Pologne","potentialAction":[{"@type":"SearchAction","target":{"@type":"EntryPoint","urlTemplate":"https:\/\/printwave.pl\/fr\/?s={search_term_string}"},"query-input":{"@type":"PropertyValueSpecification","valueRequired":true,"valueName":"search_term_string"}}],"inLanguage":"fr-FR"}]}},"_links":{"self":[{"href":"https:\/\/printwave.pl\/fr\/wp-json\/wp\/v2\/product\/551179","targetHints":{"allow":["GET"]}}],"collection":[{"href":"https:\/\/printwave.pl\/fr\/wp-json\/wp\/v2\/product"}],"about":[{"href":"https:\/\/printwave.pl\/fr\/wp-json\/wp\/v2\/types\/product"}],"replies":[{"embeddable":true,"href":"https:\/\/printwave.pl\/fr\/wp-json\/wp\/v2\/comments?post=551179"}],"wp:featuredmedia":[{"embeddable":true,"href":"https:\/\/printwave.pl\/fr\/wp-json\/wp\/v2\/media\/551178"}],"wp:attachment":[{"href":"https:\/\/printwave.pl\/fr\/wp-json\/wp\/v2\/media?parent=551179"}],"wp:term":[{"taxonomy":"product_brand","embeddable":true,"href":"https:\/\/printwave.pl\/fr\/wp-json\/wp\/v2\/product_brand?post=551179"},{"taxonomy":"product_cat","embeddable":true,"href":"https:\/\/printwave.pl\/fr\/wp-json\/wp\/v2\/product_cat?post=551179"},{"taxonomy":"product_tag","embeddable":true,"href":"https:\/\/printwave.pl\/fr\/wp-json\/wp\/v2\/product_tag?post=551179"}],"curies":[{"name":"wp","href":"https:\/\/api.w.org\/{rel}","templated":true}]}}