{"id":548032,"date":"2025-01-26T18:12:50","date_gmt":"2025-01-26T17:12:50","guid":{"rendered":"https:\/\/printwave.pl\/fr\/produkt\/softstyle-ez-adult-t-shirt\/"},"modified":"2026-02-13T17:54:23","modified_gmt":"2026-02-13T16:54:23","slug":"softstyle-ez-adult-t-shirt","status":"publish","type":"product","link":"https:\/\/printwave.pl\/fr\/produkt\/softstyle-ez-adult-t-shirt\/","title":{"rendered":"Softstyle EZ Adult T-Shirt"},"content":{"rendered":"<p>\u00b7153 g\/m\u00b2 (White : 144 g\/m\u00b2)<br \/>\n\u00b7100% coton, ringspun et peign\u00e9<br \/>\n\u00b7Tissu \u00e0 haute densit\u00e9 de points offrant une surface d&rsquo;impression lisse, id\u00e9al pour DTG<br \/>\n\u00b7Lav\u00e9 aux enzymes<br \/>\n\u00b7Ne bouloche pratiquement pas lavage apr\u00e8s lavage, gr\u00e2ce au bio-polish<br \/>\n\u00b7Pas de surpiq\u00fbre, fin col c\u00f4tel\u00e9<br \/>\n\u00b7Bande de propret\u00e9 au col et \u00e9paules pour plus de confort et de durabilit\u00e9<br \/>\n\u00b7Corps \u00e0 coutures lat\u00e9rales<br \/>\n\u00b7Etiquette d\u00e9tachable noire haute performance<br \/>\n\u00b7Coupe classique moderne.<\/p>\n","protected":false},"excerpt":{"rendered":"<p>\u00b7153 g\/m\u00b2 (White : 144 g\/m\u00b2) \u00b7100% coton, ringspun et peign\u00e9 \u00b7Tissu \u00e0 haute densit\u00e9 de points offrant une surface<\/p>\n","protected":false},"featured_media":548027,"comment_status":"open","ping_status":"closed","template":"","meta":[],"product_brand":[],"product_cat":[1984],"product_tag":[],"class_list":{"0":"post-548032","1":"product","2":"type-product","3":"status-publish","4":"has-post-thumbnail","6":"product_cat-tee-shirts","7":"pa_couleur-baby-blue","8":"pa_couleur-black","9":"pa_couleur-caribbean-blue","10":"pa_couleur-charcoal","11":"pa_couleur-charity-pink","12":"pa_couleur-navy","13":"pa_couleur-royal","14":"pa_couleur-smoke","15":"pa_couleur-storm-grey","16":"pa_couleur-teal-ice","17":"pa_couleur-true-red","18":"pa_couleur-white","19":"pa_details-coutures-laterales","20":"pa_details-facile-a-relabelliser","21":"pa_details-set-in","22":"pa_groupe-de-produits-t-shirts","23":"pa_manche-manches-courtes","24":"pa_marque-gildan","25":"pa_numero-de-style-4861","26":"pa_sexe-unisexe","27":"pa_taille-2xl","28":"pa_taille-3xl","29":"pa_taille-l","30":"pa_taille-m","31":"pa_taille-s","32":"pa_taille-xl","33":"pa_tissu-coton","35":"first","36":"instock","37":"taxable","38":"shipping-taxable","39":"purchasable","40":"product-type-variable"},"yoast_head":"<!-- This site is optimized with the Yoast SEO Premium plugin v20.9 (Yoast SEO v26.3) - https:\/\/yoast.com\/wordpress\/plugins\/seo\/ -->\n<title>Softstyle EZ Adult T-Shirt | Printwave FR<\/title>\n<meta name=\"robots\" content=\"index, follow, max-snippet:-1, max-image-preview:large, max-video-preview:-1\" \/>\n<link rel=\"canonical\" href=\"https:\/\/printwave.pl\/fr\/produkt\/softstyle-ez-adult-t-shirt\/\" \/>\n<meta property=\"og:locale\" content=\"fr_FR\" \/>\n<meta property=\"og:type\" content=\"article\" \/>\n<meta property=\"og:title\" content=\"Softstyle EZ Adult T-Shirt\" \/>\n<meta property=\"og:description\" content=\"\u00b7153 g\/m\u00b2 (White : 144 g\/m\u00b2) \u00b7100% coton, ringspun et peign\u00e9 \u00b7Tissu \u00e0 haute densit\u00e9 de points offrant une surface\" \/>\n<meta property=\"og:url\" content=\"https:\/\/printwave.pl\/fr\/produkt\/softstyle-ez-adult-t-shirt\/\" \/>\n<meta property=\"og:site_name\" content=\"Printwave FR\" \/>\n<meta property=\"article:modified_time\" content=\"2026-02-13T16:54:23+00:00\" \/>\n<meta property=\"og:image\" content=\"https:\/\/printwave.pl\/fr\/wp-content\/uploads\/sites\/4\/2025\/01\/125_09_426_m-2023_01.jpg\" \/>\n\t<meta property=\"og:image:width\" content=\"1024\" \/>\n\t<meta property=\"og:image:height\" content=\"1304\" \/>\n\t<meta property=\"og:image:type\" content=\"image\/jpeg\" \/>\n<meta name=\"twitter:card\" content=\"summary_large_image\" \/>\n<script type=\"application\/ld+json\" class=\"yoast-schema-graph\">{\"@context\":\"https:\/\/schema.org\",\"@graph\":[{\"@type\":\"WebPage\",\"@id\":\"https:\/\/printwave.pl\/fr\/produkt\/softstyle-ez-adult-t-shirt\/\",\"url\":\"https:\/\/printwave.pl\/fr\/produkt\/softstyle-ez-adult-t-shirt\/\",\"name\":\"Softstyle EZ Adult T-Shirt | Printwave FR\",\"isPartOf\":{\"@id\":\"https:\/\/printwave.pl\/fr\/#website\"},\"primaryImageOfPage\":{\"@id\":\"https:\/\/printwave.pl\/fr\/produkt\/softstyle-ez-adult-t-shirt\/#primaryimage\"},\"image\":{\"@id\":\"https:\/\/printwave.pl\/fr\/produkt\/softstyle-ez-adult-t-shirt\/#primaryimage\"},\"thumbnailUrl\":\"https:\/\/printwave.pl\/fr\/wp-content\/uploads\/sites\/4\/2025\/01\/125_09_426_m-2023_01.jpg\",\"datePublished\":\"2025-01-26T17:12:50+00:00\",\"dateModified\":\"2026-02-13T16:54:23+00:00\",\"breadcrumb\":{\"@id\":\"https:\/\/printwave.pl\/fr\/produkt\/softstyle-ez-adult-t-shirt\/#breadcrumb\"},\"inLanguage\":\"fr-FR\",\"potentialAction\":[{\"@type\":\"ReadAction\",\"target\":[\"https:\/\/printwave.pl\/fr\/produkt\/softstyle-ez-adult-t-shirt\/\"]}]},{\"@type\":\"ImageObject\",\"inLanguage\":\"fr-FR\",\"@id\":\"https:\/\/printwave.pl\/fr\/produkt\/softstyle-ez-adult-t-shirt\/#primaryimage\",\"url\":\"https:\/\/printwave.pl\/fr\/wp-content\/uploads\/sites\/4\/2025\/01\/125_09_426_m-2023_01.jpg\",\"contentUrl\":\"https:\/\/printwave.pl\/fr\/wp-content\/uploads\/sites\/4\/2025\/01\/125_09_426_m-2023_01.jpg\",\"width\":1024,\"height\":1304},{\"@type\":\"BreadcrumbList\",\"@id\":\"https:\/\/printwave.pl\/fr\/produkt\/softstyle-ez-adult-t-shirt\/#breadcrumb\",\"itemListElement\":[{\"@type\":\"ListItem\",\"position\":1,\"name\":\"Accueil\",\"item\":\"https:\/\/printwave.pl\/fr\/\"},{\"@type\":\"ListItem\",\"position\":2,\"name\":\"Boutique\",\"item\":\"https:\/\/printwave.pl\/fr\/boutique\/\"},{\"@type\":\"ListItem\",\"position\":3,\"name\":\"Softstyle EZ Adult T-Shirt\"}]},{\"@type\":\"WebSite\",\"@id\":\"https:\/\/printwave.pl\/fr\/#website\",\"url\":\"https:\/\/printwave.pl\/fr\/\",\"name\":\"Printwave\",\"description\":\"Votre fournisseur de v\u00eatements promotionnels et d&#039;entreprise en Pologne\",\"potentialAction\":[{\"@type\":\"SearchAction\",\"target\":{\"@type\":\"EntryPoint\",\"urlTemplate\":\"https:\/\/printwave.pl\/fr\/?s={search_term_string}\"},\"query-input\":{\"@type\":\"PropertyValueSpecification\",\"valueRequired\":true,\"valueName\":\"search_term_string\"}}],\"inLanguage\":\"fr-FR\"}]}<\/script>\n<!-- \/ Yoast SEO Premium plugin. -->","yoast_head_json":{"title":"Softstyle EZ Adult T-Shirt | Printwave FR","robots":{"index":"index","follow":"follow","max-snippet":"max-snippet:-1","max-image-preview":"max-image-preview:large","max-video-preview":"max-video-preview:-1"},"canonical":"https:\/\/printwave.pl\/fr\/produkt\/softstyle-ez-adult-t-shirt\/","og_locale":"fr_FR","og_type":"article","og_title":"Softstyle EZ Adult T-Shirt","og_description":"\u00b7153 g\/m\u00b2 (White : 144 g\/m\u00b2) \u00b7100% coton, ringspun et peign\u00e9 \u00b7Tissu \u00e0 haute densit\u00e9 de points offrant une surface","og_url":"https:\/\/printwave.pl\/fr\/produkt\/softstyle-ez-adult-t-shirt\/","og_site_name":"Printwave FR","article_modified_time":"2026-02-13T16:54:23+00:00","og_image":[{"width":1024,"height":1304,"url":"https:\/\/printwave.pl\/fr\/wp-content\/uploads\/sites\/4\/2025\/01\/125_09_426_m-2023_01.jpg","type":"image\/jpeg"}],"twitter_card":"summary_large_image","schema":{"@context":"https:\/\/schema.org","@graph":[{"@type":"WebPage","@id":"https:\/\/printwave.pl\/fr\/produkt\/softstyle-ez-adult-t-shirt\/","url":"https:\/\/printwave.pl\/fr\/produkt\/softstyle-ez-adult-t-shirt\/","name":"Softstyle EZ Adult T-Shirt | Printwave FR","isPartOf":{"@id":"https:\/\/printwave.pl\/fr\/#website"},"primaryImageOfPage":{"@id":"https:\/\/printwave.pl\/fr\/produkt\/softstyle-ez-adult-t-shirt\/#primaryimage"},"image":{"@id":"https:\/\/printwave.pl\/fr\/produkt\/softstyle-ez-adult-t-shirt\/#primaryimage"},"thumbnailUrl":"https:\/\/printwave.pl\/fr\/wp-content\/uploads\/sites\/4\/2025\/01\/125_09_426_m-2023_01.jpg","datePublished":"2025-01-26T17:12:50+00:00","dateModified":"2026-02-13T16:54:23+00:00","breadcrumb":{"@id":"https:\/\/printwave.pl\/fr\/produkt\/softstyle-ez-adult-t-shirt\/#breadcrumb"},"inLanguage":"fr-FR","potentialAction":[{"@type":"ReadAction","target":["https:\/\/printwave.pl\/fr\/produkt\/softstyle-ez-adult-t-shirt\/"]}]},{"@type":"ImageObject","inLanguage":"fr-FR","@id":"https:\/\/printwave.pl\/fr\/produkt\/softstyle-ez-adult-t-shirt\/#primaryimage","url":"https:\/\/printwave.pl\/fr\/wp-content\/uploads\/sites\/4\/2025\/01\/125_09_426_m-2023_01.jpg","contentUrl":"https:\/\/printwave.pl\/fr\/wp-content\/uploads\/sites\/4\/2025\/01\/125_09_426_m-2023_01.jpg","width":1024,"height":1304},{"@type":"BreadcrumbList","@id":"https:\/\/printwave.pl\/fr\/produkt\/softstyle-ez-adult-t-shirt\/#breadcrumb","itemListElement":[{"@type":"ListItem","position":1,"name":"Accueil","item":"https:\/\/printwave.pl\/fr\/"},{"@type":"ListItem","position":2,"name":"Boutique","item":"https:\/\/printwave.pl\/fr\/boutique\/"},{"@type":"ListItem","position":3,"name":"Softstyle EZ Adult T-Shirt"}]},{"@type":"WebSite","@id":"https:\/\/printwave.pl\/fr\/#website","url":"https:\/\/printwave.pl\/fr\/","name":"Printwave","description":"Votre fournisseur de v\u00eatements promotionnels et d&#039;entreprise en Pologne","potentialAction":[{"@type":"SearchAction","target":{"@type":"EntryPoint","urlTemplate":"https:\/\/printwave.pl\/fr\/?s={search_term_string}"},"query-input":{"@type":"PropertyValueSpecification","valueRequired":true,"valueName":"search_term_string"}}],"inLanguage":"fr-FR"}]}},"_links":{"self":[{"href":"https:\/\/printwave.pl\/fr\/wp-json\/wp\/v2\/product\/548032","targetHints":{"allow":["GET"]}}],"collection":[{"href":"https:\/\/printwave.pl\/fr\/wp-json\/wp\/v2\/product"}],"about":[{"href":"https:\/\/printwave.pl\/fr\/wp-json\/wp\/v2\/types\/product"}],"replies":[{"embeddable":true,"href":"https:\/\/printwave.pl\/fr\/wp-json\/wp\/v2\/comments?post=548032"}],"wp:featuredmedia":[{"embeddable":true,"href":"https:\/\/printwave.pl\/fr\/wp-json\/wp\/v2\/media\/548027"}],"wp:attachment":[{"href":"https:\/\/printwave.pl\/fr\/wp-json\/wp\/v2\/media?parent=548032"}],"wp:term":[{"taxonomy":"product_brand","embeddable":true,"href":"https:\/\/printwave.pl\/fr\/wp-json\/wp\/v2\/product_brand?post=548032"},{"taxonomy":"product_cat","embeddable":true,"href":"https:\/\/printwave.pl\/fr\/wp-json\/wp\/v2\/product_cat?post=548032"},{"taxonomy":"product_tag","embeddable":true,"href":"https:\/\/printwave.pl\/fr\/wp-json\/wp\/v2\/product_tag?post=548032"}],"curies":[{"name":"wp","href":"https:\/\/api.w.org\/{rel}","templated":true}]}}