{"id":541294,"date":"2025-01-26T14:09:48","date_gmt":"2025-01-26T13:09:48","guid":{"rendered":"https:\/\/printwave.pl\/fr\/produkt\/boys-v-neck-hd-tee\/"},"modified":"2026-02-13T17:22:42","modified_gmt":"2026-02-13T16:22:42","slug":"boys-v-neck-hd-tee","status":"publish","type":"product","link":"https:\/\/printwave.pl\/fr\/produkt\/boys-v-neck-hd-tee\/","title":{"rendered":"Boys V-Neck HD Tee"},"content":{"rendered":"<p>\u00b7160 g\/m\u00b2 (White: 155 g\/m\u00b2)<br \/>\n\u00b765% polyester, 35% coton, ring-spun peign\u00e9<br \/>\n\u00b7Col V couture simple<br \/>\n\u00b7Bande de propret\u00e9 d \u00e9paule \u00e0 \u00e9paule<br \/>\n\u00b7Coutures lat\u00e9rales<br \/>\n\u00b7Coupe cintr\u00e9e \u00e0 la mode<br \/>\n\u00b7Etiquette adh\u00e9sive dans le cou<br \/>\n\u00b7Convient pour la sublimation, s\u00e9rigraphie, l impression transfert \u00e0 chaud et la broderie.<\/p>\n","protected":false},"excerpt":{"rendered":"<p>\u00b7160 g\/m\u00b2 (White: 155 g\/m\u00b2) \u00b765% polyester, 35% coton, ring-spun peign\u00e9 \u00b7Col V couture simple \u00b7Bande de propret\u00e9 d \u00e9paule<\/p>\n","protected":false},"featured_media":541289,"comment_status":"open","ping_status":"closed","template":"","meta":[],"product_brand":[],"product_cat":[80,112,1941,1984],"product_tag":[144,514,1065,579,86],"class_list":{"0":"post-541294","1":"product","2":"type-product","3":"status-publish","4":"has-post-thumbnail","6":"product_cat-enfants","7":"product_cat-sans-etiquette","8":"product_cat-sublimation","9":"product_cat-tee-shirts","10":"product_tag-a-manche-courte","11":"product_tag-col-en-v","12":"product_tag-facilement-personnalisable","13":"product_tag-manche-courte","14":"product_tag-vetements-dexterieur","15":"pa_couleur-black","16":"pa_couleur-blue-marl","17":"pa_couleur-bright-navy-marl","18":"pa_couleur-green-marl","19":"pa_couleur-maroon-marl","20":"pa_couleur-pink-marl","21":"pa_couleur-red-marl","22":"pa_details-col-en-v","23":"pa_details-coutures-laterales","24":"pa_details-facile-a-relabelliser","25":"pa_groupe-de-produits-t-shirts","26":"pa_manche-manches-courtes","27":"pa_marque-russell","28":"pa_numero-de-style-4775","29":"pa_poids-140-169-g-m","30":"pa_sexe-enfants","31":"pa_taille-2xl-152-11-12","32":"pa_taille-3xl-164-13-14","33":"pa_taille-l-128-7-8","34":"pa_taille-m-116-5-6","35":"pa_taille-xl-140-9-10","36":"pa_tissu-melange-de-tissu","38":"first","39":"instock","40":"taxable","41":"shipping-taxable","42":"purchasable","43":"product-type-variable"},"yoast_head":"<!-- This site is optimized with the Yoast SEO Premium plugin v20.9 (Yoast SEO v26.3) - https:\/\/yoast.com\/wordpress\/plugins\/seo\/ -->\n<title>Boys V-Neck HD Tee | Printwave FR<\/title>\n<meta name=\"robots\" content=\"index, follow, max-snippet:-1, max-image-preview:large, max-video-preview:-1\" \/>\n<link rel=\"canonical\" href=\"https:\/\/printwave.pl\/fr\/produkt\/boys-v-neck-hd-tee\/\" \/>\n<meta property=\"og:locale\" content=\"fr_FR\" \/>\n<meta property=\"og:type\" content=\"article\" \/>\n<meta property=\"og:title\" content=\"Boys V-Neck HD Tee\" \/>\n<meta property=\"og:description\" content=\"\u00b7160 g\/m\u00b2 (White: 155 g\/m\u00b2) \u00b765% polyester, 35% coton, ring-spun peign\u00e9 \u00b7Col V couture simple \u00b7Bande de propret\u00e9 d \u00e9paule\" \/>\n<meta property=\"og:url\" content=\"https:\/\/printwave.pl\/fr\/produkt\/boys-v-neck-hd-tee\/\" \/>\n<meta property=\"og:site_name\" content=\"Printwave FR\" \/>\n<meta property=\"article:modified_time\" content=\"2026-02-13T16:22:42+00:00\" \/>\n<meta property=\"og:image\" content=\"https:\/\/printwave.pl\/fr\/wp-content\/uploads\/sites\/4\/2021\/07\/Print-Wave-logo-2025.png\" \/>\n\t<meta property=\"og:image:width\" content=\"1645\" \/>\n\t<meta property=\"og:image:height\" content=\"297\" \/>\n\t<meta property=\"og:image:type\" content=\"image\/png\" \/>\n<meta name=\"twitter:card\" content=\"summary_large_image\" \/>\n<script type=\"application\/ld+json\" class=\"yoast-schema-graph\">{\"@context\":\"https:\/\/schema.org\",\"@graph\":[{\"@type\":\"WebPage\",\"@id\":\"https:\/\/printwave.pl\/fr\/produkt\/boys-v-neck-hd-tee\/\",\"url\":\"https:\/\/printwave.pl\/fr\/produkt\/boys-v-neck-hd-tee\/\",\"name\":\"Boys V-Neck HD Tee | Printwave FR\",\"isPartOf\":{\"@id\":\"https:\/\/printwave.pl\/fr\/#website\"},\"primaryImageOfPage\":{\"@id\":\"https:\/\/printwave.pl\/fr\/produkt\/boys-v-neck-hd-tee\/#primaryimage\"},\"image\":{\"@id\":\"https:\/\/printwave.pl\/fr\/produkt\/boys-v-neck-hd-tee\/#primaryimage\"},\"thumbnailUrl\":\"https:\/\/printwave.pl\/fr\/wp-content\/uploads\/sites\/4\/2025\/01\/155_00_101_f-2018_01.jpg\",\"datePublished\":\"2025-01-26T13:09:48+00:00\",\"dateModified\":\"2026-02-13T16:22:42+00:00\",\"breadcrumb\":{\"@id\":\"https:\/\/printwave.pl\/fr\/produkt\/boys-v-neck-hd-tee\/#breadcrumb\"},\"inLanguage\":\"fr-FR\",\"potentialAction\":[{\"@type\":\"ReadAction\",\"target\":[\"https:\/\/printwave.pl\/fr\/produkt\/boys-v-neck-hd-tee\/\"]}]},{\"@type\":\"ImageObject\",\"inLanguage\":\"fr-FR\",\"@id\":\"https:\/\/printwave.pl\/fr\/produkt\/boys-v-neck-hd-tee\/#primaryimage\",\"url\":\"https:\/\/printwave.pl\/fr\/wp-content\/uploads\/sites\/4\/2025\/01\/155_00_101_f-2018_01.jpg\",\"contentUrl\":\"https:\/\/printwave.pl\/fr\/wp-content\/uploads\/sites\/4\/2025\/01\/155_00_101_f-2018_01.jpg\",\"width\":1024,\"height\":1228},{\"@type\":\"BreadcrumbList\",\"@id\":\"https:\/\/printwave.pl\/fr\/produkt\/boys-v-neck-hd-tee\/#breadcrumb\",\"itemListElement\":[{\"@type\":\"ListItem\",\"position\":1,\"name\":\"Accueil\",\"item\":\"https:\/\/printwave.pl\/fr\/\"},{\"@type\":\"ListItem\",\"position\":2,\"name\":\"Boutique\",\"item\":\"https:\/\/printwave.pl\/fr\/boutique\/\"},{\"@type\":\"ListItem\",\"position\":3,\"name\":\"Boys V-Neck HD Tee\"}]},{\"@type\":\"WebSite\",\"@id\":\"https:\/\/printwave.pl\/fr\/#website\",\"url\":\"https:\/\/printwave.pl\/fr\/\",\"name\":\"Printwave\",\"description\":\"Votre fournisseur de v\u00eatements promotionnels et d&#039;entreprise en Pologne\",\"potentialAction\":[{\"@type\":\"SearchAction\",\"target\":{\"@type\":\"EntryPoint\",\"urlTemplate\":\"https:\/\/printwave.pl\/fr\/?s={search_term_string}\"},\"query-input\":{\"@type\":\"PropertyValueSpecification\",\"valueRequired\":true,\"valueName\":\"search_term_string\"}}],\"inLanguage\":\"fr-FR\"}]}<\/script>\n<!-- \/ Yoast SEO Premium plugin. -->","yoast_head_json":{"title":"Boys V-Neck HD Tee | Printwave FR","robots":{"index":"index","follow":"follow","max-snippet":"max-snippet:-1","max-image-preview":"max-image-preview:large","max-video-preview":"max-video-preview:-1"},"canonical":"https:\/\/printwave.pl\/fr\/produkt\/boys-v-neck-hd-tee\/","og_locale":"fr_FR","og_type":"article","og_title":"Boys V-Neck HD Tee","og_description":"\u00b7160 g\/m\u00b2 (White: 155 g\/m\u00b2) \u00b765% polyester, 35% coton, ring-spun peign\u00e9 \u00b7Col V couture simple \u00b7Bande de propret\u00e9 d \u00e9paule","og_url":"https:\/\/printwave.pl\/fr\/produkt\/boys-v-neck-hd-tee\/","og_site_name":"Printwave FR","article_modified_time":"2026-02-13T16:22:42+00:00","og_image":[{"width":1645,"height":297,"url":"https:\/\/printwave.pl\/fr\/wp-content\/uploads\/sites\/4\/2021\/07\/Print-Wave-logo-2025.png","type":"image\/png"}],"twitter_card":"summary_large_image","schema":{"@context":"https:\/\/schema.org","@graph":[{"@type":"WebPage","@id":"https:\/\/printwave.pl\/fr\/produkt\/boys-v-neck-hd-tee\/","url":"https:\/\/printwave.pl\/fr\/produkt\/boys-v-neck-hd-tee\/","name":"Boys V-Neck HD Tee | Printwave FR","isPartOf":{"@id":"https:\/\/printwave.pl\/fr\/#website"},"primaryImageOfPage":{"@id":"https:\/\/printwave.pl\/fr\/produkt\/boys-v-neck-hd-tee\/#primaryimage"},"image":{"@id":"https:\/\/printwave.pl\/fr\/produkt\/boys-v-neck-hd-tee\/#primaryimage"},"thumbnailUrl":"https:\/\/printwave.pl\/fr\/wp-content\/uploads\/sites\/4\/2025\/01\/155_00_101_f-2018_01.jpg","datePublished":"2025-01-26T13:09:48+00:00","dateModified":"2026-02-13T16:22:42+00:00","breadcrumb":{"@id":"https:\/\/printwave.pl\/fr\/produkt\/boys-v-neck-hd-tee\/#breadcrumb"},"inLanguage":"fr-FR","potentialAction":[{"@type":"ReadAction","target":["https:\/\/printwave.pl\/fr\/produkt\/boys-v-neck-hd-tee\/"]}]},{"@type":"ImageObject","inLanguage":"fr-FR","@id":"https:\/\/printwave.pl\/fr\/produkt\/boys-v-neck-hd-tee\/#primaryimage","url":"https:\/\/printwave.pl\/fr\/wp-content\/uploads\/sites\/4\/2025\/01\/155_00_101_f-2018_01.jpg","contentUrl":"https:\/\/printwave.pl\/fr\/wp-content\/uploads\/sites\/4\/2025\/01\/155_00_101_f-2018_01.jpg","width":1024,"height":1228},{"@type":"BreadcrumbList","@id":"https:\/\/printwave.pl\/fr\/produkt\/boys-v-neck-hd-tee\/#breadcrumb","itemListElement":[{"@type":"ListItem","position":1,"name":"Accueil","item":"https:\/\/printwave.pl\/fr\/"},{"@type":"ListItem","position":2,"name":"Boutique","item":"https:\/\/printwave.pl\/fr\/boutique\/"},{"@type":"ListItem","position":3,"name":"Boys V-Neck HD Tee"}]},{"@type":"WebSite","@id":"https:\/\/printwave.pl\/fr\/#website","url":"https:\/\/printwave.pl\/fr\/","name":"Printwave","description":"Votre fournisseur de v\u00eatements promotionnels et d&#039;entreprise en Pologne","potentialAction":[{"@type":"SearchAction","target":{"@type":"EntryPoint","urlTemplate":"https:\/\/printwave.pl\/fr\/?s={search_term_string}"},"query-input":{"@type":"PropertyValueSpecification","valueRequired":true,"valueName":"search_term_string"}}],"inLanguage":"fr-FR"}]}},"_links":{"self":[{"href":"https:\/\/printwave.pl\/fr\/wp-json\/wp\/v2\/product\/541294","targetHints":{"allow":["GET"]}}],"collection":[{"href":"https:\/\/printwave.pl\/fr\/wp-json\/wp\/v2\/product"}],"about":[{"href":"https:\/\/printwave.pl\/fr\/wp-json\/wp\/v2\/types\/product"}],"replies":[{"embeddable":true,"href":"https:\/\/printwave.pl\/fr\/wp-json\/wp\/v2\/comments?post=541294"}],"wp:featuredmedia":[{"embeddable":true,"href":"https:\/\/printwave.pl\/fr\/wp-json\/wp\/v2\/media\/541289"}],"wp:attachment":[{"href":"https:\/\/printwave.pl\/fr\/wp-json\/wp\/v2\/media?parent=541294"}],"wp:term":[{"taxonomy":"product_brand","embeddable":true,"href":"https:\/\/printwave.pl\/fr\/wp-json\/wp\/v2\/product_brand?post=541294"},{"taxonomy":"product_cat","embeddable":true,"href":"https:\/\/printwave.pl\/fr\/wp-json\/wp\/v2\/product_cat?post=541294"},{"taxonomy":"product_tag","embeddable":true,"href":"https:\/\/printwave.pl\/fr\/wp-json\/wp\/v2\/product_tag?post=541294"}],"curies":[{"name":"wp","href":"https:\/\/api.w.org\/{rel}","templated":true}]}}