{"id":539123,"date":"2025-01-26T12:53:47","date_gmt":"2025-01-26T11:53:47","guid":{"rendered":"https:\/\/printwave.pl\/fr\/produkt\/womens-racerback-cropped-tank\/"},"modified":"2026-02-13T17:08:38","modified_gmt":"2026-02-13T16:08:38","slug":"womens-racerback-cropped-tank","status":"publish","type":"product","link":"https:\/\/printwave.pl\/fr\/produkt\/womens-racerback-cropped-tank\/","title":{"rendered":"Women&rsquo;s Racerback Cropped Tank"},"content":{"rendered":"<p>\u00b7125 g\/m\u00b2<br \/>\n\u00b752% coton, peign\u00e9 et fil\u00e9 \u00e0 l&rsquo;anneau, 48% polyester (jersey)<br \/>\n\u00b7Bord c\u00f4te au col<br \/>\n\u00b7Emmanchures larges<br \/>\n\u00b7Dos nageur<br \/>\n\u00b7Mod\u00e8le court<\/p>\n","protected":false},"excerpt":{"rendered":"<p>\u00b7125 g\/m\u00b2 \u00b752% coton, peign\u00e9 et fil\u00e9 \u00e0 l&rsquo;anneau, 48% polyester (jersey) \u00b7Bord c\u00f4te au col \u00b7Emmanchures larges \u00b7Dos nageur<\/p>\n","protected":false},"featured_media":539122,"comment_status":"open","ping_status":"closed","template":"","meta":[],"product_brand":[],"product_cat":[1984],"product_tag":[2067,2041,2042,509,2068,2066,2055,2069,86],"class_list":{"0":"post-539123","1":"product","2":"type-product","3":"status-publish","4":"has-post-thumbnail","6":"product_cat-tee-shirts","7":"product_tag-bretelles","8":"product_tag-racer-back","9":"product_tag-racerback","10":"product_tag-sans-manche","11":"product_tag-t-shirt-a-bretelles","12":"product_tag-tee-shirt-a-bretelles","13":"product_tag-top-sans-manche","14":"product_tag-tops-a-bretelles","15":"product_tag-vetements-dexterieur","16":"pa_certificats-wrap","17":"pa_couleur-heather-mauve","18":"pa_couleur-heather-olive","19":"pa_couleur-solid-white-blend","20":"pa_details-coutures-laterales","21":"pa_encolure-racerback","22":"pa_groupe-de-produits-style","23":"pa_groupe-de-produits-t-shirts","24":"pa_manche-sans-manche","25":"pa_marque-bellacanvas","26":"pa_numero-de-style-4744","27":"pa_poids-100-139-g-m","28":"pa_sexe-femmes","29":"pa_taille-xl","30":"pa_tissu-melange-de-tissu","32":"first","33":"instock","34":"taxable","35":"shipping-taxable","36":"purchasable","37":"product-type-variable"},"yoast_head":"<!-- This site is optimized with the Yoast SEO Premium plugin v20.9 (Yoast SEO v26.3) - https:\/\/yoast.com\/wordpress\/plugins\/seo\/ -->\n<title>Women&#039;s Racerback Cropped Tank | Printwave FR<\/title>\n<meta name=\"robots\" content=\"index, follow, max-snippet:-1, max-image-preview:large, max-video-preview:-1\" \/>\n<link rel=\"canonical\" href=\"https:\/\/printwave.pl\/fr\/produkt\/womens-racerback-cropped-tank\/\" \/>\n<meta property=\"og:locale\" content=\"fr_FR\" \/>\n<meta property=\"og:type\" content=\"article\" \/>\n<meta property=\"og:title\" content=\"Women&#039;s Racerback Cropped Tank\" \/>\n<meta property=\"og:description\" content=\"\u00b7125 g\/m\u00b2 \u00b752% coton, peign\u00e9 et fil\u00e9 \u00e0 l&rsquo;anneau, 48% polyester (jersey) \u00b7Bord c\u00f4te au col \u00b7Emmanchures larges \u00b7Dos nageur\" \/>\n<meta property=\"og:url\" content=\"https:\/\/printwave.pl\/fr\/produkt\/womens-racerback-cropped-tank\/\" \/>\n<meta property=\"og:site_name\" content=\"Printwave FR\" \/>\n<meta property=\"article:modified_time\" content=\"2026-02-13T16:08:38+00:00\" \/>\n<meta property=\"og:image\" content=\"https:\/\/printwave.pl\/fr\/wp-content\/uploads\/sites\/4\/2025\/01\/170_06_531_f-2020_01.jpg\" \/>\n\t<meta property=\"og:image:width\" content=\"899\" \/>\n\t<meta property=\"og:image:height\" content=\"1500\" \/>\n\t<meta property=\"og:image:type\" content=\"image\/jpeg\" \/>\n<meta name=\"twitter:card\" content=\"summary_large_image\" \/>\n<script type=\"application\/ld+json\" class=\"yoast-schema-graph\">{\"@context\":\"https:\/\/schema.org\",\"@graph\":[{\"@type\":\"WebPage\",\"@id\":\"https:\/\/printwave.pl\/fr\/produkt\/womens-racerback-cropped-tank\/\",\"url\":\"https:\/\/printwave.pl\/fr\/produkt\/womens-racerback-cropped-tank\/\",\"name\":\"Women's Racerback Cropped Tank | Printwave FR\",\"isPartOf\":{\"@id\":\"https:\/\/printwave.pl\/fr\/#website\"},\"primaryImageOfPage\":{\"@id\":\"https:\/\/printwave.pl\/fr\/produkt\/womens-racerback-cropped-tank\/#primaryimage\"},\"image\":{\"@id\":\"https:\/\/printwave.pl\/fr\/produkt\/womens-racerback-cropped-tank\/#primaryimage\"},\"thumbnailUrl\":\"https:\/\/printwave.pl\/fr\/wp-content\/uploads\/sites\/4\/2025\/01\/170_06_531_f-2020_01.jpg\",\"datePublished\":\"2025-01-26T11:53:47+00:00\",\"dateModified\":\"2026-02-13T16:08:38+00:00\",\"breadcrumb\":{\"@id\":\"https:\/\/printwave.pl\/fr\/produkt\/womens-racerback-cropped-tank\/#breadcrumb\"},\"inLanguage\":\"fr-FR\",\"potentialAction\":[{\"@type\":\"ReadAction\",\"target\":[\"https:\/\/printwave.pl\/fr\/produkt\/womens-racerback-cropped-tank\/\"]}]},{\"@type\":\"ImageObject\",\"inLanguage\":\"fr-FR\",\"@id\":\"https:\/\/printwave.pl\/fr\/produkt\/womens-racerback-cropped-tank\/#primaryimage\",\"url\":\"https:\/\/printwave.pl\/fr\/wp-content\/uploads\/sites\/4\/2025\/01\/170_06_531_f-2020_01.jpg\",\"contentUrl\":\"https:\/\/printwave.pl\/fr\/wp-content\/uploads\/sites\/4\/2025\/01\/170_06_531_f-2020_01.jpg\",\"width\":899,\"height\":1500},{\"@type\":\"BreadcrumbList\",\"@id\":\"https:\/\/printwave.pl\/fr\/produkt\/womens-racerback-cropped-tank\/#breadcrumb\",\"itemListElement\":[{\"@type\":\"ListItem\",\"position\":1,\"name\":\"Accueil\",\"item\":\"https:\/\/printwave.pl\/fr\/\"},{\"@type\":\"ListItem\",\"position\":2,\"name\":\"Boutique\",\"item\":\"https:\/\/printwave.pl\/fr\/boutique\/\"},{\"@type\":\"ListItem\",\"position\":3,\"name\":\"Women&rsquo;s Racerback Cropped Tank\"}]},{\"@type\":\"WebSite\",\"@id\":\"https:\/\/printwave.pl\/fr\/#website\",\"url\":\"https:\/\/printwave.pl\/fr\/\",\"name\":\"Printwave\",\"description\":\"Votre fournisseur de v\u00eatements promotionnels et d&#039;entreprise en Pologne\",\"potentialAction\":[{\"@type\":\"SearchAction\",\"target\":{\"@type\":\"EntryPoint\",\"urlTemplate\":\"https:\/\/printwave.pl\/fr\/?s={search_term_string}\"},\"query-input\":{\"@type\":\"PropertyValueSpecification\",\"valueRequired\":true,\"valueName\":\"search_term_string\"}}],\"inLanguage\":\"fr-FR\"}]}<\/script>\n<!-- \/ Yoast SEO Premium plugin. -->","yoast_head_json":{"title":"Women's Racerback Cropped Tank | Printwave FR","robots":{"index":"index","follow":"follow","max-snippet":"max-snippet:-1","max-image-preview":"max-image-preview:large","max-video-preview":"max-video-preview:-1"},"canonical":"https:\/\/printwave.pl\/fr\/produkt\/womens-racerback-cropped-tank\/","og_locale":"fr_FR","og_type":"article","og_title":"Women's Racerback Cropped Tank","og_description":"\u00b7125 g\/m\u00b2 \u00b752% coton, peign\u00e9 et fil\u00e9 \u00e0 l&rsquo;anneau, 48% polyester (jersey) \u00b7Bord c\u00f4te au col \u00b7Emmanchures larges \u00b7Dos nageur","og_url":"https:\/\/printwave.pl\/fr\/produkt\/womens-racerback-cropped-tank\/","og_site_name":"Printwave FR","article_modified_time":"2026-02-13T16:08:38+00:00","og_image":[{"width":899,"height":1500,"url":"https:\/\/printwave.pl\/fr\/wp-content\/uploads\/sites\/4\/2025\/01\/170_06_531_f-2020_01.jpg","type":"image\/jpeg"}],"twitter_card":"summary_large_image","schema":{"@context":"https:\/\/schema.org","@graph":[{"@type":"WebPage","@id":"https:\/\/printwave.pl\/fr\/produkt\/womens-racerback-cropped-tank\/","url":"https:\/\/printwave.pl\/fr\/produkt\/womens-racerback-cropped-tank\/","name":"Women's Racerback Cropped Tank | Printwave FR","isPartOf":{"@id":"https:\/\/printwave.pl\/fr\/#website"},"primaryImageOfPage":{"@id":"https:\/\/printwave.pl\/fr\/produkt\/womens-racerback-cropped-tank\/#primaryimage"},"image":{"@id":"https:\/\/printwave.pl\/fr\/produkt\/womens-racerback-cropped-tank\/#primaryimage"},"thumbnailUrl":"https:\/\/printwave.pl\/fr\/wp-content\/uploads\/sites\/4\/2025\/01\/170_06_531_f-2020_01.jpg","datePublished":"2025-01-26T11:53:47+00:00","dateModified":"2026-02-13T16:08:38+00:00","breadcrumb":{"@id":"https:\/\/printwave.pl\/fr\/produkt\/womens-racerback-cropped-tank\/#breadcrumb"},"inLanguage":"fr-FR","potentialAction":[{"@type":"ReadAction","target":["https:\/\/printwave.pl\/fr\/produkt\/womens-racerback-cropped-tank\/"]}]},{"@type":"ImageObject","inLanguage":"fr-FR","@id":"https:\/\/printwave.pl\/fr\/produkt\/womens-racerback-cropped-tank\/#primaryimage","url":"https:\/\/printwave.pl\/fr\/wp-content\/uploads\/sites\/4\/2025\/01\/170_06_531_f-2020_01.jpg","contentUrl":"https:\/\/printwave.pl\/fr\/wp-content\/uploads\/sites\/4\/2025\/01\/170_06_531_f-2020_01.jpg","width":899,"height":1500},{"@type":"BreadcrumbList","@id":"https:\/\/printwave.pl\/fr\/produkt\/womens-racerback-cropped-tank\/#breadcrumb","itemListElement":[{"@type":"ListItem","position":1,"name":"Accueil","item":"https:\/\/printwave.pl\/fr\/"},{"@type":"ListItem","position":2,"name":"Boutique","item":"https:\/\/printwave.pl\/fr\/boutique\/"},{"@type":"ListItem","position":3,"name":"Women&rsquo;s Racerback Cropped Tank"}]},{"@type":"WebSite","@id":"https:\/\/printwave.pl\/fr\/#website","url":"https:\/\/printwave.pl\/fr\/","name":"Printwave","description":"Votre fournisseur de v\u00eatements promotionnels et d&#039;entreprise en Pologne","potentialAction":[{"@type":"SearchAction","target":{"@type":"EntryPoint","urlTemplate":"https:\/\/printwave.pl\/fr\/?s={search_term_string}"},"query-input":{"@type":"PropertyValueSpecification","valueRequired":true,"valueName":"search_term_string"}}],"inLanguage":"fr-FR"}]}},"_links":{"self":[{"href":"https:\/\/printwave.pl\/fr\/wp-json\/wp\/v2\/product\/539123","targetHints":{"allow":["GET"]}}],"collection":[{"href":"https:\/\/printwave.pl\/fr\/wp-json\/wp\/v2\/product"}],"about":[{"href":"https:\/\/printwave.pl\/fr\/wp-json\/wp\/v2\/types\/product"}],"replies":[{"embeddable":true,"href":"https:\/\/printwave.pl\/fr\/wp-json\/wp\/v2\/comments?post=539123"}],"wp:featuredmedia":[{"embeddable":true,"href":"https:\/\/printwave.pl\/fr\/wp-json\/wp\/v2\/media\/539122"}],"wp:attachment":[{"href":"https:\/\/printwave.pl\/fr\/wp-json\/wp\/v2\/media?parent=539123"}],"wp:term":[{"taxonomy":"product_brand","embeddable":true,"href":"https:\/\/printwave.pl\/fr\/wp-json\/wp\/v2\/product_brand?post=539123"},{"taxonomy":"product_cat","embeddable":true,"href":"https:\/\/printwave.pl\/fr\/wp-json\/wp\/v2\/product_cat?post=539123"},{"taxonomy":"product_tag","embeddable":true,"href":"https:\/\/printwave.pl\/fr\/wp-json\/wp\/v2\/product_tag?post=539123"}],"curies":[{"name":"wp","href":"https:\/\/api.w.org\/{rel}","templated":true}]}}