{"id":537370,"date":"2025-01-26T11:54:39","date_gmt":"2025-01-26T10:54:39","guid":{"rendered":"https:\/\/printwave.pl\/fr\/produkt\/unisex-jersey-tank\/"},"modified":"2026-02-13T17:01:02","modified_gmt":"2026-02-13T16:01:02","slug":"unisex-jersey-tank","status":"publish","type":"product","link":"https:\/\/printwave.pl\/fr\/produkt\/unisex-jersey-tank\/","title":{"rendered":"Unisex Jersey Tank"},"content":{"rendered":"<p>\u00b7142 g\/m\u00b2<br \/>\n\u00b7100% coton peign\u00e9 ringspun<br \/>\n\u00b7Neon et Heather coleur: 122 g\/m\u00b2, 52% coton, 48% polyester<br \/>\n\u00b7Tirblend coleur: 128 g\/m\u00b2, 50% polyester, 25% coton, 25% viscose<br \/>\n\u00b7Athletic Heather: 90% polyester, 10% coton<br \/>\n\u00b7Tank top avec col rond<br \/>\n\u00b7bord c\u00f4te \u00e9troit \u00e0 l&rsquo;encolure et aux emmanchures, partiellement de couleur contrast\u00e9e<br \/>\n\u00b7coutures lat\u00e9rales<br \/>\n\u00b7mod\u00e8le moulant<\/p>\n","protected":false},"excerpt":{"rendered":"<p>\u00b7142 g\/m\u00b2 \u00b7100% coton peign\u00e9 ringspun \u00b7Neon et Heather coleur: 122 g\/m\u00b2, 52% coton, 48% polyester \u00b7Tirblend coleur: 128 g\/m\u00b2,<\/p>\n","protected":false},"featured_media":537368,"comment_status":"open","ping_status":"closed","template":"","meta":[],"product_brand":[],"product_cat":[1984],"product_tag":[2040,509,131,86],"class_list":{"0":"post-537370","1":"product","2":"type-product","3":"status-publish","4":"has-post-thumbnail","6":"product_cat-tee-shirts","7":"product_tag-debardeurs","8":"product_tag-sans-manche","9":"product_tag-unisexe","10":"product_tag-vetements-dexterieur","11":"pa_certificats-wrap","12":"pa_couleur-black","13":"pa_couleur-charcoal-black-triblend","14":"pa_couleur-grey-triblend","15":"pa_couleur-heather-navy","16":"pa_couleur-heather-slate","17":"pa_couleur-navy","18":"pa_couleur-red","19":"pa_couleur-red-triblend","20":"pa_couleur-silver","21":"pa_couleur-true-royal","22":"pa_couleur-true-royal-triblend","23":"pa_couleur-white","24":"pa_details-xs","25":"pa_details-coutures-laterales","26":"pa_encolure-scoop-neck","27":"pa_groupe-de-produits-t-shirts","28":"pa_manche-sans-manche","29":"pa_marque-bellacanvas","30":"pa_numero-de-style-4730","31":"pa_poids-140-169-g-m","32":"pa_sexe-unisexe","33":"pa_taille-2xl","34":"pa_taille-l","35":"pa_taille-m","36":"pa_taille-s","37":"pa_taille-xl","38":"pa_taille-xs","39":"pa_tissu-coton","41":"first","42":"instock","43":"taxable","44":"shipping-taxable","45":"purchasable","46":"product-type-variable"},"yoast_head":"<!-- This site is optimized with the Yoast SEO Premium plugin v20.9 (Yoast SEO v26.3) - https:\/\/yoast.com\/wordpress\/plugins\/seo\/ -->\n<title>Unisex Jersey Tank | Printwave FR<\/title>\n<meta name=\"robots\" content=\"index, follow, max-snippet:-1, max-image-preview:large, max-video-preview:-1\" \/>\n<link rel=\"canonical\" href=\"https:\/\/printwave.pl\/fr\/produkt\/unisex-jersey-tank\/\" \/>\n<meta property=\"og:locale\" content=\"fr_FR\" \/>\n<meta property=\"og:type\" content=\"article\" \/>\n<meta property=\"og:title\" content=\"Unisex Jersey Tank\" \/>\n<meta property=\"og:description\" content=\"\u00b7142 g\/m\u00b2 \u00b7100% coton peign\u00e9 ringspun \u00b7Neon et Heather coleur: 122 g\/m\u00b2, 52% coton, 48% polyester \u00b7Tirblend coleur: 128 g\/m\u00b2,\" \/>\n<meta property=\"og:url\" content=\"https:\/\/printwave.pl\/fr\/produkt\/unisex-jersey-tank\/\" \/>\n<meta property=\"og:site_name\" content=\"Printwave FR\" \/>\n<meta property=\"article:modified_time\" content=\"2026-02-13T16:01:02+00:00\" \/>\n<meta property=\"og:image\" content=\"https:\/\/printwave.pl\/fr\/wp-content\/uploads\/sites\/4\/2025\/01\/175_06_101_m-2022_01.jpg\" \/>\n\t<meta property=\"og:image:width\" content=\"1024\" \/>\n\t<meta property=\"og:image:height\" content=\"1304\" \/>\n\t<meta property=\"og:image:type\" content=\"image\/jpeg\" \/>\n<meta name=\"twitter:card\" content=\"summary_large_image\" \/>\n<script type=\"application\/ld+json\" class=\"yoast-schema-graph\">{\"@context\":\"https:\/\/schema.org\",\"@graph\":[{\"@type\":\"WebPage\",\"@id\":\"https:\/\/printwave.pl\/fr\/produkt\/unisex-jersey-tank\/\",\"url\":\"https:\/\/printwave.pl\/fr\/produkt\/unisex-jersey-tank\/\",\"name\":\"Unisex Jersey Tank | Printwave FR\",\"isPartOf\":{\"@id\":\"https:\/\/printwave.pl\/fr\/#website\"},\"primaryImageOfPage\":{\"@id\":\"https:\/\/printwave.pl\/fr\/produkt\/unisex-jersey-tank\/#primaryimage\"},\"image\":{\"@id\":\"https:\/\/printwave.pl\/fr\/produkt\/unisex-jersey-tank\/#primaryimage\"},\"thumbnailUrl\":\"https:\/\/printwave.pl\/fr\/wp-content\/uploads\/sites\/4\/2025\/01\/175_06_101_m-2022_01.jpg\",\"datePublished\":\"2025-01-26T10:54:39+00:00\",\"dateModified\":\"2026-02-13T16:01:02+00:00\",\"breadcrumb\":{\"@id\":\"https:\/\/printwave.pl\/fr\/produkt\/unisex-jersey-tank\/#breadcrumb\"},\"inLanguage\":\"fr-FR\",\"potentialAction\":[{\"@type\":\"ReadAction\",\"target\":[\"https:\/\/printwave.pl\/fr\/produkt\/unisex-jersey-tank\/\"]}]},{\"@type\":\"ImageObject\",\"inLanguage\":\"fr-FR\",\"@id\":\"https:\/\/printwave.pl\/fr\/produkt\/unisex-jersey-tank\/#primaryimage\",\"url\":\"https:\/\/printwave.pl\/fr\/wp-content\/uploads\/sites\/4\/2025\/01\/175_06_101_m-2022_01.jpg\",\"contentUrl\":\"https:\/\/printwave.pl\/fr\/wp-content\/uploads\/sites\/4\/2025\/01\/175_06_101_m-2022_01.jpg\",\"width\":1024,\"height\":1304},{\"@type\":\"BreadcrumbList\",\"@id\":\"https:\/\/printwave.pl\/fr\/produkt\/unisex-jersey-tank\/#breadcrumb\",\"itemListElement\":[{\"@type\":\"ListItem\",\"position\":1,\"name\":\"Accueil\",\"item\":\"https:\/\/printwave.pl\/fr\/\"},{\"@type\":\"ListItem\",\"position\":2,\"name\":\"Boutique\",\"item\":\"https:\/\/printwave.pl\/fr\/boutique\/\"},{\"@type\":\"ListItem\",\"position\":3,\"name\":\"Unisex Jersey Tank\"}]},{\"@type\":\"WebSite\",\"@id\":\"https:\/\/printwave.pl\/fr\/#website\",\"url\":\"https:\/\/printwave.pl\/fr\/\",\"name\":\"Printwave\",\"description\":\"Votre fournisseur de v\u00eatements promotionnels et d&#039;entreprise en Pologne\",\"potentialAction\":[{\"@type\":\"SearchAction\",\"target\":{\"@type\":\"EntryPoint\",\"urlTemplate\":\"https:\/\/printwave.pl\/fr\/?s={search_term_string}\"},\"query-input\":{\"@type\":\"PropertyValueSpecification\",\"valueRequired\":true,\"valueName\":\"search_term_string\"}}],\"inLanguage\":\"fr-FR\"}]}<\/script>\n<!-- \/ Yoast SEO Premium plugin. -->","yoast_head_json":{"title":"Unisex Jersey Tank | Printwave FR","robots":{"index":"index","follow":"follow","max-snippet":"max-snippet:-1","max-image-preview":"max-image-preview:large","max-video-preview":"max-video-preview:-1"},"canonical":"https:\/\/printwave.pl\/fr\/produkt\/unisex-jersey-tank\/","og_locale":"fr_FR","og_type":"article","og_title":"Unisex Jersey Tank","og_description":"\u00b7142 g\/m\u00b2 \u00b7100% coton peign\u00e9 ringspun \u00b7Neon et Heather coleur: 122 g\/m\u00b2, 52% coton, 48% polyester \u00b7Tirblend coleur: 128 g\/m\u00b2,","og_url":"https:\/\/printwave.pl\/fr\/produkt\/unisex-jersey-tank\/","og_site_name":"Printwave FR","article_modified_time":"2026-02-13T16:01:02+00:00","og_image":[{"width":1024,"height":1304,"url":"https:\/\/printwave.pl\/fr\/wp-content\/uploads\/sites\/4\/2025\/01\/175_06_101_m-2022_01.jpg","type":"image\/jpeg"}],"twitter_card":"summary_large_image","schema":{"@context":"https:\/\/schema.org","@graph":[{"@type":"WebPage","@id":"https:\/\/printwave.pl\/fr\/produkt\/unisex-jersey-tank\/","url":"https:\/\/printwave.pl\/fr\/produkt\/unisex-jersey-tank\/","name":"Unisex Jersey Tank | Printwave FR","isPartOf":{"@id":"https:\/\/printwave.pl\/fr\/#website"},"primaryImageOfPage":{"@id":"https:\/\/printwave.pl\/fr\/produkt\/unisex-jersey-tank\/#primaryimage"},"image":{"@id":"https:\/\/printwave.pl\/fr\/produkt\/unisex-jersey-tank\/#primaryimage"},"thumbnailUrl":"https:\/\/printwave.pl\/fr\/wp-content\/uploads\/sites\/4\/2025\/01\/175_06_101_m-2022_01.jpg","datePublished":"2025-01-26T10:54:39+00:00","dateModified":"2026-02-13T16:01:02+00:00","breadcrumb":{"@id":"https:\/\/printwave.pl\/fr\/produkt\/unisex-jersey-tank\/#breadcrumb"},"inLanguage":"fr-FR","potentialAction":[{"@type":"ReadAction","target":["https:\/\/printwave.pl\/fr\/produkt\/unisex-jersey-tank\/"]}]},{"@type":"ImageObject","inLanguage":"fr-FR","@id":"https:\/\/printwave.pl\/fr\/produkt\/unisex-jersey-tank\/#primaryimage","url":"https:\/\/printwave.pl\/fr\/wp-content\/uploads\/sites\/4\/2025\/01\/175_06_101_m-2022_01.jpg","contentUrl":"https:\/\/printwave.pl\/fr\/wp-content\/uploads\/sites\/4\/2025\/01\/175_06_101_m-2022_01.jpg","width":1024,"height":1304},{"@type":"BreadcrumbList","@id":"https:\/\/printwave.pl\/fr\/produkt\/unisex-jersey-tank\/#breadcrumb","itemListElement":[{"@type":"ListItem","position":1,"name":"Accueil","item":"https:\/\/printwave.pl\/fr\/"},{"@type":"ListItem","position":2,"name":"Boutique","item":"https:\/\/printwave.pl\/fr\/boutique\/"},{"@type":"ListItem","position":3,"name":"Unisex Jersey Tank"}]},{"@type":"WebSite","@id":"https:\/\/printwave.pl\/fr\/#website","url":"https:\/\/printwave.pl\/fr\/","name":"Printwave","description":"Votre fournisseur de v\u00eatements promotionnels et d&#039;entreprise en Pologne","potentialAction":[{"@type":"SearchAction","target":{"@type":"EntryPoint","urlTemplate":"https:\/\/printwave.pl\/fr\/?s={search_term_string}"},"query-input":{"@type":"PropertyValueSpecification","valueRequired":true,"valueName":"search_term_string"}}],"inLanguage":"fr-FR"}]}},"_links":{"self":[{"href":"https:\/\/printwave.pl\/fr\/wp-json\/wp\/v2\/product\/537370","targetHints":{"allow":["GET"]}}],"collection":[{"href":"https:\/\/printwave.pl\/fr\/wp-json\/wp\/v2\/product"}],"about":[{"href":"https:\/\/printwave.pl\/fr\/wp-json\/wp\/v2\/types\/product"}],"replies":[{"embeddable":true,"href":"https:\/\/printwave.pl\/fr\/wp-json\/wp\/v2\/comments?post=537370"}],"wp:featuredmedia":[{"embeddable":true,"href":"https:\/\/printwave.pl\/fr\/wp-json\/wp\/v2\/media\/537368"}],"wp:attachment":[{"href":"https:\/\/printwave.pl\/fr\/wp-json\/wp\/v2\/media?parent=537370"}],"wp:term":[{"taxonomy":"product_brand","embeddable":true,"href":"https:\/\/printwave.pl\/fr\/wp-json\/wp\/v2\/product_brand?post=537370"},{"taxonomy":"product_cat","embeddable":true,"href":"https:\/\/printwave.pl\/fr\/wp-json\/wp\/v2\/product_cat?post=537370"},{"taxonomy":"product_tag","embeddable":true,"href":"https:\/\/printwave.pl\/fr\/wp-json\/wp\/v2\/product_tag?post=537370"}],"curies":[{"name":"wp","href":"https:\/\/api.w.org\/{rel}","templated":true}]}}