{"id":531464,"date":"2025-01-26T08:30:30","date_gmt":"2025-01-26T07:30:30","guid":{"rendered":"https:\/\/printwave.pl\/fr\/produkt\/heavy-cotton-toddler-t-shirt\/"},"modified":"2026-02-13T16:44:05","modified_gmt":"2026-02-13T15:44:05","slug":"heavy-cotton-toddler-t-shirt","status":"publish","type":"product","link":"https:\/\/printwave.pl\/fr\/produkt\/heavy-cotton-toddler-t-shirt\/","title":{"rendered":"Heavy Cotton Toddler T-Shirt"},"content":{"rendered":"<p>\u00b7180 g\/m\u00b2 (White: 170 g\/m\u00b2)<br \/>\n\u00b7100% coton, pr\u00e9r\u00e9tr\u00e9ci<br \/>\n\u00b7col c\u00f4tel\u00e9 non surpiqu\u00e9 de largeur classique<br \/>\n\u00b7bande de propret\u00e9 au cou et \u00e9paules<br \/>\n\u00b7\u00e9tiquette d\u00e9chirable<br \/>\n\u00b7Coutures lat\u00e9rales<br \/>\n\u00b7double piq\u00fbre aux manches et \u00e0 la base<br \/>\n\u00b7coupe classique<\/p>\n","protected":false},"excerpt":{"rendered":"<p>\u00b7180 g\/m\u00b2 (White: 170 g\/m\u00b2) \u00b7100% coton, pr\u00e9r\u00e9tr\u00e9ci \u00b7col c\u00f4tel\u00e9 non surpiqu\u00e9 de largeur classique \u00b7bande de propret\u00e9 au cou<\/p>\n","protected":false},"featured_media":531463,"comment_status":"open","ping_status":"closed","template":"","meta":[],"product_brand":[],"product_cat":[80,112,1984],"product_tag":[144,1991,991,1065,579,86],"class_list":{"0":"post-531464","1":"product","2":"type-product","3":"status-publish","4":"has-post-thumbnail","6":"product_cat-enfants","7":"product_cat-sans-etiquette","8":"product_cat-tee-shirts","9":"product_tag-a-manche-courte","10":"product_tag-bebes","11":"product_tag-col-ras-du-cou","12":"product_tag-facilement-personnalisable","13":"product_tag-manche-courte","14":"product_tag-vetements-dexterieur","15":"pa_certificats-oeko-tex-standard-100","16":"pa_certificats-sedex","17":"pa_certificats-wrap","18":"pa_couleur-white","19":"pa_details-coutures-laterales","20":"pa_details-set-in","21":"pa_encolure-crew-neck","22":"pa_groupe-de-produits-t-shirts","23":"pa_manche-manches-courtes","24":"pa_marque-gildan","25":"pa_numero-de-style-4673","26":"pa_poids-170-199-g-m","27":"pa_sexe-enfants","28":"pa_taille-2t-86-92-s","29":"pa_taille-3t-98-m","30":"pa_taille-4t-104-l","31":"pa_taille-5t-110-xl","32":"pa_taille-6t-116-2xl","33":"pa_tissu-coton","35":"first","36":"instock","37":"taxable","38":"shipping-taxable","39":"purchasable","40":"product-type-variable"},"yoast_head":"<!-- This site is optimized with the Yoast SEO Premium plugin v20.9 (Yoast SEO v26.3) - https:\/\/yoast.com\/wordpress\/plugins\/seo\/ -->\n<title>Heavy Cotton Toddler T-Shirt | Printwave FR<\/title>\n<meta name=\"robots\" content=\"index, follow, max-snippet:-1, max-image-preview:large, max-video-preview:-1\" \/>\n<link rel=\"canonical\" href=\"https:\/\/printwave.pl\/fr\/produkt\/heavy-cotton-toddler-t-shirt\/\" \/>\n<meta property=\"og:locale\" content=\"fr_FR\" \/>\n<meta property=\"og:type\" content=\"article\" \/>\n<meta property=\"og:title\" content=\"Heavy Cotton Toddler T-Shirt\" \/>\n<meta property=\"og:description\" content=\"\u00b7180 g\/m\u00b2 (White: 170 g\/m\u00b2) \u00b7100% coton, pr\u00e9r\u00e9tr\u00e9ci \u00b7col c\u00f4tel\u00e9 non surpiqu\u00e9 de largeur classique \u00b7bande de propret\u00e9 au cou\" \/>\n<meta property=\"og:url\" content=\"https:\/\/printwave.pl\/fr\/produkt\/heavy-cotton-toddler-t-shirt\/\" \/>\n<meta property=\"og:site_name\" content=\"Printwave FR\" \/>\n<meta property=\"article:modified_time\" content=\"2026-02-13T15:44:05+00:00\" \/>\n<meta property=\"og:image\" content=\"https:\/\/printwave.pl\/fr\/wp-content\/uploads\/sites\/4\/2025\/01\/197_09_000_f-2025_01.jpg\" \/>\n\t<meta property=\"og:image:width\" content=\"1024\" \/>\n\t<meta property=\"og:image:height\" content=\"1005\" \/>\n\t<meta property=\"og:image:type\" content=\"image\/jpeg\" \/>\n<meta name=\"twitter:card\" content=\"summary_large_image\" \/>\n<script type=\"application\/ld+json\" class=\"yoast-schema-graph\">{\"@context\":\"https:\/\/schema.org\",\"@graph\":[{\"@type\":\"WebPage\",\"@id\":\"https:\/\/printwave.pl\/fr\/produkt\/heavy-cotton-toddler-t-shirt\/\",\"url\":\"https:\/\/printwave.pl\/fr\/produkt\/heavy-cotton-toddler-t-shirt\/\",\"name\":\"Heavy Cotton Toddler T-Shirt | Printwave FR\",\"isPartOf\":{\"@id\":\"https:\/\/printwave.pl\/fr\/#website\"},\"primaryImageOfPage\":{\"@id\":\"https:\/\/printwave.pl\/fr\/produkt\/heavy-cotton-toddler-t-shirt\/#primaryimage\"},\"image\":{\"@id\":\"https:\/\/printwave.pl\/fr\/produkt\/heavy-cotton-toddler-t-shirt\/#primaryimage\"},\"thumbnailUrl\":\"https:\/\/printwave.pl\/fr\/wp-content\/uploads\/sites\/4\/2025\/01\/197_09_000_f-2025_01.jpg\",\"datePublished\":\"2025-01-26T07:30:30+00:00\",\"dateModified\":\"2026-02-13T15:44:05+00:00\",\"breadcrumb\":{\"@id\":\"https:\/\/printwave.pl\/fr\/produkt\/heavy-cotton-toddler-t-shirt\/#breadcrumb\"},\"inLanguage\":\"fr-FR\",\"potentialAction\":[{\"@type\":\"ReadAction\",\"target\":[\"https:\/\/printwave.pl\/fr\/produkt\/heavy-cotton-toddler-t-shirt\/\"]}]},{\"@type\":\"ImageObject\",\"inLanguage\":\"fr-FR\",\"@id\":\"https:\/\/printwave.pl\/fr\/produkt\/heavy-cotton-toddler-t-shirt\/#primaryimage\",\"url\":\"https:\/\/printwave.pl\/fr\/wp-content\/uploads\/sites\/4\/2025\/01\/197_09_000_f-2025_01.jpg\",\"contentUrl\":\"https:\/\/printwave.pl\/fr\/wp-content\/uploads\/sites\/4\/2025\/01\/197_09_000_f-2025_01.jpg\",\"width\":1024,\"height\":1005},{\"@type\":\"BreadcrumbList\",\"@id\":\"https:\/\/printwave.pl\/fr\/produkt\/heavy-cotton-toddler-t-shirt\/#breadcrumb\",\"itemListElement\":[{\"@type\":\"ListItem\",\"position\":1,\"name\":\"Accueil\",\"item\":\"https:\/\/printwave.pl\/fr\/\"},{\"@type\":\"ListItem\",\"position\":2,\"name\":\"Boutique\",\"item\":\"https:\/\/printwave.pl\/fr\/boutique\/\"},{\"@type\":\"ListItem\",\"position\":3,\"name\":\"Heavy Cotton Toddler T-Shirt\"}]},{\"@type\":\"WebSite\",\"@id\":\"https:\/\/printwave.pl\/fr\/#website\",\"url\":\"https:\/\/printwave.pl\/fr\/\",\"name\":\"Printwave\",\"description\":\"Votre fournisseur de v\u00eatements promotionnels et d&#039;entreprise en Pologne\",\"potentialAction\":[{\"@type\":\"SearchAction\",\"target\":{\"@type\":\"EntryPoint\",\"urlTemplate\":\"https:\/\/printwave.pl\/fr\/?s={search_term_string}\"},\"query-input\":{\"@type\":\"PropertyValueSpecification\",\"valueRequired\":true,\"valueName\":\"search_term_string\"}}],\"inLanguage\":\"fr-FR\"}]}<\/script>\n<!-- \/ Yoast SEO Premium plugin. -->","yoast_head_json":{"title":"Heavy Cotton Toddler T-Shirt | Printwave FR","robots":{"index":"index","follow":"follow","max-snippet":"max-snippet:-1","max-image-preview":"max-image-preview:large","max-video-preview":"max-video-preview:-1"},"canonical":"https:\/\/printwave.pl\/fr\/produkt\/heavy-cotton-toddler-t-shirt\/","og_locale":"fr_FR","og_type":"article","og_title":"Heavy Cotton Toddler T-Shirt","og_description":"\u00b7180 g\/m\u00b2 (White: 170 g\/m\u00b2) \u00b7100% coton, pr\u00e9r\u00e9tr\u00e9ci \u00b7col c\u00f4tel\u00e9 non surpiqu\u00e9 de largeur classique \u00b7bande de propret\u00e9 au cou","og_url":"https:\/\/printwave.pl\/fr\/produkt\/heavy-cotton-toddler-t-shirt\/","og_site_name":"Printwave FR","article_modified_time":"2026-02-13T15:44:05+00:00","og_image":[{"width":1024,"height":1005,"url":"https:\/\/printwave.pl\/fr\/wp-content\/uploads\/sites\/4\/2025\/01\/197_09_000_f-2025_01.jpg","type":"image\/jpeg"}],"twitter_card":"summary_large_image","schema":{"@context":"https:\/\/schema.org","@graph":[{"@type":"WebPage","@id":"https:\/\/printwave.pl\/fr\/produkt\/heavy-cotton-toddler-t-shirt\/","url":"https:\/\/printwave.pl\/fr\/produkt\/heavy-cotton-toddler-t-shirt\/","name":"Heavy Cotton Toddler T-Shirt | Printwave FR","isPartOf":{"@id":"https:\/\/printwave.pl\/fr\/#website"},"primaryImageOfPage":{"@id":"https:\/\/printwave.pl\/fr\/produkt\/heavy-cotton-toddler-t-shirt\/#primaryimage"},"image":{"@id":"https:\/\/printwave.pl\/fr\/produkt\/heavy-cotton-toddler-t-shirt\/#primaryimage"},"thumbnailUrl":"https:\/\/printwave.pl\/fr\/wp-content\/uploads\/sites\/4\/2025\/01\/197_09_000_f-2025_01.jpg","datePublished":"2025-01-26T07:30:30+00:00","dateModified":"2026-02-13T15:44:05+00:00","breadcrumb":{"@id":"https:\/\/printwave.pl\/fr\/produkt\/heavy-cotton-toddler-t-shirt\/#breadcrumb"},"inLanguage":"fr-FR","potentialAction":[{"@type":"ReadAction","target":["https:\/\/printwave.pl\/fr\/produkt\/heavy-cotton-toddler-t-shirt\/"]}]},{"@type":"ImageObject","inLanguage":"fr-FR","@id":"https:\/\/printwave.pl\/fr\/produkt\/heavy-cotton-toddler-t-shirt\/#primaryimage","url":"https:\/\/printwave.pl\/fr\/wp-content\/uploads\/sites\/4\/2025\/01\/197_09_000_f-2025_01.jpg","contentUrl":"https:\/\/printwave.pl\/fr\/wp-content\/uploads\/sites\/4\/2025\/01\/197_09_000_f-2025_01.jpg","width":1024,"height":1005},{"@type":"BreadcrumbList","@id":"https:\/\/printwave.pl\/fr\/produkt\/heavy-cotton-toddler-t-shirt\/#breadcrumb","itemListElement":[{"@type":"ListItem","position":1,"name":"Accueil","item":"https:\/\/printwave.pl\/fr\/"},{"@type":"ListItem","position":2,"name":"Boutique","item":"https:\/\/printwave.pl\/fr\/boutique\/"},{"@type":"ListItem","position":3,"name":"Heavy Cotton Toddler T-Shirt"}]},{"@type":"WebSite","@id":"https:\/\/printwave.pl\/fr\/#website","url":"https:\/\/printwave.pl\/fr\/","name":"Printwave","description":"Votre fournisseur de v\u00eatements promotionnels et d&#039;entreprise en Pologne","potentialAction":[{"@type":"SearchAction","target":{"@type":"EntryPoint","urlTemplate":"https:\/\/printwave.pl\/fr\/?s={search_term_string}"},"query-input":{"@type":"PropertyValueSpecification","valueRequired":true,"valueName":"search_term_string"}}],"inLanguage":"fr-FR"}]}},"_links":{"self":[{"href":"https:\/\/printwave.pl\/fr\/wp-json\/wp\/v2\/product\/531464","targetHints":{"allow":["GET"]}}],"collection":[{"href":"https:\/\/printwave.pl\/fr\/wp-json\/wp\/v2\/product"}],"about":[{"href":"https:\/\/printwave.pl\/fr\/wp-json\/wp\/v2\/types\/product"}],"replies":[{"embeddable":true,"href":"https:\/\/printwave.pl\/fr\/wp-json\/wp\/v2\/comments?post=531464"}],"wp:featuredmedia":[{"embeddable":true,"href":"https:\/\/printwave.pl\/fr\/wp-json\/wp\/v2\/media\/531463"}],"wp:attachment":[{"href":"https:\/\/printwave.pl\/fr\/wp-json\/wp\/v2\/media?parent=531464"}],"wp:term":[{"taxonomy":"product_brand","embeddable":true,"href":"https:\/\/printwave.pl\/fr\/wp-json\/wp\/v2\/product_brand?post=531464"},{"taxonomy":"product_cat","embeddable":true,"href":"https:\/\/printwave.pl\/fr\/wp-json\/wp\/v2\/product_cat?post=531464"},{"taxonomy":"product_tag","embeddable":true,"href":"https:\/\/printwave.pl\/fr\/wp-json\/wp\/v2\/product_tag?post=531464"}],"curies":[{"name":"wp","href":"https:\/\/api.w.org\/{rel}","templated":true}]}}