{"id":529542,"date":"2025-01-26T07:24:29","date_gmt":"2025-01-26T06:24:29","guid":{"rendered":"https:\/\/printwave.pl\/fr\/produkt\/regular-fit-zipped-hoodie-superwash-60o\/"},"modified":"2026-02-13T16:32:57","modified_gmt":"2026-02-13T15:32:57","slug":"regular-fit-zipped-hoodie-superwash-60o","status":"publish","type":"product","link":"https:\/\/printwave.pl\/fr\/produkt\/regular-fit-zipped-hoodie-superwash-60o\/","title":{"rendered":"Regular Fit Zipped Hoodie Superwash\u00ae 60\u00ba"},"content":{"rendered":"<p>\u00b7280 g\/m\u00b2<br \/>\n\u00b765% polyester, 35% coton<br \/>\n\u00b7capuche doubl\u00e9e dans le m\u00eame mat\u00e9riau avec cordons plats et oeillets m\u00e9talliques<br \/>\n\u00b7fermeture \u00e0 glissi\u00e8re pleine longueur<br \/>\n\u00b7bande de propret\u00e9 au cou et aux \u00e9paules dans le m\u00eame mat\u00e9riau<br \/>\n\u00b7piq\u00fbre 2 aiguilles aux \u00e9paules<br \/>\n\u00b7tissu doubl\u00e9 au nieau du cou, poignets et base.<br \/>\n\u00b7coutures plates autour de l emmanchure et le haut de la poche<br \/>\n\u00b7double poche \u00e0 l avant centre<br \/>\n\u00b7\u00e9tiquette d\u00e9tachable<br \/>\n\u00b7lavable jusqu \u00e0 60 \u00b0 C.<\/p>\n","protected":false},"excerpt":{"rendered":"<p>\u00b7280 g\/m\u00b2 \u00b765% polyester, 35% coton \u00b7capuche doubl\u00e9e dans le m\u00eame mat\u00e9riau avec cordons plats et oeillets m\u00e9talliques \u00b7fermeture \u00e0<\/p>\n","protected":false},"featured_media":529540,"comment_status":"open","ping_status":"closed","template":"","meta":[],"product_brand":[],"product_cat":[41,128,112,1862,43],"product_tag":[85,1863,83,1065,167,84,774,898,1865,1504,1505,86],"class_list":{"0":"post-529542","1":"product","2":"type-product","3":"status-publish","4":"has-post-thumbnail","6":"product_cat-lavable-jusqua-60c","7":"product_cat-meilleures-ventes","8":"product_cat-sans-etiquette","9":"product_cat-sweats-a-capuche","10":"product_cat-vetements-de-travail","11":"product_tag-a-longue-manche","12":"product_tag-capuche","13":"product_tag-chapeau","14":"product_tag-facilement-personnalisable","15":"product_tag-lavable-jusqua-60c","16":"product_tag-longue-manche","17":"product_tag-pull-over-a-capuche-et-glissiere","18":"product_tag-sweatshirts","19":"product_tag-vestes-a-capuche-et-fermeture-a-glissiere","20":"product_tag-vestes-en-sweat","21":"product_tag-vestes-en-sweatshirt","22":"product_tag-vetements-dexterieur","23":"pa_certificats-oeko-tex-made-in-green","24":"pa_certificats-oeko-tex-standard-100","25":"pa_certificats-oeko-tex-step","26":"pa_certificats-sedex","27":"pa_certificats-wrap","28":"pa_couleur-black","29":"pa_couleur-dark-grey-marl","30":"pa_couleur-royal","31":"pa_details-xs","32":"pa_details-fermeture-a-glissiere-complete","33":"pa_details-poches-de-cote","34":"pa_groupe-de-produits-avec-capuche","35":"pa_groupe-de-produits-full-zip","36":"pa_groupe-de-produits-lavable-jusqua-60","37":"pa_groupe-de-produits-sweatshirts","38":"pa_groupe-de-produits-vestes","39":"pa_manche-set-in","40":"pa_marque-kustom-kit","41":"pa_numero-de-style-4640","42":"pa_sexe-hommes","43":"pa_taille-2xl","44":"pa_taille-3xl","45":"pa_taille-l","46":"pa_taille-m","47":"pa_taille-s","48":"pa_taille-xl","49":"pa_taille-xs","50":"pa_tissu-melange-de-tissu","52":"first","53":"instock","54":"taxable","55":"shipping-taxable","56":"purchasable","57":"product-type-variable"},"yoast_head":"<!-- This site is optimized with the Yoast SEO Premium plugin v20.9 (Yoast SEO v26.3) - https:\/\/yoast.com\/wordpress\/plugins\/seo\/ -->\n<title>Regular Fit Zipped Hoodie Superwash\u00ae 60\u00ba | Printwave FR<\/title>\n<meta name=\"robots\" content=\"index, follow, max-snippet:-1, max-image-preview:large, max-video-preview:-1\" \/>\n<link rel=\"canonical\" href=\"https:\/\/printwave.pl\/fr\/produkt\/regular-fit-zipped-hoodie-superwash-60o\/\" \/>\n<meta property=\"og:locale\" content=\"fr_FR\" \/>\n<meta property=\"og:type\" content=\"article\" \/>\n<meta property=\"og:title\" content=\"Regular Fit Zipped Hoodie Superwash\u00ae 60\u00ba\" \/>\n<meta property=\"og:description\" content=\"\u00b7280 g\/m\u00b2 \u00b765% polyester, 35% coton \u00b7capuche doubl\u00e9e dans le m\u00eame mat\u00e9riau avec cordons plats et oeillets m\u00e9talliques \u00b7fermeture \u00e0\" \/>\n<meta property=\"og:url\" content=\"https:\/\/printwave.pl\/fr\/produkt\/regular-fit-zipped-hoodie-superwash-60o\/\" \/>\n<meta property=\"og:site_name\" content=\"Printwave FR\" \/>\n<meta property=\"article:modified_time\" content=\"2026-02-13T15:32:57+00:00\" \/>\n<meta property=\"og:image\" content=\"https:\/\/printwave.pl\/fr\/wp-content\/uploads\/sites\/4\/2021\/07\/Print-Wave-logo-2025.png\" \/>\n\t<meta property=\"og:image:width\" content=\"1645\" \/>\n\t<meta property=\"og:image:height\" content=\"297\" \/>\n\t<meta property=\"og:image:type\" content=\"image\/png\" \/>\n<meta name=\"twitter:card\" content=\"summary_large_image\" \/>\n<script type=\"application\/ld+json\" class=\"yoast-schema-graph\">{\"@context\":\"https:\/\/schema.org\",\"@graph\":[{\"@type\":\"WebPage\",\"@id\":\"https:\/\/printwave.pl\/fr\/produkt\/regular-fit-zipped-hoodie-superwash-60o\/\",\"url\":\"https:\/\/printwave.pl\/fr\/produkt\/regular-fit-zipped-hoodie-superwash-60o\/\",\"name\":\"Regular Fit Zipped Hoodie Superwash\u00ae 60\u00ba | Printwave FR\",\"isPartOf\":{\"@id\":\"https:\/\/printwave.pl\/fr\/#website\"},\"primaryImageOfPage\":{\"@id\":\"https:\/\/printwave.pl\/fr\/produkt\/regular-fit-zipped-hoodie-superwash-60o\/#primaryimage\"},\"image\":{\"@id\":\"https:\/\/printwave.pl\/fr\/produkt\/regular-fit-zipped-hoodie-superwash-60o\/#primaryimage\"},\"thumbnailUrl\":\"https:\/\/printwave.pl\/fr\/wp-content\/uploads\/sites\/4\/2025\/01\/203_11_101_m-2024_01.jpg\",\"datePublished\":\"2025-01-26T06:24:29+00:00\",\"dateModified\":\"2026-02-13T15:32:57+00:00\",\"breadcrumb\":{\"@id\":\"https:\/\/printwave.pl\/fr\/produkt\/regular-fit-zipped-hoodie-superwash-60o\/#breadcrumb\"},\"inLanguage\":\"fr-FR\",\"potentialAction\":[{\"@type\":\"ReadAction\",\"target\":[\"https:\/\/printwave.pl\/fr\/produkt\/regular-fit-zipped-hoodie-superwash-60o\/\"]}]},{\"@type\":\"ImageObject\",\"inLanguage\":\"fr-FR\",\"@id\":\"https:\/\/printwave.pl\/fr\/produkt\/regular-fit-zipped-hoodie-superwash-60o\/#primaryimage\",\"url\":\"https:\/\/printwave.pl\/fr\/wp-content\/uploads\/sites\/4\/2025\/01\/203_11_101_m-2024_01.jpg\",\"contentUrl\":\"https:\/\/printwave.pl\/fr\/wp-content\/uploads\/sites\/4\/2025\/01\/203_11_101_m-2024_01.jpg\",\"width\":1024,\"height\":1304},{\"@type\":\"BreadcrumbList\",\"@id\":\"https:\/\/printwave.pl\/fr\/produkt\/regular-fit-zipped-hoodie-superwash-60o\/#breadcrumb\",\"itemListElement\":[{\"@type\":\"ListItem\",\"position\":1,\"name\":\"Accueil\",\"item\":\"https:\/\/printwave.pl\/fr\/\"},{\"@type\":\"ListItem\",\"position\":2,\"name\":\"Boutique\",\"item\":\"https:\/\/printwave.pl\/fr\/boutique\/\"},{\"@type\":\"ListItem\",\"position\":3,\"name\":\"Regular Fit Zipped Hoodie Superwash\u00ae 60\u00ba\"}]},{\"@type\":\"WebSite\",\"@id\":\"https:\/\/printwave.pl\/fr\/#website\",\"url\":\"https:\/\/printwave.pl\/fr\/\",\"name\":\"Printwave\",\"description\":\"Votre fournisseur de v\u00eatements promotionnels et d&#039;entreprise en Pologne\",\"potentialAction\":[{\"@type\":\"SearchAction\",\"target\":{\"@type\":\"EntryPoint\",\"urlTemplate\":\"https:\/\/printwave.pl\/fr\/?s={search_term_string}\"},\"query-input\":{\"@type\":\"PropertyValueSpecification\",\"valueRequired\":true,\"valueName\":\"search_term_string\"}}],\"inLanguage\":\"fr-FR\"}]}<\/script>\n<!-- \/ Yoast SEO Premium plugin. -->","yoast_head_json":{"title":"Regular Fit Zipped Hoodie Superwash\u00ae 60\u00ba | Printwave FR","robots":{"index":"index","follow":"follow","max-snippet":"max-snippet:-1","max-image-preview":"max-image-preview:large","max-video-preview":"max-video-preview:-1"},"canonical":"https:\/\/printwave.pl\/fr\/produkt\/regular-fit-zipped-hoodie-superwash-60o\/","og_locale":"fr_FR","og_type":"article","og_title":"Regular Fit Zipped Hoodie Superwash\u00ae 60\u00ba","og_description":"\u00b7280 g\/m\u00b2 \u00b765% polyester, 35% coton \u00b7capuche doubl\u00e9e dans le m\u00eame mat\u00e9riau avec cordons plats et oeillets m\u00e9talliques \u00b7fermeture \u00e0","og_url":"https:\/\/printwave.pl\/fr\/produkt\/regular-fit-zipped-hoodie-superwash-60o\/","og_site_name":"Printwave FR","article_modified_time":"2026-02-13T15:32:57+00:00","og_image":[{"width":1645,"height":297,"url":"https:\/\/printwave.pl\/fr\/wp-content\/uploads\/sites\/4\/2021\/07\/Print-Wave-logo-2025.png","type":"image\/png"}],"twitter_card":"summary_large_image","schema":{"@context":"https:\/\/schema.org","@graph":[{"@type":"WebPage","@id":"https:\/\/printwave.pl\/fr\/produkt\/regular-fit-zipped-hoodie-superwash-60o\/","url":"https:\/\/printwave.pl\/fr\/produkt\/regular-fit-zipped-hoodie-superwash-60o\/","name":"Regular Fit Zipped Hoodie Superwash\u00ae 60\u00ba | Printwave FR","isPartOf":{"@id":"https:\/\/printwave.pl\/fr\/#website"},"primaryImageOfPage":{"@id":"https:\/\/printwave.pl\/fr\/produkt\/regular-fit-zipped-hoodie-superwash-60o\/#primaryimage"},"image":{"@id":"https:\/\/printwave.pl\/fr\/produkt\/regular-fit-zipped-hoodie-superwash-60o\/#primaryimage"},"thumbnailUrl":"https:\/\/printwave.pl\/fr\/wp-content\/uploads\/sites\/4\/2025\/01\/203_11_101_m-2024_01.jpg","datePublished":"2025-01-26T06:24:29+00:00","dateModified":"2026-02-13T15:32:57+00:00","breadcrumb":{"@id":"https:\/\/printwave.pl\/fr\/produkt\/regular-fit-zipped-hoodie-superwash-60o\/#breadcrumb"},"inLanguage":"fr-FR","potentialAction":[{"@type":"ReadAction","target":["https:\/\/printwave.pl\/fr\/produkt\/regular-fit-zipped-hoodie-superwash-60o\/"]}]},{"@type":"ImageObject","inLanguage":"fr-FR","@id":"https:\/\/printwave.pl\/fr\/produkt\/regular-fit-zipped-hoodie-superwash-60o\/#primaryimage","url":"https:\/\/printwave.pl\/fr\/wp-content\/uploads\/sites\/4\/2025\/01\/203_11_101_m-2024_01.jpg","contentUrl":"https:\/\/printwave.pl\/fr\/wp-content\/uploads\/sites\/4\/2025\/01\/203_11_101_m-2024_01.jpg","width":1024,"height":1304},{"@type":"BreadcrumbList","@id":"https:\/\/printwave.pl\/fr\/produkt\/regular-fit-zipped-hoodie-superwash-60o\/#breadcrumb","itemListElement":[{"@type":"ListItem","position":1,"name":"Accueil","item":"https:\/\/printwave.pl\/fr\/"},{"@type":"ListItem","position":2,"name":"Boutique","item":"https:\/\/printwave.pl\/fr\/boutique\/"},{"@type":"ListItem","position":3,"name":"Regular Fit Zipped Hoodie Superwash\u00ae 60\u00ba"}]},{"@type":"WebSite","@id":"https:\/\/printwave.pl\/fr\/#website","url":"https:\/\/printwave.pl\/fr\/","name":"Printwave","description":"Votre fournisseur de v\u00eatements promotionnels et d&#039;entreprise en Pologne","potentialAction":[{"@type":"SearchAction","target":{"@type":"EntryPoint","urlTemplate":"https:\/\/printwave.pl\/fr\/?s={search_term_string}"},"query-input":{"@type":"PropertyValueSpecification","valueRequired":true,"valueName":"search_term_string"}}],"inLanguage":"fr-FR"}]}},"_links":{"self":[{"href":"https:\/\/printwave.pl\/fr\/wp-json\/wp\/v2\/product\/529542","targetHints":{"allow":["GET"]}}],"collection":[{"href":"https:\/\/printwave.pl\/fr\/wp-json\/wp\/v2\/product"}],"about":[{"href":"https:\/\/printwave.pl\/fr\/wp-json\/wp\/v2\/types\/product"}],"replies":[{"embeddable":true,"href":"https:\/\/printwave.pl\/fr\/wp-json\/wp\/v2\/comments?post=529542"}],"wp:featuredmedia":[{"embeddable":true,"href":"https:\/\/printwave.pl\/fr\/wp-json\/wp\/v2\/media\/529540"}],"wp:attachment":[{"href":"https:\/\/printwave.pl\/fr\/wp-json\/wp\/v2\/media?parent=529542"}],"wp:term":[{"taxonomy":"product_brand","embeddable":true,"href":"https:\/\/printwave.pl\/fr\/wp-json\/wp\/v2\/product_brand?post=529542"},{"taxonomy":"product_cat","embeddable":true,"href":"https:\/\/printwave.pl\/fr\/wp-json\/wp\/v2\/product_cat?post=529542"},{"taxonomy":"product_tag","embeddable":true,"href":"https:\/\/printwave.pl\/fr\/wp-json\/wp\/v2\/product_tag?post=529542"}],"curies":[{"name":"wp","href":"https:\/\/api.w.org\/{rel}","templated":true}]}}