{"id":528212,"date":"2025-01-26T06:40:12","date_gmt":"2025-01-26T05:40:12","guid":{"rendered":"https:\/\/printwave.pl\/fr\/produkt\/ladies-hd-zipped-hood-sweat\/"},"modified":"2026-02-13T16:25:25","modified_gmt":"2026-02-13T15:25:25","slug":"ladies-hd-zipped-hood-sweat","status":"publish","type":"product","link":"https:\/\/printwave.pl\/fr\/produkt\/ladies-hd-zipped-hood-sweat\/","title":{"rendered":"Ladies&rsquo; HD Zipped Hood Sweat"},"content":{"rendered":"<p>\u00b7255 g\/m\u00b2 (blanc: 250 g\/m\u00b2)<br \/>\n\u00b765% polyester, 35% coton, fil\u00e9 \u00e0 l&rsquo;anneau et peign\u00e9<br \/>\n\u00b7French Terry<br \/>\n\u00b7Capuche doubl\u00e9e en jersey avec cordon de serrage assorti aux extr\u00e9mit\u00e9s en m\u00e9tal<br \/>\n\u00b7Bande de propret\u00e9 contrast\u00e9e<br \/>\n\u00b7\u00c9tiquette adh\u00e9sive amovible au cou<br \/>\n\u00b7Fermeture \u00e0 glissi\u00e8re compl\u00e8te<br \/>\n\u00b7Poche pour t\u00e9l\u00e9phone cach\u00e9e<br \/>\n\u00b7Poche kangourou<br \/>\n\u00b7Coutures cach\u00e9es \u00e0 la taille et aux poignets<br \/>\n\u00b7Coupe slim<br \/>\n\u00b7Appropri\u00e9 pour la sublimation, l&rsquo;impression d&rsquo;\u00e9cran et de transfert de chaleur et la broderie.<\/p>\n","protected":false},"excerpt":{"rendered":"<p>\u00b7255 g\/m\u00b2 (blanc: 250 g\/m\u00b2) \u00b765% polyester, 35% coton, fil\u00e9 \u00e0 l&rsquo;anneau et peign\u00e9 \u00b7French Terry \u00b7Capuche doubl\u00e9e en jersey<\/p>\n","protected":false},"featured_media":528206,"comment_status":"open","ping_status":"closed","template":"","meta":[],"product_brand":[],"product_cat":[1862],"product_tag":[85,1863,83,84,774,898,1865,1504,1505,86],"class_list":{"0":"post-528212","1":"product","2":"type-product","3":"status-publish","4":"has-post-thumbnail","6":"product_cat-sweats-a-capuche","7":"product_tag-a-longue-manche","8":"product_tag-capuche","9":"product_tag-chapeau","10":"product_tag-longue-manche","11":"product_tag-pull-over-a-capuche-et-glissiere","12":"product_tag-sweatshirts","13":"product_tag-vestes-a-capuche-et-fermeture-a-glissiere","14":"product_tag-vestes-en-sweat","15":"product_tag-vestes-en-sweatshirt","16":"product_tag-vetements-dexterieur","17":"pa_certificats-bsci","18":"pa_certificats-oeko-tex-standard-100","19":"pa_certificats-wrap","20":"pa_couleur-black","21":"pa_couleur-blue-marl","22":"pa_couleur-bright-navy-marl","23":"pa_couleur-convoy-grey","24":"pa_couleur-coral-marl","25":"pa_couleur-french-navy","26":"pa_couleur-grey-marl","27":"pa_couleur-maroon-marl","28":"pa_couleur-pink-marl","29":"pa_couleur-purple-marl","30":"pa_couleur-red-marl","31":"pa_couleur-silver-marl","32":"pa_couleur-white","33":"pa_couleur-yellow-marl","34":"pa_details-avec-capuche","35":"pa_details-fermeture-a-glissiere-complete","36":"pa_details-poches-de-cote","37":"pa_groupe-de-produits-avec-capuche","38":"pa_groupe-de-produits-full-zip","39":"pa_groupe-de-produits-molleton","40":"pa_groupe-de-produits-sublimation","41":"pa_groupe-de-produits-sweatshirts","42":"pa_manche-manches-longues","43":"pa_marque-russell","44":"pa_numero-de-style-4623","45":"pa_poids-a-partir-de-220-g-m","46":"pa_sexe-femmes","47":"pa_taille-2xl","48":"pa_taille-l","49":"pa_taille-m","50":"pa_taille-s","51":"pa_taille-xl","52":"pa_taille-xs","53":"pa_tissu-melange-de-tissu","55":"first","56":"instock","57":"taxable","58":"shipping-taxable","59":"purchasable","60":"product-type-variable"},"yoast_head":"<!-- This site is optimized with the Yoast SEO Premium plugin v20.9 (Yoast SEO v26.3) - https:\/\/yoast.com\/wordpress\/plugins\/seo\/ -->\n<title>Ladies&#039; HD Zipped Hood Sweat | Printwave FR<\/title>\n<meta name=\"robots\" content=\"index, follow, max-snippet:-1, max-image-preview:large, max-video-preview:-1\" \/>\n<link rel=\"canonical\" href=\"https:\/\/printwave.pl\/fr\/produkt\/ladies-hd-zipped-hood-sweat\/\" \/>\n<meta property=\"og:locale\" content=\"fr_FR\" \/>\n<meta property=\"og:type\" content=\"article\" \/>\n<meta property=\"og:title\" content=\"Ladies&#039; HD Zipped Hood Sweat\" \/>\n<meta property=\"og:description\" content=\"\u00b7255 g\/m\u00b2 (blanc: 250 g\/m\u00b2) \u00b765% polyester, 35% coton, fil\u00e9 \u00e0 l&rsquo;anneau et peign\u00e9 \u00b7French Terry \u00b7Capuche doubl\u00e9e en jersey\" \/>\n<meta property=\"og:url\" content=\"https:\/\/printwave.pl\/fr\/produkt\/ladies-hd-zipped-hood-sweat\/\" \/>\n<meta property=\"og:site_name\" content=\"Printwave FR\" \/>\n<meta property=\"article:modified_time\" content=\"2026-02-13T15:25:25+00:00\" \/>\n<meta property=\"og:image\" content=\"https:\/\/printwave.pl\/fr\/wp-content\/uploads\/sites\/4\/2025\/01\/207_00_446_f-2019-nc_01.jpg\" \/>\n\t<meta property=\"og:image:width\" content=\"1024\" \/>\n\t<meta property=\"og:image:height\" content=\"1341\" \/>\n\t<meta property=\"og:image:type\" content=\"image\/jpeg\" \/>\n<meta name=\"twitter:card\" content=\"summary_large_image\" \/>\n<script type=\"application\/ld+json\" class=\"yoast-schema-graph\">{\"@context\":\"https:\/\/schema.org\",\"@graph\":[{\"@type\":\"WebPage\",\"@id\":\"https:\/\/printwave.pl\/fr\/produkt\/ladies-hd-zipped-hood-sweat\/\",\"url\":\"https:\/\/printwave.pl\/fr\/produkt\/ladies-hd-zipped-hood-sweat\/\",\"name\":\"Ladies' HD Zipped Hood Sweat | Printwave FR\",\"isPartOf\":{\"@id\":\"https:\/\/printwave.pl\/fr\/#website\"},\"primaryImageOfPage\":{\"@id\":\"https:\/\/printwave.pl\/fr\/produkt\/ladies-hd-zipped-hood-sweat\/#primaryimage\"},\"image\":{\"@id\":\"https:\/\/printwave.pl\/fr\/produkt\/ladies-hd-zipped-hood-sweat\/#primaryimage\"},\"thumbnailUrl\":\"https:\/\/printwave.pl\/fr\/wp-content\/uploads\/sites\/4\/2025\/01\/207_00_446_f-2019-nc_01.jpg\",\"datePublished\":\"2025-01-26T05:40:12+00:00\",\"dateModified\":\"2026-02-13T15:25:25+00:00\",\"breadcrumb\":{\"@id\":\"https:\/\/printwave.pl\/fr\/produkt\/ladies-hd-zipped-hood-sweat\/#breadcrumb\"},\"inLanguage\":\"fr-FR\",\"potentialAction\":[{\"@type\":\"ReadAction\",\"target\":[\"https:\/\/printwave.pl\/fr\/produkt\/ladies-hd-zipped-hood-sweat\/\"]}]},{\"@type\":\"ImageObject\",\"inLanguage\":\"fr-FR\",\"@id\":\"https:\/\/printwave.pl\/fr\/produkt\/ladies-hd-zipped-hood-sweat\/#primaryimage\",\"url\":\"https:\/\/printwave.pl\/fr\/wp-content\/uploads\/sites\/4\/2025\/01\/207_00_446_f-2019-nc_01.jpg\",\"contentUrl\":\"https:\/\/printwave.pl\/fr\/wp-content\/uploads\/sites\/4\/2025\/01\/207_00_446_f-2019-nc_01.jpg\",\"width\":1024,\"height\":1341},{\"@type\":\"BreadcrumbList\",\"@id\":\"https:\/\/printwave.pl\/fr\/produkt\/ladies-hd-zipped-hood-sweat\/#breadcrumb\",\"itemListElement\":[{\"@type\":\"ListItem\",\"position\":1,\"name\":\"Accueil\",\"item\":\"https:\/\/printwave.pl\/fr\/\"},{\"@type\":\"ListItem\",\"position\":2,\"name\":\"Boutique\",\"item\":\"https:\/\/printwave.pl\/fr\/boutique\/\"},{\"@type\":\"ListItem\",\"position\":3,\"name\":\"Ladies&rsquo; HD Zipped Hood Sweat\"}]},{\"@type\":\"WebSite\",\"@id\":\"https:\/\/printwave.pl\/fr\/#website\",\"url\":\"https:\/\/printwave.pl\/fr\/\",\"name\":\"Printwave\",\"description\":\"Votre fournisseur de v\u00eatements promotionnels et d&#039;entreprise en Pologne\",\"potentialAction\":[{\"@type\":\"SearchAction\",\"target\":{\"@type\":\"EntryPoint\",\"urlTemplate\":\"https:\/\/printwave.pl\/fr\/?s={search_term_string}\"},\"query-input\":{\"@type\":\"PropertyValueSpecification\",\"valueRequired\":true,\"valueName\":\"search_term_string\"}}],\"inLanguage\":\"fr-FR\"}]}<\/script>\n<!-- \/ Yoast SEO Premium plugin. -->","yoast_head_json":{"title":"Ladies' HD Zipped Hood Sweat | Printwave FR","robots":{"index":"index","follow":"follow","max-snippet":"max-snippet:-1","max-image-preview":"max-image-preview:large","max-video-preview":"max-video-preview:-1"},"canonical":"https:\/\/printwave.pl\/fr\/produkt\/ladies-hd-zipped-hood-sweat\/","og_locale":"fr_FR","og_type":"article","og_title":"Ladies' HD Zipped Hood Sweat","og_description":"\u00b7255 g\/m\u00b2 (blanc: 250 g\/m\u00b2) \u00b765% polyester, 35% coton, fil\u00e9 \u00e0 l&rsquo;anneau et peign\u00e9 \u00b7French Terry \u00b7Capuche doubl\u00e9e en jersey","og_url":"https:\/\/printwave.pl\/fr\/produkt\/ladies-hd-zipped-hood-sweat\/","og_site_name":"Printwave FR","article_modified_time":"2026-02-13T15:25:25+00:00","og_image":[{"width":1024,"height":1341,"url":"https:\/\/printwave.pl\/fr\/wp-content\/uploads\/sites\/4\/2025\/01\/207_00_446_f-2019-nc_01.jpg","type":"image\/jpeg"}],"twitter_card":"summary_large_image","schema":{"@context":"https:\/\/schema.org","@graph":[{"@type":"WebPage","@id":"https:\/\/printwave.pl\/fr\/produkt\/ladies-hd-zipped-hood-sweat\/","url":"https:\/\/printwave.pl\/fr\/produkt\/ladies-hd-zipped-hood-sweat\/","name":"Ladies' HD Zipped Hood Sweat | Printwave FR","isPartOf":{"@id":"https:\/\/printwave.pl\/fr\/#website"},"primaryImageOfPage":{"@id":"https:\/\/printwave.pl\/fr\/produkt\/ladies-hd-zipped-hood-sweat\/#primaryimage"},"image":{"@id":"https:\/\/printwave.pl\/fr\/produkt\/ladies-hd-zipped-hood-sweat\/#primaryimage"},"thumbnailUrl":"https:\/\/printwave.pl\/fr\/wp-content\/uploads\/sites\/4\/2025\/01\/207_00_446_f-2019-nc_01.jpg","datePublished":"2025-01-26T05:40:12+00:00","dateModified":"2026-02-13T15:25:25+00:00","breadcrumb":{"@id":"https:\/\/printwave.pl\/fr\/produkt\/ladies-hd-zipped-hood-sweat\/#breadcrumb"},"inLanguage":"fr-FR","potentialAction":[{"@type":"ReadAction","target":["https:\/\/printwave.pl\/fr\/produkt\/ladies-hd-zipped-hood-sweat\/"]}]},{"@type":"ImageObject","inLanguage":"fr-FR","@id":"https:\/\/printwave.pl\/fr\/produkt\/ladies-hd-zipped-hood-sweat\/#primaryimage","url":"https:\/\/printwave.pl\/fr\/wp-content\/uploads\/sites\/4\/2025\/01\/207_00_446_f-2019-nc_01.jpg","contentUrl":"https:\/\/printwave.pl\/fr\/wp-content\/uploads\/sites\/4\/2025\/01\/207_00_446_f-2019-nc_01.jpg","width":1024,"height":1341},{"@type":"BreadcrumbList","@id":"https:\/\/printwave.pl\/fr\/produkt\/ladies-hd-zipped-hood-sweat\/#breadcrumb","itemListElement":[{"@type":"ListItem","position":1,"name":"Accueil","item":"https:\/\/printwave.pl\/fr\/"},{"@type":"ListItem","position":2,"name":"Boutique","item":"https:\/\/printwave.pl\/fr\/boutique\/"},{"@type":"ListItem","position":3,"name":"Ladies&rsquo; HD Zipped Hood Sweat"}]},{"@type":"WebSite","@id":"https:\/\/printwave.pl\/fr\/#website","url":"https:\/\/printwave.pl\/fr\/","name":"Printwave","description":"Votre fournisseur de v\u00eatements promotionnels et d&#039;entreprise en Pologne","potentialAction":[{"@type":"SearchAction","target":{"@type":"EntryPoint","urlTemplate":"https:\/\/printwave.pl\/fr\/?s={search_term_string}"},"query-input":{"@type":"PropertyValueSpecification","valueRequired":true,"valueName":"search_term_string"}}],"inLanguage":"fr-FR"}]}},"_links":{"self":[{"href":"https:\/\/printwave.pl\/fr\/wp-json\/wp\/v2\/product\/528212","targetHints":{"allow":["GET"]}}],"collection":[{"href":"https:\/\/printwave.pl\/fr\/wp-json\/wp\/v2\/product"}],"about":[{"href":"https:\/\/printwave.pl\/fr\/wp-json\/wp\/v2\/types\/product"}],"replies":[{"embeddable":true,"href":"https:\/\/printwave.pl\/fr\/wp-json\/wp\/v2\/comments?post=528212"}],"wp:featuredmedia":[{"embeddable":true,"href":"https:\/\/printwave.pl\/fr\/wp-json\/wp\/v2\/media\/528206"}],"wp:attachment":[{"href":"https:\/\/printwave.pl\/fr\/wp-json\/wp\/v2\/media?parent=528212"}],"wp:term":[{"taxonomy":"product_brand","embeddable":true,"href":"https:\/\/printwave.pl\/fr\/wp-json\/wp\/v2\/product_brand?post=528212"},{"taxonomy":"product_cat","embeddable":true,"href":"https:\/\/printwave.pl\/fr\/wp-json\/wp\/v2\/product_cat?post=528212"},{"taxonomy":"product_tag","embeddable":true,"href":"https:\/\/printwave.pl\/fr\/wp-json\/wp\/v2\/product_tag?post=528212"}],"curies":[{"name":"wp","href":"https:\/\/api.w.org\/{rel}","templated":true}]}}