{"id":526705,"date":"2025-01-26T05:51:18","date_gmt":"2025-01-26T04:51:18","guid":{"rendered":"https:\/\/printwave.pl\/fr\/produkt\/influence-zip-hood\/"},"modified":"2026-02-13T16:16:25","modified_gmt":"2026-02-13T15:16:25","slug":"influence-zip-hood","status":"publish","type":"product","link":"https:\/\/printwave.pl\/fr\/produkt\/influence-zip-hood\/","title":{"rendered":"Influence Zip Hood"},"content":{"rendered":"<p>\u00b7350 g\/m\u00b2<br \/>\n\u00b780% coton (investissement dans le Better Cotton), 20% polyester (recycl\u00e9) &#8211; certifi\u00e9 RCS<br \/>\n\u00b7V\u00e9ritable approche de conception neutre en termes de genre avec coutures lat\u00e9rales<br \/>\n\u00b7Tissu durable avec une sensation de robustesse et d&rsquo;\u00e9paisseur<br \/>\n\u00b7Tissu \u00e0 faible r\u00e9traction (TFR)<br \/>\n\u00b7100% coton pour une parfaite imprimabilit\u00e9<br \/>\n\u00b7\u00c9paules tombantes et sensation surdimensionn\u00e9e pour une coupe d\u00e9contract\u00e9e<br \/>\n\u00b7Col haut unique qui offre une protection suppl\u00e9mentaire<br \/>\n\u00b7Capuche en 2 parties doubl\u00e9e en jersey sans cordon de serrage pour un look urbain et minimaliste qui encadre facilement le visage<br \/>\n\u00b7Fermeture \u00e0 glissi\u00e8re en m\u00e9tal durable<br \/>\n\u00b7Poches profondes con\u00e7ues pour un positionnement confortable des mains<br \/>\n\u00b7Poignets et ourlet inf\u00e9rieur en c\u00f4tes 1&#215;1 de haute qualit\u00e9<br \/>\n\u00b7Solution \u00ab B&amp;C No Label \u00bb pour un rebranding facile.<\/p>\n","protected":false},"excerpt":{"rendered":"<p>\u00b7350 g\/m\u00b2 \u00b780% coton (investissement dans le Better Cotton), 20% polyester (recycl\u00e9) &#8211; certifi\u00e9 RCS \u00b7V\u00e9ritable approche de conception neutre<\/p>\n","protected":false},"featured_media":526699,"comment_status":"open","ping_status":"closed","template":"","meta":[],"product_brand":[],"product_cat":[2597,1862],"product_tag":[],"class_list":{"0":"post-526705","1":"product","2":"type-product","3":"status-publish","4":"has-post-thumbnail","6":"product_cat-nouveautes-2025","7":"product_cat-sweats-a-capuche","8":"pa_couleur-black","9":"pa_couleur-navy","10":"pa_couleur-sport-grey","11":"pa_eco-recycle","12":"pa_groupe-de-produits-sweatshirts","13":"pa_manche-manches-longues","14":"pa_marque-bc","15":"pa_numero-de-style-4605","16":"pa_poids-a-partir-de-350-g-m","17":"pa_sexe-unisexe","18":"pa_taille-2xl","19":"pa_taille-3xl","20":"pa_taille-4xl","21":"pa_taille-5xl","22":"pa_taille-l","23":"pa_taille-m","24":"pa_taille-s","25":"pa_taille-xl","26":"pa_taille-xs","27":"pa_tissu-melange-de-tissu","29":"first","30":"instock","31":"taxable","32":"shipping-taxable","33":"purchasable","34":"product-type-variable"},"yoast_head":"<!-- This site is optimized with the Yoast SEO Premium plugin v20.9 (Yoast SEO v26.3) - https:\/\/yoast.com\/wordpress\/plugins\/seo\/ -->\n<title>Influence Zip Hood | Printwave FR<\/title>\n<meta name=\"robots\" content=\"index, follow, max-snippet:-1, max-image-preview:large, max-video-preview:-1\" \/>\n<link rel=\"canonical\" href=\"https:\/\/printwave.pl\/fr\/produkt\/influence-zip-hood\/\" \/>\n<meta property=\"og:locale\" content=\"fr_FR\" \/>\n<meta property=\"og:type\" content=\"article\" \/>\n<meta property=\"og:title\" content=\"Influence Zip Hood\" \/>\n<meta property=\"og:description\" content=\"\u00b7350 g\/m\u00b2 \u00b780% coton (investissement dans le Better Cotton), 20% polyester (recycl\u00e9) &#8211; certifi\u00e9 RCS \u00b7V\u00e9ritable approche de conception neutre\" \/>\n<meta property=\"og:url\" content=\"https:\/\/printwave.pl\/fr\/produkt\/influence-zip-hood\/\" \/>\n<meta property=\"og:site_name\" content=\"Printwave FR\" \/>\n<meta property=\"article:modified_time\" content=\"2026-02-13T15:16:25+00:00\" \/>\n<meta property=\"og:image\" content=\"https:\/\/printwave.pl\/fr\/wp-content\/uploads\/sites\/4\/2025\/01\/209_42_101_m-2024_01.jpg\" \/>\n\t<meta property=\"og:image:width\" content=\"1024\" \/>\n\t<meta property=\"og:image:height\" content=\"1304\" \/>\n\t<meta property=\"og:image:type\" content=\"image\/jpeg\" \/>\n<meta name=\"twitter:card\" content=\"summary_large_image\" \/>\n<meta name=\"twitter:label1\" content=\"Dur\u00e9e de lecture estim\u00e9e\" \/>\n\t<meta name=\"twitter:data1\" content=\"1 minute\" \/>\n<script type=\"application\/ld+json\" class=\"yoast-schema-graph\">{\"@context\":\"https:\/\/schema.org\",\"@graph\":[{\"@type\":\"WebPage\",\"@id\":\"https:\/\/printwave.pl\/fr\/produkt\/influence-zip-hood\/\",\"url\":\"https:\/\/printwave.pl\/fr\/produkt\/influence-zip-hood\/\",\"name\":\"Influence Zip Hood | Printwave FR\",\"isPartOf\":{\"@id\":\"https:\/\/printwave.pl\/fr\/#website\"},\"primaryImageOfPage\":{\"@id\":\"https:\/\/printwave.pl\/fr\/produkt\/influence-zip-hood\/#primaryimage\"},\"image\":{\"@id\":\"https:\/\/printwave.pl\/fr\/produkt\/influence-zip-hood\/#primaryimage\"},\"thumbnailUrl\":\"https:\/\/printwave.pl\/fr\/wp-content\/uploads\/sites\/4\/2025\/01\/209_42_101_m-2024_01.jpg\",\"datePublished\":\"2025-01-26T04:51:18+00:00\",\"dateModified\":\"2026-02-13T15:16:25+00:00\",\"breadcrumb\":{\"@id\":\"https:\/\/printwave.pl\/fr\/produkt\/influence-zip-hood\/#breadcrumb\"},\"inLanguage\":\"fr-FR\",\"potentialAction\":[{\"@type\":\"ReadAction\",\"target\":[\"https:\/\/printwave.pl\/fr\/produkt\/influence-zip-hood\/\"]}]},{\"@type\":\"ImageObject\",\"inLanguage\":\"fr-FR\",\"@id\":\"https:\/\/printwave.pl\/fr\/produkt\/influence-zip-hood\/#primaryimage\",\"url\":\"https:\/\/printwave.pl\/fr\/wp-content\/uploads\/sites\/4\/2025\/01\/209_42_101_m-2024_01.jpg\",\"contentUrl\":\"https:\/\/printwave.pl\/fr\/wp-content\/uploads\/sites\/4\/2025\/01\/209_42_101_m-2024_01.jpg\",\"width\":1024,\"height\":1304},{\"@type\":\"BreadcrumbList\",\"@id\":\"https:\/\/printwave.pl\/fr\/produkt\/influence-zip-hood\/#breadcrumb\",\"itemListElement\":[{\"@type\":\"ListItem\",\"position\":1,\"name\":\"Accueil\",\"item\":\"https:\/\/printwave.pl\/fr\/\"},{\"@type\":\"ListItem\",\"position\":2,\"name\":\"Boutique\",\"item\":\"https:\/\/printwave.pl\/fr\/boutique\/\"},{\"@type\":\"ListItem\",\"position\":3,\"name\":\"Influence Zip Hood\"}]},{\"@type\":\"WebSite\",\"@id\":\"https:\/\/printwave.pl\/fr\/#website\",\"url\":\"https:\/\/printwave.pl\/fr\/\",\"name\":\"Printwave\",\"description\":\"Votre fournisseur de v\u00eatements promotionnels et d&#039;entreprise en Pologne\",\"potentialAction\":[{\"@type\":\"SearchAction\",\"target\":{\"@type\":\"EntryPoint\",\"urlTemplate\":\"https:\/\/printwave.pl\/fr\/?s={search_term_string}\"},\"query-input\":{\"@type\":\"PropertyValueSpecification\",\"valueRequired\":true,\"valueName\":\"search_term_string\"}}],\"inLanguage\":\"fr-FR\"}]}<\/script>\n<!-- \/ Yoast SEO Premium plugin. -->","yoast_head_json":{"title":"Influence Zip Hood | Printwave FR","robots":{"index":"index","follow":"follow","max-snippet":"max-snippet:-1","max-image-preview":"max-image-preview:large","max-video-preview":"max-video-preview:-1"},"canonical":"https:\/\/printwave.pl\/fr\/produkt\/influence-zip-hood\/","og_locale":"fr_FR","og_type":"article","og_title":"Influence Zip Hood","og_description":"\u00b7350 g\/m\u00b2 \u00b780% coton (investissement dans le Better Cotton), 20% polyester (recycl\u00e9) &#8211; certifi\u00e9 RCS \u00b7V\u00e9ritable approche de conception neutre","og_url":"https:\/\/printwave.pl\/fr\/produkt\/influence-zip-hood\/","og_site_name":"Printwave FR","article_modified_time":"2026-02-13T15:16:25+00:00","og_image":[{"width":1024,"height":1304,"url":"https:\/\/printwave.pl\/fr\/wp-content\/uploads\/sites\/4\/2025\/01\/209_42_101_m-2024_01.jpg","type":"image\/jpeg"}],"twitter_card":"summary_large_image","twitter_misc":{"Dur\u00e9e de lecture estim\u00e9e":"1 minute"},"schema":{"@context":"https:\/\/schema.org","@graph":[{"@type":"WebPage","@id":"https:\/\/printwave.pl\/fr\/produkt\/influence-zip-hood\/","url":"https:\/\/printwave.pl\/fr\/produkt\/influence-zip-hood\/","name":"Influence Zip Hood | Printwave FR","isPartOf":{"@id":"https:\/\/printwave.pl\/fr\/#website"},"primaryImageOfPage":{"@id":"https:\/\/printwave.pl\/fr\/produkt\/influence-zip-hood\/#primaryimage"},"image":{"@id":"https:\/\/printwave.pl\/fr\/produkt\/influence-zip-hood\/#primaryimage"},"thumbnailUrl":"https:\/\/printwave.pl\/fr\/wp-content\/uploads\/sites\/4\/2025\/01\/209_42_101_m-2024_01.jpg","datePublished":"2025-01-26T04:51:18+00:00","dateModified":"2026-02-13T15:16:25+00:00","breadcrumb":{"@id":"https:\/\/printwave.pl\/fr\/produkt\/influence-zip-hood\/#breadcrumb"},"inLanguage":"fr-FR","potentialAction":[{"@type":"ReadAction","target":["https:\/\/printwave.pl\/fr\/produkt\/influence-zip-hood\/"]}]},{"@type":"ImageObject","inLanguage":"fr-FR","@id":"https:\/\/printwave.pl\/fr\/produkt\/influence-zip-hood\/#primaryimage","url":"https:\/\/printwave.pl\/fr\/wp-content\/uploads\/sites\/4\/2025\/01\/209_42_101_m-2024_01.jpg","contentUrl":"https:\/\/printwave.pl\/fr\/wp-content\/uploads\/sites\/4\/2025\/01\/209_42_101_m-2024_01.jpg","width":1024,"height":1304},{"@type":"BreadcrumbList","@id":"https:\/\/printwave.pl\/fr\/produkt\/influence-zip-hood\/#breadcrumb","itemListElement":[{"@type":"ListItem","position":1,"name":"Accueil","item":"https:\/\/printwave.pl\/fr\/"},{"@type":"ListItem","position":2,"name":"Boutique","item":"https:\/\/printwave.pl\/fr\/boutique\/"},{"@type":"ListItem","position":3,"name":"Influence Zip Hood"}]},{"@type":"WebSite","@id":"https:\/\/printwave.pl\/fr\/#website","url":"https:\/\/printwave.pl\/fr\/","name":"Printwave","description":"Votre fournisseur de v\u00eatements promotionnels et d&#039;entreprise en Pologne","potentialAction":[{"@type":"SearchAction","target":{"@type":"EntryPoint","urlTemplate":"https:\/\/printwave.pl\/fr\/?s={search_term_string}"},"query-input":{"@type":"PropertyValueSpecification","valueRequired":true,"valueName":"search_term_string"}}],"inLanguage":"fr-FR"}]}},"_links":{"self":[{"href":"https:\/\/printwave.pl\/fr\/wp-json\/wp\/v2\/product\/526705","targetHints":{"allow":["GET"]}}],"collection":[{"href":"https:\/\/printwave.pl\/fr\/wp-json\/wp\/v2\/product"}],"about":[{"href":"https:\/\/printwave.pl\/fr\/wp-json\/wp\/v2\/types\/product"}],"replies":[{"embeddable":true,"href":"https:\/\/printwave.pl\/fr\/wp-json\/wp\/v2\/comments?post=526705"}],"wp:featuredmedia":[{"embeddable":true,"href":"https:\/\/printwave.pl\/fr\/wp-json\/wp\/v2\/media\/526699"}],"wp:attachment":[{"href":"https:\/\/printwave.pl\/fr\/wp-json\/wp\/v2\/media?parent=526705"}],"wp:term":[{"taxonomy":"product_brand","embeddable":true,"href":"https:\/\/printwave.pl\/fr\/wp-json\/wp\/v2\/product_brand?post=526705"},{"taxonomy":"product_cat","embeddable":true,"href":"https:\/\/printwave.pl\/fr\/wp-json\/wp\/v2\/product_cat?post=526705"},{"taxonomy":"product_tag","embeddable":true,"href":"https:\/\/printwave.pl\/fr\/wp-json\/wp\/v2\/product_tag?post=526705"}],"curies":[{"name":"wp","href":"https:\/\/api.w.org\/{rel}","templated":true}]}}