{"id":525933,"date":"2025-01-26T05:26:08","date_gmt":"2025-01-26T04:26:08","guid":{"rendered":"https:\/\/printwave.pl\/fr\/produkt\/regular-fit-1-4-zip-sweatshirt\/"},"modified":"2026-02-13T16:11:11","modified_gmt":"2026-02-13T15:11:11","slug":"regular-fit-1-4-zip-sweatshirt","status":"publish","type":"product","link":"https:\/\/printwave.pl\/fr\/produkt\/regular-fit-1-4-zip-sweatshirt\/","title":{"rendered":"Regular Fit 1\/4 Zip Sweatshirt<P \/>"},"content":{"rendered":"<p>\u00b7280 g\/m\u00b2<br \/>\n\u00b780% coton, 20% polyester<br \/>\n\u00b7Col cadet double \u00e9paisseur avec fermeture \u00e0 glissi\u00e8re 1\/4 recouverte<br \/>\n\u00b7Bande de propret\u00e9 dans le cou<br \/>\n\u00b7\u00c9paules et emmanchures \u00e0 double surpiq\u00fbre<br \/>\n\u00b7Poignets et taille d\u00e9chir\u00e9s pour r\u00e9cup\u00e9rer la forme<br \/>\n\u00b7Etiquette d\u00e9tachable<\/p>\n","protected":false},"excerpt":{"rendered":"<p>\u00b7280 g\/m\u00b2 \u00b780% coton, 20% polyester \u00b7Col cadet double \u00e9paisseur avec fermeture \u00e0 glissi\u00e8re 1\/4 recouverte \u00b7Bande de propret\u00e9 dans<\/p>\n","protected":false},"featured_media":525932,"comment_status":"open","ping_status":"closed","template":"","meta":[],"product_brand":[],"product_cat":[1503],"product_tag":[],"class_list":{"0":"post-525933","1":"product","2":"type-product","3":"status-publish","4":"has-post-thumbnail","6":"product_cat-sweats","7":"pa_couleur-black","8":"pa_couleur-dark-grey","9":"pa_couleur-navy","10":"pa_groupe-de-produits-quarter-half-zip","11":"pa_groupe-de-produits-sweatshirts","12":"pa_manche-manches-longues","13":"pa_marque-kustom-kit","14":"pa_numero-de-style-4594","15":"pa_poids-a-partir-de-220-g-m","16":"pa_sexe-hommes","17":"pa_taille-2xl","18":"pa_taille-l","19":"pa_taille-m","20":"pa_taille-s","21":"pa_taille-xl","22":"pa_taille-xs","23":"pa_tissu-melange-de-tissu","25":"first","26":"instock","27":"taxable","28":"shipping-taxable","29":"purchasable","30":"product-type-variable"},"yoast_head":"<!-- This site is optimized with the Yoast SEO Premium plugin v20.9 (Yoast SEO v26.3) - https:\/\/yoast.com\/wordpress\/plugins\/seo\/ -->\n<title>Regular Fit 1\/4 Zip Sweatshirt | Printwave FR<\/title>\n<meta name=\"robots\" content=\"index, follow, max-snippet:-1, max-image-preview:large, max-video-preview:-1\" \/>\n<link rel=\"canonical\" href=\"https:\/\/printwave.pl\/fr\/produkt\/regular-fit-1-4-zip-sweatshirt\/\" \/>\n<meta property=\"og:locale\" content=\"fr_FR\" \/>\n<meta property=\"og:type\" content=\"article\" \/>\n<meta property=\"og:title\" content=\"Regular Fit 1\/4 Zip Sweatshirt\" \/>\n<meta property=\"og:description\" content=\"\u00b7280 g\/m\u00b2 \u00b780% coton, 20% polyester \u00b7Col cadet double \u00e9paisseur avec fermeture \u00e0 glissi\u00e8re 1\/4 recouverte \u00b7Bande de propret\u00e9 dans\" \/>\n<meta property=\"og:url\" content=\"https:\/\/printwave.pl\/fr\/produkt\/regular-fit-1-4-zip-sweatshirt\/\" \/>\n<meta property=\"og:site_name\" content=\"Printwave FR\" \/>\n<meta property=\"article:modified_time\" content=\"2026-02-13T15:11:11+00:00\" \/>\n<meta property=\"og:image\" content=\"https:\/\/printwave.pl\/fr\/wp-content\/uploads\/sites\/4\/2021\/07\/Print-Wave-logo-2025.png\" \/>\n\t<meta property=\"og:image:width\" content=\"1645\" \/>\n\t<meta property=\"og:image:height\" content=\"297\" \/>\n\t<meta property=\"og:image:type\" content=\"image\/png\" \/>\n<meta name=\"twitter:card\" content=\"summary_large_image\" \/>\n<script type=\"application\/ld+json\" class=\"yoast-schema-graph\">{\"@context\":\"https:\/\/schema.org\",\"@graph\":[{\"@type\":\"WebPage\",\"@id\":\"https:\/\/printwave.pl\/fr\/produkt\/regular-fit-1-4-zip-sweatshirt\/\",\"url\":\"https:\/\/printwave.pl\/fr\/produkt\/regular-fit-1-4-zip-sweatshirt\/\",\"name\":\"Regular Fit 1\/4 Zip Sweatshirt | Printwave FR\",\"isPartOf\":{\"@id\":\"https:\/\/printwave.pl\/fr\/#website\"},\"primaryImageOfPage\":{\"@id\":\"https:\/\/printwave.pl\/fr\/produkt\/regular-fit-1-4-zip-sweatshirt\/#primaryimage\"},\"image\":{\"@id\":\"https:\/\/printwave.pl\/fr\/produkt\/regular-fit-1-4-zip-sweatshirt\/#primaryimage\"},\"thumbnailUrl\":\"https:\/\/printwave.pl\/fr\/wp-content\/uploads\/sites\/4\/2025\/01\/211_11_200_m-2024_01.jpg\",\"datePublished\":\"2025-01-26T04:26:08+00:00\",\"dateModified\":\"2026-02-13T15:11:11+00:00\",\"breadcrumb\":{\"@id\":\"https:\/\/printwave.pl\/fr\/produkt\/regular-fit-1-4-zip-sweatshirt\/#breadcrumb\"},\"inLanguage\":\"fr-FR\",\"potentialAction\":[{\"@type\":\"ReadAction\",\"target\":[\"https:\/\/printwave.pl\/fr\/produkt\/regular-fit-1-4-zip-sweatshirt\/\"]}]},{\"@type\":\"ImageObject\",\"inLanguage\":\"fr-FR\",\"@id\":\"https:\/\/printwave.pl\/fr\/produkt\/regular-fit-1-4-zip-sweatshirt\/#primaryimage\",\"url\":\"https:\/\/printwave.pl\/fr\/wp-content\/uploads\/sites\/4\/2025\/01\/211_11_200_m-2024_01.jpg\",\"contentUrl\":\"https:\/\/printwave.pl\/fr\/wp-content\/uploads\/sites\/4\/2025\/01\/211_11_200_m-2024_01.jpg\",\"width\":1024,\"height\":1304},{\"@type\":\"BreadcrumbList\",\"@id\":\"https:\/\/printwave.pl\/fr\/produkt\/regular-fit-1-4-zip-sweatshirt\/#breadcrumb\",\"itemListElement\":[{\"@type\":\"ListItem\",\"position\":1,\"name\":\"Accueil\",\"item\":\"https:\/\/printwave.pl\/fr\/\"},{\"@type\":\"ListItem\",\"position\":2,\"name\":\"Boutique\",\"item\":\"https:\/\/printwave.pl\/fr\/boutique\/\"},{\"@type\":\"ListItem\",\"position\":3,\"name\":\"Regular Fit 1\/4 Zip Sweatshirt\"}]},{\"@type\":\"WebSite\",\"@id\":\"https:\/\/printwave.pl\/fr\/#website\",\"url\":\"https:\/\/printwave.pl\/fr\/\",\"name\":\"Printwave\",\"description\":\"Votre fournisseur de v\u00eatements promotionnels et d&#039;entreprise en Pologne\",\"potentialAction\":[{\"@type\":\"SearchAction\",\"target\":{\"@type\":\"EntryPoint\",\"urlTemplate\":\"https:\/\/printwave.pl\/fr\/?s={search_term_string}\"},\"query-input\":{\"@type\":\"PropertyValueSpecification\",\"valueRequired\":true,\"valueName\":\"search_term_string\"}}],\"inLanguage\":\"fr-FR\"}]}<\/script>\n<!-- \/ Yoast SEO Premium plugin. -->","yoast_head_json":{"title":"Regular Fit 1\/4 Zip Sweatshirt | Printwave FR","robots":{"index":"index","follow":"follow","max-snippet":"max-snippet:-1","max-image-preview":"max-image-preview:large","max-video-preview":"max-video-preview:-1"},"canonical":"https:\/\/printwave.pl\/fr\/produkt\/regular-fit-1-4-zip-sweatshirt\/","og_locale":"fr_FR","og_type":"article","og_title":"Regular Fit 1\/4 Zip Sweatshirt","og_description":"\u00b7280 g\/m\u00b2 \u00b780% coton, 20% polyester \u00b7Col cadet double \u00e9paisseur avec fermeture \u00e0 glissi\u00e8re 1\/4 recouverte \u00b7Bande de propret\u00e9 dans","og_url":"https:\/\/printwave.pl\/fr\/produkt\/regular-fit-1-4-zip-sweatshirt\/","og_site_name":"Printwave FR","article_modified_time":"2026-02-13T15:11:11+00:00","og_image":[{"width":1645,"height":297,"url":"https:\/\/printwave.pl\/fr\/wp-content\/uploads\/sites\/4\/2021\/07\/Print-Wave-logo-2025.png","type":"image\/png"}],"twitter_card":"summary_large_image","schema":{"@context":"https:\/\/schema.org","@graph":[{"@type":"WebPage","@id":"https:\/\/printwave.pl\/fr\/produkt\/regular-fit-1-4-zip-sweatshirt\/","url":"https:\/\/printwave.pl\/fr\/produkt\/regular-fit-1-4-zip-sweatshirt\/","name":"Regular Fit 1\/4 Zip Sweatshirt | Printwave FR","isPartOf":{"@id":"https:\/\/printwave.pl\/fr\/#website"},"primaryImageOfPage":{"@id":"https:\/\/printwave.pl\/fr\/produkt\/regular-fit-1-4-zip-sweatshirt\/#primaryimage"},"image":{"@id":"https:\/\/printwave.pl\/fr\/produkt\/regular-fit-1-4-zip-sweatshirt\/#primaryimage"},"thumbnailUrl":"https:\/\/printwave.pl\/fr\/wp-content\/uploads\/sites\/4\/2025\/01\/211_11_200_m-2024_01.jpg","datePublished":"2025-01-26T04:26:08+00:00","dateModified":"2026-02-13T15:11:11+00:00","breadcrumb":{"@id":"https:\/\/printwave.pl\/fr\/produkt\/regular-fit-1-4-zip-sweatshirt\/#breadcrumb"},"inLanguage":"fr-FR","potentialAction":[{"@type":"ReadAction","target":["https:\/\/printwave.pl\/fr\/produkt\/regular-fit-1-4-zip-sweatshirt\/"]}]},{"@type":"ImageObject","inLanguage":"fr-FR","@id":"https:\/\/printwave.pl\/fr\/produkt\/regular-fit-1-4-zip-sweatshirt\/#primaryimage","url":"https:\/\/printwave.pl\/fr\/wp-content\/uploads\/sites\/4\/2025\/01\/211_11_200_m-2024_01.jpg","contentUrl":"https:\/\/printwave.pl\/fr\/wp-content\/uploads\/sites\/4\/2025\/01\/211_11_200_m-2024_01.jpg","width":1024,"height":1304},{"@type":"BreadcrumbList","@id":"https:\/\/printwave.pl\/fr\/produkt\/regular-fit-1-4-zip-sweatshirt\/#breadcrumb","itemListElement":[{"@type":"ListItem","position":1,"name":"Accueil","item":"https:\/\/printwave.pl\/fr\/"},{"@type":"ListItem","position":2,"name":"Boutique","item":"https:\/\/printwave.pl\/fr\/boutique\/"},{"@type":"ListItem","position":3,"name":"Regular Fit 1\/4 Zip Sweatshirt"}]},{"@type":"WebSite","@id":"https:\/\/printwave.pl\/fr\/#website","url":"https:\/\/printwave.pl\/fr\/","name":"Printwave","description":"Votre fournisseur de v\u00eatements promotionnels et d&#039;entreprise en Pologne","potentialAction":[{"@type":"SearchAction","target":{"@type":"EntryPoint","urlTemplate":"https:\/\/printwave.pl\/fr\/?s={search_term_string}"},"query-input":{"@type":"PropertyValueSpecification","valueRequired":true,"valueName":"search_term_string"}}],"inLanguage":"fr-FR"}]}},"_links":{"self":[{"href":"https:\/\/printwave.pl\/fr\/wp-json\/wp\/v2\/product\/525933","targetHints":{"allow":["GET"]}}],"collection":[{"href":"https:\/\/printwave.pl\/fr\/wp-json\/wp\/v2\/product"}],"about":[{"href":"https:\/\/printwave.pl\/fr\/wp-json\/wp\/v2\/types\/product"}],"replies":[{"embeddable":true,"href":"https:\/\/printwave.pl\/fr\/wp-json\/wp\/v2\/comments?post=525933"}],"wp:featuredmedia":[{"embeddable":true,"href":"https:\/\/printwave.pl\/fr\/wp-json\/wp\/v2\/media\/525932"}],"wp:attachment":[{"href":"https:\/\/printwave.pl\/fr\/wp-json\/wp\/v2\/media?parent=525933"}],"wp:term":[{"taxonomy":"product_brand","embeddable":true,"href":"https:\/\/printwave.pl\/fr\/wp-json\/wp\/v2\/product_brand?post=525933"},{"taxonomy":"product_cat","embeddable":true,"href":"https:\/\/printwave.pl\/fr\/wp-json\/wp\/v2\/product_cat?post=525933"},{"taxonomy":"product_tag","embeddable":true,"href":"https:\/\/printwave.pl\/fr\/wp-json\/wp\/v2\/product_tag?post=525933"}],"curies":[{"name":"wp","href":"https:\/\/api.w.org\/{rel}","templated":true}]}}