{"id":525138,"date":"2025-01-26T05:00:49","date_gmt":"2025-01-26T04:00:49","guid":{"rendered":"https:\/\/printwave.pl\/fr\/produkt\/originals-hooded-sweat-men\/"},"modified":"2026-02-13T16:07:14","modified_gmt":"2026-02-13T15:07:14","slug":"originals-hooded-sweat-men","status":"publish","type":"product","link":"https:\/\/printwave.pl\/fr\/produkt\/originals-hooded-sweat-men\/","title":{"rendered":"Originals Hooded Sweat Men"},"content":{"rendered":"<p>\u00b7280 g\/m\u00b2<br \/>\n\u00b780% coton, ringspun et peign\u00e9, 20% polyester (recycl\u00e9)<br \/>\n\u00b7Light Oxford :70% coton, 30% polyester (recycl\u00e9)<br \/>\n\u00b7Surface ext\u00e9rieure 100% coton pour une meilleure imprimabilit\u00e9<br \/>\n\u00b7Toucher sensation peau de p\u00eache<br \/>\n\u00b7Tissu \u00e0 faible r\u00e9tr\u00e9cissement (3 fils)<br \/>\n\u00b7Int\u00e9rieur bross\u00e9 et anti-boulochage<br \/>\n\u00b7Capuche \u00e0 2 panneaux avec doublure en jersey simple<br \/>\n\u00b7Oeillets cousus avec boutonni\u00e8re et extr\u00e9mit\u00e9s des cordons de serrage pli\u00e9es et cousues<br \/>\n\u00b7Bande de propret\u00e9<br \/>\n\u00b7Ourlet inf\u00e9rieur et poignets en bord c\u00f4te<br \/>\n\u00b7Renforts sur l&rsquo;ouverture de la poche sup\u00e9rieure et inf\u00e9rieure pour une meilleure r\u00e9sistance<br \/>\n\u00b7Manches set-in<br \/>\n\u00b7Coutures lat\u00e9rales<br \/>\n\u00b7Empi\u00e8cement arri\u00e8re en demi-lune pour le marquage de l&rsquo;int\u00e9rieur du cou<br \/>\n\u00b7Sans \u00e9tiquette (\u00e9tiquette de taille d\u00e9centr\u00e9e dans le cou pour le rebranding)<\/p>\n","protected":false},"excerpt":{"rendered":"<p>\u00b7280 g\/m\u00b2 \u00b780% coton, ringspun et peign\u00e9, 20% polyester (recycl\u00e9) \u00b7Light Oxford :70% coton, 30% polyester (recycl\u00e9) \u00b7Surface ext\u00e9rieure 100%<\/p>\n","protected":false},"featured_media":525126,"comment_status":"open","ping_status":"closed","template":"","meta":[],"product_brand":[],"product_cat":[2597,1862],"product_tag":[],"class_list":{"0":"post-525138","1":"product","2":"type-product","3":"status-publish","4":"has-post-thumbnail","6":"product_cat-nouveautes-2025","7":"product_cat-sweats-a-capuche","8":"pa_couleur-ash-grey","9":"pa_couleur-bottle-green","10":"pa_couleur-burgundy","11":"pa_couleur-dark-black","12":"pa_couleur-grey","13":"pa_couleur-light-oxford","14":"pa_couleur-navy","15":"pa_couleur-pink","16":"pa_couleur-red","17":"pa_couleur-royal-blue","18":"pa_couleur-sky","19":"pa_couleur-snowwhite","20":"pa_details-avec-capuche","21":"pa_details-coutures-laterales","22":"pa_details-facile-a-relabelliser","23":"pa_details-set-in","24":"pa_eco-recycle","25":"pa_groupe-de-produits-4xl-et-plus","26":"pa_groupe-de-produits-avec-capuche","27":"pa_groupe-de-produits-sweatshirts","28":"pa_manche-manches-longues","29":"pa_marque-sg-originals","30":"pa_numero-de-style-4586","31":"pa_poids-a-partir-de-220-g-m","32":"pa_sexe-hommes","33":"pa_taille-2xl","34":"pa_taille-3xl","35":"pa_taille-4xl","36":"pa_taille-5xl","37":"pa_taille-l","38":"pa_taille-m","39":"pa_taille-s","40":"pa_taille-xl","41":"pa_tissu-melange-de-tissu","43":"first","44":"instock","45":"taxable","46":"shipping-taxable","47":"purchasable","48":"product-type-variable"},"yoast_head":"<!-- This site is optimized with the Yoast SEO Premium plugin v20.9 (Yoast SEO v26.3) - https:\/\/yoast.com\/wordpress\/plugins\/seo\/ -->\n<title>Originals Hooded Sweat Men | Printwave FR<\/title>\n<meta name=\"robots\" content=\"index, follow, max-snippet:-1, max-image-preview:large, max-video-preview:-1\" \/>\n<link rel=\"canonical\" href=\"https:\/\/printwave.pl\/fr\/produkt\/originals-hooded-sweat-men\/\" \/>\n<meta property=\"og:locale\" content=\"fr_FR\" \/>\n<meta property=\"og:type\" content=\"article\" \/>\n<meta property=\"og:title\" content=\"Originals Hooded Sweat Men\" \/>\n<meta property=\"og:description\" content=\"\u00b7280 g\/m\u00b2 \u00b780% coton, ringspun et peign\u00e9, 20% polyester (recycl\u00e9) \u00b7Light Oxford :70% coton, 30% polyester (recycl\u00e9) \u00b7Surface ext\u00e9rieure 100%\" \/>\n<meta property=\"og:url\" content=\"https:\/\/printwave.pl\/fr\/produkt\/originals-hooded-sweat-men\/\" \/>\n<meta property=\"og:site_name\" content=\"Printwave FR\" \/>\n<meta property=\"article:modified_time\" content=\"2026-02-13T15:07:14+00:00\" \/>\n<meta property=\"og:image\" content=\"https:\/\/printwave.pl\/fr\/wp-content\/uploads\/sites\/4\/2025\/01\/212_52_104_m-2024_03.jpg\" \/>\n\t<meta property=\"og:image:width\" content=\"1024\" \/>\n\t<meta property=\"og:image:height\" content=\"1304\" \/>\n\t<meta property=\"og:image:type\" content=\"image\/jpeg\" \/>\n<meta name=\"twitter:card\" content=\"summary_large_image\" \/>\n<meta name=\"twitter:label1\" content=\"Dur\u00e9e de lecture estim\u00e9e\" \/>\n\t<meta name=\"twitter:data1\" content=\"1 minute\" \/>\n<script type=\"application\/ld+json\" class=\"yoast-schema-graph\">{\"@context\":\"https:\/\/schema.org\",\"@graph\":[{\"@type\":\"WebPage\",\"@id\":\"https:\/\/printwave.pl\/fr\/produkt\/originals-hooded-sweat-men\/\",\"url\":\"https:\/\/printwave.pl\/fr\/produkt\/originals-hooded-sweat-men\/\",\"name\":\"Originals Hooded Sweat Men | Printwave FR\",\"isPartOf\":{\"@id\":\"https:\/\/printwave.pl\/fr\/#website\"},\"primaryImageOfPage\":{\"@id\":\"https:\/\/printwave.pl\/fr\/produkt\/originals-hooded-sweat-men\/#primaryimage\"},\"image\":{\"@id\":\"https:\/\/printwave.pl\/fr\/produkt\/originals-hooded-sweat-men\/#primaryimage\"},\"thumbnailUrl\":\"https:\/\/printwave.pl\/fr\/wp-content\/uploads\/sites\/4\/2025\/01\/212_52_104_m-2024_03.jpg\",\"datePublished\":\"2025-01-26T04:00:49+00:00\",\"dateModified\":\"2026-02-13T15:07:14+00:00\",\"breadcrumb\":{\"@id\":\"https:\/\/printwave.pl\/fr\/produkt\/originals-hooded-sweat-men\/#breadcrumb\"},\"inLanguage\":\"fr-FR\",\"potentialAction\":[{\"@type\":\"ReadAction\",\"target\":[\"https:\/\/printwave.pl\/fr\/produkt\/originals-hooded-sweat-men\/\"]}]},{\"@type\":\"ImageObject\",\"inLanguage\":\"fr-FR\",\"@id\":\"https:\/\/printwave.pl\/fr\/produkt\/originals-hooded-sweat-men\/#primaryimage\",\"url\":\"https:\/\/printwave.pl\/fr\/wp-content\/uploads\/sites\/4\/2025\/01\/212_52_104_m-2024_03.jpg\",\"contentUrl\":\"https:\/\/printwave.pl\/fr\/wp-content\/uploads\/sites\/4\/2025\/01\/212_52_104_m-2024_03.jpg\",\"width\":1024,\"height\":1304},{\"@type\":\"BreadcrumbList\",\"@id\":\"https:\/\/printwave.pl\/fr\/produkt\/originals-hooded-sweat-men\/#breadcrumb\",\"itemListElement\":[{\"@type\":\"ListItem\",\"position\":1,\"name\":\"Accueil\",\"item\":\"https:\/\/printwave.pl\/fr\/\"},{\"@type\":\"ListItem\",\"position\":2,\"name\":\"Boutique\",\"item\":\"https:\/\/printwave.pl\/fr\/boutique\/\"},{\"@type\":\"ListItem\",\"position\":3,\"name\":\"Originals Hooded Sweat Men\"}]},{\"@type\":\"WebSite\",\"@id\":\"https:\/\/printwave.pl\/fr\/#website\",\"url\":\"https:\/\/printwave.pl\/fr\/\",\"name\":\"Printwave\",\"description\":\"Votre fournisseur de v\u00eatements promotionnels et d&#039;entreprise en Pologne\",\"potentialAction\":[{\"@type\":\"SearchAction\",\"target\":{\"@type\":\"EntryPoint\",\"urlTemplate\":\"https:\/\/printwave.pl\/fr\/?s={search_term_string}\"},\"query-input\":{\"@type\":\"PropertyValueSpecification\",\"valueRequired\":true,\"valueName\":\"search_term_string\"}}],\"inLanguage\":\"fr-FR\"}]}<\/script>\n<!-- \/ Yoast SEO Premium plugin. -->","yoast_head_json":{"title":"Originals Hooded Sweat Men | Printwave FR","robots":{"index":"index","follow":"follow","max-snippet":"max-snippet:-1","max-image-preview":"max-image-preview:large","max-video-preview":"max-video-preview:-1"},"canonical":"https:\/\/printwave.pl\/fr\/produkt\/originals-hooded-sweat-men\/","og_locale":"fr_FR","og_type":"article","og_title":"Originals Hooded Sweat Men","og_description":"\u00b7280 g\/m\u00b2 \u00b780% coton, ringspun et peign\u00e9, 20% polyester (recycl\u00e9) \u00b7Light Oxford :70% coton, 30% polyester (recycl\u00e9) \u00b7Surface ext\u00e9rieure 100%","og_url":"https:\/\/printwave.pl\/fr\/produkt\/originals-hooded-sweat-men\/","og_site_name":"Printwave FR","article_modified_time":"2026-02-13T15:07:14+00:00","og_image":[{"width":1024,"height":1304,"url":"https:\/\/printwave.pl\/fr\/wp-content\/uploads\/sites\/4\/2025\/01\/212_52_104_m-2024_03.jpg","type":"image\/jpeg"}],"twitter_card":"summary_large_image","twitter_misc":{"Dur\u00e9e de lecture estim\u00e9e":"1 minute"},"schema":{"@context":"https:\/\/schema.org","@graph":[{"@type":"WebPage","@id":"https:\/\/printwave.pl\/fr\/produkt\/originals-hooded-sweat-men\/","url":"https:\/\/printwave.pl\/fr\/produkt\/originals-hooded-sweat-men\/","name":"Originals Hooded Sweat Men | Printwave FR","isPartOf":{"@id":"https:\/\/printwave.pl\/fr\/#website"},"primaryImageOfPage":{"@id":"https:\/\/printwave.pl\/fr\/produkt\/originals-hooded-sweat-men\/#primaryimage"},"image":{"@id":"https:\/\/printwave.pl\/fr\/produkt\/originals-hooded-sweat-men\/#primaryimage"},"thumbnailUrl":"https:\/\/printwave.pl\/fr\/wp-content\/uploads\/sites\/4\/2025\/01\/212_52_104_m-2024_03.jpg","datePublished":"2025-01-26T04:00:49+00:00","dateModified":"2026-02-13T15:07:14+00:00","breadcrumb":{"@id":"https:\/\/printwave.pl\/fr\/produkt\/originals-hooded-sweat-men\/#breadcrumb"},"inLanguage":"fr-FR","potentialAction":[{"@type":"ReadAction","target":["https:\/\/printwave.pl\/fr\/produkt\/originals-hooded-sweat-men\/"]}]},{"@type":"ImageObject","inLanguage":"fr-FR","@id":"https:\/\/printwave.pl\/fr\/produkt\/originals-hooded-sweat-men\/#primaryimage","url":"https:\/\/printwave.pl\/fr\/wp-content\/uploads\/sites\/4\/2025\/01\/212_52_104_m-2024_03.jpg","contentUrl":"https:\/\/printwave.pl\/fr\/wp-content\/uploads\/sites\/4\/2025\/01\/212_52_104_m-2024_03.jpg","width":1024,"height":1304},{"@type":"BreadcrumbList","@id":"https:\/\/printwave.pl\/fr\/produkt\/originals-hooded-sweat-men\/#breadcrumb","itemListElement":[{"@type":"ListItem","position":1,"name":"Accueil","item":"https:\/\/printwave.pl\/fr\/"},{"@type":"ListItem","position":2,"name":"Boutique","item":"https:\/\/printwave.pl\/fr\/boutique\/"},{"@type":"ListItem","position":3,"name":"Originals Hooded Sweat Men"}]},{"@type":"WebSite","@id":"https:\/\/printwave.pl\/fr\/#website","url":"https:\/\/printwave.pl\/fr\/","name":"Printwave","description":"Votre fournisseur de v\u00eatements promotionnels et d&#039;entreprise en Pologne","potentialAction":[{"@type":"SearchAction","target":{"@type":"EntryPoint","urlTemplate":"https:\/\/printwave.pl\/fr\/?s={search_term_string}"},"query-input":{"@type":"PropertyValueSpecification","valueRequired":true,"valueName":"search_term_string"}}],"inLanguage":"fr-FR"}]}},"_links":{"self":[{"href":"https:\/\/printwave.pl\/fr\/wp-json\/wp\/v2\/product\/525138","targetHints":{"allow":["GET"]}}],"collection":[{"href":"https:\/\/printwave.pl\/fr\/wp-json\/wp\/v2\/product"}],"about":[{"href":"https:\/\/printwave.pl\/fr\/wp-json\/wp\/v2\/types\/product"}],"replies":[{"embeddable":true,"href":"https:\/\/printwave.pl\/fr\/wp-json\/wp\/v2\/comments?post=525138"}],"wp:featuredmedia":[{"embeddable":true,"href":"https:\/\/printwave.pl\/fr\/wp-json\/wp\/v2\/media\/525126"}],"wp:attachment":[{"href":"https:\/\/printwave.pl\/fr\/wp-json\/wp\/v2\/media?parent=525138"}],"wp:term":[{"taxonomy":"product_brand","embeddable":true,"href":"https:\/\/printwave.pl\/fr\/wp-json\/wp\/v2\/product_brand?post=525138"},{"taxonomy":"product_cat","embeddable":true,"href":"https:\/\/printwave.pl\/fr\/wp-json\/wp\/v2\/product_cat?post=525138"},{"taxonomy":"product_tag","embeddable":true,"href":"https:\/\/printwave.pl\/fr\/wp-json\/wp\/v2\/product_tag?post=525138"}],"curies":[{"name":"wp","href":"https:\/\/api.w.org\/{rel}","templated":true}]}}