{"id":524359,"date":"2025-01-26T04:36:02","date_gmt":"2025-01-26T03:36:02","guid":{"rendered":"https:\/\/printwave.pl\/fr\/produkt\/full-zip-cardigan\/"},"modified":"2026-02-13T16:02:40","modified_gmt":"2026-02-13T15:02:40","slug":"full-zip-cardigan","status":"publish","type":"product","link":"https:\/\/printwave.pl\/fr\/produkt\/full-zip-cardigan\/","title":{"rendered":"Full Zip Cardigan"},"content":{"rendered":"<p>\u00b7310-320 g\/m\u00b2<br \/>\n\u00b770% coton (ringspun), 30% polyester<br \/>\n\u00b7Bord c\u00f4te au col et \u00e0 la taille<br \/>\n\u00b7Fermeture \u00e0 glissi\u00e8re pleine longueur<br \/>\n\u00b7Deux poches avant zipp\u00e9es<br \/>\n\u00b7Poignets \u00e9lastiques \u00e0 double couture<br \/>\n\u00b7tissu \u00e0 3 fils<br \/>\n\u00b7Bross\u00e9 \u00e0 l&rsquo;int\u00e9rieur<br \/>\n\u00b7Teint\u00e9 deux fois<\/p>\n","protected":false},"excerpt":{"rendered":"<p>\u00b7310-320 g\/m\u00b2 \u00b770% coton (ringspun), 30% polyester \u00b7Bord c\u00f4te au col et \u00e0 la taille \u00b7Fermeture \u00e0 glissi\u00e8re pleine longueur<\/p>\n","protected":false},"featured_media":524357,"comment_status":"open","ping_status":"closed","template":"","meta":[],"product_brand":[],"product_cat":[128,1503],"product_tag":[],"class_list":{"0":"post-524359","1":"product","2":"type-product","3":"status-publish","4":"has-post-thumbnail","6":"product_cat-meilleures-ventes","7":"product_cat-sweats","8":"pa_couleur-black","9":"pa_couleur-dark-grey","10":"pa_couleur-navy","11":"pa_groupe-de-produits-4xl-et-plus","12":"pa_groupe-de-produits-full-zip","13":"pa_groupe-de-produits-sweatshirts","14":"pa_manche-set-in","15":"pa_marque-tee-jays","16":"pa_numero-de-style-4573","17":"pa_poids-a-partir-de-220-g-m","18":"pa_sexe-hommes","19":"pa_taille-2xl","20":"pa_taille-3xl","21":"pa_taille-4xl","22":"pa_taille-5xl","23":"pa_taille-l","24":"pa_taille-m","25":"pa_taille-s","26":"pa_taille-xl","27":"pa_taille-xs","28":"pa_tissu-melange-de-tissu","30":"first","31":"instock","32":"taxable","33":"shipping-taxable","34":"purchasable","35":"product-type-variable"},"yoast_head":"<!-- This site is optimized with the Yoast SEO Premium plugin v20.9 (Yoast SEO v26.3) - https:\/\/yoast.com\/wordpress\/plugins\/seo\/ -->\n<title>Full Zip Cardigan | Printwave FR<\/title>\n<meta name=\"robots\" content=\"index, follow, max-snippet:-1, max-image-preview:large, max-video-preview:-1\" \/>\n<link rel=\"canonical\" href=\"https:\/\/printwave.pl\/fr\/produkt\/full-zip-cardigan\/\" \/>\n<meta property=\"og:locale\" content=\"fr_FR\" \/>\n<meta property=\"og:type\" content=\"article\" \/>\n<meta property=\"og:title\" content=\"Full Zip Cardigan\" \/>\n<meta property=\"og:description\" content=\"\u00b7310-320 g\/m\u00b2 \u00b770% coton (ringspun), 30% polyester \u00b7Bord c\u00f4te au col et \u00e0 la taille \u00b7Fermeture \u00e0 glissi\u00e8re pleine longueur\" \/>\n<meta property=\"og:url\" content=\"https:\/\/printwave.pl\/fr\/produkt\/full-zip-cardigan\/\" \/>\n<meta property=\"og:site_name\" content=\"Printwave FR\" \/>\n<meta property=\"article:modified_time\" content=\"2026-02-13T15:02:40+00:00\" \/>\n<meta property=\"og:image\" content=\"https:\/\/printwave.pl\/fr\/wp-content\/uploads\/sites\/4\/2025\/01\/214_54_128_m-2025_01.jpg\" \/>\n\t<meta property=\"og:image:width\" content=\"1024\" \/>\n\t<meta property=\"og:image:height\" content=\"1304\" \/>\n\t<meta property=\"og:image:type\" content=\"image\/jpeg\" \/>\n<meta name=\"twitter:card\" content=\"summary_large_image\" \/>\n<script type=\"application\/ld+json\" class=\"yoast-schema-graph\">{\"@context\":\"https:\/\/schema.org\",\"@graph\":[{\"@type\":\"WebPage\",\"@id\":\"https:\/\/printwave.pl\/fr\/produkt\/full-zip-cardigan\/\",\"url\":\"https:\/\/printwave.pl\/fr\/produkt\/full-zip-cardigan\/\",\"name\":\"Full Zip Cardigan | Printwave FR\",\"isPartOf\":{\"@id\":\"https:\/\/printwave.pl\/fr\/#website\"},\"primaryImageOfPage\":{\"@id\":\"https:\/\/printwave.pl\/fr\/produkt\/full-zip-cardigan\/#primaryimage\"},\"image\":{\"@id\":\"https:\/\/printwave.pl\/fr\/produkt\/full-zip-cardigan\/#primaryimage\"},\"thumbnailUrl\":\"https:\/\/printwave.pl\/fr\/wp-content\/uploads\/sites\/4\/2025\/01\/214_54_128_m-2025_01.jpg\",\"datePublished\":\"2025-01-26T03:36:02+00:00\",\"dateModified\":\"2026-02-13T15:02:40+00:00\",\"breadcrumb\":{\"@id\":\"https:\/\/printwave.pl\/fr\/produkt\/full-zip-cardigan\/#breadcrumb\"},\"inLanguage\":\"fr-FR\",\"potentialAction\":[{\"@type\":\"ReadAction\",\"target\":[\"https:\/\/printwave.pl\/fr\/produkt\/full-zip-cardigan\/\"]}]},{\"@type\":\"ImageObject\",\"inLanguage\":\"fr-FR\",\"@id\":\"https:\/\/printwave.pl\/fr\/produkt\/full-zip-cardigan\/#primaryimage\",\"url\":\"https:\/\/printwave.pl\/fr\/wp-content\/uploads\/sites\/4\/2025\/01\/214_54_128_m-2025_01.jpg\",\"contentUrl\":\"https:\/\/printwave.pl\/fr\/wp-content\/uploads\/sites\/4\/2025\/01\/214_54_128_m-2025_01.jpg\",\"width\":1024,\"height\":1304},{\"@type\":\"BreadcrumbList\",\"@id\":\"https:\/\/printwave.pl\/fr\/produkt\/full-zip-cardigan\/#breadcrumb\",\"itemListElement\":[{\"@type\":\"ListItem\",\"position\":1,\"name\":\"Accueil\",\"item\":\"https:\/\/printwave.pl\/fr\/\"},{\"@type\":\"ListItem\",\"position\":2,\"name\":\"Boutique\",\"item\":\"https:\/\/printwave.pl\/fr\/boutique\/\"},{\"@type\":\"ListItem\",\"position\":3,\"name\":\"Full Zip Cardigan\"}]},{\"@type\":\"WebSite\",\"@id\":\"https:\/\/printwave.pl\/fr\/#website\",\"url\":\"https:\/\/printwave.pl\/fr\/\",\"name\":\"Printwave\",\"description\":\"Votre fournisseur de v\u00eatements promotionnels et d&#039;entreprise en Pologne\",\"potentialAction\":[{\"@type\":\"SearchAction\",\"target\":{\"@type\":\"EntryPoint\",\"urlTemplate\":\"https:\/\/printwave.pl\/fr\/?s={search_term_string}\"},\"query-input\":{\"@type\":\"PropertyValueSpecification\",\"valueRequired\":true,\"valueName\":\"search_term_string\"}}],\"inLanguage\":\"fr-FR\"}]}<\/script>\n<!-- \/ Yoast SEO Premium plugin. -->","yoast_head_json":{"title":"Full Zip Cardigan | Printwave FR","robots":{"index":"index","follow":"follow","max-snippet":"max-snippet:-1","max-image-preview":"max-image-preview:large","max-video-preview":"max-video-preview:-1"},"canonical":"https:\/\/printwave.pl\/fr\/produkt\/full-zip-cardigan\/","og_locale":"fr_FR","og_type":"article","og_title":"Full Zip Cardigan","og_description":"\u00b7310-320 g\/m\u00b2 \u00b770% coton (ringspun), 30% polyester \u00b7Bord c\u00f4te au col et \u00e0 la taille \u00b7Fermeture \u00e0 glissi\u00e8re pleine longueur","og_url":"https:\/\/printwave.pl\/fr\/produkt\/full-zip-cardigan\/","og_site_name":"Printwave FR","article_modified_time":"2026-02-13T15:02:40+00:00","og_image":[{"width":1024,"height":1304,"url":"https:\/\/printwave.pl\/fr\/wp-content\/uploads\/sites\/4\/2025\/01\/214_54_128_m-2025_01.jpg","type":"image\/jpeg"}],"twitter_card":"summary_large_image","schema":{"@context":"https:\/\/schema.org","@graph":[{"@type":"WebPage","@id":"https:\/\/printwave.pl\/fr\/produkt\/full-zip-cardigan\/","url":"https:\/\/printwave.pl\/fr\/produkt\/full-zip-cardigan\/","name":"Full Zip Cardigan | Printwave FR","isPartOf":{"@id":"https:\/\/printwave.pl\/fr\/#website"},"primaryImageOfPage":{"@id":"https:\/\/printwave.pl\/fr\/produkt\/full-zip-cardigan\/#primaryimage"},"image":{"@id":"https:\/\/printwave.pl\/fr\/produkt\/full-zip-cardigan\/#primaryimage"},"thumbnailUrl":"https:\/\/printwave.pl\/fr\/wp-content\/uploads\/sites\/4\/2025\/01\/214_54_128_m-2025_01.jpg","datePublished":"2025-01-26T03:36:02+00:00","dateModified":"2026-02-13T15:02:40+00:00","breadcrumb":{"@id":"https:\/\/printwave.pl\/fr\/produkt\/full-zip-cardigan\/#breadcrumb"},"inLanguage":"fr-FR","potentialAction":[{"@type":"ReadAction","target":["https:\/\/printwave.pl\/fr\/produkt\/full-zip-cardigan\/"]}]},{"@type":"ImageObject","inLanguage":"fr-FR","@id":"https:\/\/printwave.pl\/fr\/produkt\/full-zip-cardigan\/#primaryimage","url":"https:\/\/printwave.pl\/fr\/wp-content\/uploads\/sites\/4\/2025\/01\/214_54_128_m-2025_01.jpg","contentUrl":"https:\/\/printwave.pl\/fr\/wp-content\/uploads\/sites\/4\/2025\/01\/214_54_128_m-2025_01.jpg","width":1024,"height":1304},{"@type":"BreadcrumbList","@id":"https:\/\/printwave.pl\/fr\/produkt\/full-zip-cardigan\/#breadcrumb","itemListElement":[{"@type":"ListItem","position":1,"name":"Accueil","item":"https:\/\/printwave.pl\/fr\/"},{"@type":"ListItem","position":2,"name":"Boutique","item":"https:\/\/printwave.pl\/fr\/boutique\/"},{"@type":"ListItem","position":3,"name":"Full Zip Cardigan"}]},{"@type":"WebSite","@id":"https:\/\/printwave.pl\/fr\/#website","url":"https:\/\/printwave.pl\/fr\/","name":"Printwave","description":"Votre fournisseur de v\u00eatements promotionnels et d&#039;entreprise en Pologne","potentialAction":[{"@type":"SearchAction","target":{"@type":"EntryPoint","urlTemplate":"https:\/\/printwave.pl\/fr\/?s={search_term_string}"},"query-input":{"@type":"PropertyValueSpecification","valueRequired":true,"valueName":"search_term_string"}}],"inLanguage":"fr-FR"}]}},"_links":{"self":[{"href":"https:\/\/printwave.pl\/fr\/wp-json\/wp\/v2\/product\/524359","targetHints":{"allow":["GET"]}}],"collection":[{"href":"https:\/\/printwave.pl\/fr\/wp-json\/wp\/v2\/product"}],"about":[{"href":"https:\/\/printwave.pl\/fr\/wp-json\/wp\/v2\/types\/product"}],"replies":[{"embeddable":true,"href":"https:\/\/printwave.pl\/fr\/wp-json\/wp\/v2\/comments?post=524359"}],"wp:featuredmedia":[{"embeddable":true,"href":"https:\/\/printwave.pl\/fr\/wp-json\/wp\/v2\/media\/524357"}],"wp:attachment":[{"href":"https:\/\/printwave.pl\/fr\/wp-json\/wp\/v2\/media?parent=524359"}],"wp:term":[{"taxonomy":"product_brand","embeddable":true,"href":"https:\/\/printwave.pl\/fr\/wp-json\/wp\/v2\/product_brand?post=524359"},{"taxonomy":"product_cat","embeddable":true,"href":"https:\/\/printwave.pl\/fr\/wp-json\/wp\/v2\/product_cat?post=524359"},{"taxonomy":"product_tag","embeddable":true,"href":"https:\/\/printwave.pl\/fr\/wp-json\/wp\/v2\/product_tag?post=524359"}],"curies":[{"name":"wp","href":"https:\/\/api.w.org\/{rel}","templated":true}]}}