{"id":520693,"date":"2025-01-26T02:37:25","date_gmt":"2025-01-26T01:37:25","guid":{"rendered":"https:\/\/printwave.pl\/fr\/produkt\/softstyle-midweight-fleece-adult-hoodie\/"},"modified":"2026-02-13T15:46:36","modified_gmt":"2026-02-13T14:46:36","slug":"softstyle-midweight-fleece-adult-hoodie","status":"publish","type":"product","link":"https:\/\/printwave.pl\/fr\/produkt\/softstyle-midweight-fleece-adult-hoodie\/","title":{"rendered":"Softstyle Midweight Fleece Adult Hoodie"},"content":{"rendered":"<p>\u00b7285 g\/m\u00b2 (Blanc : 275 g\/m\u00b2)<br \/>\n\u00b780% coton, ringspun, 20% polyester (Dark Heather: 50% coton, ring spun, 50% polyester \/ Sport Grey: 75% coton, ring spun, 25% polyester)<br \/>\n\u00b7Int\u00e9rieur bross\u00e9 douillet avec la surface ext\u00e9rieure 100% coton<br \/>\n\u00b7Capuche doubl\u00e9e en jersey 2 pi\u00e8ces de couleur assortie<br \/>\n\u00b7\u00c9paules tombantes<br \/>\n\u00b7Poche kangourou<br \/>\n\u00b7C\u00f4te 1&#215;1 avec poignets et bande inf\u00e9rieure en \u00e9lasthanne pour une meilleure \u00e9lasticit\u00e9 et une meilleure r\u00e9cup\u00e9ration de forme<br \/>\n\u00b7Corps tubulaire<br \/>\n\u00b7Etiquette d\u00e9tachable noire haute performance<br \/>\n\u00b7Id\u00e9al pour l&rsquo;impression DTG<br \/>\n\u00b7Coupe classique.<\/p>\n","protected":false},"excerpt":{"rendered":"<p>\u00b7285 g\/m\u00b2 (Blanc : 275 g\/m\u00b2) \u00b780% coton, ringspun, 20% polyester (Dark Heather: 50% coton, ring spun, 50% polyester \/<\/p>\n","protected":false},"featured_media":520690,"comment_status":"open","ping_status":"closed","template":"","meta":[],"product_brand":[],"product_cat":[2597,1862],"product_tag":[],"class_list":{"0":"post-520693","1":"product","2":"type-product","3":"status-publish","4":"has-post-thumbnail","6":"product_cat-nouveautes-2025","7":"product_cat-sweats-a-capuche","8":"pa_couleur-aquatic","9":"pa_couleur-ash-grey","10":"pa_couleur-black","11":"pa_couleur-blue-dusk","12":"pa_couleur-brown-savana","13":"pa_couleur-cardinal-red","14":"pa_couleur-carolina-blue","15":"pa_couleur-cement","16":"pa_couleur-charcoal","17":"pa_couleur-cobalt","18":"pa_couleur-cocoa","19":"pa_couleur-daisy","20":"pa_couleur-dark-heather","21":"pa_couleur-dusty-rose","22":"pa_couleur-forest-green","23":"pa_couleur-light-pink","24":"pa_couleur-maroon","25":"pa_couleur-military-green","26":"pa_couleur-mustard","27":"pa_couleur-navy","28":"pa_couleur-off-white","29":"pa_couleur-paragon","30":"pa_couleur-pink-lemonade","31":"pa_couleur-pistachio","32":"pa_couleur-purple","33":"pa_couleur-red","34":"pa_couleur-royal","35":"pa_couleur-sage","36":"pa_couleur-sand","37":"pa_couleur-sky","38":"pa_couleur-smoke","39":"pa_couleur-sport-grey","40":"pa_couleur-stone-blue","41":"pa_couleur-t-orange","42":"pa_couleur-tangerine","43":"pa_couleur-white","44":"pa_couleur-yellow-haze","45":"pa_details-avec-capuche","46":"pa_details-facile-a-relabelliser","47":"pa_details-set-in","48":"pa_groupe-de-produits-4xl-et-plus","49":"pa_groupe-de-produits-avec-capuche","50":"pa_groupe-de-produits-sweatshirts","51":"pa_manche-manches-longues","52":"pa_marque-gildan","53":"pa_numero-de-style-4536","54":"pa_sexe-unisexe","55":"pa_taille-2xl","56":"pa_taille-3xl","57":"pa_taille-4xl","58":"pa_taille-5xl","59":"pa_taille-l","60":"pa_taille-m","61":"pa_taille-s","62":"pa_taille-xl","63":"pa_tissu-melange-de-tissu","65":"first","66":"instock","67":"taxable","68":"shipping-taxable","69":"purchasable","70":"product-type-variable"},"yoast_head":"<!-- This site is optimized with the Yoast SEO Premium plugin v20.9 (Yoast SEO v26.3) - https:\/\/yoast.com\/wordpress\/plugins\/seo\/ -->\n<title>Softstyle Midweight Fleece Adult Hoodie | Printwave FR<\/title>\n<meta name=\"robots\" content=\"index, follow, max-snippet:-1, max-image-preview:large, max-video-preview:-1\" \/>\n<link rel=\"canonical\" href=\"https:\/\/printwave.pl\/fr\/produkt\/softstyle-midweight-fleece-adult-hoodie\/\" \/>\n<meta property=\"og:locale\" content=\"fr_FR\" \/>\n<meta property=\"og:type\" content=\"article\" \/>\n<meta property=\"og:title\" content=\"Softstyle Midweight Fleece Adult Hoodie\" \/>\n<meta property=\"og:description\" content=\"\u00b7285 g\/m\u00b2 (Blanc : 275 g\/m\u00b2) \u00b780% coton, ringspun, 20% polyester (Dark Heather: 50% coton, ring spun, 50% polyester \/\" \/>\n<meta property=\"og:url\" content=\"https:\/\/printwave.pl\/fr\/produkt\/softstyle-midweight-fleece-adult-hoodie\/\" \/>\n<meta property=\"og:site_name\" content=\"Printwave FR\" \/>\n<meta property=\"article:modified_time\" content=\"2026-02-13T14:46:36+00:00\" \/>\n<meta property=\"og:image\" content=\"https:\/\/printwave.pl\/fr\/wp-content\/uploads\/sites\/4\/2025\/01\/221_09_125_m-2023_03.jpg\" \/>\n\t<meta property=\"og:image:width\" content=\"1024\" \/>\n\t<meta property=\"og:image:height\" content=\"1304\" \/>\n\t<meta property=\"og:image:type\" content=\"image\/jpeg\" \/>\n<meta name=\"twitter:card\" content=\"summary_large_image\" \/>\n<script type=\"application\/ld+json\" class=\"yoast-schema-graph\">{\"@context\":\"https:\/\/schema.org\",\"@graph\":[{\"@type\":\"WebPage\",\"@id\":\"https:\/\/printwave.pl\/fr\/produkt\/softstyle-midweight-fleece-adult-hoodie\/\",\"url\":\"https:\/\/printwave.pl\/fr\/produkt\/softstyle-midweight-fleece-adult-hoodie\/\",\"name\":\"Softstyle Midweight Fleece Adult Hoodie | Printwave FR\",\"isPartOf\":{\"@id\":\"https:\/\/printwave.pl\/fr\/#website\"},\"primaryImageOfPage\":{\"@id\":\"https:\/\/printwave.pl\/fr\/produkt\/softstyle-midweight-fleece-adult-hoodie\/#primaryimage\"},\"image\":{\"@id\":\"https:\/\/printwave.pl\/fr\/produkt\/softstyle-midweight-fleece-adult-hoodie\/#primaryimage\"},\"thumbnailUrl\":\"https:\/\/printwave.pl\/fr\/wp-content\/uploads\/sites\/4\/2025\/01\/221_09_125_m-2023_03.jpg\",\"datePublished\":\"2025-01-26T01:37:25+00:00\",\"dateModified\":\"2026-02-13T14:46:36+00:00\",\"breadcrumb\":{\"@id\":\"https:\/\/printwave.pl\/fr\/produkt\/softstyle-midweight-fleece-adult-hoodie\/#breadcrumb\"},\"inLanguage\":\"fr-FR\",\"potentialAction\":[{\"@type\":\"ReadAction\",\"target\":[\"https:\/\/printwave.pl\/fr\/produkt\/softstyle-midweight-fleece-adult-hoodie\/\"]}]},{\"@type\":\"ImageObject\",\"inLanguage\":\"fr-FR\",\"@id\":\"https:\/\/printwave.pl\/fr\/produkt\/softstyle-midweight-fleece-adult-hoodie\/#primaryimage\",\"url\":\"https:\/\/printwave.pl\/fr\/wp-content\/uploads\/sites\/4\/2025\/01\/221_09_125_m-2023_03.jpg\",\"contentUrl\":\"https:\/\/printwave.pl\/fr\/wp-content\/uploads\/sites\/4\/2025\/01\/221_09_125_m-2023_03.jpg\",\"width\":1024,\"height\":1304},{\"@type\":\"BreadcrumbList\",\"@id\":\"https:\/\/printwave.pl\/fr\/produkt\/softstyle-midweight-fleece-adult-hoodie\/#breadcrumb\",\"itemListElement\":[{\"@type\":\"ListItem\",\"position\":1,\"name\":\"Accueil\",\"item\":\"https:\/\/printwave.pl\/fr\/\"},{\"@type\":\"ListItem\",\"position\":2,\"name\":\"Boutique\",\"item\":\"https:\/\/printwave.pl\/fr\/boutique\/\"},{\"@type\":\"ListItem\",\"position\":3,\"name\":\"Softstyle Midweight Fleece Adult Hoodie\"}]},{\"@type\":\"WebSite\",\"@id\":\"https:\/\/printwave.pl\/fr\/#website\",\"url\":\"https:\/\/printwave.pl\/fr\/\",\"name\":\"Printwave\",\"description\":\"Votre fournisseur de v\u00eatements promotionnels et d&#039;entreprise en Pologne\",\"potentialAction\":[{\"@type\":\"SearchAction\",\"target\":{\"@type\":\"EntryPoint\",\"urlTemplate\":\"https:\/\/printwave.pl\/fr\/?s={search_term_string}\"},\"query-input\":{\"@type\":\"PropertyValueSpecification\",\"valueRequired\":true,\"valueName\":\"search_term_string\"}}],\"inLanguage\":\"fr-FR\"}]}<\/script>\n<!-- \/ Yoast SEO Premium plugin. -->","yoast_head_json":{"title":"Softstyle Midweight Fleece Adult Hoodie | Printwave FR","robots":{"index":"index","follow":"follow","max-snippet":"max-snippet:-1","max-image-preview":"max-image-preview:large","max-video-preview":"max-video-preview:-1"},"canonical":"https:\/\/printwave.pl\/fr\/produkt\/softstyle-midweight-fleece-adult-hoodie\/","og_locale":"fr_FR","og_type":"article","og_title":"Softstyle Midweight Fleece Adult Hoodie","og_description":"\u00b7285 g\/m\u00b2 (Blanc : 275 g\/m\u00b2) \u00b780% coton, ringspun, 20% polyester (Dark Heather: 50% coton, ring spun, 50% polyester \/","og_url":"https:\/\/printwave.pl\/fr\/produkt\/softstyle-midweight-fleece-adult-hoodie\/","og_site_name":"Printwave FR","article_modified_time":"2026-02-13T14:46:36+00:00","og_image":[{"width":1024,"height":1304,"url":"https:\/\/printwave.pl\/fr\/wp-content\/uploads\/sites\/4\/2025\/01\/221_09_125_m-2023_03.jpg","type":"image\/jpeg"}],"twitter_card":"summary_large_image","schema":{"@context":"https:\/\/schema.org","@graph":[{"@type":"WebPage","@id":"https:\/\/printwave.pl\/fr\/produkt\/softstyle-midweight-fleece-adult-hoodie\/","url":"https:\/\/printwave.pl\/fr\/produkt\/softstyle-midweight-fleece-adult-hoodie\/","name":"Softstyle Midweight Fleece Adult Hoodie | Printwave FR","isPartOf":{"@id":"https:\/\/printwave.pl\/fr\/#website"},"primaryImageOfPage":{"@id":"https:\/\/printwave.pl\/fr\/produkt\/softstyle-midweight-fleece-adult-hoodie\/#primaryimage"},"image":{"@id":"https:\/\/printwave.pl\/fr\/produkt\/softstyle-midweight-fleece-adult-hoodie\/#primaryimage"},"thumbnailUrl":"https:\/\/printwave.pl\/fr\/wp-content\/uploads\/sites\/4\/2025\/01\/221_09_125_m-2023_03.jpg","datePublished":"2025-01-26T01:37:25+00:00","dateModified":"2026-02-13T14:46:36+00:00","breadcrumb":{"@id":"https:\/\/printwave.pl\/fr\/produkt\/softstyle-midweight-fleece-adult-hoodie\/#breadcrumb"},"inLanguage":"fr-FR","potentialAction":[{"@type":"ReadAction","target":["https:\/\/printwave.pl\/fr\/produkt\/softstyle-midweight-fleece-adult-hoodie\/"]}]},{"@type":"ImageObject","inLanguage":"fr-FR","@id":"https:\/\/printwave.pl\/fr\/produkt\/softstyle-midweight-fleece-adult-hoodie\/#primaryimage","url":"https:\/\/printwave.pl\/fr\/wp-content\/uploads\/sites\/4\/2025\/01\/221_09_125_m-2023_03.jpg","contentUrl":"https:\/\/printwave.pl\/fr\/wp-content\/uploads\/sites\/4\/2025\/01\/221_09_125_m-2023_03.jpg","width":1024,"height":1304},{"@type":"BreadcrumbList","@id":"https:\/\/printwave.pl\/fr\/produkt\/softstyle-midweight-fleece-adult-hoodie\/#breadcrumb","itemListElement":[{"@type":"ListItem","position":1,"name":"Accueil","item":"https:\/\/printwave.pl\/fr\/"},{"@type":"ListItem","position":2,"name":"Boutique","item":"https:\/\/printwave.pl\/fr\/boutique\/"},{"@type":"ListItem","position":3,"name":"Softstyle Midweight Fleece Adult Hoodie"}]},{"@type":"WebSite","@id":"https:\/\/printwave.pl\/fr\/#website","url":"https:\/\/printwave.pl\/fr\/","name":"Printwave","description":"Votre fournisseur de v\u00eatements promotionnels et d&#039;entreprise en Pologne","potentialAction":[{"@type":"SearchAction","target":{"@type":"EntryPoint","urlTemplate":"https:\/\/printwave.pl\/fr\/?s={search_term_string}"},"query-input":{"@type":"PropertyValueSpecification","valueRequired":true,"valueName":"search_term_string"}}],"inLanguage":"fr-FR"}]}},"_links":{"self":[{"href":"https:\/\/printwave.pl\/fr\/wp-json\/wp\/v2\/product\/520693","targetHints":{"allow":["GET"]}}],"collection":[{"href":"https:\/\/printwave.pl\/fr\/wp-json\/wp\/v2\/product"}],"about":[{"href":"https:\/\/printwave.pl\/fr\/wp-json\/wp\/v2\/types\/product"}],"replies":[{"embeddable":true,"href":"https:\/\/printwave.pl\/fr\/wp-json\/wp\/v2\/comments?post=520693"}],"wp:featuredmedia":[{"embeddable":true,"href":"https:\/\/printwave.pl\/fr\/wp-json\/wp\/v2\/media\/520690"}],"wp:attachment":[{"href":"https:\/\/printwave.pl\/fr\/wp-json\/wp\/v2\/media?parent=520693"}],"wp:term":[{"taxonomy":"product_brand","embeddable":true,"href":"https:\/\/printwave.pl\/fr\/wp-json\/wp\/v2\/product_brand?post=520693"},{"taxonomy":"product_cat","embeddable":true,"href":"https:\/\/printwave.pl\/fr\/wp-json\/wp\/v2\/product_cat?post=520693"},{"taxonomy":"product_tag","embeddable":true,"href":"https:\/\/printwave.pl\/fr\/wp-json\/wp\/v2\/product_tag?post=520693"}],"curies":[{"name":"wp","href":"https:\/\/api.w.org\/{rel}","templated":true}]}}