{"id":520281,"date":"2025-01-26T02:23:37","date_gmt":"2025-01-26T01:23:37","guid":{"rendered":"https:\/\/printwave.pl\/fr\/produkt\/3-layer-recycled-printable-casual-hooded-softshell\/"},"modified":"2026-02-13T15:44:10","modified_gmt":"2026-02-13T14:44:10","slug":"3-layer-recycled-printable-casual-hooded-softshell","status":"publish","type":"product","link":"https:\/\/printwave.pl\/fr\/produkt\/3-layer-recycled-printable-casual-hooded-softshell\/","title":{"rendered":"3-Layer Recycled Printable Casual Hooded Softshell"},"content":{"rendered":"<p>\u00b7300 g\/m\u00b2<br \/>\n\u00b7100% polyester (recycl\u00e9)<br \/>\n\u00b7Fermeture \u00e0 glissi\u00e8re frontale compl\u00e8te avec rabat-temp\u00eate int\u00e9rieur et prot\u00e8ge-menton<br \/>\n\u00b7Poches poitrine et lat\u00e9rales \u00e0 fermeture zipp\u00e9e<br \/>\n\u00b7Poignet \u00e9lastiqu\u00e9 avec boucle pour le pouce<br \/>\n\u00b7Panneau arri\u00e8re plus long<br \/>\n\u00b7Capuche int\u00e9grale<br \/>\n\u00b7Boucle de suspension<\/p>\n","protected":false},"excerpt":{"rendered":"<p>\u00b7300 g\/m\u00b2 \u00b7100% polyester (recycl\u00e9) \u00b7Fermeture \u00e0 glissi\u00e8re frontale compl\u00e8te avec rabat-temp\u00eate int\u00e9rieur et prot\u00e8ge-menton \u00b7Poches poitrine et lat\u00e9rales \u00e0<\/p>\n","protected":false},"featured_media":520280,"comment_status":"open","ping_status":"closed","template":"","meta":[],"product_brand":[],"product_cat":[2597,114],"product_tag":[],"class_list":{"0":"post-520281","1":"product","2":"type-product","3":"status-publish","4":"has-post-thumbnail","6":"product_cat-nouveautes-2025","7":"product_cat-softshell","8":"pa_couleur-black-black","9":"pa_couleur-navy-navy","10":"pa_couleur-orange-navy","11":"pa_details-avec-capuche","12":"pa_details-fermeture-a-glissiere-complete","13":"pa_details-poche-poitrine","14":"pa_details-poches-de-cote-avec-fermeture-a-glissiere","15":"pa_eco-recycle","16":"pa_groupe-de-produits-4xl-et-plus","17":"pa_groupe-de-produits-avec-capuche","18":"pa_groupe-de-produits-full-zip","19":"pa_groupe-de-produits-imprimable","20":"pa_groupe-de-produits-softshell","21":"pa_groupe-de-produits-vestes","22":"pa_manche-manches-longues","23":"pa_marque-result-genuine-recycled","24":"pa_numero-de-style-4529","25":"pa_poids-a-partir-de-220-g-m","26":"pa_sexe-unisexe","27":"pa_taille-2xl","28":"pa_taille-3xl","29":"pa_taille-4xl","30":"pa_taille-l","31":"pa_taille-m","32":"pa_taille-s","33":"pa_taille-xl","34":"pa_tissu-3-layers","36":"first","37":"instock","38":"taxable","39":"shipping-taxable","40":"purchasable","41":"product-type-variable"},"yoast_head":"<!-- This site is optimized with the Yoast SEO Premium plugin v20.9 (Yoast SEO v26.3) - https:\/\/yoast.com\/wordpress\/plugins\/seo\/ -->\n<title>3-Layer Recycled Printable Casual Hooded Softshell | Printwave FR<\/title>\n<meta name=\"robots\" content=\"index, follow, max-snippet:-1, max-image-preview:large, max-video-preview:-1\" \/>\n<link rel=\"canonical\" href=\"https:\/\/printwave.pl\/fr\/produkt\/3-layer-recycled-printable-casual-hooded-softshell\/\" \/>\n<meta property=\"og:locale\" content=\"fr_FR\" \/>\n<meta property=\"og:type\" content=\"article\" \/>\n<meta property=\"og:title\" content=\"3-Layer Recycled Printable Casual Hooded Softshell\" \/>\n<meta property=\"og:description\" content=\"\u00b7300 g\/m\u00b2 \u00b7100% polyester (recycl\u00e9) \u00b7Fermeture \u00e0 glissi\u00e8re frontale compl\u00e8te avec rabat-temp\u00eate int\u00e9rieur et prot\u00e8ge-menton \u00b7Poches poitrine et lat\u00e9rales \u00e0\" \/>\n<meta property=\"og:url\" content=\"https:\/\/printwave.pl\/fr\/produkt\/3-layer-recycled-printable-casual-hooded-softshell\/\" \/>\n<meta property=\"og:site_name\" content=\"Printwave FR\" \/>\n<meta property=\"article:modified_time\" content=\"2026-02-13T14:44:10+00:00\" \/>\n<meta property=\"og:image\" content=\"https:\/\/printwave.pl\/fr\/wp-content\/uploads\/sites\/4\/2021\/07\/Print-Wave-logo-2025.png\" \/>\n\t<meta property=\"og:image:width\" content=\"1645\" \/>\n\t<meta property=\"og:image:height\" content=\"297\" \/>\n\t<meta property=\"og:image:type\" content=\"image\/png\" \/>\n<meta name=\"twitter:card\" content=\"summary_large_image\" \/>\n<script type=\"application\/ld+json\" class=\"yoast-schema-graph\">{\"@context\":\"https:\/\/schema.org\",\"@graph\":[{\"@type\":\"WebPage\",\"@id\":\"https:\/\/printwave.pl\/fr\/produkt\/3-layer-recycled-printable-casual-hooded-softshell\/\",\"url\":\"https:\/\/printwave.pl\/fr\/produkt\/3-layer-recycled-printable-casual-hooded-softshell\/\",\"name\":\"3-Layer Recycled Printable Casual Hooded Softshell | Printwave FR\",\"isPartOf\":{\"@id\":\"https:\/\/printwave.pl\/fr\/#website\"},\"primaryImageOfPage\":{\"@id\":\"https:\/\/printwave.pl\/fr\/produkt\/3-layer-recycled-printable-casual-hooded-softshell\/#primaryimage\"},\"image\":{\"@id\":\"https:\/\/printwave.pl\/fr\/produkt\/3-layer-recycled-printable-casual-hooded-softshell\/#primaryimage\"},\"thumbnailUrl\":\"https:\/\/printwave.pl\/fr\/wp-content\/uploads\/sites\/4\/2025\/01\/222_33_465_m-2024_01.jpg\",\"datePublished\":\"2025-01-26T01:23:37+00:00\",\"dateModified\":\"2026-02-13T14:44:10+00:00\",\"breadcrumb\":{\"@id\":\"https:\/\/printwave.pl\/fr\/produkt\/3-layer-recycled-printable-casual-hooded-softshell\/#breadcrumb\"},\"inLanguage\":\"fr-FR\",\"potentialAction\":[{\"@type\":\"ReadAction\",\"target\":[\"https:\/\/printwave.pl\/fr\/produkt\/3-layer-recycled-printable-casual-hooded-softshell\/\"]}]},{\"@type\":\"ImageObject\",\"inLanguage\":\"fr-FR\",\"@id\":\"https:\/\/printwave.pl\/fr\/produkt\/3-layer-recycled-printable-casual-hooded-softshell\/#primaryimage\",\"url\":\"https:\/\/printwave.pl\/fr\/wp-content\/uploads\/sites\/4\/2025\/01\/222_33_465_m-2024_01.jpg\",\"contentUrl\":\"https:\/\/printwave.pl\/fr\/wp-content\/uploads\/sites\/4\/2025\/01\/222_33_465_m-2024_01.jpg\",\"width\":1024,\"height\":1304},{\"@type\":\"BreadcrumbList\",\"@id\":\"https:\/\/printwave.pl\/fr\/produkt\/3-layer-recycled-printable-casual-hooded-softshell\/#breadcrumb\",\"itemListElement\":[{\"@type\":\"ListItem\",\"position\":1,\"name\":\"Accueil\",\"item\":\"https:\/\/printwave.pl\/fr\/\"},{\"@type\":\"ListItem\",\"position\":2,\"name\":\"Boutique\",\"item\":\"https:\/\/printwave.pl\/fr\/boutique\/\"},{\"@type\":\"ListItem\",\"position\":3,\"name\":\"3-Layer Recycled Printable Casual Hooded Softshell\"}]},{\"@type\":\"WebSite\",\"@id\":\"https:\/\/printwave.pl\/fr\/#website\",\"url\":\"https:\/\/printwave.pl\/fr\/\",\"name\":\"Printwave\",\"description\":\"Votre fournisseur de v\u00eatements promotionnels et d&#039;entreprise en Pologne\",\"potentialAction\":[{\"@type\":\"SearchAction\",\"target\":{\"@type\":\"EntryPoint\",\"urlTemplate\":\"https:\/\/printwave.pl\/fr\/?s={search_term_string}\"},\"query-input\":{\"@type\":\"PropertyValueSpecification\",\"valueRequired\":true,\"valueName\":\"search_term_string\"}}],\"inLanguage\":\"fr-FR\"}]}<\/script>\n<!-- \/ Yoast SEO Premium plugin. -->","yoast_head_json":{"title":"3-Layer Recycled Printable Casual Hooded Softshell | Printwave FR","robots":{"index":"index","follow":"follow","max-snippet":"max-snippet:-1","max-image-preview":"max-image-preview:large","max-video-preview":"max-video-preview:-1"},"canonical":"https:\/\/printwave.pl\/fr\/produkt\/3-layer-recycled-printable-casual-hooded-softshell\/","og_locale":"fr_FR","og_type":"article","og_title":"3-Layer Recycled Printable Casual Hooded Softshell","og_description":"\u00b7300 g\/m\u00b2 \u00b7100% polyester (recycl\u00e9) \u00b7Fermeture \u00e0 glissi\u00e8re frontale compl\u00e8te avec rabat-temp\u00eate int\u00e9rieur et prot\u00e8ge-menton \u00b7Poches poitrine et lat\u00e9rales \u00e0","og_url":"https:\/\/printwave.pl\/fr\/produkt\/3-layer-recycled-printable-casual-hooded-softshell\/","og_site_name":"Printwave FR","article_modified_time":"2026-02-13T14:44:10+00:00","og_image":[{"width":1645,"height":297,"url":"https:\/\/printwave.pl\/fr\/wp-content\/uploads\/sites\/4\/2021\/07\/Print-Wave-logo-2025.png","type":"image\/png"}],"twitter_card":"summary_large_image","schema":{"@context":"https:\/\/schema.org","@graph":[{"@type":"WebPage","@id":"https:\/\/printwave.pl\/fr\/produkt\/3-layer-recycled-printable-casual-hooded-softshell\/","url":"https:\/\/printwave.pl\/fr\/produkt\/3-layer-recycled-printable-casual-hooded-softshell\/","name":"3-Layer Recycled Printable Casual Hooded Softshell | Printwave FR","isPartOf":{"@id":"https:\/\/printwave.pl\/fr\/#website"},"primaryImageOfPage":{"@id":"https:\/\/printwave.pl\/fr\/produkt\/3-layer-recycled-printable-casual-hooded-softshell\/#primaryimage"},"image":{"@id":"https:\/\/printwave.pl\/fr\/produkt\/3-layer-recycled-printable-casual-hooded-softshell\/#primaryimage"},"thumbnailUrl":"https:\/\/printwave.pl\/fr\/wp-content\/uploads\/sites\/4\/2025\/01\/222_33_465_m-2024_01.jpg","datePublished":"2025-01-26T01:23:37+00:00","dateModified":"2026-02-13T14:44:10+00:00","breadcrumb":{"@id":"https:\/\/printwave.pl\/fr\/produkt\/3-layer-recycled-printable-casual-hooded-softshell\/#breadcrumb"},"inLanguage":"fr-FR","potentialAction":[{"@type":"ReadAction","target":["https:\/\/printwave.pl\/fr\/produkt\/3-layer-recycled-printable-casual-hooded-softshell\/"]}]},{"@type":"ImageObject","inLanguage":"fr-FR","@id":"https:\/\/printwave.pl\/fr\/produkt\/3-layer-recycled-printable-casual-hooded-softshell\/#primaryimage","url":"https:\/\/printwave.pl\/fr\/wp-content\/uploads\/sites\/4\/2025\/01\/222_33_465_m-2024_01.jpg","contentUrl":"https:\/\/printwave.pl\/fr\/wp-content\/uploads\/sites\/4\/2025\/01\/222_33_465_m-2024_01.jpg","width":1024,"height":1304},{"@type":"BreadcrumbList","@id":"https:\/\/printwave.pl\/fr\/produkt\/3-layer-recycled-printable-casual-hooded-softshell\/#breadcrumb","itemListElement":[{"@type":"ListItem","position":1,"name":"Accueil","item":"https:\/\/printwave.pl\/fr\/"},{"@type":"ListItem","position":2,"name":"Boutique","item":"https:\/\/printwave.pl\/fr\/boutique\/"},{"@type":"ListItem","position":3,"name":"3-Layer Recycled Printable Casual Hooded Softshell"}]},{"@type":"WebSite","@id":"https:\/\/printwave.pl\/fr\/#website","url":"https:\/\/printwave.pl\/fr\/","name":"Printwave","description":"Votre fournisseur de v\u00eatements promotionnels et d&#039;entreprise en Pologne","potentialAction":[{"@type":"SearchAction","target":{"@type":"EntryPoint","urlTemplate":"https:\/\/printwave.pl\/fr\/?s={search_term_string}"},"query-input":{"@type":"PropertyValueSpecification","valueRequired":true,"valueName":"search_term_string"}}],"inLanguage":"fr-FR"}]}},"_links":{"self":[{"href":"https:\/\/printwave.pl\/fr\/wp-json\/wp\/v2\/product\/520281","targetHints":{"allow":["GET"]}}],"collection":[{"href":"https:\/\/printwave.pl\/fr\/wp-json\/wp\/v2\/product"}],"about":[{"href":"https:\/\/printwave.pl\/fr\/wp-json\/wp\/v2\/types\/product"}],"replies":[{"embeddable":true,"href":"https:\/\/printwave.pl\/fr\/wp-json\/wp\/v2\/comments?post=520281"}],"wp:featuredmedia":[{"embeddable":true,"href":"https:\/\/printwave.pl\/fr\/wp-json\/wp\/v2\/media\/520280"}],"wp:attachment":[{"href":"https:\/\/printwave.pl\/fr\/wp-json\/wp\/v2\/media?parent=520281"}],"wp:term":[{"taxonomy":"product_brand","embeddable":true,"href":"https:\/\/printwave.pl\/fr\/wp-json\/wp\/v2\/product_brand?post=520281"},{"taxonomy":"product_cat","embeddable":true,"href":"https:\/\/printwave.pl\/fr\/wp-json\/wp\/v2\/product_cat?post=520281"},{"taxonomy":"product_tag","embeddable":true,"href":"https:\/\/printwave.pl\/fr\/wp-json\/wp\/v2\/product_tag?post=520281"}],"curies":[{"name":"wp","href":"https:\/\/api.w.org\/{rel}","templated":true}]}}