{"id":520043,"date":"2025-01-26T02:15:04","date_gmt":"2025-01-26T01:15:04","guid":{"rendered":"https:\/\/printwave.pl\/fr\/produkt\/prism-pu-waterproof-jacket\/"},"modified":"2026-02-13T15:42:24","modified_gmt":"2026-02-13T14:42:24","slug":"prism-pu-waterproof-jacket","status":"publish","type":"product","link":"https:\/\/printwave.pl\/fr\/produkt\/prism-pu-waterproof-jacket\/","title":{"rendered":"Prism Pu Waterproof Jacket"},"content":{"rendered":"<p>\u00b7200 g\/m\u00b2<br \/>\n\u00b7Ext\u00e9rieur : 100% polyur\u00e9thane ; Dos : 100% polyester (recycl\u00e9)<br \/>\n\u00b7\u00c9tanche 3000 mm<br \/>\n\u00b7Respirant 1000mvp<br \/>\n\u00b7Coupe-vent<br \/>\n\u00b7Col zipp\u00e9 imperm\u00e9able avec prot\u00e8ge-menton et tirette de fermeture \u00e0 glissi\u00e8re<br \/>\n\u00b7Int\u00e9rieur en mesh et fente arri\u00e8re pour la respirabilit\u00e9<br \/>\n\u00b7Dos recycl\u00e9 de couleur noire<br \/>\n\u00b7Tissu doux et souple au toucher<br \/>\n\u00b7Capuche \u00e0 cordon de serrage int\u00e9gr\u00e9<br \/>\n\u00b7Bandes r\u00e9fl\u00e9chissantes pour poignets<br \/>\n\u00b7Poignet \u00e9lastiqu\u00e9<br \/>\n\u00b7Poches zipp\u00e9es<br \/>\n\u00b7Longueur plus grande<\/p>\n","protected":false},"excerpt":{"rendered":"<p>\u00b7200 g\/m\u00b2 \u00b7Ext\u00e9rieur : 100% polyur\u00e9thane ; Dos : 100% polyester (recycl\u00e9) \u00b7\u00c9tanche 3000 mm \u00b7Respirant 1000mvp \u00b7Coupe-vent \u00b7Col zipp\u00e9<\/p>\n","protected":false},"featured_media":520036,"comment_status":"open","ping_status":"closed","template":"","meta":[],"product_brand":[],"product_cat":[2597,43],"product_tag":[],"class_list":{"0":"post-520043","1":"product","2":"type-product","3":"status-publish","4":"has-post-thumbnail","6":"product_cat-nouveautes-2025","7":"product_cat-vetements-de-travail","8":"pa_couleur-black","9":"pa_couleur-navy","10":"pa_details-details-reflechissants","11":"pa_details-fermeture-a-glissiere-complete","12":"pa_details-poches-de-cote-avec-fermeture-a-glissiere","13":"pa_details-vestes-protegeant-du-vent-pluie","14":"pa_eco-recycle","15":"pa_groupe-de-produits-avec-capuche","16":"pa_groupe-de-produits-coupe-vent","17":"pa_groupe-de-produits-full-zip","18":"pa_groupe-de-produits-impermeable","19":"pa_groupe-de-produits-respirant","20":"pa_groupe-de-produits-vestes","21":"pa_manche-manches-longues","22":"pa_marque-result-genuine-recycled","23":"pa_numero-de-style-4524","24":"pa_poids-200-219-g-m","25":"pa_sexe-unisexe","26":"pa_taille-2xl","27":"pa_taille-3xl","28":"pa_taille-4xl","29":"pa_taille-l","30":"pa_taille-m","31":"pa_taille-s","32":"pa_taille-xl","33":"pa_taille-xs","34":"pa_tissu-polyurethane","36":"first","37":"instock","38":"taxable","39":"shipping-taxable","40":"purchasable","41":"product-type-variable"},"yoast_head":"<!-- This site is optimized with the Yoast SEO Premium plugin v20.9 (Yoast SEO v26.3) - https:\/\/yoast.com\/wordpress\/plugins\/seo\/ -->\n<title>Prism Pu Waterproof Jacket | Printwave FR<\/title>\n<meta name=\"robots\" content=\"index, follow, max-snippet:-1, max-image-preview:large, max-video-preview:-1\" \/>\n<link rel=\"canonical\" href=\"https:\/\/printwave.pl\/fr\/produkt\/prism-pu-waterproof-jacket\/\" \/>\n<meta property=\"og:locale\" content=\"fr_FR\" \/>\n<meta property=\"og:type\" content=\"article\" \/>\n<meta property=\"og:title\" content=\"Prism Pu Waterproof Jacket\" \/>\n<meta property=\"og:description\" content=\"\u00b7200 g\/m\u00b2 \u00b7Ext\u00e9rieur : 100% polyur\u00e9thane ; Dos : 100% polyester (recycl\u00e9) \u00b7\u00c9tanche 3000 mm \u00b7Respirant 1000mvp \u00b7Coupe-vent \u00b7Col zipp\u00e9\" \/>\n<meta property=\"og:url\" content=\"https:\/\/printwave.pl\/fr\/produkt\/prism-pu-waterproof-jacket\/\" \/>\n<meta property=\"og:site_name\" content=\"Printwave FR\" \/>\n<meta property=\"article:modified_time\" content=\"2026-02-13T14:42:24+00:00\" \/>\n<meta property=\"og:image\" content=\"https:\/\/printwave.pl\/fr\/wp-content\/uploads\/sites\/4\/2021\/07\/Print-Wave-logo-2025.png\" \/>\n\t<meta property=\"og:image:width\" content=\"1645\" \/>\n\t<meta property=\"og:image:height\" content=\"297\" \/>\n\t<meta property=\"og:image:type\" content=\"image\/png\" \/>\n<meta name=\"twitter:card\" content=\"summary_large_image\" \/>\n<script type=\"application\/ld+json\" class=\"yoast-schema-graph\">{\"@context\":\"https:\/\/schema.org\",\"@graph\":[{\"@type\":\"WebPage\",\"@id\":\"https:\/\/printwave.pl\/fr\/produkt\/prism-pu-waterproof-jacket\/\",\"url\":\"https:\/\/printwave.pl\/fr\/produkt\/prism-pu-waterproof-jacket\/\",\"name\":\"Prism Pu Waterproof Jacket | Printwave FR\",\"isPartOf\":{\"@id\":\"https:\/\/printwave.pl\/fr\/#website\"},\"primaryImageOfPage\":{\"@id\":\"https:\/\/printwave.pl\/fr\/produkt\/prism-pu-waterproof-jacket\/#primaryimage\"},\"image\":{\"@id\":\"https:\/\/printwave.pl\/fr\/produkt\/prism-pu-waterproof-jacket\/#primaryimage\"},\"thumbnailUrl\":\"https:\/\/printwave.pl\/fr\/wp-content\/uploads\/sites\/4\/2025\/01\/223_33_101_m-2024_03.jpg\",\"datePublished\":\"2025-01-26T01:15:04+00:00\",\"dateModified\":\"2026-02-13T14:42:24+00:00\",\"breadcrumb\":{\"@id\":\"https:\/\/printwave.pl\/fr\/produkt\/prism-pu-waterproof-jacket\/#breadcrumb\"},\"inLanguage\":\"fr-FR\",\"potentialAction\":[{\"@type\":\"ReadAction\",\"target\":[\"https:\/\/printwave.pl\/fr\/produkt\/prism-pu-waterproof-jacket\/\"]}]},{\"@type\":\"ImageObject\",\"inLanguage\":\"fr-FR\",\"@id\":\"https:\/\/printwave.pl\/fr\/produkt\/prism-pu-waterproof-jacket\/#primaryimage\",\"url\":\"https:\/\/printwave.pl\/fr\/wp-content\/uploads\/sites\/4\/2025\/01\/223_33_101_m-2024_03.jpg\",\"contentUrl\":\"https:\/\/printwave.pl\/fr\/wp-content\/uploads\/sites\/4\/2025\/01\/223_33_101_m-2024_03.jpg\",\"width\":1024,\"height\":1304},{\"@type\":\"BreadcrumbList\",\"@id\":\"https:\/\/printwave.pl\/fr\/produkt\/prism-pu-waterproof-jacket\/#breadcrumb\",\"itemListElement\":[{\"@type\":\"ListItem\",\"position\":1,\"name\":\"Accueil\",\"item\":\"https:\/\/printwave.pl\/fr\/\"},{\"@type\":\"ListItem\",\"position\":2,\"name\":\"Boutique\",\"item\":\"https:\/\/printwave.pl\/fr\/boutique\/\"},{\"@type\":\"ListItem\",\"position\":3,\"name\":\"Prism Pu Waterproof Jacket\"}]},{\"@type\":\"WebSite\",\"@id\":\"https:\/\/printwave.pl\/fr\/#website\",\"url\":\"https:\/\/printwave.pl\/fr\/\",\"name\":\"Printwave\",\"description\":\"Votre fournisseur de v\u00eatements promotionnels et d&#039;entreprise en Pologne\",\"potentialAction\":[{\"@type\":\"SearchAction\",\"target\":{\"@type\":\"EntryPoint\",\"urlTemplate\":\"https:\/\/printwave.pl\/fr\/?s={search_term_string}\"},\"query-input\":{\"@type\":\"PropertyValueSpecification\",\"valueRequired\":true,\"valueName\":\"search_term_string\"}}],\"inLanguage\":\"fr-FR\"}]}<\/script>\n<!-- \/ Yoast SEO Premium plugin. -->","yoast_head_json":{"title":"Prism Pu Waterproof Jacket | Printwave FR","robots":{"index":"index","follow":"follow","max-snippet":"max-snippet:-1","max-image-preview":"max-image-preview:large","max-video-preview":"max-video-preview:-1"},"canonical":"https:\/\/printwave.pl\/fr\/produkt\/prism-pu-waterproof-jacket\/","og_locale":"fr_FR","og_type":"article","og_title":"Prism Pu Waterproof Jacket","og_description":"\u00b7200 g\/m\u00b2 \u00b7Ext\u00e9rieur : 100% polyur\u00e9thane ; Dos : 100% polyester (recycl\u00e9) \u00b7\u00c9tanche 3000 mm \u00b7Respirant 1000mvp \u00b7Coupe-vent \u00b7Col zipp\u00e9","og_url":"https:\/\/printwave.pl\/fr\/produkt\/prism-pu-waterproof-jacket\/","og_site_name":"Printwave FR","article_modified_time":"2026-02-13T14:42:24+00:00","og_image":[{"width":1645,"height":297,"url":"https:\/\/printwave.pl\/fr\/wp-content\/uploads\/sites\/4\/2021\/07\/Print-Wave-logo-2025.png","type":"image\/png"}],"twitter_card":"summary_large_image","schema":{"@context":"https:\/\/schema.org","@graph":[{"@type":"WebPage","@id":"https:\/\/printwave.pl\/fr\/produkt\/prism-pu-waterproof-jacket\/","url":"https:\/\/printwave.pl\/fr\/produkt\/prism-pu-waterproof-jacket\/","name":"Prism Pu Waterproof Jacket | Printwave FR","isPartOf":{"@id":"https:\/\/printwave.pl\/fr\/#website"},"primaryImageOfPage":{"@id":"https:\/\/printwave.pl\/fr\/produkt\/prism-pu-waterproof-jacket\/#primaryimage"},"image":{"@id":"https:\/\/printwave.pl\/fr\/produkt\/prism-pu-waterproof-jacket\/#primaryimage"},"thumbnailUrl":"https:\/\/printwave.pl\/fr\/wp-content\/uploads\/sites\/4\/2025\/01\/223_33_101_m-2024_03.jpg","datePublished":"2025-01-26T01:15:04+00:00","dateModified":"2026-02-13T14:42:24+00:00","breadcrumb":{"@id":"https:\/\/printwave.pl\/fr\/produkt\/prism-pu-waterproof-jacket\/#breadcrumb"},"inLanguage":"fr-FR","potentialAction":[{"@type":"ReadAction","target":["https:\/\/printwave.pl\/fr\/produkt\/prism-pu-waterproof-jacket\/"]}]},{"@type":"ImageObject","inLanguage":"fr-FR","@id":"https:\/\/printwave.pl\/fr\/produkt\/prism-pu-waterproof-jacket\/#primaryimage","url":"https:\/\/printwave.pl\/fr\/wp-content\/uploads\/sites\/4\/2025\/01\/223_33_101_m-2024_03.jpg","contentUrl":"https:\/\/printwave.pl\/fr\/wp-content\/uploads\/sites\/4\/2025\/01\/223_33_101_m-2024_03.jpg","width":1024,"height":1304},{"@type":"BreadcrumbList","@id":"https:\/\/printwave.pl\/fr\/produkt\/prism-pu-waterproof-jacket\/#breadcrumb","itemListElement":[{"@type":"ListItem","position":1,"name":"Accueil","item":"https:\/\/printwave.pl\/fr\/"},{"@type":"ListItem","position":2,"name":"Boutique","item":"https:\/\/printwave.pl\/fr\/boutique\/"},{"@type":"ListItem","position":3,"name":"Prism Pu Waterproof Jacket"}]},{"@type":"WebSite","@id":"https:\/\/printwave.pl\/fr\/#website","url":"https:\/\/printwave.pl\/fr\/","name":"Printwave","description":"Votre fournisseur de v\u00eatements promotionnels et d&#039;entreprise en Pologne","potentialAction":[{"@type":"SearchAction","target":{"@type":"EntryPoint","urlTemplate":"https:\/\/printwave.pl\/fr\/?s={search_term_string}"},"query-input":{"@type":"PropertyValueSpecification","valueRequired":true,"valueName":"search_term_string"}}],"inLanguage":"fr-FR"}]}},"_links":{"self":[{"href":"https:\/\/printwave.pl\/fr\/wp-json\/wp\/v2\/product\/520043","targetHints":{"allow":["GET"]}}],"collection":[{"href":"https:\/\/printwave.pl\/fr\/wp-json\/wp\/v2\/product"}],"about":[{"href":"https:\/\/printwave.pl\/fr\/wp-json\/wp\/v2\/types\/product"}],"replies":[{"embeddable":true,"href":"https:\/\/printwave.pl\/fr\/wp-json\/wp\/v2\/comments?post=520043"}],"wp:featuredmedia":[{"embeddable":true,"href":"https:\/\/printwave.pl\/fr\/wp-json\/wp\/v2\/media\/520036"}],"wp:attachment":[{"href":"https:\/\/printwave.pl\/fr\/wp-json\/wp\/v2\/media?parent=520043"}],"wp:term":[{"taxonomy":"product_brand","embeddable":true,"href":"https:\/\/printwave.pl\/fr\/wp-json\/wp\/v2\/product_brand?post=520043"},{"taxonomy":"product_cat","embeddable":true,"href":"https:\/\/printwave.pl\/fr\/wp-json\/wp\/v2\/product_cat?post=520043"},{"taxonomy":"product_tag","embeddable":true,"href":"https:\/\/printwave.pl\/fr\/wp-json\/wp\/v2\/product_tag?post=520043"}],"curies":[{"name":"wp","href":"https:\/\/api.w.org\/{rel}","templated":true}]}}