{"id":519746,"date":"2025-01-26T02:04:58","date_gmt":"2025-01-26T01:04:58","guid":{"rendered":"https:\/\/printwave.pl\/fr\/produkt\/prism-pu-waterproof-trouser\/"},"modified":"2026-02-13T15:40:40","modified_gmt":"2026-02-13T14:40:40","slug":"prism-pu-waterproof-trouser","status":"publish","type":"product","link":"https:\/\/printwave.pl\/fr\/produkt\/prism-pu-waterproof-trouser\/","title":{"rendered":"Prism Pu Waterproof Trouser"},"content":{"rendered":"<p>\u00b7200 g\/m\u00b2<br \/>\n\u00b7Ext\u00e9rieur : 100% polyur\u00e9thane ; Dos : 100% polyester (recycl\u00e9)<br \/>\n\u00b7\u00c9tanche 3000 mm<br \/>\n\u00b7Respirant 1000mvp<br \/>\n\u00b7Coupe-vent<br \/>\n\u00b7Panneaux avant et arri\u00e8re en mesh pour plus de respirabilit\u00e9<br \/>\n\u00b7Dos recycl\u00e9 de couleur noire<br \/>\n\u00b7Coutures soud\u00e9es \u00e9tanches<br \/>\n\u00b7Tissu doux et souple au toucher<br \/>\n\u00b7Bandes r\u00e9fl\u00e9chissantes pour les jambes<br \/>\n\u00b7Chevilles \u00e0 fermeture par boutons-pression<br \/>\n\u00b7Taille \u00e9lastiqu\u00e9e<br \/>\n\u00b7Boucle de suspension<\/p>\n","protected":false},"excerpt":{"rendered":"<p>\u00b7200 g\/m\u00b2 \u00b7Ext\u00e9rieur : 100% polyur\u00e9thane ; Dos : 100% polyester (recycl\u00e9) \u00b7\u00c9tanche 3000 mm \u00b7Respirant 1000mvp \u00b7Coupe-vent \u00b7Panneaux avant<\/p>\n","protected":false},"featured_media":519739,"comment_status":"open","ping_status":"closed","template":"","meta":[],"product_brand":[],"product_cat":[2597,43],"product_tag":[],"class_list":{"0":"post-519746","1":"product","2":"type-product","3":"status-publish","4":"has-post-thumbnail","6":"product_cat-nouveautes-2025","7":"product_cat-vetements-de-travail","8":"pa_couleur-black","9":"pa_couleur-navy","10":"pa_details-details-reflechissants","11":"pa_eco-recycle","12":"pa_groupe-de-produits-coupe-vent","13":"pa_groupe-de-produits-impermeable","14":"pa_groupe-de-produits-pantalons","15":"pa_groupe-de-produits-respirant","16":"pa_groupe-de-produits-vetements-de-travail","17":"pa_marque-result-genuine-recycled","18":"pa_numero-de-style-4519","19":"pa_poids-200-219-g-m","20":"pa_sexe-unisexe","21":"pa_taille-2xl","22":"pa_taille-3xl","23":"pa_taille-l","24":"pa_taille-m","25":"pa_taille-s","26":"pa_taille-xl","27":"pa_tissu-polyurethane","29":"first","30":"instock","31":"taxable","32":"shipping-taxable","33":"purchasable","34":"product-type-variable"},"yoast_head":"<!-- This site is optimized with the Yoast SEO Premium plugin v20.9 (Yoast SEO v26.3) - https:\/\/yoast.com\/wordpress\/plugins\/seo\/ -->\n<title>Prism Pu Waterproof Trouser | Printwave FR<\/title>\n<meta name=\"robots\" content=\"index, follow, max-snippet:-1, max-image-preview:large, max-video-preview:-1\" \/>\n<link rel=\"canonical\" href=\"https:\/\/printwave.pl\/fr\/produkt\/prism-pu-waterproof-trouser\/\" \/>\n<meta property=\"og:locale\" content=\"fr_FR\" \/>\n<meta property=\"og:type\" content=\"article\" \/>\n<meta property=\"og:title\" content=\"Prism Pu Waterproof Trouser\" \/>\n<meta property=\"og:description\" content=\"\u00b7200 g\/m\u00b2 \u00b7Ext\u00e9rieur : 100% polyur\u00e9thane ; Dos : 100% polyester (recycl\u00e9) \u00b7\u00c9tanche 3000 mm \u00b7Respirant 1000mvp \u00b7Coupe-vent \u00b7Panneaux avant\" \/>\n<meta property=\"og:url\" content=\"https:\/\/printwave.pl\/fr\/produkt\/prism-pu-waterproof-trouser\/\" \/>\n<meta property=\"og:site_name\" content=\"Printwave FR\" \/>\n<meta property=\"article:modified_time\" content=\"2026-02-13T14:40:40+00:00\" \/>\n<meta property=\"og:image\" content=\"https:\/\/printwave.pl\/fr\/wp-content\/uploads\/sites\/4\/2021\/07\/Print-Wave-logo-2025.png\" \/>\n\t<meta property=\"og:image:width\" content=\"1645\" \/>\n\t<meta property=\"og:image:height\" content=\"297\" \/>\n\t<meta property=\"og:image:type\" content=\"image\/png\" \/>\n<meta name=\"twitter:card\" content=\"summary_large_image\" \/>\n<script type=\"application\/ld+json\" class=\"yoast-schema-graph\">{\"@context\":\"https:\/\/schema.org\",\"@graph\":[{\"@type\":\"WebPage\",\"@id\":\"https:\/\/printwave.pl\/fr\/produkt\/prism-pu-waterproof-trouser\/\",\"url\":\"https:\/\/printwave.pl\/fr\/produkt\/prism-pu-waterproof-trouser\/\",\"name\":\"Prism Pu Waterproof Trouser | Printwave FR\",\"isPartOf\":{\"@id\":\"https:\/\/printwave.pl\/fr\/#website\"},\"primaryImageOfPage\":{\"@id\":\"https:\/\/printwave.pl\/fr\/produkt\/prism-pu-waterproof-trouser\/#primaryimage\"},\"image\":{\"@id\":\"https:\/\/printwave.pl\/fr\/produkt\/prism-pu-waterproof-trouser\/#primaryimage\"},\"thumbnailUrl\":\"https:\/\/printwave.pl\/fr\/wp-content\/uploads\/sites\/4\/2025\/01\/224_33_101_m-2024_02.jpg\",\"datePublished\":\"2025-01-26T01:04:58+00:00\",\"dateModified\":\"2026-02-13T14:40:40+00:00\",\"breadcrumb\":{\"@id\":\"https:\/\/printwave.pl\/fr\/produkt\/prism-pu-waterproof-trouser\/#breadcrumb\"},\"inLanguage\":\"fr-FR\",\"potentialAction\":[{\"@type\":\"ReadAction\",\"target\":[\"https:\/\/printwave.pl\/fr\/produkt\/prism-pu-waterproof-trouser\/\"]}]},{\"@type\":\"ImageObject\",\"inLanguage\":\"fr-FR\",\"@id\":\"https:\/\/printwave.pl\/fr\/produkt\/prism-pu-waterproof-trouser\/#primaryimage\",\"url\":\"https:\/\/printwave.pl\/fr\/wp-content\/uploads\/sites\/4\/2025\/01\/224_33_101_m-2024_02.jpg\",\"contentUrl\":\"https:\/\/printwave.pl\/fr\/wp-content\/uploads\/sites\/4\/2025\/01\/224_33_101_m-2024_02.jpg\",\"width\":1024,\"height\":1304},{\"@type\":\"BreadcrumbList\",\"@id\":\"https:\/\/printwave.pl\/fr\/produkt\/prism-pu-waterproof-trouser\/#breadcrumb\",\"itemListElement\":[{\"@type\":\"ListItem\",\"position\":1,\"name\":\"Accueil\",\"item\":\"https:\/\/printwave.pl\/fr\/\"},{\"@type\":\"ListItem\",\"position\":2,\"name\":\"Boutique\",\"item\":\"https:\/\/printwave.pl\/fr\/boutique\/\"},{\"@type\":\"ListItem\",\"position\":3,\"name\":\"Prism Pu Waterproof Trouser\"}]},{\"@type\":\"WebSite\",\"@id\":\"https:\/\/printwave.pl\/fr\/#website\",\"url\":\"https:\/\/printwave.pl\/fr\/\",\"name\":\"Printwave\",\"description\":\"Votre fournisseur de v\u00eatements promotionnels et d&#039;entreprise en Pologne\",\"potentialAction\":[{\"@type\":\"SearchAction\",\"target\":{\"@type\":\"EntryPoint\",\"urlTemplate\":\"https:\/\/printwave.pl\/fr\/?s={search_term_string}\"},\"query-input\":{\"@type\":\"PropertyValueSpecification\",\"valueRequired\":true,\"valueName\":\"search_term_string\"}}],\"inLanguage\":\"fr-FR\"}]}<\/script>\n<!-- \/ Yoast SEO Premium plugin. -->","yoast_head_json":{"title":"Prism Pu Waterproof Trouser | Printwave FR","robots":{"index":"index","follow":"follow","max-snippet":"max-snippet:-1","max-image-preview":"max-image-preview:large","max-video-preview":"max-video-preview:-1"},"canonical":"https:\/\/printwave.pl\/fr\/produkt\/prism-pu-waterproof-trouser\/","og_locale":"fr_FR","og_type":"article","og_title":"Prism Pu Waterproof Trouser","og_description":"\u00b7200 g\/m\u00b2 \u00b7Ext\u00e9rieur : 100% polyur\u00e9thane ; Dos : 100% polyester (recycl\u00e9) \u00b7\u00c9tanche 3000 mm \u00b7Respirant 1000mvp \u00b7Coupe-vent \u00b7Panneaux avant","og_url":"https:\/\/printwave.pl\/fr\/produkt\/prism-pu-waterproof-trouser\/","og_site_name":"Printwave FR","article_modified_time":"2026-02-13T14:40:40+00:00","og_image":[{"width":1645,"height":297,"url":"https:\/\/printwave.pl\/fr\/wp-content\/uploads\/sites\/4\/2021\/07\/Print-Wave-logo-2025.png","type":"image\/png"}],"twitter_card":"summary_large_image","schema":{"@context":"https:\/\/schema.org","@graph":[{"@type":"WebPage","@id":"https:\/\/printwave.pl\/fr\/produkt\/prism-pu-waterproof-trouser\/","url":"https:\/\/printwave.pl\/fr\/produkt\/prism-pu-waterproof-trouser\/","name":"Prism Pu Waterproof Trouser | Printwave FR","isPartOf":{"@id":"https:\/\/printwave.pl\/fr\/#website"},"primaryImageOfPage":{"@id":"https:\/\/printwave.pl\/fr\/produkt\/prism-pu-waterproof-trouser\/#primaryimage"},"image":{"@id":"https:\/\/printwave.pl\/fr\/produkt\/prism-pu-waterproof-trouser\/#primaryimage"},"thumbnailUrl":"https:\/\/printwave.pl\/fr\/wp-content\/uploads\/sites\/4\/2025\/01\/224_33_101_m-2024_02.jpg","datePublished":"2025-01-26T01:04:58+00:00","dateModified":"2026-02-13T14:40:40+00:00","breadcrumb":{"@id":"https:\/\/printwave.pl\/fr\/produkt\/prism-pu-waterproof-trouser\/#breadcrumb"},"inLanguage":"fr-FR","potentialAction":[{"@type":"ReadAction","target":["https:\/\/printwave.pl\/fr\/produkt\/prism-pu-waterproof-trouser\/"]}]},{"@type":"ImageObject","inLanguage":"fr-FR","@id":"https:\/\/printwave.pl\/fr\/produkt\/prism-pu-waterproof-trouser\/#primaryimage","url":"https:\/\/printwave.pl\/fr\/wp-content\/uploads\/sites\/4\/2025\/01\/224_33_101_m-2024_02.jpg","contentUrl":"https:\/\/printwave.pl\/fr\/wp-content\/uploads\/sites\/4\/2025\/01\/224_33_101_m-2024_02.jpg","width":1024,"height":1304},{"@type":"BreadcrumbList","@id":"https:\/\/printwave.pl\/fr\/produkt\/prism-pu-waterproof-trouser\/#breadcrumb","itemListElement":[{"@type":"ListItem","position":1,"name":"Accueil","item":"https:\/\/printwave.pl\/fr\/"},{"@type":"ListItem","position":2,"name":"Boutique","item":"https:\/\/printwave.pl\/fr\/boutique\/"},{"@type":"ListItem","position":3,"name":"Prism Pu Waterproof Trouser"}]},{"@type":"WebSite","@id":"https:\/\/printwave.pl\/fr\/#website","url":"https:\/\/printwave.pl\/fr\/","name":"Printwave","description":"Votre fournisseur de v\u00eatements promotionnels et d&#039;entreprise en Pologne","potentialAction":[{"@type":"SearchAction","target":{"@type":"EntryPoint","urlTemplate":"https:\/\/printwave.pl\/fr\/?s={search_term_string}"},"query-input":{"@type":"PropertyValueSpecification","valueRequired":true,"valueName":"search_term_string"}}],"inLanguage":"fr-FR"}]}},"_links":{"self":[{"href":"https:\/\/printwave.pl\/fr\/wp-json\/wp\/v2\/product\/519746","targetHints":{"allow":["GET"]}}],"collection":[{"href":"https:\/\/printwave.pl\/fr\/wp-json\/wp\/v2\/product"}],"about":[{"href":"https:\/\/printwave.pl\/fr\/wp-json\/wp\/v2\/types\/product"}],"replies":[{"embeddable":true,"href":"https:\/\/printwave.pl\/fr\/wp-json\/wp\/v2\/comments?post=519746"}],"wp:featuredmedia":[{"embeddable":true,"href":"https:\/\/printwave.pl\/fr\/wp-json\/wp\/v2\/media\/519739"}],"wp:attachment":[{"href":"https:\/\/printwave.pl\/fr\/wp-json\/wp\/v2\/media?parent=519746"}],"wp:term":[{"taxonomy":"product_brand","embeddable":true,"href":"https:\/\/printwave.pl\/fr\/wp-json\/wp\/v2\/product_brand?post=519746"},{"taxonomy":"product_cat","embeddable":true,"href":"https:\/\/printwave.pl\/fr\/wp-json\/wp\/v2\/product_cat?post=519746"},{"taxonomy":"product_tag","embeddable":true,"href":"https:\/\/printwave.pl\/fr\/wp-json\/wp\/v2\/product_tag?post=519746"}],"curies":[{"name":"wp","href":"https:\/\/api.w.org\/{rel}","templated":true}]}}