{"id":517762,"date":"2025-01-26T01:00:28","date_gmt":"2025-01-26T00:00:28","guid":{"rendered":"https:\/\/printwave.pl\/fr\/produkt\/hoodie-french-terry\/"},"modified":"2026-02-13T15:35:56","modified_gmt":"2026-02-13T14:35:56","slug":"hoodie-french-terry","status":"publish","type":"product","link":"https:\/\/printwave.pl\/fr\/produkt\/hoodie-french-terry\/","title":{"rendered":"#Hoodie French Terry"},"content":{"rendered":"<p>\u00b7280 g\/m\u00b2<br \/>\n\u00b780% Coton, pr\u00e9r\u00e9tr\u00e9ci et ringspun, 20% polyester<br \/>\n\u00b7Couleurs Heather: 60% Coton, 40% Polyester<br \/>\n\u00b7Heather Grey: 92% Coton, 8% Viscose<br \/>\n\u00b7Surface lisse et uniforme pour des r\u00e9sultats d&rsquo;impression parfaits<br \/>\n\u00b7French Terry<br \/>\n\u00b7Capuche simple couche avec cordon de serrage de couleur assortie<br \/>\n\u00b7Panneau demi-lune en jersey simple \u00e0 l&rsquo;arri\u00e8re<br \/>\n\u00b7Poche kangourou<br \/>\n\u00b7Manchettes et base \u00e0 bord-c\u00f4te<br \/>\n\u00b7Coutures lat\u00e9rales<br \/>\n\u00b7Pas d&rsquo;\u00e9tiquette<br \/>\n\u00b7Unisexe<br \/>\n\u00b7Coupe droite<\/p>\n","protected":false},"excerpt":{"rendered":"<p>\u00b7280 g\/m\u00b2 \u00b780% Coton, pr\u00e9r\u00e9tr\u00e9ci et ringspun, 20% polyester \u00b7Couleurs Heather: 60% Coton, 40% Polyester \u00b7Heather Grey: 92% Coton, 8%<\/p>\n","protected":false},"featured_media":517757,"comment_status":"open","ping_status":"closed","template":"","meta":[],"product_brand":[],"product_cat":[128,1862],"product_tag":[],"class_list":{"0":"post-517762","1":"product","2":"type-product","3":"status-publish","4":"has-post-thumbnail","6":"product_cat-meilleures-ventes","7":"product_cat-sweats-a-capuche","8":"pa_certificats-bsci","9":"pa_certificats-fwf-fair-wear","10":"pa_certificats-oeko-tex-standard-100","11":"pa_couleur-asphalt","12":"pa_couleur-black-pure","13":"pa_couleur-candy-pink","14":"pa_couleur-desert","15":"pa_couleur-elephant-grey","16":"pa_couleur-forest-green","17":"pa_couleur-grey-fog","18":"pa_couleur-hawaiian-blue","19":"pa_couleur-heather-asphalt","20":"pa_couleur-heather-dark-green","21":"pa_couleur-heather-grey","22":"pa_couleur-heather-mid-grey","23":"pa_couleur-heather-navy","24":"pa_couleur-heather-purple","25":"pa_couleur-heather-red","26":"pa_couleur-heather-royal-blue","27":"pa_couleur-kelly-green","28":"pa_couleur-lavender","29":"pa_couleur-light-jade","30":"pa_couleur-melon-orange","31":"pa_couleur-millennial-khaki","32":"pa_couleur-navy-blue","33":"pa_couleur-nude","34":"pa_couleur-pale-pink","35":"pa_couleur-pale-yellow","36":"pa_couleur-pink-fizz","37":"pa_couleur-pure-orange","38":"pa_couleur-pure-sky","39":"pa_couleur-radiant-purple","40":"pa_couleur-red","41":"pa_couleur-royal","42":"pa_couleur-sage","43":"pa_couleur-solar-yellow","44":"pa_couleur-white","45":"pa_couleur-wine","46":"pa_details-coutures-laterales","47":"pa_groupe-de-produits-4xl-et-plus","48":"pa_groupe-de-produits-avec-capuche","49":"pa_groupe-de-produits-molleton","50":"pa_groupe-de-produits-sweatshirts","51":"pa_manche-set-in","52":"pa_marque-bc","53":"pa_numero-de-style-4508","54":"pa_poids-a-partir-de-220-g-m","55":"pa_sexe-unisexe","56":"pa_taille-2xl","57":"pa_taille-3xl","58":"pa_taille-4xl","59":"pa_taille-5xl","60":"pa_taille-l","61":"pa_taille-m","62":"pa_taille-s","63":"pa_taille-xl","64":"pa_taille-xs","65":"pa_tissu-melange-de-tissu","67":"first","68":"instock","69":"taxable","70":"shipping-taxable","71":"purchasable","72":"product-type-variable"},"yoast_head":"<!-- This site is optimized with the Yoast SEO Premium plugin v20.9 (Yoast SEO v26.3) - https:\/\/yoast.com\/wordpress\/plugins\/seo\/ -->\n<title>#Hoodie French Terry | Printwave FR<\/title>\n<meta name=\"robots\" content=\"index, follow, max-snippet:-1, max-image-preview:large, max-video-preview:-1\" \/>\n<link rel=\"canonical\" href=\"https:\/\/printwave.pl\/fr\/produkt\/hoodie-french-terry\/\" \/>\n<meta property=\"og:locale\" content=\"fr_FR\" \/>\n<meta property=\"og:type\" content=\"article\" \/>\n<meta property=\"og:title\" content=\"#Hoodie French Terry\" \/>\n<meta property=\"og:description\" content=\"\u00b7280 g\/m\u00b2 \u00b780% Coton, pr\u00e9r\u00e9tr\u00e9ci et ringspun, 20% polyester \u00b7Couleurs Heather: 60% Coton, 40% Polyester \u00b7Heather Grey: 92% Coton, 8%\" \/>\n<meta property=\"og:url\" content=\"https:\/\/printwave.pl\/fr\/produkt\/hoodie-french-terry\/\" \/>\n<meta property=\"og:site_name\" content=\"Printwave FR\" \/>\n<meta property=\"article:modified_time\" content=\"2026-02-13T14:35:56+00:00\" \/>\n<meta property=\"og:image\" content=\"https:\/\/printwave.pl\/fr\/wp-content\/uploads\/sites\/4\/2025\/01\/226_42_123_m-2025_01.jpg\" \/>\n\t<meta property=\"og:image:width\" content=\"1024\" \/>\n\t<meta property=\"og:image:height\" content=\"1304\" \/>\n\t<meta property=\"og:image:type\" content=\"image\/jpeg\" \/>\n<meta name=\"twitter:card\" content=\"summary_large_image\" \/>\n<script type=\"application\/ld+json\" class=\"yoast-schema-graph\">{\"@context\":\"https:\/\/schema.org\",\"@graph\":[{\"@type\":\"WebPage\",\"@id\":\"https:\/\/printwave.pl\/fr\/produkt\/hoodie-french-terry\/\",\"url\":\"https:\/\/printwave.pl\/fr\/produkt\/hoodie-french-terry\/\",\"name\":\"#Hoodie French Terry | Printwave FR\",\"isPartOf\":{\"@id\":\"https:\/\/printwave.pl\/fr\/#website\"},\"primaryImageOfPage\":{\"@id\":\"https:\/\/printwave.pl\/fr\/produkt\/hoodie-french-terry\/#primaryimage\"},\"image\":{\"@id\":\"https:\/\/printwave.pl\/fr\/produkt\/hoodie-french-terry\/#primaryimage\"},\"thumbnailUrl\":\"https:\/\/printwave.pl\/fr\/wp-content\/uploads\/sites\/4\/2025\/01\/226_42_123_m-2025_01.jpg\",\"datePublished\":\"2025-01-26T00:00:28+00:00\",\"dateModified\":\"2026-02-13T14:35:56+00:00\",\"breadcrumb\":{\"@id\":\"https:\/\/printwave.pl\/fr\/produkt\/hoodie-french-terry\/#breadcrumb\"},\"inLanguage\":\"fr-FR\",\"potentialAction\":[{\"@type\":\"ReadAction\",\"target\":[\"https:\/\/printwave.pl\/fr\/produkt\/hoodie-french-terry\/\"]}]},{\"@type\":\"ImageObject\",\"inLanguage\":\"fr-FR\",\"@id\":\"https:\/\/printwave.pl\/fr\/produkt\/hoodie-french-terry\/#primaryimage\",\"url\":\"https:\/\/printwave.pl\/fr\/wp-content\/uploads\/sites\/4\/2025\/01\/226_42_123_m-2025_01.jpg\",\"contentUrl\":\"https:\/\/printwave.pl\/fr\/wp-content\/uploads\/sites\/4\/2025\/01\/226_42_123_m-2025_01.jpg\",\"width\":1024,\"height\":1304},{\"@type\":\"BreadcrumbList\",\"@id\":\"https:\/\/printwave.pl\/fr\/produkt\/hoodie-french-terry\/#breadcrumb\",\"itemListElement\":[{\"@type\":\"ListItem\",\"position\":1,\"name\":\"Accueil\",\"item\":\"https:\/\/printwave.pl\/fr\/\"},{\"@type\":\"ListItem\",\"position\":2,\"name\":\"Boutique\",\"item\":\"https:\/\/printwave.pl\/fr\/boutique\/\"},{\"@type\":\"ListItem\",\"position\":3,\"name\":\"#Hoodie French Terry\"}]},{\"@type\":\"WebSite\",\"@id\":\"https:\/\/printwave.pl\/fr\/#website\",\"url\":\"https:\/\/printwave.pl\/fr\/\",\"name\":\"Printwave\",\"description\":\"Votre fournisseur de v\u00eatements promotionnels et d&#039;entreprise en Pologne\",\"potentialAction\":[{\"@type\":\"SearchAction\",\"target\":{\"@type\":\"EntryPoint\",\"urlTemplate\":\"https:\/\/printwave.pl\/fr\/?s={search_term_string}\"},\"query-input\":{\"@type\":\"PropertyValueSpecification\",\"valueRequired\":true,\"valueName\":\"search_term_string\"}}],\"inLanguage\":\"fr-FR\"}]}<\/script>\n<!-- \/ Yoast SEO Premium plugin. -->","yoast_head_json":{"title":"#Hoodie French Terry | Printwave FR","robots":{"index":"index","follow":"follow","max-snippet":"max-snippet:-1","max-image-preview":"max-image-preview:large","max-video-preview":"max-video-preview:-1"},"canonical":"https:\/\/printwave.pl\/fr\/produkt\/hoodie-french-terry\/","og_locale":"fr_FR","og_type":"article","og_title":"#Hoodie French Terry","og_description":"\u00b7280 g\/m\u00b2 \u00b780% Coton, pr\u00e9r\u00e9tr\u00e9ci et ringspun, 20% polyester \u00b7Couleurs Heather: 60% Coton, 40% Polyester \u00b7Heather Grey: 92% Coton, 8%","og_url":"https:\/\/printwave.pl\/fr\/produkt\/hoodie-french-terry\/","og_site_name":"Printwave FR","article_modified_time":"2026-02-13T14:35:56+00:00","og_image":[{"width":1024,"height":1304,"url":"https:\/\/printwave.pl\/fr\/wp-content\/uploads\/sites\/4\/2025\/01\/226_42_123_m-2025_01.jpg","type":"image\/jpeg"}],"twitter_card":"summary_large_image","schema":{"@context":"https:\/\/schema.org","@graph":[{"@type":"WebPage","@id":"https:\/\/printwave.pl\/fr\/produkt\/hoodie-french-terry\/","url":"https:\/\/printwave.pl\/fr\/produkt\/hoodie-french-terry\/","name":"#Hoodie French Terry | Printwave FR","isPartOf":{"@id":"https:\/\/printwave.pl\/fr\/#website"},"primaryImageOfPage":{"@id":"https:\/\/printwave.pl\/fr\/produkt\/hoodie-french-terry\/#primaryimage"},"image":{"@id":"https:\/\/printwave.pl\/fr\/produkt\/hoodie-french-terry\/#primaryimage"},"thumbnailUrl":"https:\/\/printwave.pl\/fr\/wp-content\/uploads\/sites\/4\/2025\/01\/226_42_123_m-2025_01.jpg","datePublished":"2025-01-26T00:00:28+00:00","dateModified":"2026-02-13T14:35:56+00:00","breadcrumb":{"@id":"https:\/\/printwave.pl\/fr\/produkt\/hoodie-french-terry\/#breadcrumb"},"inLanguage":"fr-FR","potentialAction":[{"@type":"ReadAction","target":["https:\/\/printwave.pl\/fr\/produkt\/hoodie-french-terry\/"]}]},{"@type":"ImageObject","inLanguage":"fr-FR","@id":"https:\/\/printwave.pl\/fr\/produkt\/hoodie-french-terry\/#primaryimage","url":"https:\/\/printwave.pl\/fr\/wp-content\/uploads\/sites\/4\/2025\/01\/226_42_123_m-2025_01.jpg","contentUrl":"https:\/\/printwave.pl\/fr\/wp-content\/uploads\/sites\/4\/2025\/01\/226_42_123_m-2025_01.jpg","width":1024,"height":1304},{"@type":"BreadcrumbList","@id":"https:\/\/printwave.pl\/fr\/produkt\/hoodie-french-terry\/#breadcrumb","itemListElement":[{"@type":"ListItem","position":1,"name":"Accueil","item":"https:\/\/printwave.pl\/fr\/"},{"@type":"ListItem","position":2,"name":"Boutique","item":"https:\/\/printwave.pl\/fr\/boutique\/"},{"@type":"ListItem","position":3,"name":"#Hoodie French Terry"}]},{"@type":"WebSite","@id":"https:\/\/printwave.pl\/fr\/#website","url":"https:\/\/printwave.pl\/fr\/","name":"Printwave","description":"Votre fournisseur de v\u00eatements promotionnels et d&#039;entreprise en Pologne","potentialAction":[{"@type":"SearchAction","target":{"@type":"EntryPoint","urlTemplate":"https:\/\/printwave.pl\/fr\/?s={search_term_string}"},"query-input":{"@type":"PropertyValueSpecification","valueRequired":true,"valueName":"search_term_string"}}],"inLanguage":"fr-FR"}]}},"_links":{"self":[{"href":"https:\/\/printwave.pl\/fr\/wp-json\/wp\/v2\/product\/517762","targetHints":{"allow":["GET"]}}],"collection":[{"href":"https:\/\/printwave.pl\/fr\/wp-json\/wp\/v2\/product"}],"about":[{"href":"https:\/\/printwave.pl\/fr\/wp-json\/wp\/v2\/types\/product"}],"replies":[{"embeddable":true,"href":"https:\/\/printwave.pl\/fr\/wp-json\/wp\/v2\/comments?post=517762"}],"wp:featuredmedia":[{"embeddable":true,"href":"https:\/\/printwave.pl\/fr\/wp-json\/wp\/v2\/media\/517757"}],"wp:attachment":[{"href":"https:\/\/printwave.pl\/fr\/wp-json\/wp\/v2\/media?parent=517762"}],"wp:term":[{"taxonomy":"product_brand","embeddable":true,"href":"https:\/\/printwave.pl\/fr\/wp-json\/wp\/v2\/product_brand?post=517762"},{"taxonomy":"product_cat","embeddable":true,"href":"https:\/\/printwave.pl\/fr\/wp-json\/wp\/v2\/product_cat?post=517762"},{"taxonomy":"product_tag","embeddable":true,"href":"https:\/\/printwave.pl\/fr\/wp-json\/wp\/v2\/product_tag?post=517762"}],"curies":[{"name":"wp","href":"https:\/\/api.w.org\/{rel}","templated":true}]}}