{"id":515240,"date":"2025-01-25T23:42:04","date_gmt":"2025-01-25T22:42:04","guid":{"rendered":"https:\/\/printwave.pl\/fr\/produkt\/organic-inspire-hooded-women\/"},"modified":"2026-02-13T15:26:21","modified_gmt":"2026-02-13T14:26:21","slug":"organic-inspire-hooded-women","status":"publish","type":"product","link":"https:\/\/printwave.pl\/fr\/produkt\/organic-inspire-hooded-women\/","title":{"rendered":"Organic Inspire Hooded \/women"},"content":{"rendered":"<p>\u00b7280 g\/m\u00b2<br \/>\n\u00b780% coton (biologique et biologique en conversion, m\u00e9lange certifi\u00e9), 20% polyester (recycl\u00e9, certifi\u00e9 RCS)<br \/>\n\u00b7Heather Grey: 71% coton (biologique et biologique en conversion, m\u00e9lange certifi\u00e9), 25% polyester (recycl\u00e9, certifi\u00e9 RCS), 4% Viscose<br \/>\n\u00b7Super doux au toucher<br \/>\n\u00b7Int\u00e9rieur bross\u00e9<br \/>\n\u00b7Surface lisse et uniforme pour des r\u00e9sultats d&rsquo;impression parfaits<br \/>\n\u00b7Capuche doubl\u00e9e en jersey avec cordon de serrage tendance<br \/>\n\u00b7Bande de propret\u00e9 \u00e0 chevrons<br \/>\n\u00b7Poches d&rsquo;acc\u00e8s dans les coutures lat\u00e9rales pour permettre une surface de d\u00e9coration avant maximale<br \/>\n\u00b7Pas d&rsquo;\u00e9tiquette<br \/>\n\u00b7Panneau demi-lune en jersey simple \u00e0 l&rsquo;arri\u00e8re<br \/>\n\u00b7Coupe droite<\/p>\n","protected":false},"excerpt":{"rendered":"<p>\u00b7280 g\/m\u00b2 \u00b780% coton (biologique et biologique en conversion, m\u00e9lange certifi\u00e9), 20% polyester (recycl\u00e9, certifi\u00e9 RCS) \u00b7Heather Grey: 71% coton<\/p>\n","protected":false},"featured_media":515235,"comment_status":"open","ping_status":"closed","template":"","meta":[],"product_brand":[],"product_cat":[154,354,162,60,1862],"product_tag":[],"class_list":{"0":"post-515240","1":"product","2":"type-product","3":"status-publish","4":"has-post-thumbnail","6":"product_cat-all-eco","7":"product_cat-eco-responsable","8":"product_cat-organic","9":"product_cat-recycled","10":"product_cat-sweats-a-capuche","11":"pa_certificats-bsci","12":"pa_certificats-fwf-fair-wear","13":"pa_certificats-ocs-blended-organic","14":"pa_certificats-oeko-tex-standard-100","15":"pa_couleur-apple-green","16":"pa_couleur-asphalt","17":"pa_couleur-black-pure","18":"pa_couleur-blue-fog","19":"pa_couleur-burgundy","20":"pa_couleur-forest-green","21":"pa_couleur-heather-grey","22":"pa_couleur-lime","23":"pa_couleur-magenta-pink","24":"pa_couleur-mocha","25":"pa_couleur-navy","26":"pa_couleur-navy-blue","27":"pa_couleur-off-white","28":"pa_couleur-pure-orange","29":"pa_couleur-radiant-purple","30":"pa_couleur-red","31":"pa_couleur-royal","32":"pa_couleur-sage","33":"pa_couleur-soft-rose","34":"pa_couleur-white","35":"pa_couleur-yellow-fizz","36":"pa_eco-organique","37":"pa_eco-recycle","38":"pa_groupe-de-produits-avec-capuche","39":"pa_groupe-de-produits-large-surface-dimpression","40":"pa_groupe-de-produits-sweatshirts","41":"pa_manche-manches-longues","42":"pa_marque-bc","43":"pa_numero-de-style-4490","44":"pa_poids-a-partir-de-220-g-m","45":"pa_sexe-femmes","46":"pa_taille-2xl","47":"pa_taille-l","48":"pa_taille-m","49":"pa_taille-s","50":"pa_taille-xl","51":"pa_taille-xs","52":"pa_tissu-melange-de-tissu","54":"first","55":"instock","56":"taxable","57":"shipping-taxable","58":"purchasable","59":"product-type-variable"},"yoast_head":"<!-- This site is optimized with the Yoast SEO Premium plugin v20.9 (Yoast SEO v26.3) - https:\/\/yoast.com\/wordpress\/plugins\/seo\/ -->\n<title>Organic Inspire Hooded \/women | Printwave FR<\/title>\n<meta name=\"robots\" content=\"index, follow, max-snippet:-1, max-image-preview:large, max-video-preview:-1\" \/>\n<link rel=\"canonical\" href=\"https:\/\/printwave.pl\/fr\/produkt\/organic-inspire-hooded-women\/\" \/>\n<meta property=\"og:locale\" content=\"fr_FR\" \/>\n<meta property=\"og:type\" content=\"article\" \/>\n<meta property=\"og:title\" content=\"Organic Inspire Hooded \/women\" \/>\n<meta property=\"og:description\" content=\"\u00b7280 g\/m\u00b2 \u00b780% coton (biologique et biologique en conversion, m\u00e9lange certifi\u00e9), 20% polyester (recycl\u00e9, certifi\u00e9 RCS) \u00b7Heather Grey: 71% coton\" \/>\n<meta property=\"og:url\" content=\"https:\/\/printwave.pl\/fr\/produkt\/organic-inspire-hooded-women\/\" \/>\n<meta property=\"og:site_name\" content=\"Printwave FR\" \/>\n<meta property=\"article:modified_time\" content=\"2026-02-13T14:26:21+00:00\" \/>\n<meta property=\"og:image\" content=\"https:\/\/printwave.pl\/fr\/wp-content\/uploads\/sites\/4\/2025\/01\/231_42_002_m-2025_01.jpg\" \/>\n\t<meta property=\"og:image:width\" content=\"1024\" \/>\n\t<meta property=\"og:image:height\" content=\"1304\" \/>\n\t<meta property=\"og:image:type\" content=\"image\/jpeg\" \/>\n<meta name=\"twitter:card\" content=\"summary_large_image\" \/>\n<script type=\"application\/ld+json\" class=\"yoast-schema-graph\">{\"@context\":\"https:\/\/schema.org\",\"@graph\":[{\"@type\":\"WebPage\",\"@id\":\"https:\/\/printwave.pl\/fr\/produkt\/organic-inspire-hooded-women\/\",\"url\":\"https:\/\/printwave.pl\/fr\/produkt\/organic-inspire-hooded-women\/\",\"name\":\"Organic Inspire Hooded \/women | Printwave FR\",\"isPartOf\":{\"@id\":\"https:\/\/printwave.pl\/fr\/#website\"},\"primaryImageOfPage\":{\"@id\":\"https:\/\/printwave.pl\/fr\/produkt\/organic-inspire-hooded-women\/#primaryimage\"},\"image\":{\"@id\":\"https:\/\/printwave.pl\/fr\/produkt\/organic-inspire-hooded-women\/#primaryimage\"},\"thumbnailUrl\":\"https:\/\/printwave.pl\/fr\/wp-content\/uploads\/sites\/4\/2025\/01\/231_42_002_m-2025_01.jpg\",\"datePublished\":\"2025-01-25T22:42:04+00:00\",\"dateModified\":\"2026-02-13T14:26:21+00:00\",\"breadcrumb\":{\"@id\":\"https:\/\/printwave.pl\/fr\/produkt\/organic-inspire-hooded-women\/#breadcrumb\"},\"inLanguage\":\"fr-FR\",\"potentialAction\":[{\"@type\":\"ReadAction\",\"target\":[\"https:\/\/printwave.pl\/fr\/produkt\/organic-inspire-hooded-women\/\"]}]},{\"@type\":\"ImageObject\",\"inLanguage\":\"fr-FR\",\"@id\":\"https:\/\/printwave.pl\/fr\/produkt\/organic-inspire-hooded-women\/#primaryimage\",\"url\":\"https:\/\/printwave.pl\/fr\/wp-content\/uploads\/sites\/4\/2025\/01\/231_42_002_m-2025_01.jpg\",\"contentUrl\":\"https:\/\/printwave.pl\/fr\/wp-content\/uploads\/sites\/4\/2025\/01\/231_42_002_m-2025_01.jpg\",\"width\":1024,\"height\":1304},{\"@type\":\"BreadcrumbList\",\"@id\":\"https:\/\/printwave.pl\/fr\/produkt\/organic-inspire-hooded-women\/#breadcrumb\",\"itemListElement\":[{\"@type\":\"ListItem\",\"position\":1,\"name\":\"Accueil\",\"item\":\"https:\/\/printwave.pl\/fr\/\"},{\"@type\":\"ListItem\",\"position\":2,\"name\":\"Boutique\",\"item\":\"https:\/\/printwave.pl\/fr\/boutique\/\"},{\"@type\":\"ListItem\",\"position\":3,\"name\":\"Organic Inspire Hooded \/women\"}]},{\"@type\":\"WebSite\",\"@id\":\"https:\/\/printwave.pl\/fr\/#website\",\"url\":\"https:\/\/printwave.pl\/fr\/\",\"name\":\"Printwave\",\"description\":\"Votre fournisseur de v\u00eatements promotionnels et d&#039;entreprise en Pologne\",\"potentialAction\":[{\"@type\":\"SearchAction\",\"target\":{\"@type\":\"EntryPoint\",\"urlTemplate\":\"https:\/\/printwave.pl\/fr\/?s={search_term_string}\"},\"query-input\":{\"@type\":\"PropertyValueSpecification\",\"valueRequired\":true,\"valueName\":\"search_term_string\"}}],\"inLanguage\":\"fr-FR\"}]}<\/script>\n<!-- \/ Yoast SEO Premium plugin. -->","yoast_head_json":{"title":"Organic Inspire Hooded \/women | Printwave FR","robots":{"index":"index","follow":"follow","max-snippet":"max-snippet:-1","max-image-preview":"max-image-preview:large","max-video-preview":"max-video-preview:-1"},"canonical":"https:\/\/printwave.pl\/fr\/produkt\/organic-inspire-hooded-women\/","og_locale":"fr_FR","og_type":"article","og_title":"Organic Inspire Hooded \/women","og_description":"\u00b7280 g\/m\u00b2 \u00b780% coton (biologique et biologique en conversion, m\u00e9lange certifi\u00e9), 20% polyester (recycl\u00e9, certifi\u00e9 RCS) \u00b7Heather Grey: 71% coton","og_url":"https:\/\/printwave.pl\/fr\/produkt\/organic-inspire-hooded-women\/","og_site_name":"Printwave FR","article_modified_time":"2026-02-13T14:26:21+00:00","og_image":[{"width":1024,"height":1304,"url":"https:\/\/printwave.pl\/fr\/wp-content\/uploads\/sites\/4\/2025\/01\/231_42_002_m-2025_01.jpg","type":"image\/jpeg"}],"twitter_card":"summary_large_image","schema":{"@context":"https:\/\/schema.org","@graph":[{"@type":"WebPage","@id":"https:\/\/printwave.pl\/fr\/produkt\/organic-inspire-hooded-women\/","url":"https:\/\/printwave.pl\/fr\/produkt\/organic-inspire-hooded-women\/","name":"Organic Inspire Hooded \/women | Printwave FR","isPartOf":{"@id":"https:\/\/printwave.pl\/fr\/#website"},"primaryImageOfPage":{"@id":"https:\/\/printwave.pl\/fr\/produkt\/organic-inspire-hooded-women\/#primaryimage"},"image":{"@id":"https:\/\/printwave.pl\/fr\/produkt\/organic-inspire-hooded-women\/#primaryimage"},"thumbnailUrl":"https:\/\/printwave.pl\/fr\/wp-content\/uploads\/sites\/4\/2025\/01\/231_42_002_m-2025_01.jpg","datePublished":"2025-01-25T22:42:04+00:00","dateModified":"2026-02-13T14:26:21+00:00","breadcrumb":{"@id":"https:\/\/printwave.pl\/fr\/produkt\/organic-inspire-hooded-women\/#breadcrumb"},"inLanguage":"fr-FR","potentialAction":[{"@type":"ReadAction","target":["https:\/\/printwave.pl\/fr\/produkt\/organic-inspire-hooded-women\/"]}]},{"@type":"ImageObject","inLanguage":"fr-FR","@id":"https:\/\/printwave.pl\/fr\/produkt\/organic-inspire-hooded-women\/#primaryimage","url":"https:\/\/printwave.pl\/fr\/wp-content\/uploads\/sites\/4\/2025\/01\/231_42_002_m-2025_01.jpg","contentUrl":"https:\/\/printwave.pl\/fr\/wp-content\/uploads\/sites\/4\/2025\/01\/231_42_002_m-2025_01.jpg","width":1024,"height":1304},{"@type":"BreadcrumbList","@id":"https:\/\/printwave.pl\/fr\/produkt\/organic-inspire-hooded-women\/#breadcrumb","itemListElement":[{"@type":"ListItem","position":1,"name":"Accueil","item":"https:\/\/printwave.pl\/fr\/"},{"@type":"ListItem","position":2,"name":"Boutique","item":"https:\/\/printwave.pl\/fr\/boutique\/"},{"@type":"ListItem","position":3,"name":"Organic Inspire Hooded \/women"}]},{"@type":"WebSite","@id":"https:\/\/printwave.pl\/fr\/#website","url":"https:\/\/printwave.pl\/fr\/","name":"Printwave","description":"Votre fournisseur de v\u00eatements promotionnels et d&#039;entreprise en Pologne","potentialAction":[{"@type":"SearchAction","target":{"@type":"EntryPoint","urlTemplate":"https:\/\/printwave.pl\/fr\/?s={search_term_string}"},"query-input":{"@type":"PropertyValueSpecification","valueRequired":true,"valueName":"search_term_string"}}],"inLanguage":"fr-FR"}]}},"_links":{"self":[{"href":"https:\/\/printwave.pl\/fr\/wp-json\/wp\/v2\/product\/515240","targetHints":{"allow":["GET"]}}],"collection":[{"href":"https:\/\/printwave.pl\/fr\/wp-json\/wp\/v2\/product"}],"about":[{"href":"https:\/\/printwave.pl\/fr\/wp-json\/wp\/v2\/types\/product"}],"replies":[{"embeddable":true,"href":"https:\/\/printwave.pl\/fr\/wp-json\/wp\/v2\/comments?post=515240"}],"wp:featuredmedia":[{"embeddable":true,"href":"https:\/\/printwave.pl\/fr\/wp-json\/wp\/v2\/media\/515235"}],"wp:attachment":[{"href":"https:\/\/printwave.pl\/fr\/wp-json\/wp\/v2\/media?parent=515240"}],"wp:term":[{"taxonomy":"product_brand","embeddable":true,"href":"https:\/\/printwave.pl\/fr\/wp-json\/wp\/v2\/product_brand?post=515240"},{"taxonomy":"product_cat","embeddable":true,"href":"https:\/\/printwave.pl\/fr\/wp-json\/wp\/v2\/product_cat?post=515240"},{"taxonomy":"product_tag","embeddable":true,"href":"https:\/\/printwave.pl\/fr\/wp-json\/wp\/v2\/product_tag?post=515240"}],"curies":[{"name":"wp","href":"https:\/\/api.w.org\/{rel}","templated":true}]}}